{"id":98,"date":"2016-10-08T12:38:57","date_gmt":"2016-10-08T10:38:57","guid":{"rendered":"http:\/\/www.kulturkurios.de\/?page_id=98"},"modified":"2016-10-08T12:38:57","modified_gmt":"2016-10-08T10:38:57","slug":"malkurs-in-der-freien-natur-mit-dem-kuenstler-andreas-donat","status":"publish","type":"page","link":"https:\/\/www.kulturkurios.de\/?page_id=98","title":{"rendered":"Malkurs in der freien Natur &#8211; mit dem K\u00fcnstler Andreas Donat"},"content":{"rendered":"<p>Wir trafen uns zun\u00e4chst im Garten der Familie Rein in Kleinbettlingen, wo Andreas Donat bei Kaffee und leckeren H\u00e4ppchen eine kleine theoretische Einf\u00fchrung in die Themen Impressionismus und Monet sowie in die Kunst der Bildkomposition gab.<\/p>\n<p>Bestens ger\u00fcstet machten wir uns dann zu Fu\u00df auf den Weg zu einer malerischen Stelle mit herrlichem Blick \u00fcber Felder und Streuobstwiesen auf den Grafenberg und die schw\u00e4bische Alb.<br \/>\nMit Pastellkreiden und reichlich Papier ausgestattet, sollten wir uns nun an unsere ersten Malversuche wagen. Nachdem sich jeder sein Lieblingsmotiv ausgesucht und ein geeignetes Pl\u00e4tzchen zum Malen gefunden hatte, ging es, je nach k\u00fcnstlerischer Vorbildung mehr oder weniger schnell ans Werk.<\/p>\n<p>W\u00e4hrend die einen es ziemlich rasch schafften, das Gesehene zu Papier zu bringen, waren andere zun\u00e4chst etwas z\u00f6gerlich beim Umgang mit Farben und Formen. Dank Andreas Donats hilfreicher Unterst\u00fctzung waren jedoch auch bei den weniger ge\u00fcbten die Anfangsschwierigkeiten rasch \u00fcberwunden Bald malten alle in einer Art entspannter Konzentration und die Zeit verging so schnell, dass wir um ein Haar das Mittagessen vergessen h\u00e4tten.<\/p>\n<p>Wegen eines einsetzenden Regenschauers mussten wir unseren Schaffensdrang j\u00e4h beenden und fr\u00fcher als geplant zusammenpacken. Noch einmal fanden wir bei Familie Rein Zuflucht. Dort wurden die bisherigen Werke gemeinsam bewundert und besprochen. Als es wider erwarten doch noch einmal aufh\u00f6rte zu regnen bot auch der reinsche Garten zahlreiche sch\u00f6ne Motive, so dass wir den Kurs doch noch zu Ende f\u00fchren konnten.<\/p>\n<p>Es war ein sch\u00f6ner Tag und f\u00fcr viele eine v\u00f6llig neue Erfahrung.<br \/>\nHerzlichen Dank an Andreas Donat und Familie Rein.<\/p>\n<div id='gallery-1' class='gallery galleryid-98 gallery-columns-3 gallery-size-thumbnail'><figure class='gallery-item'>\n\t\t\t<div class='gallery-icon landscape'>\n\t\t\t\t<a href='https:\/\/www.kulturkurios.de\/wp-content\/uploads\/2016\/10\/malen2004_img_5348.jpg'><img loading=\"lazy\" decoding=\"async\" width=\"150\" height=\"150\" src=\"https:\/\/www.kulturkurios.de\/wp-content\/uploads\/2016\/10\/malen2004_img_5348-150x150.jpg\" class=\"attachment-thumbnail size-thumbnail\" alt=\"\" aria-describedby=\"gallery-1-72\" \/><\/a>\n\t\t\t<\/div>\n\t\t\t\t<figcaption class='wp-caption-text gallery-caption' id='gallery-1-72'>\n\t\t\t\tMalen wie Monet 1\n\t\t\t\t<\/figcaption><\/figure><figure class='gallery-item'>\n\t\t\t<div class='gallery-icon landscape'>\n\t\t\t\t<a href='https:\/\/www.kulturkurios.de\/wp-content\/uploads\/2016\/10\/malen2004_img_5353.jpg'><img loading=\"lazy\" decoding=\"async\" width=\"150\" height=\"150\" src=\"https:\/\/www.kulturkurios.de\/wp-content\/uploads\/2016\/10\/malen2004_img_5353-150x150.jpg\" class=\"attachment-thumbnail size-thumbnail\" alt=\"\" aria-describedby=\"gallery-1-73\" \/><\/a>\n\t\t\t<\/div>\n\t\t\t\t<figcaption class='wp-caption-text gallery-caption' id='gallery-1-73'>\n\t\t\t\tMalen wie Monet 2\n\t\t\t\t<\/figcaption><\/figure>\n\t\t<\/div>\n\n","protected":false},"excerpt":{"rendered":"<p>Wir trafen uns zun\u00e4chst im Garten der Familie Rein in Kleinbettlingen, wo Andreas Donat bei Kaffee und leckeren H\u00e4ppchen eine kleine theoretische Einf\u00fchrung in die Themen Impressionismus und Monet sowie in die Kunst der Bildkomposition gab. Bestens ger\u00fcstet machten wir uns dann zu Fu\u00df auf den Weg zu einer malerischen Stelle mit herrlichem Blick \u00fcber &hellip; <a href=\"https:\/\/www.kulturkurios.de\/?page_id=98\" class=\"more-link\"><span class=\"screen-reader-text\">\u201eMalkurs in der freien Natur &#8211; mit dem K\u00fcnstler Andreas Donat\u201c <\/span>weiterlesen<\/a><\/p>\n","protected":false},"author":1,"featured_media":0,"parent":0,"menu_order":0,"comment_status":"closed","ping_status":"closed","template":"","meta":{"footnotes":""},"class_list":["post-98","page","type-page","status-publish","hentry"],"_links":{"self":[{"href":"https:\/\/www.kulturkurios.de\/index.php?rest_route=\/wp\/v2\/pages\/98","targetHints":{"allow":["GET"]}}],"collection":[{"href":"https:\/\/www.kulturkurios.de\/index.php?rest_route=\/wp\/v2\/pages"}],"about":[{"href":"https:\/\/www.kulturkurios.de\/index.php?rest_route=\/wp\/v2\/types\/page"}],"author":[{"embeddable":true,"href":"https:\/\/www.kulturkurios.de\/index.php?rest_route=\/wp\/v2\/users\/1"}],"replies":[{"embeddable":true,"href":"https:\/\/www.kulturkurios.de\/index.php?rest_route=%2Fwp%2Fv2%2Fcomments&post=98"}],"version-history":[{"count":1,"href":"https:\/\/www.kulturkurios.de\/index.php?rest_route=\/wp\/v2\/pages\/98\/revisions"}],"predecessor-version":[{"id":99,"href":"https:\/\/www.kulturkurios.de\/index.php?rest_route=\/wp\/v2\/pages\/98\/revisions\/99"}],"wp:attachment":[{"href":"https:\/\/www.kulturkurios.de\/index.php?rest_route=%2Fwp%2Fv2%2Fmedia&parent=98"}],"curies":[{"name":"wp","href":"https:\/\/api.w.org\/{rel}","templated":true}]}}