{"id":95,"date":"2016-10-08T12:36:47","date_gmt":"2016-10-08T10:36:47","guid":{"rendered":"http:\/\/www.kulturkurios.de\/?page_id=95"},"modified":"2016-10-08T12:37:01","modified_gmt":"2016-10-08T10:37:01","slug":"kleinbettlingen-sucht-den-super-sauger","status":"publish","type":"page","link":"https:\/\/www.kulturkurios.de\/?page_id=95","title":{"rendered":"Kleinbettlingen sucht den SUPER-SAUGER"},"content":{"rendered":"<p>Trotz des eher zweifelhaften Wetters am vergangenen Samstag gingen zirka 20 Staubsauger unterschiedlichster Fabrikate und jeden Alters an den Start unseres witzigen Wettbewerbs. Mit Startnummern versehen wurden die Ger\u00e4te von unserem Expertenteam mit absolut professionellen Messger\u00e4ten auf Herz und Nieren getestet. Dabei wurde die Lautst\u00e4rke, der tats\u00e4chliche Stromverbrauch und die Saugkraft ermittelt. Die Ergebnisse waren teilweise verbl\u00fcffend und so hatte sich rasch eine kleine Menschentraube um den Pr\u00fcfstand gebildet, die fasziniert das Geschehen verfolgten und teilweise einen erstaunlichen Ehrgeiz entwickelten. Manch einer machte sich sogar auf um seinen Zweit- oder Drittstaubsauger zu holen und ebenfalls testen zu lassen. Es war schon interessant zu sehen wie unterschiedlich die Messungen ausfielen. So garantiert ein hoher Kaufpreis nicht immer eine Top Leistung. Erstaunlich war auch dass \u00e4ltere Ger\u00e4te meist weniger Strom verbrauchten (bei gleicher Leistung) als neuere. Au\u00dferdem l\u00e4sst die Lautst\u00e4rke mitnichten auf eine hohe Saugkraft schlie\u00dfen. Nach der Auswertung gab es witzige Preise f\u00fcr die Gewinner und Verlierer der einzelnen Kategorien. Au\u00dferdem wurde in einem spannenden Wettsaugen der Tagessieger ermittelt. Bei dem Open Air Kinofilm \u201eDie Blume der Hausfrau\u201c gab es dann noch einmal viel zu lachen.<\/p>\n<div id='gallery-1' class='gallery galleryid-95 gallery-columns-3 gallery-size-thumbnail'><figure class='gallery-item'>\n\t\t\t<div class='gallery-icon landscape'>\n\t\t\t\t<a href='https:\/\/www.kulturkurios.de\/wp-content\/uploads\/2016\/10\/supersauger1.jpg'><img loading=\"lazy\" decoding=\"async\" width=\"150\" height=\"150\" src=\"https:\/\/www.kulturkurios.de\/wp-content\/uploads\/2016\/10\/supersauger1-150x150.jpg\" class=\"attachment-thumbnail size-thumbnail\" alt=\"\" aria-describedby=\"gallery-1-82\" \/><\/a>\n\t\t\t<\/div>\n\t\t\t\t<figcaption class='wp-caption-text gallery-caption' id='gallery-1-82'>\n\t\t\t\tProfessionelle Tests\n\t\t\t\t<\/figcaption><\/figure><figure class='gallery-item'>\n\t\t\t<div class='gallery-icon landscape'>\n\t\t\t\t<a href='https:\/\/www.kulturkurios.de\/wp-content\/uploads\/2016\/10\/supersauger2.jpg'><img loading=\"lazy\" decoding=\"async\" width=\"150\" height=\"150\" src=\"https:\/\/www.kulturkurios.de\/wp-content\/uploads\/2016\/10\/supersauger2-150x150.jpg\" class=\"attachment-thumbnail size-thumbnail\" alt=\"\" aria-describedby=\"gallery-1-83\" \/><\/a>\n\t\t\t<\/div>\n\t\t\t\t<figcaption class='wp-caption-text gallery-caption' id='gallery-1-83'>\n\t\t\t\tAlle Ergebnisse werden notiert\n\t\t\t\t<\/figcaption><\/figure><figure class='gallery-item'>\n\t\t\t<div class='gallery-icon portrait'>\n\t\t\t\t<a href='https:\/\/www.kulturkurios.de\/wp-content\/uploads\/2016\/10\/supersauger3.jpg'><img loading=\"lazy\" decoding=\"async\" width=\"150\" height=\"150\" src=\"https:\/\/www.kulturkurios.de\/wp-content\/uploads\/2016\/10\/supersauger3-150x150.jpg\" class=\"attachment-thumbnail size-thumbnail\" alt=\"\" aria-describedby=\"gallery-1-84\" \/><\/a>\n\t\t\t<\/div>\n\t\t\t\t<figcaption class='wp-caption-text gallery-caption' id='gallery-1-84'>\n\t\t\t\tDas ultimative Wettsaugen!\n\t\t\t\t<\/figcaption><\/figure>\n\t\t<\/div>\n\n","protected":false},"excerpt":{"rendered":"<p>Trotz des eher zweifelhaften Wetters am vergangenen Samstag gingen zirka 20 Staubsauger unterschiedlichster Fabrikate und jeden Alters an den Start unseres witzigen Wettbewerbs. Mit Startnummern versehen wurden die Ger\u00e4te von unserem Expertenteam mit absolut professionellen Messger\u00e4ten auf Herz und Nieren getestet. Dabei wurde die Lautst\u00e4rke, der tats\u00e4chliche Stromverbrauch und die Saugkraft ermittelt. Die Ergebnisse waren &hellip; <a href=\"https:\/\/www.kulturkurios.de\/?page_id=95\" class=\"more-link\"><span class=\"screen-reader-text\">\u201eKleinbettlingen sucht den SUPER-SAUGER\u201c <\/span>weiterlesen<\/a><\/p>\n","protected":false},"author":1,"featured_media":0,"parent":0,"menu_order":0,"comment_status":"closed","ping_status":"closed","template":"","meta":{"footnotes":""},"class_list":["post-95","page","type-page","status-publish","hentry"],"_links":{"self":[{"href":"https:\/\/www.kulturkurios.de\/index.php?rest_route=\/wp\/v2\/pages\/95","targetHints":{"allow":["GET"]}}],"collection":[{"href":"https:\/\/www.kulturkurios.de\/index.php?rest_route=\/wp\/v2\/pages"}],"about":[{"href":"https:\/\/www.kulturkurios.de\/index.php?rest_route=\/wp\/v2\/types\/page"}],"author":[{"embeddable":true,"href":"https:\/\/www.kulturkurios.de\/index.php?rest_route=\/wp\/v2\/users\/1"}],"replies":[{"embeddable":true,"href":"https:\/\/www.kulturkurios.de\/index.php?rest_route=%2Fwp%2Fv2%2Fcomments&post=95"}],"version-history":[{"count":2,"href":"https:\/\/www.kulturkurios.de\/index.php?rest_route=\/wp\/v2\/pages\/95\/revisions"}],"predecessor-version":[{"id":97,"href":"https:\/\/www.kulturkurios.de\/index.php?rest_route=\/wp\/v2\/pages\/95\/revisions\/97"}],"wp:attachment":[{"href":"https:\/\/www.kulturkurios.de\/index.php?rest_route=%2Fwp%2Fv2%2Fmedia&parent=95"}],"curies":[{"name":"wp","href":"https:\/\/api.w.org\/{rel}","templated":true}]}}