{"id":93,"date":"2016-10-08T12:34:31","date_gmt":"2016-10-08T10:34:31","guid":{"rendered":"http:\/\/www.kulturkurios.de\/?page_id=93"},"modified":"2016-10-08T12:34:31","modified_gmt":"2016-10-08T10:34:31","slug":"1-kleinbettlinger-hobbyschneider-workshop","status":"publish","type":"page","link":"https:\/\/www.kulturkurios.de\/?page_id=93","title":{"rendered":"1. Kleinbettlinger Hobbyschneider-Workshop"},"content":{"rendered":"<p>Zw\u00f6lf Teilnehmer-\/innen (11 Damen und ein Herr) waren unserem Aufruf gefolgt und hatten sich zum ersten Kleinbettlinger Hobbyschneider-Workshop angemeldet. Zur Auswahl standen 4 verschiedene Schnitte die von unseren beiden Kursleiterinnen Manuela und Kathrin bereits im Vorfeld f\u00fcr jeden einzelnen vorbereitet worden waren. Mit einem Gl\u00e4schen Sekt zur Begr\u00fc\u00dfung ging es los. Dank der super Vorarbeit der beiden Schneiderinnen konnten sich alle sofort ans Zuschneiden wagen. Das war gar nicht so einfach aber mit sachkundiger Anleitung durchaus machbar. An den drei darauf folgenden Abenden liefen dann die N\u00e4hmaschinen hei\u00df. Wenn es mal bei jemandem klemmte standen die beiden Profis sofort mit Rat und Tat zur Seite. Und tats\u00e4chlich konnten fast alle Teilnehmer-\/innen ihre selbst gen\u00e4hten Kleidungst\u00fccke am letzten Abend stolz pr\u00e4sentieren. W\u00e4hrend des gesamten Workshops war die Atmosph\u00e4re sehr locker und ungezwungen. Wir haben viel gelernt aber neben dem gemeinsamen Schaffen sollte auch das gem\u00fctliche Beisammensein nicht zu kurz kommen. Ganz herzlichen Dank an Kathrin Lenker und Manuela Kreutzberg. Der Workshop war super!<\/p>\n<p><img loading=\"lazy\" decoding=\"async\" class=\"alignnone size-medium wp-image-81\" src=\"http:\/\/www.kulturkurios.de\/wp-content\/uploads\/2016\/10\/Schneiderkurs-300x225.jpg\" alt=\"schneiderkurs\" width=\"300\" height=\"225\" srcset=\"https:\/\/www.kulturkurios.de\/wp-content\/uploads\/2016\/10\/Schneiderkurs-300x225.jpg 300w, https:\/\/www.kulturkurios.de\/wp-content\/uploads\/2016\/10\/Schneiderkurs.jpg 640w\" sizes=\"auto, (max-width: 300px) 85vw, 300px\" \/><\/p>\n","protected":false},"excerpt":{"rendered":"<p>Zw\u00f6lf Teilnehmer-\/innen (11 Damen und ein Herr) waren unserem Aufruf gefolgt und hatten sich zum ersten Kleinbettlinger Hobbyschneider-Workshop angemeldet. Zur Auswahl standen 4 verschiedene Schnitte die von unseren beiden Kursleiterinnen Manuela und Kathrin bereits im Vorfeld f\u00fcr jeden einzelnen vorbereitet worden waren. Mit einem Gl\u00e4schen Sekt zur Begr\u00fc\u00dfung ging es los. Dank der super Vorarbeit &hellip; <a href=\"https:\/\/www.kulturkurios.de\/?page_id=93\" class=\"more-link\"><span class=\"screen-reader-text\">\u201e1. Kleinbettlinger Hobbyschneider-Workshop\u201c <\/span>weiterlesen<\/a><\/p>\n","protected":false},"author":1,"featured_media":0,"parent":0,"menu_order":0,"comment_status":"closed","ping_status":"closed","template":"","meta":{"footnotes":""},"class_list":["post-93","page","type-page","status-publish","hentry"],"_links":{"self":[{"href":"https:\/\/www.kulturkurios.de\/index.php?rest_route=\/wp\/v2\/pages\/93","targetHints":{"allow":["GET"]}}],"collection":[{"href":"https:\/\/www.kulturkurios.de\/index.php?rest_route=\/wp\/v2\/pages"}],"about":[{"href":"https:\/\/www.kulturkurios.de\/index.php?rest_route=\/wp\/v2\/types\/page"}],"author":[{"embeddable":true,"href":"https:\/\/www.kulturkurios.de\/index.php?rest_route=\/wp\/v2\/users\/1"}],"replies":[{"embeddable":true,"href":"https:\/\/www.kulturkurios.de\/index.php?rest_route=%2Fwp%2Fv2%2Fcomments&post=93"}],"version-history":[{"count":1,"href":"https:\/\/www.kulturkurios.de\/index.php?rest_route=\/wp\/v2\/pages\/93\/revisions"}],"predecessor-version":[{"id":94,"href":"https:\/\/www.kulturkurios.de\/index.php?rest_route=\/wp\/v2\/pages\/93\/revisions\/94"}],"wp:attachment":[{"href":"https:\/\/www.kulturkurios.de\/index.php?rest_route=%2Fwp%2Fv2%2Fmedia&parent=93"}],"curies":[{"name":"wp","href":"https:\/\/api.w.org\/{rel}","templated":true}]}}