{"id":90,"date":"2016-10-08T12:27:29","date_gmt":"2016-10-08T10:27:29","guid":{"rendered":"http:\/\/www.kulturkurios.de\/?page_id=90"},"modified":"2016-10-08T12:33:13","modified_gmt":"2016-10-08T10:33:13","slug":"asterix-obelix","status":"publish","type":"page","link":"https:\/\/www.kulturkurios.de\/?page_id=90","title":{"rendered":"Asterix &#038; Obelix &#8211; Wildschwein und Zaubertrank in Kleinbettlingen"},"content":{"rendered":"<p>Wildschweinessen und Zaubertrank waren nur zwei der Hauptattraktionen beim Asterix &amp; Obelix Fest des Vereins Kultur Kurios. Bei sch\u00f6nstem Herbstwetter begr\u00fc\u00dften wir ca. 120 G\u00e4ste zu einem richtigen gallischen Festmahl.<\/p>\n<p>Um 15.00 Uhr startete das Kinderprogramm. Die Kinder wurden von Asterix und Obelix, stilecht verkleidet mit Helm und blau-wei\u00df gestreiften Hosen, empfangen. Nachdem jedes einen eigenen Obelix-Helm mit langen roten Z\u00f6pfen bekommen hatte, wurden lustige Spiele gemacht: Steinkegeln, Hinkelsteinweitwurf, Sackh\u00fcpfen und ein spannendes Tauziehen R\u00f6mer (Erwachsene) gegen Gallier (Kinder). Da die Kinder nat\u00fcrlich reichlich Zaubertrank getrunken hatten, waren sie auch die strahlenden Sieger dieser Partie.<\/p>\n<p>Inzwischen fanden sich immer mehr G\u00e4ste ein, die sich neugierig um das Feuer scharten oder sich gem\u00fctlich an der herbstlich geschm\u00fcckten Tafel niederlie\u00dfen. Gegen 17.00 Uhr waren dann auch die ersten Wildschweinportionen fertig. Da das Schwein aber in Etappen weitergegrillt werden musste, dauerte es etwas, bis alle ihr Essen hatten. Die Geduld wurde jedoch mit Wildschwein vom Feinsten, leckerem Fladenbrot und Preiselbeeren belohnt. F\u00fcr die Kleinen gab es Stockbrot und W\u00fcrstchen zum Selbstgrillen.<\/p>\n<p>Das tolle Wetter und die witzige, ungezwungene Atmosph\u00e4re sorgten rundum f\u00fcr gute Stimmung. Mit Anbruch der Dunkelheit folgte dann ein weiteres Highlight: Das Open Air Kino. Schon lange bevor der Film begann dr\u00e4ngten sich unz\u00e4hlige Kinder vor der riesigen Leinwand. Gebannt und am\u00fcsiert verfolgten dann Jung und Alt gemeinsam die lustigen Abenteuer von Asterix und Kleopatra. V\u00f6llig \u00fcberraschend entschlossen sich dann noch zwei junge Kleinbettlinger zu einer zirkusreifen Darbietung. Sie jonglierten gekonnt mit brennenden Fackeln und spuckten Feuer und schafften somit einen gelungenen Abschluss f\u00fcr eine rundum sch\u00f6ne Veranstaltung.<\/p>\n<div id='gallery-1' class='gallery galleryid-90 gallery-columns-3 gallery-size-thumbnail'><figure class='gallery-item'>\n\t\t\t<div class='gallery-icon portrait'>\n\t\t\t\t<a href='https:\/\/www.kulturkurios.de\/wp-content\/uploads\/2016\/10\/AsterixObelix.jpg'><img loading=\"lazy\" decoding=\"async\" width=\"150\" height=\"150\" src=\"https:\/\/www.kulturkurios.de\/wp-content\/uploads\/2016\/10\/AsterixObelix-150x150.jpg\" class=\"attachment-thumbnail size-thumbnail\" alt=\"\" aria-describedby=\"gallery-1-69\" \/><\/a>\n\t\t\t<\/div>\n\t\t\t\t<figcaption class='wp-caption-text gallery-caption' id='gallery-1-69'>\n\t\t\t\tAsterix und Obelix 1\n\t\t\t\t<\/figcaption><\/figure><figure class='gallery-item'>\n\t\t\t<div class='gallery-icon landscape'>\n\t\t\t\t<a href='https:\/\/www.kulturkurios.de\/wp-content\/uploads\/2016\/10\/Kids2.jpg'><img loading=\"lazy\" decoding=\"async\" width=\"150\" height=\"150\" src=\"https:\/\/www.kulturkurios.de\/wp-content\/uploads\/2016\/10\/Kids2-150x150.jpg\" class=\"attachment-thumbnail size-thumbnail\" alt=\"\" aria-describedby=\"gallery-1-71\" \/><\/a>\n\t\t\t<\/div>\n\t\t\t\t<figcaption class='wp-caption-text gallery-caption' id='gallery-1-71'>\n\t\t\t\tAsterix und Obelix 2\n\t\t\t\t<\/figcaption><\/figure><figure class='gallery-item'>\n\t\t\t<div class='gallery-icon landscape'>\n\t\t\t\t<a href='https:\/\/www.kulturkurios.de\/wp-content\/uploads\/2016\/10\/Wildsau.jpg'><img loading=\"lazy\" decoding=\"async\" width=\"150\" height=\"150\" src=\"https:\/\/www.kulturkurios.de\/wp-content\/uploads\/2016\/10\/Wildsau-150x150.jpg\" class=\"attachment-thumbnail size-thumbnail\" alt=\"\" aria-describedby=\"gallery-1-86\" \/><\/a>\n\t\t\t<\/div>\n\t\t\t\t<figcaption class='wp-caption-text gallery-caption' id='gallery-1-86'>\n\t\t\t\tAsterix und Obelix 3\n\t\t\t\t<\/figcaption><\/figure><figure class='gallery-item'>\n\t\t\t<div class='gallery-icon landscape'>\n\t\t\t\t<a href='https:\/\/www.kulturkurios.de\/wp-content\/uploads\/2016\/10\/Tafel.jpg'><img loading=\"lazy\" decoding=\"async\" width=\"150\" height=\"150\" src=\"https:\/\/www.kulturkurios.de\/wp-content\/uploads\/2016\/10\/Tafel-150x150.jpg\" class=\"attachment-thumbnail size-thumbnail\" alt=\"\" aria-describedby=\"gallery-1-85\" \/><\/a>\n\t\t\t<\/div>\n\t\t\t\t<figcaption class='wp-caption-text gallery-caption' id='gallery-1-85'>\n\t\t\t\tAsterix und Obelix 4\n\t\t\t\t<\/figcaption><\/figure>\n\t\t<\/div>\n\n<p><!--Ende Absatz1--><\/p>\n<p><!--Hier kommt eine Bilddatei hin src=\"images\/*DATEINAME*\" --><\/p>\n","protected":false},"excerpt":{"rendered":"<p>Wildschweinessen und Zaubertrank waren nur zwei der Hauptattraktionen beim Asterix &amp; Obelix Fest des Vereins Kultur Kurios. Bei sch\u00f6nstem Herbstwetter begr\u00fc\u00dften wir ca. 120 G\u00e4ste zu einem richtigen gallischen Festmahl. Um 15.00 Uhr startete das Kinderprogramm. Die Kinder wurden von Asterix und Obelix, stilecht verkleidet mit Helm und blau-wei\u00df gestreiften Hosen, empfangen. Nachdem jedes einen &hellip; <a href=\"https:\/\/www.kulturkurios.de\/?page_id=90\" class=\"more-link\"><span class=\"screen-reader-text\">\u201eAsterix &#038; Obelix &#8211; Wildschwein und Zaubertrank in Kleinbettlingen\u201c <\/span>weiterlesen<\/a><\/p>\n","protected":false},"author":1,"featured_media":0,"parent":0,"menu_order":0,"comment_status":"closed","ping_status":"closed","template":"","meta":{"footnotes":""},"class_list":["post-90","page","type-page","status-publish","hentry"],"_links":{"self":[{"href":"https:\/\/www.kulturkurios.de\/index.php?rest_route=\/wp\/v2\/pages\/90","targetHints":{"allow":["GET"]}}],"collection":[{"href":"https:\/\/www.kulturkurios.de\/index.php?rest_route=\/wp\/v2\/pages"}],"about":[{"href":"https:\/\/www.kulturkurios.de\/index.php?rest_route=\/wp\/v2\/types\/page"}],"author":[{"embeddable":true,"href":"https:\/\/www.kulturkurios.de\/index.php?rest_route=\/wp\/v2\/users\/1"}],"replies":[{"embeddable":true,"href":"https:\/\/www.kulturkurios.de\/index.php?rest_route=%2Fwp%2Fv2%2Fcomments&post=90"}],"version-history":[{"count":2,"href":"https:\/\/www.kulturkurios.de\/index.php?rest_route=\/wp\/v2\/pages\/90\/revisions"}],"predecessor-version":[{"id":92,"href":"https:\/\/www.kulturkurios.de\/index.php?rest_route=\/wp\/v2\/pages\/90\/revisions\/92"}],"wp:attachment":[{"href":"https:\/\/www.kulturkurios.de\/index.php?rest_route=%2Fwp%2Fv2%2Fmedia&parent=90"}],"curies":[{"name":"wp","href":"https:\/\/api.w.org\/{rel}","templated":true}]}}