{"id":88,"date":"2016-10-08T12:23:15","date_gmt":"2016-10-08T10:23:15","guid":{"rendered":"http:\/\/www.kulturkurios.de\/?page_id=88"},"modified":"2016-10-08T12:23:15","modified_gmt":"2016-10-08T10:23:15","slug":"die-roll-n-skate-night","status":"publish","type":"page","link":"https:\/\/www.kulturkurios.de\/?page_id=88","title":{"rendered":"Die Roll n\u00b4 Skate  Night"},"content":{"rendered":"<p>Die Verbindungsstrasse zwischen Bempflingen und Kleinbettlingen bekam auf einmal ein ganz anderes Gesicht. Wo man sonst binnen Sekunden im Auto vorbeirast, tummelte sich am einem Samstagabend alles was Rollen hat mitten auf der Fahrbahn. Inline-Skater, Bobbycars, Tretroller\u2026Alle nutzten die Gelegenheit einmal ganz ohne Autoverkehr \u00fcber die Landstrasse zu d\u00fcsen. Auch an unserer Gondelstation herrschte zeitweise Hochbetrieb. Unsere leckeren HotDogs (Danke an die Fa. Maser) fanden rei\u00dfenden Absatz und bei fetziger Musik und coolen Drinks herrschte super Stimmung , die mit anbrechender Nacht und der stimmungsvollen Beleuchtung immer besser wurde. Wenn man bedenkt, dass zwischen der Idee und der Umsetzung dieser Aktion kaum eine Woche lag, dann sind wir mit dem Erfolg mehr als zufrieden. Es war sch\u00f6n, dass trotz Urlaubszeit, so viele ganz spontan mit gemacht haben. Uns jedenfalls hat die Blitz-Aktion sehr viel Spa\u00df gemacht. Dass dabei sogar ein paar Euro f\u00fcr den Ausbau unserer Gondel \u00fcbrig blieben, ist ein netter Nebeneffekt. Von vielen wurden wir schon gefragt, wann denn die 2. Bempflinger und Kleinbettlinger Roll &amp; Skate Night stattfinden wird. Ganz herzlichen Dank dem Bempflinger Musikverein f\u00fcr das \u00dcberlassen der R\u00e4umlichkeiten im Pumph\u00e4usle.<\/p>\n<div id='gallery-1' class='gallery galleryid-88 gallery-columns-3 gallery-size-thumbnail'><figure class='gallery-item'>\n\t\t\t<div class='gallery-icon landscape'>\n\t\t\t\t<a href='https:\/\/www.kulturkurios.de\/wp-content\/uploads\/2016\/10\/RollSkate1.jpg'><img loading=\"lazy\" decoding=\"async\" width=\"150\" height=\"150\" src=\"https:\/\/www.kulturkurios.de\/wp-content\/uploads\/2016\/10\/RollSkate1-150x150.jpg\" class=\"attachment-thumbnail size-thumbnail\" alt=\"\" aria-describedby=\"gallery-1-74\" \/><\/a>\n\t\t\t<\/div>\n\t\t\t\t<figcaption class='wp-caption-text gallery-caption' id='gallery-1-74'>\n\t\t\t\tRoll n\u00b4 Skate 1\n\t\t\t\t<\/figcaption><\/figure><figure class='gallery-item'>\n\t\t\t<div class='gallery-icon landscape'>\n\t\t\t\t<a href='https:\/\/www.kulturkurios.de\/wp-content\/uploads\/2016\/10\/RollSkate2.jpg'><img loading=\"lazy\" decoding=\"async\" width=\"150\" height=\"150\" src=\"https:\/\/www.kulturkurios.de\/wp-content\/uploads\/2016\/10\/RollSkate2-150x150.jpg\" class=\"attachment-thumbnail size-thumbnail\" alt=\"\" aria-describedby=\"gallery-1-75\" \/><\/a>\n\t\t\t<\/div>\n\t\t\t\t<figcaption class='wp-caption-text gallery-caption' id='gallery-1-75'>\n\t\t\t\tRoll n\u00b4 Skate 2\n\t\t\t\t<\/figcaption><\/figure><figure class='gallery-item'>\n\t\t\t<div class='gallery-icon landscape'>\n\t\t\t\t<a href='https:\/\/www.kulturkurios.de\/wp-content\/uploads\/2016\/10\/RollSkate3.jpg'><img loading=\"lazy\" decoding=\"async\" width=\"150\" height=\"150\" src=\"https:\/\/www.kulturkurios.de\/wp-content\/uploads\/2016\/10\/RollSkate3-150x150.jpg\" class=\"attachment-thumbnail size-thumbnail\" alt=\"\" aria-describedby=\"gallery-1-76\" \/><\/a>\n\t\t\t<\/div>\n\t\t\t\t<figcaption class='wp-caption-text gallery-caption' id='gallery-1-76'>\n\t\t\t\tRoll n\u00b4 Skate 3\n\t\t\t\t<\/figcaption><\/figure>\n\t\t<\/div>\n\n","protected":false},"excerpt":{"rendered":"<p>Die Verbindungsstrasse zwischen Bempflingen und Kleinbettlingen bekam auf einmal ein ganz anderes Gesicht. Wo man sonst binnen Sekunden im Auto vorbeirast, tummelte sich am einem Samstagabend alles was Rollen hat mitten auf der Fahrbahn. Inline-Skater, Bobbycars, Tretroller\u2026Alle nutzten die Gelegenheit einmal ganz ohne Autoverkehr \u00fcber die Landstrasse zu d\u00fcsen. Auch an unserer Gondelstation herrschte zeitweise &hellip; <a href=\"https:\/\/www.kulturkurios.de\/?page_id=88\" class=\"more-link\"><span class=\"screen-reader-text\">\u201eDie Roll n\u00b4 Skate  Night\u201c <\/span>weiterlesen<\/a><\/p>\n","protected":false},"author":1,"featured_media":0,"parent":0,"menu_order":0,"comment_status":"closed","ping_status":"closed","template":"","meta":{"footnotes":""},"class_list":["post-88","page","type-page","status-publish","hentry"],"_links":{"self":[{"href":"https:\/\/www.kulturkurios.de\/index.php?rest_route=\/wp\/v2\/pages\/88","targetHints":{"allow":["GET"]}}],"collection":[{"href":"https:\/\/www.kulturkurios.de\/index.php?rest_route=\/wp\/v2\/pages"}],"about":[{"href":"https:\/\/www.kulturkurios.de\/index.php?rest_route=\/wp\/v2\/types\/page"}],"author":[{"embeddable":true,"href":"https:\/\/www.kulturkurios.de\/index.php?rest_route=\/wp\/v2\/users\/1"}],"replies":[{"embeddable":true,"href":"https:\/\/www.kulturkurios.de\/index.php?rest_route=%2Fwp%2Fv2%2Fcomments&post=88"}],"version-history":[{"count":1,"href":"https:\/\/www.kulturkurios.de\/index.php?rest_route=\/wp\/v2\/pages\/88\/revisions"}],"predecessor-version":[{"id":89,"href":"https:\/\/www.kulturkurios.de\/index.php?rest_route=\/wp\/v2\/pages\/88\/revisions\/89"}],"wp:attachment":[{"href":"https:\/\/www.kulturkurios.de\/index.php?rest_route=%2Fwp%2Fv2%2Fmedia&parent=88"}],"curies":[{"name":"wp","href":"https:\/\/api.w.org\/{rel}","templated":true}]}}