{"id":68,"date":"2016-10-08T12:19:41","date_gmt":"2016-10-08T10:19:41","guid":{"rendered":"http:\/\/www.kulturkurios.de\/?page_id=68"},"modified":"2016-10-08T12:19:41","modified_gmt":"2016-10-08T10:19:41","slug":"salsafieber-in-kleinbettlingen","status":"publish","type":"page","link":"https:\/\/www.kulturkurios.de\/?page_id=68","title":{"rendered":"Salsafieber in Kleinbettlingen"},"content":{"rendered":"<p>Im Februar 2003 war in Kleinbettlingen das Salsafieber ausgebrochen. Elf Tanzpaare hatten sich zu unserem Tanzkurs angemeldet. An 6 Abenden, immer Montags, lagen dann karibische Kl\u00e4nge in der Luft rund ums B\u00fcrgerhaus in Kleinbettlingen. Drinnen f\u00fchrte Ursel Wagner die T\u00e4nzer mit viel K\u00f6nnen und Gesp\u00fcr in die Kunst des Salsatanzens ein. W\u00e4hrend anfangs der Grundschritt noch laut mitgez\u00e4hlt wurde, ging dieser bald in Fleisch und Blut \u00fcber und es konnten immer kompliziertere Figuren einstudiert werden. Bald bewegten sich die Paare wie von selbst zu den lateinamerikanischen Rhythmen. Da Salsa aber nicht nur ein Tanz ist, sondern ein ganzes Lebensgef\u00fchl verk\u00f6rpert, wurde in den Pausen, ganz stilecht, Caipirinhas und Mojitos serviert. Alle waren sich einig: Es hat riesen Spa\u00df gemacht und deshalb fand zum kr\u00f6nenden Abschluss eine super Salsaparty statt.<\/p>\n<div id='gallery-1' class='gallery galleryid-68 gallery-columns-3 gallery-size-thumbnail'><figure class='gallery-item'>\n\t\t\t<div class='gallery-icon landscape'>\n\t\t\t\t<a href='https:\/\/www.kulturkurios.de\/wp-content\/uploads\/2016\/10\/salsa2.jpg'><img loading=\"lazy\" decoding=\"async\" width=\"150\" height=\"150\" src=\"https:\/\/www.kulturkurios.de\/wp-content\/uploads\/2016\/10\/salsa2-150x150.jpg\" class=\"attachment-thumbnail size-thumbnail\" alt=\"\" aria-describedby=\"gallery-1-78\" \/><\/a>\n\t\t\t<\/div>\n\t\t\t\t<figcaption class='wp-caption-text gallery-caption' id='gallery-1-78'>\n\t\t\t\tSalsakurs 1\n\t\t\t\t<\/figcaption><\/figure><figure class='gallery-item'>\n\t\t\t<div class='gallery-icon landscape'>\n\t\t\t\t<a href='https:\/\/www.kulturkurios.de\/wp-content\/uploads\/2016\/10\/salsa1.jpg'><img loading=\"lazy\" decoding=\"async\" width=\"150\" height=\"150\" src=\"https:\/\/www.kulturkurios.de\/wp-content\/uploads\/2016\/10\/salsa1-150x150.jpg\" class=\"attachment-thumbnail size-thumbnail\" alt=\"\" aria-describedby=\"gallery-1-77\" \/><\/a>\n\t\t\t<\/div>\n\t\t\t\t<figcaption class='wp-caption-text gallery-caption' id='gallery-1-77'>\n\t\t\t\tSalsakurs 2\n\t\t\t\t<\/figcaption><\/figure><figure class='gallery-item'>\n\t\t\t<div class='gallery-icon landscape'>\n\t\t\t\t<a href='https:\/\/www.kulturkurios.de\/wp-content\/uploads\/2016\/10\/salsa3.jpg'><img loading=\"lazy\" decoding=\"async\" width=\"150\" height=\"150\" src=\"https:\/\/www.kulturkurios.de\/wp-content\/uploads\/2016\/10\/salsa3-150x150.jpg\" class=\"attachment-thumbnail size-thumbnail\" alt=\"\" aria-describedby=\"gallery-1-79\" \/><\/a>\n\t\t\t<\/div>\n\t\t\t\t<figcaption class='wp-caption-text gallery-caption' id='gallery-1-79'>\n\t\t\t\tSalsakurs 3\n\t\t\t\t<\/figcaption><\/figure><figure class='gallery-item'>\n\t\t\t<div class='gallery-icon landscape'>\n\t\t\t\t<a href='https:\/\/www.kulturkurios.de\/wp-content\/uploads\/2016\/10\/salsa4.jpg'><img loading=\"lazy\" decoding=\"async\" width=\"150\" height=\"150\" src=\"https:\/\/www.kulturkurios.de\/wp-content\/uploads\/2016\/10\/salsa4-150x150.jpg\" class=\"attachment-thumbnail size-thumbnail\" alt=\"\" aria-describedby=\"gallery-1-80\" \/><\/a>\n\t\t\t<\/div>\n\t\t\t\t<figcaption class='wp-caption-text gallery-caption' id='gallery-1-80'>\n\t\t\t\tSalsakurs 4\n\t\t\t\t<\/figcaption><\/figure>\n\t\t<\/div>\n\n","protected":false},"excerpt":{"rendered":"<p>Im Februar 2003 war in Kleinbettlingen das Salsafieber ausgebrochen. Elf Tanzpaare hatten sich zu unserem Tanzkurs angemeldet. An 6 Abenden, immer Montags, lagen dann karibische Kl\u00e4nge in der Luft rund ums B\u00fcrgerhaus in Kleinbettlingen. Drinnen f\u00fchrte Ursel Wagner die T\u00e4nzer mit viel K\u00f6nnen und Gesp\u00fcr in die Kunst des Salsatanzens ein. W\u00e4hrend anfangs der Grundschritt &hellip; <a href=\"https:\/\/www.kulturkurios.de\/?page_id=68\" class=\"more-link\"><span class=\"screen-reader-text\">\u201eSalsafieber in Kleinbettlingen\u201c <\/span>weiterlesen<\/a><\/p>\n","protected":false},"author":1,"featured_media":0,"parent":0,"menu_order":0,"comment_status":"closed","ping_status":"closed","template":"","meta":{"footnotes":""},"class_list":["post-68","page","type-page","status-publish","hentry"],"_links":{"self":[{"href":"https:\/\/www.kulturkurios.de\/index.php?rest_route=\/wp\/v2\/pages\/68","targetHints":{"allow":["GET"]}}],"collection":[{"href":"https:\/\/www.kulturkurios.de\/index.php?rest_route=\/wp\/v2\/pages"}],"about":[{"href":"https:\/\/www.kulturkurios.de\/index.php?rest_route=\/wp\/v2\/types\/page"}],"author":[{"embeddable":true,"href":"https:\/\/www.kulturkurios.de\/index.php?rest_route=\/wp\/v2\/users\/1"}],"replies":[{"embeddable":true,"href":"https:\/\/www.kulturkurios.de\/index.php?rest_route=%2Fwp%2Fv2%2Fcomments&post=68"}],"version-history":[{"count":1,"href":"https:\/\/www.kulturkurios.de\/index.php?rest_route=\/wp\/v2\/pages\/68\/revisions"}],"predecessor-version":[{"id":87,"href":"https:\/\/www.kulturkurios.de\/index.php?rest_route=\/wp\/v2\/pages\/68\/revisions\/87"}],"wp:attachment":[{"href":"https:\/\/www.kulturkurios.de\/index.php?rest_route=%2Fwp%2Fv2%2Fmedia&parent=68"}],"curies":[{"name":"wp","href":"https:\/\/api.w.org\/{rel}","templated":true}]}}