{"id":5969,"date":"2025-09-20T12:22:52","date_gmt":"2025-09-20T10:22:52","guid":{"rendered":"https:\/\/www.kulturkurios.de\/?page_id=5969"},"modified":"2025-12-06T09:05:01","modified_gmt":"2025-12-06T08:05:01","slug":"vintage-sound-am-08-11-2025-erwachsenen-kleiderbazar-fuer-selbstverkaeufer","status":"publish","type":"page","link":"https:\/\/www.kulturkurios.de\/?page_id=5969","title":{"rendered":"Vintage &amp; Sound am Sa, 08.11.2025"},"content":{"rendered":"\n<h2 class=\"wp-block-heading\">Erwachsenen-Kleiderbasar f\u00fcr Selbstverk\u00e4ufer<\/h2>\n\n\n\n<p>Vintage &amp; Sound lockt zahlreiche Besucher an<\/p>\n\n\n\n<p>Der erste Kleiderbazar vom Kultur Kurios am 08.11. im DorfGemeinschaftsHaus Bempflingen war ein gro\u00dfer Erfolg. Bereits kurz nach \u00d6ffnung str\u00f6mten die ersten G\u00e4ste in die liebevoll dekorierten R\u00e4ume.<\/p>\n\n\n\n<p>Rund 40 Verk\u00e4uferInnen boten an ihren St\u00e4nden eine bunte Auswahl an Kleidung, Accessoires und handgemachten Einzelst\u00fccken an. Vom Vintage-Kleid bis zur neuen Herbstjacke war f\u00fcr jeden Geschmack etwas dabei. Viele Besucher sch\u00e4tzten nicht nur die Vielfalt, sondern auch die entspannte Atmosph\u00e4re, in der man nach Herzenslust st\u00f6bern und plaudern konnte.<\/p>\n\n\n\n<p>F\u00fcr das leibliche Wohl war ebenso gesorgt: Frisch zubereitete Flammkuchen lockten mit ihrem Duft, und an der Bar wurden kreative Cocktails serviert, die den Abend zus\u00e4tzlich vers\u00fc\u00dften.<\/p>\n\n\n\n<p>Abgerundet wurde die Veranstaltung durch Musik bis sp\u00e4t in die Nacht, die f\u00fcr gute Stimmung sorgte und zahlreiche G\u00e4ste verweilen lie\u00df. So endete der Kleiderbazar nicht nur als erfolgreicher Verkaufsevent, sondern auch als lebendiger Treffpunkt f\u00fcr die G\u00e4ste.<\/p>\n\n\n\n<p>Vielen Dank an alle Helferinnen und Helfer!<\/p>\n\n\n\n<p>Impressionen: Auf ein Bild klicken\/tippen, um die DiaShow zu starten<\/p>\n\n\n\n<figure class=\"wp-block-gallery has-nested-images columns-default is-cropped wp-block-gallery-1 is-layout-flex wp-block-gallery-is-layout-flex\">\n<figure class=\"wp-block-image size-large\"><img loading=\"lazy\" decoding=\"async\" width=\"1024\" height=\"631\" data-id=\"6100\" src=\"https:\/\/www.kulturkurios.de\/wp-content\/uploads\/KleidBaz-25_a-1024x631.jpg\" alt=\"\" class=\"wp-image-6100\" srcset=\"https:\/\/www.kulturkurios.de\/wp-content\/uploads\/KleidBaz-25_a-1024x631.jpg 1024w, https:\/\/www.kulturkurios.de\/wp-content\/uploads\/KleidBaz-25_a-300x185.jpg 300w, https:\/\/www.kulturkurios.de\/wp-content\/uploads\/KleidBaz-25_a-768x473.jpg 768w, https:\/\/www.kulturkurios.de\/wp-content\/uploads\/KleidBaz-25_a-1536x947.jpg 1536w, https:\/\/www.kulturkurios.de\/wp-content\/uploads\/KleidBaz-25_a-1200x739.jpg 1200w, https:\/\/www.kulturkurios.de\/wp-content\/uploads\/KleidBaz-25_a.jpg 1626w\" sizes=\"auto, (max-width: 709px) 85vw, (max-width: 909px) 67vw, (max-width: 1362px) 62vw, 840px\" \/><\/figure>\n\n\n\n<figure class=\"wp-block-image size-large\"><img loading=\"lazy\" decoding=\"async\" width=\"1024\" height=\"654\" data-id=\"6101\" src=\"https:\/\/www.kulturkurios.de\/wp-content\/uploads\/KleidBaz-25_b-1024x654.jpg\" alt=\"\" class=\"wp-image-6101\" srcset=\"https:\/\/www.kulturkurios.de\/wp-content\/uploads\/KleidBaz-25_b-1024x654.jpg 1024w, https:\/\/www.kulturkurios.de\/wp-content\/uploads\/KleidBaz-25_b-300x192.jpg 300w, https:\/\/www.kulturkurios.de\/wp-content\/uploads\/KleidBaz-25_b-768x490.jpg 768w, https:\/\/www.kulturkurios.de\/wp-content\/uploads\/KleidBaz-25_b-1200x766.jpg 1200w, https:\/\/www.kulturkurios.de\/wp-content\/uploads\/KleidBaz-25_b.jpg 1347w\" sizes=\"auto, (max-width: 709px) 85vw, (max-width: 909px) 67vw, (max-width: 1362px) 62vw, 840px\" \/><\/figure>\n\n\n\n<figure class=\"wp-block-image size-large\"><img loading=\"lazy\" decoding=\"async\" width=\"1024\" height=\"525\" data-id=\"6102\" src=\"https:\/\/www.kulturkurios.de\/wp-content\/uploads\/KleidBaz-25_c-1024x525.jpg\" alt=\"\" class=\"wp-image-6102\" srcset=\"https:\/\/www.kulturkurios.de\/wp-content\/uploads\/KleidBaz-25_c-1024x525.jpg 1024w, https:\/\/www.kulturkurios.de\/wp-content\/uploads\/KleidBaz-25_c-300x154.jpg 300w, https:\/\/www.kulturkurios.de\/wp-content\/uploads\/KleidBaz-25_c-768x393.jpg 768w, https:\/\/www.kulturkurios.de\/wp-content\/uploads\/KleidBaz-25_c-1536x787.jpg 1536w, https:\/\/www.kulturkurios.de\/wp-content\/uploads\/KleidBaz-25_c-1200x615.jpg 1200w, https:\/\/www.kulturkurios.de\/wp-content\/uploads\/KleidBaz-25_c.jpg 1907w\" sizes=\"auto, (max-width: 709px) 85vw, (max-width: 909px) 67vw, (max-width: 1362px) 62vw, 840px\" \/><\/figure>\n\n\n\n<figure class=\"wp-block-image size-large\"><img loading=\"lazy\" decoding=\"async\" width=\"1007\" height=\"970\" data-id=\"6103\" src=\"https:\/\/www.kulturkurios.de\/wp-content\/uploads\/KleidBaz-25_d.jpg\" alt=\"\" class=\"wp-image-6103\" srcset=\"https:\/\/www.kulturkurios.de\/wp-content\/uploads\/KleidBaz-25_d.jpg 1007w, https:\/\/www.kulturkurios.de\/wp-content\/uploads\/KleidBaz-25_d-300x289.jpg 300w, https:\/\/www.kulturkurios.de\/wp-content\/uploads\/KleidBaz-25_d-768x740.jpg 768w\" sizes=\"auto, (max-width: 709px) 85vw, (max-width: 909px) 67vw, (max-width: 1362px) 62vw, 840px\" \/><\/figure>\n\n\n\n<figure class=\"wp-block-image size-large\"><img loading=\"lazy\" decoding=\"async\" width=\"1024\" height=\"519\" data-id=\"6104\" src=\"https:\/\/www.kulturkurios.de\/wp-content\/uploads\/KleidBaz-25_e-1024x519.jpg\" alt=\"\" class=\"wp-image-6104\" srcset=\"https:\/\/www.kulturkurios.de\/wp-content\/uploads\/KleidBaz-25_e-1024x519.jpg 1024w, https:\/\/www.kulturkurios.de\/wp-content\/uploads\/KleidBaz-25_e-300x152.jpg 300w, https:\/\/www.kulturkurios.de\/wp-content\/uploads\/KleidBaz-25_e-768x390.jpg 768w, https:\/\/www.kulturkurios.de\/wp-content\/uploads\/KleidBaz-25_e-1536x779.jpg 1536w, https:\/\/www.kulturkurios.de\/wp-content\/uploads\/KleidBaz-25_e-1200x609.jpg 1200w, https:\/\/www.kulturkurios.de\/wp-content\/uploads\/KleidBaz-25_e.jpg 1798w\" sizes=\"auto, (max-width: 709px) 85vw, (max-width: 909px) 67vw, (max-width: 1362px) 62vw, 840px\" \/><\/figure>\n\n\n\n<figure class=\"wp-block-image size-large\"><img loading=\"lazy\" decoding=\"async\" width=\"1024\" height=\"536\" data-id=\"6105\" src=\"https:\/\/www.kulturkurios.de\/wp-content\/uploads\/KleidBaz-25_f-1024x536.jpg\" alt=\"\" class=\"wp-image-6105\" srcset=\"https:\/\/www.kulturkurios.de\/wp-content\/uploads\/KleidBaz-25_f-1024x536.jpg 1024w, https:\/\/www.kulturkurios.de\/wp-content\/uploads\/KleidBaz-25_f-300x157.jpg 300w, https:\/\/www.kulturkurios.de\/wp-content\/uploads\/KleidBaz-25_f-768x402.jpg 768w, https:\/\/www.kulturkurios.de\/wp-content\/uploads\/KleidBaz-25_f-1536x804.jpg 1536w, https:\/\/www.kulturkurios.de\/wp-content\/uploads\/KleidBaz-25_f-1200x628.jpg 1200w, https:\/\/www.kulturkurios.de\/wp-content\/uploads\/KleidBaz-25_f.jpg 1627w\" sizes=\"auto, (max-width: 709px) 85vw, (max-width: 909px) 67vw, (max-width: 1362px) 62vw, 840px\" \/><\/figure>\n\n\n\n<figure class=\"wp-block-image size-large\"><img loading=\"lazy\" decoding=\"async\" width=\"1024\" height=\"498\" data-id=\"6106\" src=\"https:\/\/www.kulturkurios.de\/wp-content\/uploads\/KleidBaz-25_f2-1024x498.jpg\" alt=\"\" class=\"wp-image-6106\" srcset=\"https:\/\/www.kulturkurios.de\/wp-content\/uploads\/KleidBaz-25_f2-1024x498.jpg 1024w, https:\/\/www.kulturkurios.de\/wp-content\/uploads\/KleidBaz-25_f2-300x146.jpg 300w, https:\/\/www.kulturkurios.de\/wp-content\/uploads\/KleidBaz-25_f2-768x373.jpg 768w, https:\/\/www.kulturkurios.de\/wp-content\/uploads\/KleidBaz-25_f2-1536x747.jpg 1536w, https:\/\/www.kulturkurios.de\/wp-content\/uploads\/KleidBaz-25_f2-1200x584.jpg 1200w, https:\/\/www.kulturkurios.de\/wp-content\/uploads\/KleidBaz-25_f2.jpg 1892w\" sizes=\"auto, (max-width: 709px) 85vw, (max-width: 909px) 67vw, (max-width: 1362px) 62vw, 840px\" \/><\/figure>\n\n\n\n<figure class=\"wp-block-image size-large\"><img loading=\"lazy\" decoding=\"async\" width=\"1024\" height=\"541\" data-id=\"6107\" src=\"https:\/\/www.kulturkurios.de\/wp-content\/uploads\/KleidBaz-25_g-1024x541.jpg\" alt=\"\" class=\"wp-image-6107\" srcset=\"https:\/\/www.kulturkurios.de\/wp-content\/uploads\/KleidBaz-25_g-1024x541.jpg 1024w, https:\/\/www.kulturkurios.de\/wp-content\/uploads\/KleidBaz-25_g-300x158.jpg 300w, https:\/\/www.kulturkurios.de\/wp-content\/uploads\/KleidBaz-25_g-768x406.jpg 768w, https:\/\/www.kulturkurios.de\/wp-content\/uploads\/KleidBaz-25_g-1536x811.jpg 1536w, https:\/\/www.kulturkurios.de\/wp-content\/uploads\/KleidBaz-25_g-1200x634.jpg 1200w, https:\/\/www.kulturkurios.de\/wp-content\/uploads\/KleidBaz-25_g.jpg 1907w\" sizes=\"auto, (max-width: 709px) 85vw, (max-width: 909px) 67vw, (max-width: 1362px) 62vw, 840px\" \/><\/figure>\n\n\n\n<figure class=\"wp-block-image size-large\"><img loading=\"lazy\" decoding=\"async\" width=\"1024\" height=\"519\" data-id=\"6108\" src=\"https:\/\/www.kulturkurios.de\/wp-content\/uploads\/KleidBaz-25_h-1024x519.jpg\" alt=\"\" class=\"wp-image-6108\" srcset=\"https:\/\/www.kulturkurios.de\/wp-content\/uploads\/KleidBaz-25_h-1024x519.jpg 1024w, https:\/\/www.kulturkurios.de\/wp-content\/uploads\/KleidBaz-25_h-300x152.jpg 300w, https:\/\/www.kulturkurios.de\/wp-content\/uploads\/KleidBaz-25_h-768x389.jpg 768w, https:\/\/www.kulturkurios.de\/wp-content\/uploads\/KleidBaz-25_h-1536x779.jpg 1536w, https:\/\/www.kulturkurios.de\/wp-content\/uploads\/KleidBaz-25_h-1200x608.jpg 1200w, https:\/\/www.kulturkurios.de\/wp-content\/uploads\/KleidBaz-25_h.jpg 1732w\" sizes=\"auto, (max-width: 709px) 85vw, (max-width: 909px) 67vw, (max-width: 1362px) 62vw, 840px\" \/><\/figure>\n\n\n\n<figure class=\"wp-block-image size-large\"><img loading=\"lazy\" decoding=\"async\" width=\"602\" height=\"903\" data-id=\"6109\" src=\"https:\/\/www.kulturkurios.de\/wp-content\/uploads\/KleidBaz-25_m.jpg\" alt=\"\" class=\"wp-image-6109\" srcset=\"https:\/\/www.kulturkurios.de\/wp-content\/uploads\/KleidBaz-25_m.jpg 602w, https:\/\/www.kulturkurios.de\/wp-content\/uploads\/KleidBaz-25_m-200x300.jpg 200w\" sizes=\"auto, (max-width: 602px) 85vw, 602px\" \/><\/figure>\n\n\n\n<figure class=\"wp-block-image size-large\"><img loading=\"lazy\" decoding=\"async\" width=\"1024\" height=\"567\" data-id=\"6110\" src=\"https:\/\/www.kulturkurios.de\/wp-content\/uploads\/KleidBaz-25_n-1024x567.jpg\" alt=\"\" class=\"wp-image-6110\" srcset=\"https:\/\/www.kulturkurios.de\/wp-content\/uploads\/KleidBaz-25_n-1024x567.jpg 1024w, https:\/\/www.kulturkurios.de\/wp-content\/uploads\/KleidBaz-25_n-300x166.jpg 300w, https:\/\/www.kulturkurios.de\/wp-content\/uploads\/KleidBaz-25_n-768x425.jpg 768w, https:\/\/www.kulturkurios.de\/wp-content\/uploads\/KleidBaz-25_n-1536x850.jpg 1536w, https:\/\/www.kulturkurios.de\/wp-content\/uploads\/KleidBaz-25_n-1200x664.jpg 1200w, https:\/\/www.kulturkurios.de\/wp-content\/uploads\/KleidBaz-25_n.jpg 1800w\" sizes=\"auto, (max-width: 709px) 85vw, (max-width: 909px) 67vw, (max-width: 1362px) 62vw, 840px\" \/><\/figure>\n\n\n\n<figure class=\"wp-block-image size-large\"><img loading=\"lazy\" decoding=\"async\" width=\"716\" height=\"1015\" data-id=\"6099\" src=\"https:\/\/www.kulturkurios.de\/wp-content\/uploads\/KleidBaz-25_x.jpg\" alt=\"\" class=\"wp-image-6099\" srcset=\"https:\/\/www.kulturkurios.de\/wp-content\/uploads\/KleidBaz-25_x.jpg 716w, https:\/\/www.kulturkurios.de\/wp-content\/uploads\/KleidBaz-25_x-212x300.jpg 212w\" sizes=\"auto, (max-width: 716px) 85vw, 716px\" \/><\/figure>\n<\/figure>\n\n\n\n<h2 class=\"wp-block-heading\">Einladung<\/h2>\n\n\n\n<p>Am <strong>Samstag, 8.11.2025, 19\u201323 Uhr<\/strong> verwandeln wir das <strong>Dorfgemeinschaftshaus (DGH) Bempflingen<\/strong> in einen stimmungsvollen Abend-Kleiderbasar \u2013 mit Cocktails, Flammkuchen und Mucke. <strong>Verk\u00e4ufer sind private Selbstverk\u00e4ufer<\/strong> (kein gewerblicher Verkauf).<\/p>\n\n\n\n<figure class=\"wp-block-image size-large\"><img loading=\"lazy\" decoding=\"async\" width=\"1024\" height=\"228\" src=\"https:\/\/www.kulturkurios.de\/wp-content\/uploads\/Header-Vintage-Sound-1024x228.png\" alt=\"\" class=\"wp-image-5974\" srcset=\"https:\/\/www.kulturkurios.de\/wp-content\/uploads\/Header-Vintage-Sound-1024x228.png 1024w, https:\/\/www.kulturkurios.de\/wp-content\/uploads\/Header-Vintage-Sound-300x67.png 300w, https:\/\/www.kulturkurios.de\/wp-content\/uploads\/Header-Vintage-Sound-768x171.png 768w, https:\/\/www.kulturkurios.de\/wp-content\/uploads\/Header-Vintage-Sound.png 1200w\" sizes=\"auto, (max-width: 709px) 85vw, (max-width: 909px) 67vw, (max-width: 1362px) 62vw, 840px\" \/><\/figure>\n\n\n\n<h2 class=\"wp-block-heading\"><strong>Eckdaten<\/strong><\/h2>\n\n\n\n<ul class=\"wp-block-list\">\n<li><strong>Ort:<\/strong> Dorfgemeinschaftshaus (DGH) Bempflingen<\/li>\n\n\n\n<li><strong>Zeit:<\/strong> Sa, 8.11.25 \u00b7 19\u201323 Uhr<\/li>\n\n\n\n<li><strong>Eintritt:<\/strong> frei<\/li>\n\n\n\n<li><strong>Bewirtung:<\/strong> Flammkuchen, Getr\u00e4nke und Cocktails<\/li>\n\n\n\n<li><strong>Aufbau f\u00fcr Verk\u00e4ufer:<\/strong> 17\u201319 Uhr (mit exklusivem Pre-Sale nur f\u00fcr Verk\u00e4ufer in dieser Zeit)<\/li>\n\n\n\n<li><strong>Standgeb\u00fchr:<\/strong>\n<ul class=\"wp-block-list\">\n<li><strong>20 \u20ac<\/strong> f\u00fcr einen Stand mit <strong>1 Tisch<\/strong><\/li>\n\n\n\n<li><strong>25 \u20ac<\/strong> f\u00fcr einen Stand mit <strong>2 Tischen<\/strong><\/li>\n<\/ul>\n<\/li>\n\n\n\n<li><strong>Bezahlung:<\/strong> direkt beim Aufbau am 8.11.2025 in bar (<strong>bitte passend mitbringen<\/strong>)<\/li>\n\n\n\n<li><mark style=\"background-color:rgba(0, 0, 0, 0)\" class=\"has-inline-color has-bright-red-color\"><strong>Anmeldung bis: 31.10.2025 an <\/strong><\/mark><a href=\"mailto:veranstaltung@kukukl.de\" target=\"_blank\" rel=\"noreferrer noopener nofollow\"><strong>veranstaltung@kukukl.de<\/strong><\/a><\/li>\n\n\n\n<li><strong>Parkpl\u00e4tze:<\/strong> kostenlos vorhanden<\/li>\n<\/ul>\n\n\n\n<ul class=\"wp-block-list\">\n<li><\/li>\n<\/ul>\n\n\n\n<h2 class=\"wp-block-heading\"><strong>Standpl\u00e4tze &amp; Ausstattung<\/strong><\/h2>\n\n\n\n<ul class=\"wp-block-list\">\n<li><strong>Standfl\u00e4che pro Verk\u00e4ufer:<\/strong> ca. 3 m \u00d7 2 m<\/li>\n\n\n\n<li><strong>Ausstattung:<\/strong> wahlweise <strong>1 oder 2 Tische \u00e0 175\u00d775 cm<\/strong> und <strong>1 Stuhl<\/strong><\/li>\n\n\n\n<li><strong>Flexibel:<\/strong> Bei der Anmeldung bitte angeben, ob <strong>1 Tisch (20 \u20ac)<\/strong> oder <strong>2 Tische (25 \u20ac)<\/strong> gew\u00fcnscht sind.<\/li>\n\n\n\n<li><strong>Kleiderstange etc.:<\/strong> darf selbst mitgebracht und innerhalb der Standfl\u00e4che genutzt werden.<\/li>\n\n\n\n<li><strong>Standvarianten:<\/strong><\/li>\n<\/ul>\n\n\n\n<figure class=\"wp-block-image size-large wp-duotone-unset-2\"><img loading=\"lazy\" decoding=\"async\" width=\"1024\" height=\"230\" src=\"https:\/\/www.kulturkurios.de\/wp-content\/uploads\/Kleiderbasar-Stand-Varianten-1024x230.png\" alt=\"\" class=\"wp-image-5971\" srcset=\"https:\/\/www.kulturkurios.de\/wp-content\/uploads\/Kleiderbasar-Stand-Varianten-1024x230.png 1024w, https:\/\/www.kulturkurios.de\/wp-content\/uploads\/Kleiderbasar-Stand-Varianten-300x67.png 300w, https:\/\/www.kulturkurios.de\/wp-content\/uploads\/Kleiderbasar-Stand-Varianten-768x172.png 768w, https:\/\/www.kulturkurios.de\/wp-content\/uploads\/Kleiderbasar-Stand-Varianten.png 1177w\" sizes=\"auto, (max-width: 709px) 85vw, (max-width: 909px) 67vw, (max-width: 1362px) 62vw, 840px\" \/><\/figure>\n\n\n\n<h2 class=\"wp-block-heading\"><strong>Anmeldung (per E-Mail)<\/strong><\/h2>\n\n\n\n<p>Schickt eure <strong>Anmeldung<\/strong> an<strong> <a href=\"mailto:veranstaltung@kukukl.de\" target=\"_blank\" rel=\"noreferrer noopener nofollow\">veranstaltung@kukukl.de<\/a> <\/strong>mit folgenden<strong> Angaben:<\/strong><\/p>\n\n\n\n<ul class=\"wp-block-list\">\n<li><strong>Betreff:<\/strong> Anmeldung \u201eVintage &amp; Sound\u201c \u2013 [Name]<\/li>\n\n\n\n<li><strong>Name &amp; Kontakt:<\/strong> Vollst\u00e4ndiger Name, Handy-Nr., E-Mailadresse<\/li>\n\n\n\n<li><strong>Standwunsch:<\/strong> 1 Tisch (20 \u20ac) oder 2 Tische (25 \u20ac)<\/li>\n<\/ul>\n\n\n\n<p>Nach eurer Mail erhaltet ihr eine Best\u00e4tigung f\u00fcr eure Anmeldung.<\/p>\n\n\n\n<p>Die <strong>Bezahlung<\/strong> erfolgt beim Aufbau am 8.11. zwischen 17\u201319 Uhr in bar (<strong>bitte passend mitbringen<\/strong>).<\/p>\n\n\n\n<p><strong>Ablauf am Veranstaltungstag<\/strong><\/p>\n\n\n\n<ul class=\"wp-block-list\">\n<li><strong>Check-in &amp; Aufbau:<\/strong> ab 17:00 Uhr (<strong>freie Auswahl der Verkaufsfl\u00e4che \u2013 wer zuerst kommt, hat die gr\u00f6\u00dfte Auswahl<\/strong> + Bezahlung der Standgeb\u00fchr)<\/li>\n\n\n\n<li><strong>Exklusiver Pre-Sale f\u00fcr Verk\u00e4ufer:<\/strong> 17:00\u201319:00 Uhr<\/li>\n\n\n\n<li><strong>\u00d6ffnung f\u00fcr Publikum:<\/strong> 19:00\u201323:00 Uhr<\/li>\n\n\n\n<li><strong>Abbau:<\/strong> direkt nach Veranstaltungsende<\/li>\n<\/ul>\n\n\n\n<h2 class=\"wp-block-heading\"><strong>Hinweise<\/strong><\/h2>\n\n\n\n<ul class=\"wp-block-list\">\n<li><strong>Privatverkauf<\/strong> durch <strong>Selbstverk\u00e4ufer<\/strong> &#8211; eigene <strong>Preisschilder\/Kasse<\/strong> bitte <strong>mitbringen<\/strong>.<\/li>\n\n\n\n<li>S\u00e4mtliche <strong>mitgebrachte Ware sowie M\u00fcll<\/strong> m\u00fcssen <strong>nach<\/strong> der <strong>Veranstaltung<\/strong> wieder <strong>mitgenommen<\/strong> werden.<\/li>\n\n\n\n<li><strong>Mitgebrachte Kleiderst\u00e4nder d\u00fcrfen keine rostigen oder spitzen F\u00fc\u00dfe haben<\/strong>.<\/li>\n<\/ul>\n\n\n\n<p><\/p>\n","protected":false},"excerpt":{"rendered":"<p>Erwachsenen-Kleiderbasar f\u00fcr Selbstverk\u00e4ufer Vintage &amp; Sound lockt zahlreiche Besucher an Der erste Kleiderbazar vom Kultur Kurios am 08.11. im DorfGemeinschaftsHaus Bempflingen war ein gro\u00dfer Erfolg. Bereits kurz nach \u00d6ffnung str\u00f6mten die ersten G\u00e4ste in die liebevoll dekorierten R\u00e4ume. Rund 40 Verk\u00e4uferInnen boten an ihren St\u00e4nden eine bunte Auswahl an Kleidung, Accessoires und handgemachten Einzelst\u00fccken an. &hellip; <a href=\"https:\/\/www.kulturkurios.de\/?page_id=5969\" class=\"more-link\"><span class=\"screen-reader-text\">\u201eVintage &amp; Sound am Sa, 08.11.2025\u201c <\/span>weiterlesen<\/a><\/p>\n","protected":false},"author":3,"featured_media":0,"parent":0,"menu_order":0,"comment_status":"closed","ping_status":"closed","template":"","meta":{"footnotes":""},"class_list":["post-5969","page","type-page","status-publish","hentry"],"_links":{"self":[{"href":"https:\/\/www.kulturkurios.de\/index.php?rest_route=\/wp\/v2\/pages\/5969","targetHints":{"allow":["GET"]}}],"collection":[{"href":"https:\/\/www.kulturkurios.de\/index.php?rest_route=\/wp\/v2\/pages"}],"about":[{"href":"https:\/\/www.kulturkurios.de\/index.php?rest_route=\/wp\/v2\/types\/page"}],"author":[{"embeddable":true,"href":"https:\/\/www.kulturkurios.de\/index.php?rest_route=\/wp\/v2\/users\/3"}],"replies":[{"embeddable":true,"href":"https:\/\/www.kulturkurios.de\/index.php?rest_route=%2Fwp%2Fv2%2Fcomments&post=5969"}],"version-history":[{"count":13,"href":"https:\/\/www.kulturkurios.de\/index.php?rest_route=\/wp\/v2\/pages\/5969\/revisions"}],"predecessor-version":[{"id":6111,"href":"https:\/\/www.kulturkurios.de\/index.php?rest_route=\/wp\/v2\/pages\/5969\/revisions\/6111"}],"wp:attachment":[{"href":"https:\/\/www.kulturkurios.de\/index.php?rest_route=%2Fwp%2Fv2%2Fmedia&parent=5969"}],"curies":[{"name":"wp","href":"https:\/\/api.w.org\/{rel}","templated":true}]}}