{"id":5962,"date":"2025-09-19T18:51:16","date_gmt":"2025-09-19T16:51:16","guid":{"rendered":"https:\/\/www.kulturkurios.de\/?page_id=5962"},"modified":"2026-01-02T19:00:09","modified_gmt":"2026-01-02T18:00:09","slug":"adventskalender-2025","status":"publish","type":"page","link":"https:\/\/www.kulturkurios.de\/?page_id=5962","title":{"rendered":"Adventskalender 2025"},"content":{"rendered":"\n<figure class=\"wp-block-image size-large\"><img loading=\"lazy\" decoding=\"async\" width=\"1024\" height=\"591\" src=\"https:\/\/www.kulturkurios.de\/wp-content\/uploads\/Collage02-2024-1-1024x591.jpg\" alt=\"\" class=\"wp-image-5963\" srcset=\"https:\/\/www.kulturkurios.de\/wp-content\/uploads\/Collage02-2024-1-1024x591.jpg 1024w, https:\/\/www.kulturkurios.de\/wp-content\/uploads\/Collage02-2024-1-300x173.jpg 300w, https:\/\/www.kulturkurios.de\/wp-content\/uploads\/Collage02-2024-1-768x443.jpg 768w, https:\/\/www.kulturkurios.de\/wp-content\/uploads\/Collage02-2024-1-1536x886.jpg 1536w, https:\/\/www.kulturkurios.de\/wp-content\/uploads\/Collage02-2024-1-1200x692.jpg 1200w, https:\/\/www.kulturkurios.de\/wp-content\/uploads\/Collage02-2024-1.jpg 1694w\" sizes=\"auto, (max-width: 709px) 85vw, (max-width: 909px) 67vw, (max-width: 1362px) 62vw, 840px\" \/><\/figure>\n\n\n\n<p>Beim 24<strong>. Kleinbettlinger Adventskalender<\/strong> leuchteten auch 2025 die Fenster. Es haben sich auch dieses Jahr viele <strong>Familien- und Fensterteams<\/strong> gefunden, diese sch\u00f6ne, besinnliche und gesellige Tradition weiterzuf\u00fchren.<\/p>\n\n\n\n<p>Als erstes \u00f6ffnete das <strong>Adventsl\u00e4dle <\/strong>in der Florianstra\u00dfe 8 bei Stimmlers. Hier konnten kreative Werke der Hobbyk\u00fcnstler erworben werden. Der komplette Erl\u00f6s kommt dem Adventskalender, also den unten aufgef\u00fchrten Empf\u00e4ngern zu Gute. Das L\u00e4dle war die gesamte Adventszeit f\u00fcr Sie ge\u00f6ffnet.<\/p>\n\n\n\n<p>Die Spenden setzen sich dieses Jahr aus den Spenden in den Stern, dem Erl\u00f6s des Adventsl\u00e4dles und einer Spende des Lauftreffs vom Fr\u00fchjahr zusammen. Die Spenden  gingen diese Jahr an die<br>&#8222;<strong>Clowns im Dienst<\/strong>\u201c (<a href=\"http:\/\/www.clowns-im-dienst.de\/\" target=\"_blank\" rel=\"noreferrer noopener\"><strong>www.clowns-im-dienst.de<\/strong><\/a>) und die<br>\u201e<strong>Arche Intensiv Kinder\u201c <\/strong>(<a href=\"https:\/\/www.wwbt.org\/\" target=\"_blank\" rel=\"noreferrer noopener\"><strong>www.<\/strong><\/a><a href=\"https:\/\/arche-intensivkinder.de\/\" target=\"_blank\" rel=\"noreferrer noopener\"><strong>arche-intensivkinder.de<\/strong><\/a>) .<br>In der Summe kamen <strong>4.051,41 \u20ac<\/strong> zusammen &#8211; ein Rekord. Wir haben den Betrag aufgerundet und jeweils<strong>2.050,- \u20ac <\/strong>\u00fcberwiesen.<\/p>\n\n\n\n<p>Weitere Hinweise f\u00fcr Fenstermacherinnen und Fenstermacher finden sich <a href=\"https:\/\/www.kulturkurios.de\/?page_id=2967\" target=\"_blank\" rel=\"noreferrer noopener\">hinter diesem Link<\/a>.<\/p>\n\n\n\n<p>Fotos und mehr finden Sie weiter unten und auf der <a href=\"https:\/\/www.kulturkurios.de\/?page_id=6086\" data-type=\"page\" data-id=\"6086\">eigenen Bilder-Seite <\/a>und auf Instagram unter <strong>kultur.kurios<\/strong>.<\/p>\n\n\n\n<figure class=\"wp-block-image size-large\"><img loading=\"lazy\" decoding=\"async\" width=\"724\" height=\"1024\" src=\"https:\/\/www.kulturkurios.de\/wp-content\/uploads\/Kalender-FuerAB_251209-724x1024.jpg\" alt=\"\" class=\"wp-image-6149\" srcset=\"https:\/\/www.kulturkurios.de\/wp-content\/uploads\/Kalender-FuerAB_251209-724x1024.jpg 724w, https:\/\/www.kulturkurios.de\/wp-content\/uploads\/Kalender-FuerAB_251209-212x300.jpg 212w, https:\/\/www.kulturkurios.de\/wp-content\/uploads\/Kalender-FuerAB_251209-768x1086.jpg 768w, https:\/\/www.kulturkurios.de\/wp-content\/uploads\/Kalender-FuerAB_251209.jpg 794w\" sizes=\"auto, (max-width: 724px) 85vw, 724px\" \/><\/figure>\n\n\n\n<p>Im Gemeindeblatt und unter <strong>www.kukukl.de<\/strong> werden wir laufend die aktuellen Informationen ver\u00f6ffentlichen.<\/p>\n\n\n\n<p>Auch <a href=\"https:\/\/www.kulturkurios.de\/?page_id=5459\" data-type=\"page\" data-id=\"5459\">2024 gab es einen Adventskalender\u2026<\/a><\/p>\n\n\n\n<p>Auf einer <a href=\"https:\/\/www.kulturkurios.de\/?page_id=6086\" data-type=\"page\" data-id=\"6086\">eigenen Seite finden Sie <strong>a l l e<\/strong> Bilder <\/a>des Kalenders 2025.<\/p>\n\n\n\n<p>Hier die <strong>Fensterbilder <\/strong>\u2013 auf ein Bild klicken, um die Dia-Show zu starten.<\/p>\n\n\n\n<figure class=\"wp-block-gallery has-nested-images columns-default is-cropped wp-block-gallery-1 is-layout-flex wp-block-gallery-is-layout-flex\">\n<figure class=\"wp-block-image size-large\"><img loading=\"lazy\" decoding=\"async\" width=\"1024\" height=\"746\" data-id=\"6056\" src=\"https:\/\/www.kulturkurios.de\/wp-content\/uploads\/AdvKal25_01-1024x746.jpg\" alt=\"2025 01\" class=\"wp-image-6056\" srcset=\"https:\/\/www.kulturkurios.de\/wp-content\/uploads\/AdvKal25_01-1024x746.jpg 1024w, https:\/\/www.kulturkurios.de\/wp-content\/uploads\/AdvKal25_01-300x219.jpg 300w, https:\/\/www.kulturkurios.de\/wp-content\/uploads\/AdvKal25_01-768x559.jpg 768w, https:\/\/www.kulturkurios.de\/wp-content\/uploads\/AdvKal25_01-1200x874.jpg 1200w, https:\/\/www.kulturkurios.de\/wp-content\/uploads\/AdvKal25_01.jpg 1359w\" sizes=\"auto, (max-width: 709px) 85vw, (max-width: 909px) 67vw, (max-width: 1362px) 62vw, 840px\" \/><figcaption class=\"wp-element-caption\">2025 01<\/figcaption><\/figure>\n\n\n\n<figure class=\"wp-block-image size-large\"><img loading=\"lazy\" decoding=\"async\" width=\"1024\" height=\"746\" data-id=\"6057\" src=\"https:\/\/www.kulturkurios.de\/wp-content\/uploads\/AdvKal25_02-1024x746.jpg\" alt=\"2025 02\" class=\"wp-image-6057\" srcset=\"https:\/\/www.kulturkurios.de\/wp-content\/uploads\/AdvKal25_02-1024x746.jpg 1024w, https:\/\/www.kulturkurios.de\/wp-content\/uploads\/AdvKal25_02-300x219.jpg 300w, https:\/\/www.kulturkurios.de\/wp-content\/uploads\/AdvKal25_02-768x559.jpg 768w, https:\/\/www.kulturkurios.de\/wp-content\/uploads\/AdvKal25_02-1200x874.jpg 1200w, https:\/\/www.kulturkurios.de\/wp-content\/uploads\/AdvKal25_02.jpg 1359w\" sizes=\"auto, (max-width: 709px) 85vw, (max-width: 909px) 67vw, (max-width: 1362px) 62vw, 840px\" \/><figcaption class=\"wp-element-caption\">2025 02<\/figcaption><\/figure>\n\n\n\n<figure class=\"wp-block-image size-large\"><img loading=\"lazy\" decoding=\"async\" width=\"1024\" height=\"746\" data-id=\"6058\" src=\"https:\/\/www.kulturkurios.de\/wp-content\/uploads\/AdvKal25_03-1024x746.jpg\" alt=\"\" class=\"wp-image-6058\" srcset=\"https:\/\/www.kulturkurios.de\/wp-content\/uploads\/AdvKal25_03-1024x746.jpg 1024w, https:\/\/www.kulturkurios.de\/wp-content\/uploads\/AdvKal25_03-300x219.jpg 300w, https:\/\/www.kulturkurios.de\/wp-content\/uploads\/AdvKal25_03-768x559.jpg 768w, https:\/\/www.kulturkurios.de\/wp-content\/uploads\/AdvKal25_03-1200x874.jpg 1200w, https:\/\/www.kulturkurios.de\/wp-content\/uploads\/AdvKal25_03.jpg 1359w\" sizes=\"auto, (max-width: 709px) 85vw, (max-width: 909px) 67vw, (max-width: 1362px) 62vw, 840px\" \/><figcaption class=\"wp-element-caption\">2025 03<\/figcaption><\/figure>\n\n\n\n<figure class=\"wp-block-image size-large\"><img loading=\"lazy\" decoding=\"async\" width=\"1024\" height=\"768\" data-id=\"6082\" src=\"https:\/\/www.kulturkurios.de\/wp-content\/uploads\/AdvKal25_04a-1024x768.jpg\" alt=\"2025 04\" class=\"wp-image-6082\" srcset=\"https:\/\/www.kulturkurios.de\/wp-content\/uploads\/AdvKal25_04a-1024x768.jpg 1024w, https:\/\/www.kulturkurios.de\/wp-content\/uploads\/AdvKal25_04a-300x225.jpg 300w, https:\/\/www.kulturkurios.de\/wp-content\/uploads\/AdvKal25_04a-768x576.jpg 768w, https:\/\/www.kulturkurios.de\/wp-content\/uploads\/AdvKal25_04a-1200x900.jpg 1200w, https:\/\/www.kulturkurios.de\/wp-content\/uploads\/AdvKal25_04a.jpg 1216w\" sizes=\"auto, (max-width: 709px) 85vw, (max-width: 909px) 67vw, (max-width: 1362px) 62vw, 840px\" \/><figcaption class=\"wp-element-caption\">2025 04<\/figcaption><\/figure>\n\n\n\n<figure class=\"wp-block-image size-large\"><img loading=\"lazy\" decoding=\"async\" width=\"1024\" height=\"746\" data-id=\"6060\" src=\"https:\/\/www.kulturkurios.de\/wp-content\/uploads\/AdvKal25_05-1024x746.jpg\" alt=\"\" class=\"wp-image-6060\" srcset=\"https:\/\/www.kulturkurios.de\/wp-content\/uploads\/AdvKal25_05-1024x746.jpg 1024w, https:\/\/www.kulturkurios.de\/wp-content\/uploads\/AdvKal25_05-300x219.jpg 300w, https:\/\/www.kulturkurios.de\/wp-content\/uploads\/AdvKal25_05-768x559.jpg 768w, https:\/\/www.kulturkurios.de\/wp-content\/uploads\/AdvKal25_05-1200x874.jpg 1200w, https:\/\/www.kulturkurios.de\/wp-content\/uploads\/AdvKal25_05.jpg 1359w\" sizes=\"auto, (max-width: 709px) 85vw, (max-width: 909px) 67vw, (max-width: 1362px) 62vw, 840px\" \/><figcaption class=\"wp-element-caption\">2025 05<\/figcaption><\/figure>\n\n\n\n<figure class=\"wp-block-image size-large\"><img loading=\"lazy\" decoding=\"async\" width=\"841\" height=\"905\" data-id=\"6117\" src=\"https:\/\/www.kulturkurios.de\/wp-content\/uploads\/AdvKal25_06a1.jpg\" alt=\"\" class=\"wp-image-6117\" srcset=\"https:\/\/www.kulturkurios.de\/wp-content\/uploads\/AdvKal25_06a1.jpg 841w, https:\/\/www.kulturkurios.de\/wp-content\/uploads\/AdvKal25_06a1-279x300.jpg 279w, https:\/\/www.kulturkurios.de\/wp-content\/uploads\/AdvKal25_06a1-768x826.jpg 768w\" sizes=\"auto, (max-width: 709px) 85vw, (max-width: 909px) 67vw, (max-width: 1362px) 62vw, 840px\" \/><figcaption class=\"wp-element-caption\">2025 06<\/figcaption><\/figure>\n\n\n\n<figure class=\"wp-block-image size-large\"><img loading=\"lazy\" decoding=\"async\" width=\"1024\" height=\"869\" data-id=\"6119\" src=\"https:\/\/www.kulturkurios.de\/wp-content\/uploads\/AdvKal25_07a-1024x869.jpg\" alt=\"\" class=\"wp-image-6119\" srcset=\"https:\/\/www.kulturkurios.de\/wp-content\/uploads\/AdvKal25_07a-1024x869.jpg 1024w, https:\/\/www.kulturkurios.de\/wp-content\/uploads\/AdvKal25_07a-300x255.jpg 300w, https:\/\/www.kulturkurios.de\/wp-content\/uploads\/AdvKal25_07a-768x652.jpg 768w, https:\/\/www.kulturkurios.de\/wp-content\/uploads\/AdvKal25_07a.jpg 1198w\" sizes=\"auto, (max-width: 709px) 85vw, (max-width: 909px) 67vw, (max-width: 1362px) 62vw, 840px\" \/><figcaption class=\"wp-element-caption\">2025 07<\/figcaption><\/figure>\n\n\n\n<figure class=\"wp-block-image size-large\"><img loading=\"lazy\" decoding=\"async\" width=\"595\" height=\"405\" data-id=\"6131\" src=\"https:\/\/www.kulturkurios.de\/wp-content\/uploads\/AdvKal25_08a.jpg\" alt=\"\" class=\"wp-image-6131\" srcset=\"https:\/\/www.kulturkurios.de\/wp-content\/uploads\/AdvKal25_08a.jpg 595w, https:\/\/www.kulturkurios.de\/wp-content\/uploads\/AdvKal25_08a-300x204.jpg 300w\" sizes=\"auto, (max-width: 595px) 85vw, 595px\" \/><figcaption class=\"wp-element-caption\">2025 08<\/figcaption><\/figure>\n\n\n\n<figure class=\"wp-block-image size-large\"><img loading=\"lazy\" decoding=\"async\" width=\"847\" height=\"912\" data-id=\"6139\" src=\"https:\/\/www.kulturkurios.de\/wp-content\/uploads\/AdvKal25_09a.jpg\" alt=\"\" class=\"wp-image-6139\" srcset=\"https:\/\/www.kulturkurios.de\/wp-content\/uploads\/AdvKal25_09a.jpg 847w, https:\/\/www.kulturkurios.de\/wp-content\/uploads\/AdvKal25_09a-279x300.jpg 279w, https:\/\/www.kulturkurios.de\/wp-content\/uploads\/AdvKal25_09a-768x827.jpg 768w\" sizes=\"auto, (max-width: 709px) 85vw, (max-width: 909px) 67vw, (max-width: 1362px) 62vw, 840px\" \/><figcaption class=\"wp-element-caption\">2025 09<\/figcaption><\/figure>\n\n\n\n<figure class=\"wp-block-image size-large\"><img loading=\"lazy\" decoding=\"async\" width=\"1024\" height=\"746\" data-id=\"6065\" src=\"https:\/\/www.kulturkurios.de\/wp-content\/uploads\/AdvKal25_10-1024x746.jpg\" alt=\"\" class=\"wp-image-6065\" srcset=\"https:\/\/www.kulturkurios.de\/wp-content\/uploads\/AdvKal25_10-1024x746.jpg 1024w, https:\/\/www.kulturkurios.de\/wp-content\/uploads\/AdvKal25_10-300x219.jpg 300w, https:\/\/www.kulturkurios.de\/wp-content\/uploads\/AdvKal25_10-768x559.jpg 768w, https:\/\/www.kulturkurios.de\/wp-content\/uploads\/AdvKal25_10-1200x874.jpg 1200w, https:\/\/www.kulturkurios.de\/wp-content\/uploads\/AdvKal25_10.jpg 1359w\" sizes=\"auto, (max-width: 709px) 85vw, (max-width: 909px) 67vw, (max-width: 1362px) 62vw, 840px\" \/><figcaption class=\"wp-element-caption\">2025 10<\/figcaption><\/figure>\n\n\n\n<figure class=\"wp-block-image size-large\"><img loading=\"lazy\" decoding=\"async\" width=\"481\" height=\"927\" data-id=\"6151\" src=\"https:\/\/www.kulturkurios.de\/wp-content\/uploads\/AdvKal25_11a.jpg\" alt=\"\" class=\"wp-image-6151\" srcset=\"https:\/\/www.kulturkurios.de\/wp-content\/uploads\/AdvKal25_11a.jpg 481w, https:\/\/www.kulturkurios.de\/wp-content\/uploads\/AdvKal25_11a-156x300.jpg 156w\" sizes=\"auto, (max-width: 481px) 85vw, 481px\" \/><figcaption class=\"wp-element-caption\">2025 11<\/figcaption><\/figure>\n\n\n\n<figure class=\"wp-block-image size-large\"><img loading=\"lazy\" decoding=\"async\" width=\"805\" height=\"906\" data-id=\"6160\" src=\"https:\/\/www.kulturkurios.de\/wp-content\/uploads\/AdvKal25_12a.jpg\" alt=\"\" class=\"wp-image-6160\" srcset=\"https:\/\/www.kulturkurios.de\/wp-content\/uploads\/AdvKal25_12a.jpg 805w, https:\/\/www.kulturkurios.de\/wp-content\/uploads\/AdvKal25_12a-267x300.jpg 267w, https:\/\/www.kulturkurios.de\/wp-content\/uploads\/AdvKal25_12a-768x864.jpg 768w\" sizes=\"auto, (max-width: 805px) 85vw, 805px\" \/><figcaption class=\"wp-element-caption\">2025 12<\/figcaption><\/figure>\n\n\n\n<figure class=\"wp-block-image size-large\"><img loading=\"lazy\" decoding=\"async\" width=\"1024\" height=\"769\" data-id=\"6170\" src=\"https:\/\/www.kulturkurios.de\/wp-content\/uploads\/AdvKal25_13a-1024x769.jpg\" alt=\"\" class=\"wp-image-6170\" srcset=\"https:\/\/www.kulturkurios.de\/wp-content\/uploads\/AdvKal25_13a-1024x769.jpg 1024w, https:\/\/www.kulturkurios.de\/wp-content\/uploads\/AdvKal25_13a-300x225.jpg 300w, https:\/\/www.kulturkurios.de\/wp-content\/uploads\/AdvKal25_13a-768x577.jpg 768w, https:\/\/www.kulturkurios.de\/wp-content\/uploads\/AdvKal25_13a-1200x901.jpg 1200w, https:\/\/www.kulturkurios.de\/wp-content\/uploads\/AdvKal25_13a.jpg 1229w\" sizes=\"auto, (max-width: 709px) 85vw, (max-width: 909px) 67vw, (max-width: 1362px) 62vw, 840px\" \/><figcaption class=\"wp-element-caption\">2025 13<\/figcaption><\/figure>\n\n\n\n<figure class=\"wp-block-image size-large\"><img loading=\"lazy\" decoding=\"async\" width=\"690\" height=\"932\" data-id=\"6179\" src=\"https:\/\/www.kulturkurios.de\/wp-content\/uploads\/AdvKal25_14a.jpg\" alt=\"\" class=\"wp-image-6179\" srcset=\"https:\/\/www.kulturkurios.de\/wp-content\/uploads\/AdvKal25_14a.jpg 690w, https:\/\/www.kulturkurios.de\/wp-content\/uploads\/AdvKal25_14a-222x300.jpg 222w\" sizes=\"auto, (max-width: 690px) 85vw, 690px\" \/><figcaption class=\"wp-element-caption\">2025 14<\/figcaption><\/figure>\n\n\n\n<figure class=\"wp-block-image size-large\"><img loading=\"lazy\" decoding=\"async\" width=\"1024\" height=\"675\" data-id=\"6187\" src=\"https:\/\/www.kulturkurios.de\/wp-content\/uploads\/AdvKal25_15a-1024x675.jpg\" alt=\"\" class=\"wp-image-6187\" srcset=\"https:\/\/www.kulturkurios.de\/wp-content\/uploads\/AdvKal25_15a-1024x675.jpg 1024w, https:\/\/www.kulturkurios.de\/wp-content\/uploads\/AdvKal25_15a-300x198.jpg 300w, https:\/\/www.kulturkurios.de\/wp-content\/uploads\/AdvKal25_15a-768x507.jpg 768w, https:\/\/www.kulturkurios.de\/wp-content\/uploads\/AdvKal25_15a.jpg 1169w\" sizes=\"auto, (max-width: 709px) 85vw, (max-width: 909px) 67vw, (max-width: 1362px) 62vw, 840px\" \/><figcaption class=\"wp-element-caption\">2025 15<\/figcaption><\/figure>\n\n\n\n<figure class=\"wp-block-image size-large\"><img loading=\"lazy\" decoding=\"async\" width=\"1024\" height=\"659\" data-id=\"6197\" src=\"https:\/\/www.kulturkurios.de\/wp-content\/uploads\/AdvKal25_16a-1024x659.jpg\" alt=\"\" class=\"wp-image-6197\" srcset=\"https:\/\/www.kulturkurios.de\/wp-content\/uploads\/AdvKal25_16a-1024x659.jpg 1024w, https:\/\/www.kulturkurios.de\/wp-content\/uploads\/AdvKal25_16a-300x193.jpg 300w, https:\/\/www.kulturkurios.de\/wp-content\/uploads\/AdvKal25_16a-768x494.jpg 768w, https:\/\/www.kulturkurios.de\/wp-content\/uploads\/AdvKal25_16a.jpg 1187w\" sizes=\"auto, (max-width: 709px) 85vw, (max-width: 909px) 67vw, (max-width: 1362px) 62vw, 840px\" \/><figcaption class=\"wp-element-caption\">2025 16<\/figcaption><\/figure>\n\n\n\n<figure class=\"wp-block-image size-large\"><img loading=\"lazy\" decoding=\"async\" width=\"830\" height=\"920\" data-id=\"6205\" src=\"https:\/\/www.kulturkurios.de\/wp-content\/uploads\/AdvKal25_17a.jpg\" alt=\"\" class=\"wp-image-6205\" srcset=\"https:\/\/www.kulturkurios.de\/wp-content\/uploads\/AdvKal25_17a.jpg 830w, https:\/\/www.kulturkurios.de\/wp-content\/uploads\/AdvKal25_17a-271x300.jpg 271w, https:\/\/www.kulturkurios.de\/wp-content\/uploads\/AdvKal25_17a-768x851.jpg 768w\" sizes=\"auto, (max-width: 830px) 85vw, 830px\" \/><figcaption class=\"wp-element-caption\">2025 17<\/figcaption><\/figure>\n\n\n\n<figure class=\"wp-block-image size-large\"><img loading=\"lazy\" decoding=\"async\" width=\"1024\" height=\"746\" data-id=\"6073\" src=\"https:\/\/www.kulturkurios.de\/wp-content\/uploads\/AdvKal25_18-1024x746.jpg\" alt=\"\" class=\"wp-image-6073\" srcset=\"https:\/\/www.kulturkurios.de\/wp-content\/uploads\/AdvKal25_18-1024x746.jpg 1024w, https:\/\/www.kulturkurios.de\/wp-content\/uploads\/AdvKal25_18-300x219.jpg 300w, https:\/\/www.kulturkurios.de\/wp-content\/uploads\/AdvKal25_18-768x559.jpg 768w, https:\/\/www.kulturkurios.de\/wp-content\/uploads\/AdvKal25_18-1200x874.jpg 1200w, https:\/\/www.kulturkurios.de\/wp-content\/uploads\/AdvKal25_18.jpg 1359w\" sizes=\"auto, (max-width: 709px) 85vw, (max-width: 909px) 67vw, (max-width: 1362px) 62vw, 840px\" \/><figcaption class=\"wp-element-caption\">2025 18<\/figcaption><\/figure>\n\n\n\n<figure class=\"wp-block-image size-large\"><img loading=\"lazy\" decoding=\"async\" width=\"472\" height=\"653\" data-id=\"6212\" src=\"https:\/\/www.kulturkurios.de\/wp-content\/uploads\/AdvKal25_19a.jpg\" alt=\"\" class=\"wp-image-6212\" srcset=\"https:\/\/www.kulturkurios.de\/wp-content\/uploads\/AdvKal25_19a.jpg 472w, https:\/\/www.kulturkurios.de\/wp-content\/uploads\/AdvKal25_19a-217x300.jpg 217w\" sizes=\"auto, (max-width: 472px) 85vw, 472px\" \/><figcaption class=\"wp-element-caption\">2025 19<\/figcaption><\/figure>\n\n\n\n<figure class=\"wp-block-image size-large\"><img loading=\"lazy\" decoding=\"async\" width=\"487\" height=\"657\" data-id=\"6242\" src=\"https:\/\/www.kulturkurios.de\/wp-content\/uploads\/AdvKal25_20aa.jpg\" alt=\"\" class=\"wp-image-6242\" srcset=\"https:\/\/www.kulturkurios.de\/wp-content\/uploads\/AdvKal25_20aa.jpg 487w, https:\/\/www.kulturkurios.de\/wp-content\/uploads\/AdvKal25_20aa-222x300.jpg 222w\" sizes=\"auto, (max-width: 487px) 85vw, 487px\" \/><figcaption class=\"wp-element-caption\">2025 20<\/figcaption><\/figure>\n\n\n\n<figure class=\"wp-block-image size-large\"><img loading=\"lazy\" decoding=\"async\" width=\"688\" height=\"925\" data-id=\"6229\" src=\"https:\/\/www.kulturkurios.de\/wp-content\/uploads\/AdvKal25_21a.jpg\" alt=\"\" class=\"wp-image-6229\" srcset=\"https:\/\/www.kulturkurios.de\/wp-content\/uploads\/AdvKal25_21a.jpg 688w, https:\/\/www.kulturkurios.de\/wp-content\/uploads\/AdvKal25_21a-223x300.jpg 223w\" sizes=\"auto, (max-width: 688px) 85vw, 688px\" \/><figcaption class=\"wp-element-caption\">2025 21<\/figcaption><\/figure>\n\n\n\n<figure class=\"wp-block-image size-large\"><img loading=\"lazy\" decoding=\"async\" width=\"1024\" height=\"798\" data-id=\"6245\" src=\"https:\/\/www.kulturkurios.de\/wp-content\/uploads\/AdvKal25_22a-1024x798.jpg\" alt=\"\" class=\"wp-image-6245\" srcset=\"https:\/\/www.kulturkurios.de\/wp-content\/uploads\/AdvKal25_22a-1024x798.jpg 1024w, https:\/\/www.kulturkurios.de\/wp-content\/uploads\/AdvKal25_22a-300x234.jpg 300w, https:\/\/www.kulturkurios.de\/wp-content\/uploads\/AdvKal25_22a-768x599.jpg 768w, https:\/\/www.kulturkurios.de\/wp-content\/uploads\/AdvKal25_22a.jpg 1058w\" sizes=\"auto, (max-width: 709px) 85vw, (max-width: 909px) 67vw, (max-width: 1362px) 62vw, 840px\" \/><figcaption class=\"wp-element-caption\">2025 22<\/figcaption><\/figure>\n\n\n\n<figure class=\"wp-block-image size-large\"><img loading=\"lazy\" decoding=\"async\" width=\"1024\" height=\"746\" data-id=\"6079\" src=\"https:\/\/www.kulturkurios.de\/wp-content\/uploads\/AdvKal25_23-1024x746.jpg\" alt=\"\" class=\"wp-image-6079\" srcset=\"https:\/\/www.kulturkurios.de\/wp-content\/uploads\/AdvKal25_23-1024x746.jpg 1024w, https:\/\/www.kulturkurios.de\/wp-content\/uploads\/AdvKal25_23-300x219.jpg 300w, https:\/\/www.kulturkurios.de\/wp-content\/uploads\/AdvKal25_23-768x559.jpg 768w, https:\/\/www.kulturkurios.de\/wp-content\/uploads\/AdvKal25_23-1200x874.jpg 1200w, https:\/\/www.kulturkurios.de\/wp-content\/uploads\/AdvKal25_23.jpg 1359w\" sizes=\"auto, (max-width: 709px) 85vw, (max-width: 909px) 67vw, (max-width: 1362px) 62vw, 840px\" \/><figcaption class=\"wp-element-caption\">2025 23<\/figcaption><\/figure>\n\n\n\n<figure class=\"wp-block-image size-large\"><img loading=\"lazy\" decoding=\"async\" width=\"559\" height=\"902\" data-id=\"6254\" src=\"https:\/\/www.kulturkurios.de\/wp-content\/uploads\/AdvKal25_24a.jpg\" alt=\"\" class=\"wp-image-6254\" srcset=\"https:\/\/www.kulturkurios.de\/wp-content\/uploads\/AdvKal25_24a.jpg 559w, https:\/\/www.kulturkurios.de\/wp-content\/uploads\/AdvKal25_24a-186x300.jpg 186w\" sizes=\"auto, (max-width: 559px) 85vw, 559px\" \/><figcaption class=\"wp-element-caption\">2025 24<\/figcaption><\/figure>\n<\/figure>\n","protected":false},"excerpt":{"rendered":"<p>Beim 24. Kleinbettlinger Adventskalender leuchteten auch 2025 die Fenster. Es haben sich auch dieses Jahr viele Familien- und Fensterteams gefunden, diese sch\u00f6ne, besinnliche und gesellige Tradition weiterzuf\u00fchren. Als erstes \u00f6ffnete das Adventsl\u00e4dle in der Florianstra\u00dfe 8 bei Stimmlers. Hier konnten kreative Werke der Hobbyk\u00fcnstler erworben werden. Der komplette Erl\u00f6s kommt dem Adventskalender, also den unten &hellip; <a href=\"https:\/\/www.kulturkurios.de\/?page_id=5962\" class=\"more-link\"><span class=\"screen-reader-text\">\u201eAdventskalender 2025\u201c <\/span>weiterlesen<\/a><\/p>\n","protected":false},"author":2,"featured_media":0,"parent":0,"menu_order":0,"comment_status":"closed","ping_status":"closed","template":"","meta":{"footnotes":""},"class_list":["post-5962","page","type-page","status-publish","hentry"],"_links":{"self":[{"href":"https:\/\/www.kulturkurios.de\/index.php?rest_route=\/wp\/v2\/pages\/5962","targetHints":{"allow":["GET"]}}],"collection":[{"href":"https:\/\/www.kulturkurios.de\/index.php?rest_route=\/wp\/v2\/pages"}],"about":[{"href":"https:\/\/www.kulturkurios.de\/index.php?rest_route=\/wp\/v2\/types\/page"}],"author":[{"embeddable":true,"href":"https:\/\/www.kulturkurios.de\/index.php?rest_route=\/wp\/v2\/users\/2"}],"replies":[{"embeddable":true,"href":"https:\/\/www.kulturkurios.de\/index.php?rest_route=%2Fwp%2Fv2%2Fcomments&post=5962"}],"version-history":[{"count":53,"href":"https:\/\/www.kulturkurios.de\/index.php?rest_route=\/wp\/v2\/pages\/5962\/revisions"}],"predecessor-version":[{"id":6261,"href":"https:\/\/www.kulturkurios.de\/index.php?rest_route=\/wp\/v2\/pages\/5962\/revisions\/6261"}],"wp:attachment":[{"href":"https:\/\/www.kulturkurios.de\/index.php?rest_route=%2Fwp%2Fv2%2Fmedia&parent=5962"}],"curies":[{"name":"wp","href":"https:\/\/api.w.org\/{rel}","templated":true}]}}