{"id":5949,"date":"2025-08-06T20:03:15","date_gmt":"2025-08-06T18:03:15","guid":{"rendered":"https:\/\/www.kulturkurios.de\/?page_id=5949"},"modified":"2025-09-07T18:56:41","modified_gmt":"2025-09-07T16:56:41","slug":"open-air-kino-2025","status":"publish","type":"page","link":"https:\/\/www.kulturkurios.de\/?page_id=5949","title":{"rendered":"Open-Air-Kino 2025"},"content":{"rendered":"\n<p>Beim Kinoabend des Kinomobils am 30. August wurde der Besucherrekord vom letzten Jahr eingestellt &#8211; jeder verf\u00fcgbare Stuhl war besetzt. Bei angenehmen Wetter genossen wir das 13. Bempflinger OpenAirKino.<br>Der Film \u2013 Der Pinguin meines Lebens &#8211; erz\u00e4hlt vom m\u00fcrrischen Lehrer Tom (Steve Coogan), der in den 1970er Jahren in Buenos Aires an einem Jungeninternat Englisch unterrichtet. Inmitten der Unruhen des Milit\u00e4rputsches sieht er sich mit rebellischen Sch\u00fclern und einem herausfordernden Alltag konfrontiert. Eine unerwartete Begegnung ver\u00e4ndert alles: An der \u00f6lverschmutzten K\u00fcste Uruguays rettet er dem Pinguin Juan Salvador das Leben und dieser weigert sich daraufhin hartn\u00e4ckig, von seiner Seite zu weichen. Der Vogel zieht auf Toms Terrasse ein, wird zum treuen Begleiter und f\u00fcr die Sch\u00fcler zur Vertrauensperson mit Flossen \u2013 denn Pinguine sind gro\u00dfartige Zuh\u00f6rer.<\/p>\n\n\n\n<figure class=\"wp-block-image size-large\"><img loading=\"lazy\" decoding=\"async\" width=\"1024\" height=\"456\" src=\"https:\/\/www.kulturkurios.de\/wp-content\/uploads\/Collage_25-1024x456.png\" alt=\"\" class=\"wp-image-5959\" srcset=\"https:\/\/www.kulturkurios.de\/wp-content\/uploads\/Collage_25-1024x456.png 1024w, https:\/\/www.kulturkurios.de\/wp-content\/uploads\/Collage_25-300x134.png 300w, https:\/\/www.kulturkurios.de\/wp-content\/uploads\/Collage_25-768x342.png 768w, https:\/\/www.kulturkurios.de\/wp-content\/uploads\/Collage_25-1200x534.png 1200w, https:\/\/www.kulturkurios.de\/wp-content\/uploads\/Collage_25.png 1489w\" sizes=\"auto, (max-width: 709px) 85vw, (max-width: 909px) 67vw, (max-width: 1362px) 62vw, 840px\" \/><\/figure>\n\n\n\n<p><br>Der Verein KulturKurios Kleinbettlingen bewirtete vor und w\u00e4hrend der Veranstaltung die G\u00e4ste mit gerillter Roten, Popcorn und verschiedenen Getr\u00e4nken.<br>Im n\u00e4chsten Jahr soll das Kino wieder stattfinden. Dann wieder gerne an einem genauso lauen und trockenen Sp\u00e4tsommerabend drau\u00dfen auf dem Schulhof.<br>Unser Dank geht an das Kinomobil, den Herrn B\u00fcrgermeister Welser und an alle Helferinnen und Helfer.<\/p>\n\n\n\n<figure class=\"wp-block-image size-full\"><img loading=\"lazy\" decoding=\"async\" width=\"490\" height=\"700\" src=\"https:\/\/www.kulturkurios.de\/wp-content\/uploads\/DPmL-Plakat.jpg\" alt=\"\" class=\"wp-image-5950\" srcset=\"https:\/\/www.kulturkurios.de\/wp-content\/uploads\/DPmL-Plakat.jpg 490w, https:\/\/www.kulturkurios.de\/wp-content\/uploads\/DPmL-Plakat-210x300.jpg 210w\" sizes=\"auto, (max-width: 490px) 85vw, 490px\" \/><\/figure>\n\n\n\n<p>Am <strong>30. August 2025<\/strong> soll das Open Air Kino im Schulhof der Grundschule Bempflingen stattfinden. <\/p>\n\n\n\n<p><strong><em>Der Pinguin meines Lebens<\/em><\/strong><\/p>\n\n\n\n<p>Der m\u00fcrrische Lehrer Tom (Steve Coogan), ein waschechter Engl\u00e4nder, reist in den 1970er Jahren nach Buenos Aires, um an einem Jungeninternat Englisch zu unterrichten. Inmitten der Unruhen des Milit\u00e4rputsches sieht er sich mit rebellischen Sch\u00fclern und einem herausfordernden Alltag konfrontiert. Doch eine unerwartete Begegnung ver\u00e4ndert alles: Als er an der \u00f6lverschmutzten K\u00fcste Uruguays dem Pinguin Juan Salvador das Leben rettet, weigert sich dieser hartn\u00e4ckig, von seiner Seite zu weichen. Der Vogel zieht kurzerhand auf Toms Terrasse ein, wird zum treuen Begleiter und f\u00fcr die Sch\u00fcler zur Vertrauensperson mit Flossen \u2013 denn Pinguine sind nicht nur niedlich, sondern auch gro\u00dfartige Zuh\u00f6rer.<\/p>\n\n\n\n<ul class=\"wp-block-list\">\n<li>Grundschule auf Mauern in Bempflingen<\/li>\n\n\n\n<li>Samstag, 30. August<\/li>\n\n\n\n<li>Einlass ab 19:30 Uhr<\/li>\n\n\n\n<li>Filmstart ab 20:30 Uhr<\/li>\n\n\n\n<li>Preis: 8 \u20ac f\u00fcr das KinoMobil<\/li>\n<\/ul>\n\n\n\n<p>Der Verein KulturKurios Kleinbettlingen versorgt Sie vor dem Film mit Getr\u00e4nken, Popcorn, gegrillter Roter und vielen mehr. Bringen Sie neben vielen Bekannten und Freunden auch Hunger, Durst und einen warmen Pulli mit.<\/p>\n\n\n\n<p><\/p>\n","protected":false},"excerpt":{"rendered":"<p>Beim Kinoabend des Kinomobils am 30. August wurde der Besucherrekord vom letzten Jahr eingestellt &#8211; jeder verf\u00fcgbare Stuhl war besetzt. Bei angenehmen Wetter genossen wir das 13. Bempflinger OpenAirKino.Der Film \u2013 Der Pinguin meines Lebens &#8211; erz\u00e4hlt vom m\u00fcrrischen Lehrer Tom (Steve Coogan), der in den 1970er Jahren in Buenos Aires an einem Jungeninternat Englisch &hellip; <a href=\"https:\/\/www.kulturkurios.de\/?page_id=5949\" class=\"more-link\"><span class=\"screen-reader-text\">\u201eOpen-Air-Kino 2025\u201c <\/span>weiterlesen<\/a><\/p>\n","protected":false},"author":2,"featured_media":0,"parent":0,"menu_order":0,"comment_status":"closed","ping_status":"closed","template":"","meta":{"footnotes":""},"class_list":["post-5949","page","type-page","status-publish","hentry"],"_links":{"self":[{"href":"https:\/\/www.kulturkurios.de\/index.php?rest_route=\/wp\/v2\/pages\/5949","targetHints":{"allow":["GET"]}}],"collection":[{"href":"https:\/\/www.kulturkurios.de\/index.php?rest_route=\/wp\/v2\/pages"}],"about":[{"href":"https:\/\/www.kulturkurios.de\/index.php?rest_route=\/wp\/v2\/types\/page"}],"author":[{"embeddable":true,"href":"https:\/\/www.kulturkurios.de\/index.php?rest_route=\/wp\/v2\/users\/2"}],"replies":[{"embeddable":true,"href":"https:\/\/www.kulturkurios.de\/index.php?rest_route=%2Fwp%2Fv2%2Fcomments&post=5949"}],"version-history":[{"count":3,"href":"https:\/\/www.kulturkurios.de\/index.php?rest_route=\/wp\/v2\/pages\/5949\/revisions"}],"predecessor-version":[{"id":5960,"href":"https:\/\/www.kulturkurios.de\/index.php?rest_route=\/wp\/v2\/pages\/5949\/revisions\/5960"}],"wp:attachment":[{"href":"https:\/\/www.kulturkurios.de\/index.php?rest_route=%2Fwp%2Fv2%2Fmedia&parent=5949"}],"curies":[{"name":"wp","href":"https:\/\/api.w.org\/{rel}","templated":true}]}}