{"id":5847,"date":"2025-06-30T17:39:57","date_gmt":"2025-06-30T15:39:57","guid":{"rendered":"https:\/\/www.kulturkurios.de\/?page_id=5847"},"modified":"2025-06-30T17:39:58","modified_gmt":"2025-06-30T15:39:58","slug":"3-koenigs-boule-2025","status":"publish","type":"page","link":"https:\/\/www.kulturkurios.de\/?page_id=5847","title":{"rendered":"3 K\u00f6nigs Boule 2025"},"content":{"rendered":"\n<p>Diese Jahr fand am 11. Januar unser DreiK\u00f6nigsBoule statt.<br>Zum K\u00f6nig kr\u00f6nte sich Helmut.<\/p>\n\n\n\n<figure class=\"wp-block-gallery has-nested-images columns-default is-cropped wp-block-gallery-1 is-layout-flex wp-block-gallery-is-layout-flex\">\n<figure class=\"wp-block-image size-large\"><img loading=\"lazy\" decoding=\"async\" width=\"742\" height=\"526\" data-id=\"5848\" src=\"https:\/\/www.kulturkurios.de\/wp-content\/uploads\/3KB_a.jpg\" alt=\"\" class=\"wp-image-5848\" srcset=\"https:\/\/www.kulturkurios.de\/wp-content\/uploads\/3KB_a.jpg 742w, https:\/\/www.kulturkurios.de\/wp-content\/uploads\/3KB_a-300x213.jpg 300w\" sizes=\"auto, (max-width: 742px) 85vw, 742px\" \/><\/figure>\n\n\n\n<figure class=\"wp-block-image size-large\"><img loading=\"lazy\" decoding=\"async\" width=\"1024\" height=\"540\" data-id=\"5849\" src=\"https:\/\/www.kulturkurios.de\/wp-content\/uploads\/3KB_b-1024x540.jpg\" alt=\"\" class=\"wp-image-5849\" srcset=\"https:\/\/www.kulturkurios.de\/wp-content\/uploads\/3KB_b-1024x540.jpg 1024w, https:\/\/www.kulturkurios.de\/wp-content\/uploads\/3KB_b-300x158.jpg 300w, https:\/\/www.kulturkurios.de\/wp-content\/uploads\/3KB_b-768x405.jpg 768w, https:\/\/www.kulturkurios.de\/wp-content\/uploads\/3KB_b.jpg 1131w\" sizes=\"auto, (max-width: 709px) 85vw, (max-width: 909px) 67vw, (max-width: 1362px) 62vw, 840px\" \/><\/figure>\n\n\n\n<figure class=\"wp-block-image size-large\"><img loading=\"lazy\" decoding=\"async\" width=\"620\" height=\"763\" data-id=\"5850\" src=\"https:\/\/www.kulturkurios.de\/wp-content\/uploads\/3KB_c.jpg\" alt=\"\" class=\"wp-image-5850\" srcset=\"https:\/\/www.kulturkurios.de\/wp-content\/uploads\/3KB_c.jpg 620w, https:\/\/www.kulturkurios.de\/wp-content\/uploads\/3KB_c-244x300.jpg 244w\" sizes=\"auto, (max-width: 620px) 85vw, 620px\" \/><\/figure>\n\n\n\n<figure class=\"wp-block-image size-large\"><img loading=\"lazy\" decoding=\"async\" width=\"976\" height=\"870\" data-id=\"5851\" src=\"https:\/\/www.kulturkurios.de\/wp-content\/uploads\/3KB_d.jpg\" alt=\"\" class=\"wp-image-5851\" srcset=\"https:\/\/www.kulturkurios.de\/wp-content\/uploads\/3KB_d.jpg 976w, https:\/\/www.kulturkurios.de\/wp-content\/uploads\/3KB_d-300x267.jpg 300w, https:\/\/www.kulturkurios.de\/wp-content\/uploads\/3KB_d-768x685.jpg 768w\" sizes=\"auto, (max-width: 709px) 85vw, (max-width: 909px) 67vw, (max-width: 1362px) 62vw, 840px\" \/><\/figure>\n\n\n\n<figure class=\"wp-block-image size-large\"><img loading=\"lazy\" decoding=\"async\" width=\"690\" height=\"937\" data-id=\"5852\" src=\"https:\/\/www.kulturkurios.de\/wp-content\/uploads\/3KB_e.jpg\" alt=\"\" class=\"wp-image-5852\" srcset=\"https:\/\/www.kulturkurios.de\/wp-content\/uploads\/3KB_e.jpg 690w, https:\/\/www.kulturkurios.de\/wp-content\/uploads\/3KB_e-221x300.jpg 221w\" sizes=\"auto, (max-width: 690px) 85vw, 690px\" \/><\/figure>\n\n\n\n<figure class=\"wp-block-image size-large\"><img loading=\"lazy\" decoding=\"async\" width=\"665\" height=\"889\" data-id=\"5853\" src=\"https:\/\/www.kulturkurios.de\/wp-content\/uploads\/3KB_f.jpg\" alt=\"\" class=\"wp-image-5853\" srcset=\"https:\/\/www.kulturkurios.de\/wp-content\/uploads\/3KB_f.jpg 665w, https:\/\/www.kulturkurios.de\/wp-content\/uploads\/3KB_f-224x300.jpg 224w\" sizes=\"auto, (max-width: 665px) 85vw, 665px\" \/><\/figure>\n\n\n\n<figure class=\"wp-block-image size-large\"><img loading=\"lazy\" decoding=\"async\" width=\"1024\" height=\"570\" data-id=\"5854\" src=\"https:\/\/www.kulturkurios.de\/wp-content\/uploads\/3KB_g-1024x570.jpg\" alt=\"\" class=\"wp-image-5854\" srcset=\"https:\/\/www.kulturkurios.de\/wp-content\/uploads\/3KB_g-1024x570.jpg 1024w, https:\/\/www.kulturkurios.de\/wp-content\/uploads\/3KB_g-300x167.jpg 300w, https:\/\/www.kulturkurios.de\/wp-content\/uploads\/3KB_g-768x427.jpg 768w, https:\/\/www.kulturkurios.de\/wp-content\/uploads\/3KB_g-1536x854.jpg 1536w, https:\/\/www.kulturkurios.de\/wp-content\/uploads\/3KB_g-1200x667.jpg 1200w, https:\/\/www.kulturkurios.de\/wp-content\/uploads\/3KB_g.jpg 1584w\" sizes=\"auto, (max-width: 709px) 85vw, (max-width: 909px) 67vw, (max-width: 1362px) 62vw, 840px\" \/><\/figure>\n<\/figure>\n","protected":false},"excerpt":{"rendered":"<p>Diese Jahr fand am 11. Januar unser DreiK\u00f6nigsBoule statt.Zum K\u00f6nig kr\u00f6nte sich Helmut.<\/p>\n","protected":false},"author":2,"featured_media":0,"parent":0,"menu_order":0,"comment_status":"closed","ping_status":"closed","template":"","meta":{"footnotes":""},"class_list":["post-5847","page","type-page","status-publish","hentry"],"_links":{"self":[{"href":"https:\/\/www.kulturkurios.de\/index.php?rest_route=\/wp\/v2\/pages\/5847","targetHints":{"allow":["GET"]}}],"collection":[{"href":"https:\/\/www.kulturkurios.de\/index.php?rest_route=\/wp\/v2\/pages"}],"about":[{"href":"https:\/\/www.kulturkurios.de\/index.php?rest_route=\/wp\/v2\/types\/page"}],"author":[{"embeddable":true,"href":"https:\/\/www.kulturkurios.de\/index.php?rest_route=\/wp\/v2\/users\/2"}],"replies":[{"embeddable":true,"href":"https:\/\/www.kulturkurios.de\/index.php?rest_route=%2Fwp%2Fv2%2Fcomments&post=5847"}],"version-history":[{"count":1,"href":"https:\/\/www.kulturkurios.de\/index.php?rest_route=\/wp\/v2\/pages\/5847\/revisions"}],"predecessor-version":[{"id":5855,"href":"https:\/\/www.kulturkurios.de\/index.php?rest_route=\/wp\/v2\/pages\/5847\/revisions\/5855"}],"wp:attachment":[{"href":"https:\/\/www.kulturkurios.de\/index.php?rest_route=%2Fwp%2Fv2%2Fmedia&parent=5847"}],"curies":[{"name":"wp","href":"https:\/\/api.w.org\/{rel}","templated":true}]}}