{"id":581,"date":"2016-10-28T20:34:18","date_gmt":"2016-10-28T18:34:18","guid":{"rendered":"http:\/\/www.kulturkurios.de\/?page_id=581"},"modified":"2016-10-28T20:34:18","modified_gmt":"2016-10-28T18:34:18","slug":"lach-yoga","status":"publish","type":"page","link":"https:\/\/www.kulturkurios.de\/?page_id=581","title":{"rendered":"Lach &#8211; Yoga"},"content":{"rendered":"<p>&#8230; mit Heide Kestin vom Lachtreff Stuttgart &#8230;<\/p>\n<p>Kein Grund zum Lachen ???<br \/>\n&#8211;&gt; <span style=\"font-family: Arial;\"> Ganz recht ! Jeder darf auch ohne Grund lachen !!! <\/span><br \/>\n&#8211;&gt; <span style=\"font-family: Arial;\"> Lachyoga ist kein Witz, sondern ein effektives Gesundheitstraining. <\/span><br \/>\n&#8211;&gt; <span style=\"font-family: Arial;\"> ausprobiert am 28.01.2006 im B\u00fcrgerhaus Kleinbettlingen<\/span><\/p>\n<p>Erstaunlicherweise merkt der K\u00f6rper keinen Unterschied zwischen &#8222;spontanem&#8220; Lachen und einem &#8222;gewollten&#8220; Lachen. Dieses &#8222;\u00dcben&#8220; wirkt genauso wohltuend, entspannend und aufheiternd. Am Anfang braucht man einen Schubbs zum \u00dcben.<\/p>\n<p>Unter Anleitung von Frau Heide Kestin (Lachtreff Stuttgart) haben wir dies am eigenen Leib und Kopf erlebt:<br \/>\nAm Anfang muteten die Lach\u00fcbungen z.T. kurios an, aber innerhalb kurzer Zeit haben sich die 15 Teilnehmer unseres Lachseminars fast schlapp gelacht. Aufgelockert mit lustigen Spielen und Entspannungs\u00fcbungen wurde herzhaft gelacht.<br \/>\nGest\u00e4rkt durchs gemeinsame Mittagessen (2-G\u00e4nge-Menue mit Beilagen), Kaffee und Kuchen (gespendet !!) haben wir die zweite Etappe angelacht und am Ende gesp\u00fcrt, wie Lachen auch Bauchmuskelkater bringen kann.<\/p>\n<p>Zufrieden mit diese neuen Erfahrung danken wir Klaus Kreutzberg f\u00fcr die Idee, die Organisation und das lecker Mittagessen.<br \/>\nEin herzliches Dankesch\u00f6n allen anderen HelferInnen, die bei der Vor- und Nacharbeit mitgeholfen haben.<\/p>\n","protected":false},"excerpt":{"rendered":"<p>&#8230; mit Heide Kestin vom Lachtreff Stuttgart &#8230; Kein Grund zum Lachen ??? &#8211;&gt; Ganz recht ! Jeder darf auch ohne Grund lachen !!! &#8211;&gt; Lachyoga ist kein Witz, sondern ein effektives Gesundheitstraining. &#8211;&gt; ausprobiert am 28.01.2006 im B\u00fcrgerhaus Kleinbettlingen Erstaunlicherweise merkt der K\u00f6rper keinen Unterschied zwischen &#8222;spontanem&#8220; Lachen und einem &#8222;gewollten&#8220; Lachen. Dieses &#8222;\u00dcben&#8220; &hellip; <a href=\"https:\/\/www.kulturkurios.de\/?page_id=581\" class=\"more-link\"><span class=\"screen-reader-text\">\u201eLach &#8211; Yoga\u201c <\/span>weiterlesen<\/a><\/p>\n","protected":false},"author":1,"featured_media":0,"parent":0,"menu_order":0,"comment_status":"closed","ping_status":"closed","template":"","meta":{"footnotes":""},"class_list":["post-581","page","type-page","status-publish","hentry"],"_links":{"self":[{"href":"https:\/\/www.kulturkurios.de\/index.php?rest_route=\/wp\/v2\/pages\/581","targetHints":{"allow":["GET"]}}],"collection":[{"href":"https:\/\/www.kulturkurios.de\/index.php?rest_route=\/wp\/v2\/pages"}],"about":[{"href":"https:\/\/www.kulturkurios.de\/index.php?rest_route=\/wp\/v2\/types\/page"}],"author":[{"embeddable":true,"href":"https:\/\/www.kulturkurios.de\/index.php?rest_route=\/wp\/v2\/users\/1"}],"replies":[{"embeddable":true,"href":"https:\/\/www.kulturkurios.de\/index.php?rest_route=%2Fwp%2Fv2%2Fcomments&post=581"}],"version-history":[{"count":1,"href":"https:\/\/www.kulturkurios.de\/index.php?rest_route=\/wp\/v2\/pages\/581\/revisions"}],"predecessor-version":[{"id":582,"href":"https:\/\/www.kulturkurios.de\/index.php?rest_route=\/wp\/v2\/pages\/581\/revisions\/582"}],"wp:attachment":[{"href":"https:\/\/www.kulturkurios.de\/index.php?rest_route=%2Fwp%2Fv2%2Fmedia&parent=581"}],"curies":[{"name":"wp","href":"https:\/\/api.w.org\/{rel}","templated":true}]}}