{"id":5769,"date":"2025-04-04T13:14:29","date_gmt":"2025-04-04T11:14:29","guid":{"rendered":"https:\/\/www.kulturkurios.de\/?page_id=5769"},"modified":"2025-04-25T20:24:02","modified_gmt":"2025-04-25T18:24:02","slug":"kraeuterwanderung-2025","status":"publish","type":"page","link":"https:\/\/www.kulturkurios.de\/?page_id=5769","title":{"rendered":"Kr\u00e4uterwanderung 2025"},"content":{"rendered":"\n<p><strong>Auf Kr\u00e4uterspur: Genuss und Naturwissen bei der Wildkr\u00e4uterwanderung in Metzingen<\/strong><\/p>\n\n\n\n<p><em>Metzingen, 13. April 2025<\/em> \u2013 Das Motto am vergangenen Sonntag h\u00e4tte auch hei\u00dfen k\u00f6nnen: \u201eEntdecken, Schmecken, Staunen\u201c. Bei anfangs strahlendem Fr\u00fchlingswetter trafen sich 20 naturinteressierte Teilnehmerinnen und Teilnehmer zu einer dreist\u00fcndigen Tour voller Wissenswertem und kulinarischer \u00dcberraschungen rund um das Naturfreundehaus Metzingen.<\/p>\n\n\n\n<p>Geleitet wurde die Wanderung von der erfahrenen Kr\u00e4uterexpertin Christine Egerter, die mit viel Herzblut und Fachwissen durch die Welt der heimischen Wildpflanzen f\u00fchrte. Bereits an der ersten Station, einer kleinen Gartenparzelle oberhalb der Weinberge, wurde nicht nur gelauscht, sondern auch geschlemmt: Ein frischer Wildkr\u00e4utersalat sorgte f\u00fcr einen geschmackvollen Auftakt und stimmte die Gruppe auf die kommenden Entdeckungen ein.<\/p>\n\n\n\n<p>Der anschlie\u00dfende Rundgang am Fu\u00dfe der Weinberge bot reichlich Gelegenheit, typische Fr\u00fchlingskr\u00e4uter der Region kennenzulernen \u2013 darunter L\u00f6wenzahn, Labkraut, Spitzwegerich, B\u00e4rlauch, Schafgarbe, Brombeerbl\u00e4ttertriebe, Gemskresse und der allseits untersch\u00e4tzte Giersch. Christine Egerter erkl\u00e4rte anschaulich, woran man die Pflanzen erkennt, wie man sie gefahrlos sammelt und welche Heilkr\u00e4fte ihnen seit jeher nachgesagt werden. Dabei durften die Teilnehmenden immer wieder probieren und sich selbst ein Bild vom Aroma der Natur machen.<\/p>\n\n\n\n<p>Den Abschluss bildete ein echtes Highlight: Ein \u201eKlatschbrot\u201c \u2013 frisches Brot mit Butter, liebevoll belegt mit den zuvor gesammelten Kr\u00e4utern. Ein einfacher, aber eindrucksvoller Genuss, der die Teilnehmenden mit einem L\u00e4cheln verabschiedete.<\/p>\n\n\n\n<p>Auch wenn sich das Wetter zwischendurch von seiner nicht allzu besten Seite zeigte, so war die Wildkr\u00e4uterwanderung umso mehr eine Einladung zum bewussteren Blick in die Natur und ein kleines Pl\u00e4doyer f\u00fcr das Wiederentdecken von altem Wissen \u2013 frisch, gesund und regional direkt vor der Haust\u00fcr.<\/p>\n\n\n\n<figure class=\"wp-block-gallery has-nested-images columns-default is-cropped wp-block-gallery-1 is-layout-flex wp-block-gallery-is-layout-flex\">\n<figure class=\"wp-block-image size-large\"><img loading=\"lazy\" decoding=\"async\" width=\"692\" height=\"932\" data-id=\"5798\" src=\"https:\/\/www.kulturkurios.de\/wp-content\/uploads\/Kraeuter25_01.jpg\" alt=\"\" class=\"wp-image-5798\" srcset=\"https:\/\/www.kulturkurios.de\/wp-content\/uploads\/Kraeuter25_01.jpg 692w, https:\/\/www.kulturkurios.de\/wp-content\/uploads\/Kraeuter25_01-223x300.jpg 223w\" sizes=\"auto, (max-width: 692px) 85vw, 692px\" \/><\/figure>\n\n\n\n<figure class=\"wp-block-image size-large\"><img loading=\"lazy\" decoding=\"async\" width=\"703\" height=\"945\" data-id=\"5799\" src=\"https:\/\/www.kulturkurios.de\/wp-content\/uploads\/Kraeuter25_02.jpg\" alt=\"\" class=\"wp-image-5799\" srcset=\"https:\/\/www.kulturkurios.de\/wp-content\/uploads\/Kraeuter25_02.jpg 703w, https:\/\/www.kulturkurios.de\/wp-content\/uploads\/Kraeuter25_02-223x300.jpg 223w\" sizes=\"auto, (max-width: 703px) 85vw, 703px\" \/><\/figure>\n\n\n\n<figure class=\"wp-block-image size-large\"><img loading=\"lazy\" decoding=\"async\" width=\"694\" height=\"934\" data-id=\"5800\" src=\"https:\/\/www.kulturkurios.de\/wp-content\/uploads\/Kraeuter25_03.jpg\" alt=\"\" class=\"wp-image-5800\" srcset=\"https:\/\/www.kulturkurios.de\/wp-content\/uploads\/Kraeuter25_03.jpg 694w, https:\/\/www.kulturkurios.de\/wp-content\/uploads\/Kraeuter25_03-223x300.jpg 223w\" sizes=\"auto, (max-width: 694px) 85vw, 694px\" \/><\/figure>\n\n\n\n<figure class=\"wp-block-image size-large\"><img loading=\"lazy\" decoding=\"async\" width=\"564\" height=\"924\" data-id=\"5801\" src=\"https:\/\/www.kulturkurios.de\/wp-content\/uploads\/Kraeuter25_04.jpg\" alt=\"\" class=\"wp-image-5801\" srcset=\"https:\/\/www.kulturkurios.de\/wp-content\/uploads\/Kraeuter25_04.jpg 564w, https:\/\/www.kulturkurios.de\/wp-content\/uploads\/Kraeuter25_04-183x300.jpg 183w\" sizes=\"auto, (max-width: 564px) 85vw, 564px\" \/><\/figure>\n\n\n\n<figure class=\"wp-block-image size-large\"><img loading=\"lazy\" decoding=\"async\" width=\"813\" height=\"886\" data-id=\"5802\" src=\"https:\/\/www.kulturkurios.de\/wp-content\/uploads\/Kraeuter25_05.jpg\" alt=\"\" class=\"wp-image-5802\" srcset=\"https:\/\/www.kulturkurios.de\/wp-content\/uploads\/Kraeuter25_05.jpg 813w, https:\/\/www.kulturkurios.de\/wp-content\/uploads\/Kraeuter25_05-275x300.jpg 275w, https:\/\/www.kulturkurios.de\/wp-content\/uploads\/Kraeuter25_05-768x837.jpg 768w\" sizes=\"auto, (max-width: 813px) 85vw, 813px\" \/><\/figure>\n\n\n\n<figure class=\"wp-block-image size-large\"><img loading=\"lazy\" decoding=\"async\" width=\"854\" height=\"938\" data-id=\"5803\" src=\"https:\/\/www.kulturkurios.de\/wp-content\/uploads\/Kraeuter25_06.jpg\" alt=\"\" class=\"wp-image-5803\" srcset=\"https:\/\/www.kulturkurios.de\/wp-content\/uploads\/Kraeuter25_06.jpg 854w, https:\/\/www.kulturkurios.de\/wp-content\/uploads\/Kraeuter25_06-273x300.jpg 273w, https:\/\/www.kulturkurios.de\/wp-content\/uploads\/Kraeuter25_06-768x844.jpg 768w\" sizes=\"auto, (max-width: 709px) 85vw, (max-width: 909px) 67vw, (max-width: 1362px) 62vw, 840px\" \/><\/figure>\n\n\n\n<figure class=\"wp-block-image size-large\"><img loading=\"lazy\" decoding=\"async\" width=\"1024\" height=\"769\" data-id=\"5804\" src=\"https:\/\/www.kulturkurios.de\/wp-content\/uploads\/Kraeuter25_07-1024x769.jpg\" alt=\"\" class=\"wp-image-5804\" srcset=\"https:\/\/www.kulturkurios.de\/wp-content\/uploads\/Kraeuter25_07-1024x769.jpg 1024w, https:\/\/www.kulturkurios.de\/wp-content\/uploads\/Kraeuter25_07-300x225.jpg 300w, https:\/\/www.kulturkurios.de\/wp-content\/uploads\/Kraeuter25_07-768x577.jpg 768w, https:\/\/www.kulturkurios.de\/wp-content\/uploads\/Kraeuter25_07.jpg 1127w\" sizes=\"auto, (max-width: 709px) 85vw, (max-width: 909px) 67vw, (max-width: 1362px) 62vw, 840px\" \/><\/figure>\n\n\n\n<figure class=\"wp-block-image size-large\"><img loading=\"lazy\" decoding=\"async\" width=\"704\" height=\"942\" data-id=\"5805\" src=\"https:\/\/www.kulturkurios.de\/wp-content\/uploads\/Kraeuter25_08.jpg\" alt=\"\" class=\"wp-image-5805\" srcset=\"https:\/\/www.kulturkurios.de\/wp-content\/uploads\/Kraeuter25_08.jpg 704w, https:\/\/www.kulturkurios.de\/wp-content\/uploads\/Kraeuter25_08-224x300.jpg 224w\" sizes=\"auto, (max-width: 704px) 85vw, 704px\" \/><\/figure>\n\n\n\n<figure class=\"wp-block-image size-large\"><img loading=\"lazy\" decoding=\"async\" width=\"1024\" height=\"686\" data-id=\"5806\" src=\"https:\/\/www.kulturkurios.de\/wp-content\/uploads\/Kraeuter25_09-1024x686.jpg\" alt=\"\" class=\"wp-image-5806\" srcset=\"https:\/\/www.kulturkurios.de\/wp-content\/uploads\/Kraeuter25_09-1024x686.jpg 1024w, https:\/\/www.kulturkurios.de\/wp-content\/uploads\/Kraeuter25_09-300x201.jpg 300w, https:\/\/www.kulturkurios.de\/wp-content\/uploads\/Kraeuter25_09-768x515.jpg 768w, https:\/\/www.kulturkurios.de\/wp-content\/uploads\/Kraeuter25_09-1200x804.jpg 1200w, https:\/\/www.kulturkurios.de\/wp-content\/uploads\/Kraeuter25_09.jpg 1356w\" sizes=\"auto, (max-width: 709px) 85vw, (max-width: 909px) 67vw, (max-width: 1362px) 62vw, 840px\" \/><\/figure>\n<\/figure>\n\n\n\n<p><\/p>\n\n\n\n<p><\/p>\n\n\n\n<p>Am 13.04. von 10:00 bis 13:00 erwandern wir die heimischen Kr\u00e4uter unter professioneller F\u00fchrung. Start ist beim Naturfreundehaus Metzingen.<br>Anmeldungen bitte per E-Mail &#8211; siehe unten.<\/p>\n\n\n\n<figure class=\"wp-block-image size-full\"><img loading=\"lazy\" decoding=\"async\" width=\"551\" height=\"690\" src=\"https:\/\/www.kulturkurios.de\/wp-content\/uploads\/grafik-4.png\" alt=\"\" class=\"wp-image-5770\" srcset=\"https:\/\/www.kulturkurios.de\/wp-content\/uploads\/grafik-4.png 551w, https:\/\/www.kulturkurios.de\/wp-content\/uploads\/grafik-4-240x300.png 240w\" sizes=\"auto, (max-width: 551px) 85vw, 551px\" \/><\/figure>\n\n\n\n<p><br><\/p>\n\n\n\n<p><\/p>\n","protected":false},"excerpt":{"rendered":"<p>Auf Kr\u00e4uterspur: Genuss und Naturwissen bei der Wildkr\u00e4uterwanderung in Metzingen Metzingen, 13. April 2025 \u2013 Das Motto am vergangenen Sonntag h\u00e4tte auch hei\u00dfen k\u00f6nnen: \u201eEntdecken, Schmecken, Staunen\u201c. Bei anfangs strahlendem Fr\u00fchlingswetter trafen sich 20 naturinteressierte Teilnehmerinnen und Teilnehmer zu einer dreist\u00fcndigen Tour voller Wissenswertem und kulinarischer \u00dcberraschungen rund um das Naturfreundehaus Metzingen. Geleitet wurde die &hellip; <a href=\"https:\/\/www.kulturkurios.de\/?page_id=5769\" class=\"more-link\"><span class=\"screen-reader-text\">\u201eKr\u00e4uterwanderung 2025\u201c <\/span>weiterlesen<\/a><\/p>\n","protected":false},"author":2,"featured_media":0,"parent":0,"menu_order":0,"comment_status":"closed","ping_status":"closed","template":"","meta":{"footnotes":""},"class_list":["post-5769","page","type-page","status-publish","hentry"],"_links":{"self":[{"href":"https:\/\/www.kulturkurios.de\/index.php?rest_route=\/wp\/v2\/pages\/5769","targetHints":{"allow":["GET"]}}],"collection":[{"href":"https:\/\/www.kulturkurios.de\/index.php?rest_route=\/wp\/v2\/pages"}],"about":[{"href":"https:\/\/www.kulturkurios.de\/index.php?rest_route=\/wp\/v2\/types\/page"}],"author":[{"embeddable":true,"href":"https:\/\/www.kulturkurios.de\/index.php?rest_route=\/wp\/v2\/users\/2"}],"replies":[{"embeddable":true,"href":"https:\/\/www.kulturkurios.de\/index.php?rest_route=%2Fwp%2Fv2%2Fcomments&post=5769"}],"version-history":[{"count":2,"href":"https:\/\/www.kulturkurios.de\/index.php?rest_route=\/wp\/v2\/pages\/5769\/revisions"}],"predecessor-version":[{"id":5807,"href":"https:\/\/www.kulturkurios.de\/index.php?rest_route=\/wp\/v2\/pages\/5769\/revisions\/5807"}],"wp:attachment":[{"href":"https:\/\/www.kulturkurios.de\/index.php?rest_route=%2Fwp%2Fv2%2Fmedia&parent=5769"}],"curies":[{"name":"wp","href":"https:\/\/api.w.org\/{rel}","templated":true}]}}