{"id":5765,"date":"2025-04-04T13:11:27","date_gmt":"2025-04-04T11:11:27","guid":{"rendered":"https:\/\/www.kulturkurios.de\/?page_id=5765"},"modified":"2025-04-25T20:14:15","modified_gmt":"2025-04-25T18:14:15","slug":"ostereier-bemalen-2025","status":"publish","type":"page","link":"https:\/\/www.kulturkurios.de\/?page_id=5765","title":{"rendered":"Ostereier bemalen 2025"},"content":{"rendered":"\n<p>Am 12. April 2025 wurde es im B\u00fcrgerhaus Kleinbettlingen fr\u00f6hlich und farbenfroh: Beim Ostereier-Bemalen und -Basteln konnten sich zehn Kinder gemeinsam mit ihren Eltern kreativ austoben. Mit Pinseln, Papier, Federn und viel Fantasie entstanden farbenpr\u00e4chtige Kunstwerke, die nicht nur Kinderaugen zum Leuchten brachten.<\/p>\n\n\n\n<p>Bei Kaffee und Kuchen kamen auch die Erwachsenen auf ihre Kosten \u2013 es wurde gelacht, gebastelt und in entspannter Atmosph\u00e4re angeregte Gespr\u00e4che gef\u00fchrt.<\/p>\n\n\n\n<figure class=\"wp-block-gallery has-nested-images columns-default is-cropped wp-block-gallery-1 is-layout-flex wp-block-gallery-is-layout-flex\">\n<figure class=\"wp-block-image size-large\"><img loading=\"lazy\" decoding=\"async\" width=\"659\" height=\"906\" data-id=\"5781\" src=\"https:\/\/www.kulturkurios.de\/wp-content\/uploads\/Eier25_01.jpg\" alt=\"\" class=\"wp-image-5781\" srcset=\"https:\/\/www.kulturkurios.de\/wp-content\/uploads\/Eier25_01.jpg 659w, https:\/\/www.kulturkurios.de\/wp-content\/uploads\/Eier25_01-218x300.jpg 218w\" sizes=\"auto, (max-width: 659px) 85vw, 659px\" \/><\/figure>\n\n\n\n<figure class=\"wp-block-image size-large\"><img loading=\"lazy\" decoding=\"async\" width=\"685\" height=\"847\" data-id=\"5782\" src=\"https:\/\/www.kulturkurios.de\/wp-content\/uploads\/Eier25_02.jpg\" alt=\"\" class=\"wp-image-5782\" srcset=\"https:\/\/www.kulturkurios.de\/wp-content\/uploads\/Eier25_02.jpg 685w, https:\/\/www.kulturkurios.de\/wp-content\/uploads\/Eier25_02-243x300.jpg 243w\" sizes=\"auto, (max-width: 685px) 85vw, 685px\" \/><\/figure>\n\n\n\n<figure class=\"wp-block-image size-large\"><img loading=\"lazy\" decoding=\"async\" width=\"693\" height=\"824\" data-id=\"5783\" src=\"https:\/\/www.kulturkurios.de\/wp-content\/uploads\/Eier25_03.jpg\" alt=\"\" class=\"wp-image-5783\" srcset=\"https:\/\/www.kulturkurios.de\/wp-content\/uploads\/Eier25_03.jpg 693w, https:\/\/www.kulturkurios.de\/wp-content\/uploads\/Eier25_03-252x300.jpg 252w\" sizes=\"auto, (max-width: 693px) 85vw, 693px\" \/><\/figure>\n\n\n\n<figure class=\"wp-block-image size-large\"><img loading=\"lazy\" decoding=\"async\" width=\"847\" height=\"786\" data-id=\"5784\" src=\"https:\/\/www.kulturkurios.de\/wp-content\/uploads\/Eier25_04.jpg\" alt=\"\" class=\"wp-image-5784\" srcset=\"https:\/\/www.kulturkurios.de\/wp-content\/uploads\/Eier25_04.jpg 847w, https:\/\/www.kulturkurios.de\/wp-content\/uploads\/Eier25_04-300x278.jpg 300w, https:\/\/www.kulturkurios.de\/wp-content\/uploads\/Eier25_04-768x713.jpg 768w\" sizes=\"auto, (max-width: 709px) 85vw, (max-width: 909px) 67vw, (max-width: 1362px) 62vw, 840px\" \/><\/figure>\n\n\n\n<figure class=\"wp-block-image size-large\"><img loading=\"lazy\" decoding=\"async\" width=\"566\" height=\"813\" data-id=\"5785\" src=\"https:\/\/www.kulturkurios.de\/wp-content\/uploads\/Eier25_05.jpg\" alt=\"\" class=\"wp-image-5785\" srcset=\"https:\/\/www.kulturkurios.de\/wp-content\/uploads\/Eier25_05.jpg 566w, https:\/\/www.kulturkurios.de\/wp-content\/uploads\/Eier25_05-209x300.jpg 209w\" sizes=\"auto, (max-width: 566px) 85vw, 566px\" \/><\/figure>\n\n\n\n<figure class=\"wp-block-image size-large\"><img loading=\"lazy\" decoding=\"async\" width=\"1024\" height=\"827\" data-id=\"5786\" src=\"https:\/\/www.kulturkurios.de\/wp-content\/uploads\/Eier25_06-1024x827.jpg\" alt=\"\" class=\"wp-image-5786\" srcset=\"https:\/\/www.kulturkurios.de\/wp-content\/uploads\/Eier25_06-1024x827.jpg 1024w, https:\/\/www.kulturkurios.de\/wp-content\/uploads\/Eier25_06-300x242.jpg 300w, https:\/\/www.kulturkurios.de\/wp-content\/uploads\/Eier25_06-768x621.jpg 768w, https:\/\/www.kulturkurios.de\/wp-content\/uploads\/Eier25_06.jpg 1120w\" sizes=\"auto, (max-width: 709px) 85vw, (max-width: 909px) 67vw, (max-width: 1362px) 62vw, 840px\" \/><\/figure>\n\n\n\n<figure class=\"wp-block-image size-large\"><img loading=\"lazy\" decoding=\"async\" width=\"635\" height=\"855\" data-id=\"5787\" src=\"https:\/\/www.kulturkurios.de\/wp-content\/uploads\/Eier25_07.jpg\" alt=\"\" class=\"wp-image-5787\" srcset=\"https:\/\/www.kulturkurios.de\/wp-content\/uploads\/Eier25_07.jpg 635w, https:\/\/www.kulturkurios.de\/wp-content\/uploads\/Eier25_07-223x300.jpg 223w\" sizes=\"auto, (max-width: 635px) 85vw, 635px\" \/><\/figure>\n\n\n\n<figure class=\"wp-block-image size-large\"><img loading=\"lazy\" decoding=\"async\" width=\"1024\" height=\"751\" data-id=\"5788\" src=\"https:\/\/www.kulturkurios.de\/wp-content\/uploads\/Eier25_08-1024x751.jpg\" alt=\"\" class=\"wp-image-5788\" srcset=\"https:\/\/www.kulturkurios.de\/wp-content\/uploads\/Eier25_08-1024x751.jpg 1024w, https:\/\/www.kulturkurios.de\/wp-content\/uploads\/Eier25_08-300x220.jpg 300w, https:\/\/www.kulturkurios.de\/wp-content\/uploads\/Eier25_08-768x563.jpg 768w, https:\/\/www.kulturkurios.de\/wp-content\/uploads\/Eier25_08.jpg 1146w\" sizes=\"auto, (max-width: 709px) 85vw, (max-width: 909px) 67vw, (max-width: 1362px) 62vw, 840px\" \/><\/figure>\n\n\n\n<figure class=\"wp-block-image size-large\"><img loading=\"lazy\" decoding=\"async\" width=\"1024\" height=\"830\" data-id=\"5789\" src=\"https:\/\/www.kulturkurios.de\/wp-content\/uploads\/Eier25_09-1024x830.jpg\" alt=\"\" class=\"wp-image-5789\" srcset=\"https:\/\/www.kulturkurios.de\/wp-content\/uploads\/Eier25_09-1024x830.jpg 1024w, https:\/\/www.kulturkurios.de\/wp-content\/uploads\/Eier25_09-300x243.jpg 300w, https:\/\/www.kulturkurios.de\/wp-content\/uploads\/Eier25_09-768x623.jpg 768w, https:\/\/www.kulturkurios.de\/wp-content\/uploads\/Eier25_09.jpg 1062w\" sizes=\"auto, (max-width: 709px) 85vw, (max-width: 909px) 67vw, (max-width: 1362px) 62vw, 840px\" \/><\/figure>\n\n\n\n<figure class=\"wp-block-image size-large\"><img loading=\"lazy\" decoding=\"async\" width=\"910\" height=\"865\" data-id=\"5790\" src=\"https:\/\/www.kulturkurios.de\/wp-content\/uploads\/Eier25_10.jpg\" alt=\"\" class=\"wp-image-5790\" srcset=\"https:\/\/www.kulturkurios.de\/wp-content\/uploads\/Eier25_10.jpg 910w, https:\/\/www.kulturkurios.de\/wp-content\/uploads\/Eier25_10-300x285.jpg 300w, https:\/\/www.kulturkurios.de\/wp-content\/uploads\/Eier25_10-768x730.jpg 768w\" sizes=\"auto, (max-width: 709px) 85vw, (max-width: 909px) 67vw, (max-width: 1362px) 62vw, 840px\" \/><\/figure>\n\n\n\n<figure class=\"wp-block-image size-large\"><img loading=\"lazy\" decoding=\"async\" width=\"784\" height=\"854\" data-id=\"5791\" src=\"https:\/\/www.kulturkurios.de\/wp-content\/uploads\/Eier25_11.jpg\" alt=\"\" class=\"wp-image-5791\" srcset=\"https:\/\/www.kulturkurios.de\/wp-content\/uploads\/Eier25_11.jpg 784w, https:\/\/www.kulturkurios.de\/wp-content\/uploads\/Eier25_11-275x300.jpg 275w, https:\/\/www.kulturkurios.de\/wp-content\/uploads\/Eier25_11-768x837.jpg 768w\" sizes=\"auto, (max-width: 784px) 85vw, 784px\" \/><\/figure>\n\n\n\n<figure class=\"wp-block-image size-large\"><img loading=\"lazy\" decoding=\"async\" width=\"1013\" height=\"900\" data-id=\"5792\" src=\"https:\/\/www.kulturkurios.de\/wp-content\/uploads\/Eier25_12.jpg\" alt=\"\" class=\"wp-image-5792\" srcset=\"https:\/\/www.kulturkurios.de\/wp-content\/uploads\/Eier25_12.jpg 1013w, https:\/\/www.kulturkurios.de\/wp-content\/uploads\/Eier25_12-300x267.jpg 300w, https:\/\/www.kulturkurios.de\/wp-content\/uploads\/Eier25_12-768x682.jpg 768w\" sizes=\"auto, (max-width: 709px) 85vw, (max-width: 909px) 67vw, (max-width: 1362px) 62vw, 840px\" \/><\/figure>\n\n\n\n<figure class=\"wp-block-image size-large\"><img loading=\"lazy\" decoding=\"async\" width=\"783\" height=\"875\" data-id=\"5793\" src=\"https:\/\/www.kulturkurios.de\/wp-content\/uploads\/Eier25_13.jpg\" alt=\"\" class=\"wp-image-5793\" srcset=\"https:\/\/www.kulturkurios.de\/wp-content\/uploads\/Eier25_13.jpg 783w, https:\/\/www.kulturkurios.de\/wp-content\/uploads\/Eier25_13-268x300.jpg 268w, https:\/\/www.kulturkurios.de\/wp-content\/uploads\/Eier25_13-768x858.jpg 768w\" sizes=\"auto, (max-width: 783px) 85vw, 783px\" \/><\/figure>\n\n\n\n<figure class=\"wp-block-image size-large\"><img loading=\"lazy\" decoding=\"async\" width=\"745\" height=\"895\" data-id=\"5794\" src=\"https:\/\/www.kulturkurios.de\/wp-content\/uploads\/Eier25_14.jpg\" alt=\"\" class=\"wp-image-5794\" srcset=\"https:\/\/www.kulturkurios.de\/wp-content\/uploads\/Eier25_14.jpg 745w, https:\/\/www.kulturkurios.de\/wp-content\/uploads\/Eier25_14-250x300.jpg 250w\" sizes=\"auto, (max-width: 745px) 85vw, 745px\" \/><\/figure>\n\n\n\n<figure class=\"wp-block-image size-large\"><img loading=\"lazy\" decoding=\"async\" width=\"714\" height=\"847\" data-id=\"5795\" src=\"https:\/\/www.kulturkurios.de\/wp-content\/uploads\/Eier25_15.jpg\" alt=\"\" class=\"wp-image-5795\" srcset=\"https:\/\/www.kulturkurios.de\/wp-content\/uploads\/Eier25_15.jpg 714w, https:\/\/www.kulturkurios.de\/wp-content\/uploads\/Eier25_15-253x300.jpg 253w\" sizes=\"auto, (max-width: 714px) 85vw, 714px\" \/><\/figure>\n<\/figure>\n\n\n\n<p><br><\/p>\n\n\n\n<p>Ostereier bemalen f\u00fcr Kinder und deren Eltern.<br>Am 12.04. im B\u00fcrgerhaus von 15:00 bis 17:00 Uhr, Unkostenbeitrag 5 \u20ac, Anmeldung per E-Mail &#8211; siehe unten<\/p>\n\n\n\n<figure class=\"wp-block-image size-full\"><img loading=\"lazy\" decoding=\"async\" width=\"555\" height=\"694\" src=\"https:\/\/www.kulturkurios.de\/wp-content\/uploads\/grafik-3.png\" alt=\"\" class=\"wp-image-5766\" srcset=\"https:\/\/www.kulturkurios.de\/wp-content\/uploads\/grafik-3.png 555w, https:\/\/www.kulturkurios.de\/wp-content\/uploads\/grafik-3-240x300.png 240w\" sizes=\"auto, (max-width: 555px) 85vw, 555px\" \/><\/figure>\n","protected":false},"excerpt":{"rendered":"<p>Am 12. April 2025 wurde es im B\u00fcrgerhaus Kleinbettlingen fr\u00f6hlich und farbenfroh: Beim Ostereier-Bemalen und -Basteln konnten sich zehn Kinder gemeinsam mit ihren Eltern kreativ austoben. Mit Pinseln, Papier, Federn und viel Fantasie entstanden farbenpr\u00e4chtige Kunstwerke, die nicht nur Kinderaugen zum Leuchten brachten. Bei Kaffee und Kuchen kamen auch die Erwachsenen auf ihre Kosten \u2013 &hellip; <a href=\"https:\/\/www.kulturkurios.de\/?page_id=5765\" class=\"more-link\"><span class=\"screen-reader-text\">\u201eOstereier bemalen 2025\u201c <\/span>weiterlesen<\/a><\/p>\n","protected":false},"author":2,"featured_media":0,"parent":0,"menu_order":0,"comment_status":"closed","ping_status":"closed","template":"","meta":{"footnotes":""},"class_list":["post-5765","page","type-page","status-publish","hentry"],"_links":{"self":[{"href":"https:\/\/www.kulturkurios.de\/index.php?rest_route=\/wp\/v2\/pages\/5765","targetHints":{"allow":["GET"]}}],"collection":[{"href":"https:\/\/www.kulturkurios.de\/index.php?rest_route=\/wp\/v2\/pages"}],"about":[{"href":"https:\/\/www.kulturkurios.de\/index.php?rest_route=\/wp\/v2\/types\/page"}],"author":[{"embeddable":true,"href":"https:\/\/www.kulturkurios.de\/index.php?rest_route=\/wp\/v2\/users\/2"}],"replies":[{"embeddable":true,"href":"https:\/\/www.kulturkurios.de\/index.php?rest_route=%2Fwp%2Fv2%2Fcomments&post=5765"}],"version-history":[{"count":3,"href":"https:\/\/www.kulturkurios.de\/index.php?rest_route=\/wp\/v2\/pages\/5765\/revisions"}],"predecessor-version":[{"id":5796,"href":"https:\/\/www.kulturkurios.de\/index.php?rest_route=\/wp\/v2\/pages\/5765\/revisions\/5796"}],"wp:attachment":[{"href":"https:\/\/www.kulturkurios.de\/index.php?rest_route=%2Fwp%2Fv2%2Fmedia&parent=5765"}],"curies":[{"name":"wp","href":"https:\/\/api.w.org\/{rel}","templated":true}]}}