{"id":5741,"date":"2025-03-16T11:23:18","date_gmt":"2025-03-16T10:23:18","guid":{"rendered":"https:\/\/www.kulturkurios.de\/?page_id=5741"},"modified":"2025-03-16T12:28:45","modified_gmt":"2025-03-16T11:28:45","slug":"markungsputzete-2025","status":"publish","type":"page","link":"https:\/\/www.kulturkurios.de\/?page_id=5741","title":{"rendered":"Markungsputzete 2025"},"content":{"rendered":"\n<p>Markungsputzete in Kleinbettlingen: Gemeinsam f\u00fcr eine saubere Umwelt&nbsp;<\/p>\n\n\n\n<p>Am 15. M\u00e4rz fand in Kleinbettlingen unsere Markungsputzete statt \u2013 organisiert von Kultur Kurios und mit gro\u00dfartiger Unterst\u00fctzung aus der Gemeinde. \u00dcber 40 flei\u00dfige Helfer, darunter viele Kinder, machten sich auf den Weg, um in und rund um Kleinbettlingen M\u00fcll zu sammeln.&nbsp;<\/p>\n\n\n\n<p>Aufgeteilt in mehrere Gruppen durchk\u00e4mmten die Teilnehmer Stra\u00dfen, Felder und Waldwege \u2013 mit Erfolg! Neben unz\u00e4hligen achtlos weggeworfenen Verpackungen, Feuerwerksresten und Zigarettenstummeln gab es auch einen besonders kuriosen Fund: ein altes, verrostetes Trampolin.<\/p>\n\n\n\n<p>F\u00fcr die Kinder war es nicht nur ein Abenteuer, sondern auch eine lehrreiche Erfahrung. Sie staunten, wie viel M\u00fcll sich in der Natur ansammelt, und verstanden, warum eine Markungsputzete so wichtig ist.<\/p>\n\n\n\n<p>Nach getaner Arbeit wartete eine wohlverdiente St\u00e4rkung: Familie Totzl lud alle Helfer zu einem gem\u00fctlichen Grillen ein \u2013 ein perfekter Abschluss f\u00fcr einen erfolgreichen Tag.<\/p>\n\n\n\n<p>Ein herzliches Dankesch\u00f6n an alle, die mitgeholfen haben! Dank euch ist Kleinbettlingen nun bereit f\u00fcr den Fr\u00fchling \u2013 sauber, gepflegt und ein St\u00fcckchen sch\u00f6ner.<\/p>\n\n\n\n<figure class=\"wp-block-gallery has-nested-images columns-default is-cropped wp-block-gallery-1 is-layout-flex wp-block-gallery-is-layout-flex\">\n<figure class=\"wp-block-image size-large\"><img loading=\"lazy\" decoding=\"async\" width=\"1007\" height=\"765\" data-id=\"5744\" src=\"https:\/\/www.kulturkurios.de\/wp-content\/uploads\/Putzete25-01.jpg\" alt=\"\" class=\"wp-image-5744\" srcset=\"https:\/\/www.kulturkurios.de\/wp-content\/uploads\/Putzete25-01.jpg 1007w, https:\/\/www.kulturkurios.de\/wp-content\/uploads\/Putzete25-01-300x228.jpg 300w, https:\/\/www.kulturkurios.de\/wp-content\/uploads\/Putzete25-01-768x583.jpg 768w\" sizes=\"auto, (max-width: 709px) 85vw, (max-width: 909px) 67vw, (max-width: 1362px) 62vw, 840px\" \/><\/figure>\n\n\n\n<figure class=\"wp-block-image size-large\"><img loading=\"lazy\" decoding=\"async\" width=\"1024\" height=\"456\" data-id=\"5747\" src=\"https:\/\/www.kulturkurios.de\/wp-content\/uploads\/Putzete25-02-1024x456.jpg\" alt=\"\" class=\"wp-image-5747\" srcset=\"https:\/\/www.kulturkurios.de\/wp-content\/uploads\/Putzete25-02-1024x456.jpg 1024w, https:\/\/www.kulturkurios.de\/wp-content\/uploads\/Putzete25-02-300x134.jpg 300w, https:\/\/www.kulturkurios.de\/wp-content\/uploads\/Putzete25-02-768x342.jpg 768w, https:\/\/www.kulturkurios.de\/wp-content\/uploads\/Putzete25-02-1536x684.jpg 1536w, https:\/\/www.kulturkurios.de\/wp-content\/uploads\/Putzete25-02-1200x534.jpg 1200w, https:\/\/www.kulturkurios.de\/wp-content\/uploads\/Putzete25-02.jpg 1574w\" sizes=\"auto, (max-width: 709px) 85vw, (max-width: 909px) 67vw, (max-width: 1362px) 62vw, 840px\" \/><\/figure>\n\n\n\n<figure class=\"wp-block-image size-large\"><img loading=\"lazy\" decoding=\"async\" width=\"1024\" height=\"376\" data-id=\"5759\" src=\"https:\/\/www.kulturkurios.de\/wp-content\/uploads\/Putzete25-03-1-1024x376.jpg\" alt=\"\" class=\"wp-image-5759\" srcset=\"https:\/\/www.kulturkurios.de\/wp-content\/uploads\/Putzete25-03-1-1024x376.jpg 1024w, https:\/\/www.kulturkurios.de\/wp-content\/uploads\/Putzete25-03-1-300x110.jpg 300w, https:\/\/www.kulturkurios.de\/wp-content\/uploads\/Putzete25-03-1-768x282.jpg 768w, https:\/\/www.kulturkurios.de\/wp-content\/uploads\/Putzete25-03-1-1536x564.jpg 1536w, https:\/\/www.kulturkurios.de\/wp-content\/uploads\/Putzete25-03-1-1200x441.jpg 1200w, https:\/\/www.kulturkurios.de\/wp-content\/uploads\/Putzete25-03-1.jpg 1766w\" sizes=\"auto, (max-width: 709px) 85vw, (max-width: 909px) 67vw, (max-width: 1362px) 62vw, 840px\" \/><\/figure>\n\n\n\n<figure class=\"wp-block-image size-full\"><img loading=\"lazy\" decoding=\"async\" width=\"764\" height=\"821\" data-id=\"5746\" src=\"https:\/\/www.kulturkurios.de\/wp-content\/uploads\/Putzete25-04.jpg\" alt=\"\" class=\"wp-image-5746\" srcset=\"https:\/\/www.kulturkurios.de\/wp-content\/uploads\/Putzete25-04.jpg 764w, https:\/\/www.kulturkurios.de\/wp-content\/uploads\/Putzete25-04-279x300.jpg 279w\" sizes=\"auto, (max-width: 764px) 85vw, 764px\" \/><\/figure>\n\n\n\n<figure class=\"wp-block-image size-full\"><img loading=\"lazy\" decoding=\"async\" width=\"905\" height=\"613\" data-id=\"5749\" src=\"https:\/\/www.kulturkurios.de\/wp-content\/uploads\/Putzete25-05.jpg\" alt=\"\" class=\"wp-image-5749\" srcset=\"https:\/\/www.kulturkurios.de\/wp-content\/uploads\/Putzete25-05.jpg 905w, https:\/\/www.kulturkurios.de\/wp-content\/uploads\/Putzete25-05-300x203.jpg 300w, https:\/\/www.kulturkurios.de\/wp-content\/uploads\/Putzete25-05-768x520.jpg 768w\" sizes=\"auto, (max-width: 709px) 85vw, (max-width: 909px) 67vw, (max-width: 1362px) 62vw, 840px\" \/><\/figure>\n\n\n\n<figure class=\"wp-block-image size-full\"><img loading=\"lazy\" decoding=\"async\" width=\"689\" height=\"927\" data-id=\"5748\" src=\"https:\/\/www.kulturkurios.de\/wp-content\/uploads\/Putzete25-06.jpg\" alt=\"\" class=\"wp-image-5748\" srcset=\"https:\/\/www.kulturkurios.de\/wp-content\/uploads\/Putzete25-06.jpg 689w, https:\/\/www.kulturkurios.de\/wp-content\/uploads\/Putzete25-06-223x300.jpg 223w\" sizes=\"auto, (max-width: 689px) 85vw, 689px\" \/><\/figure>\n\n\n\n<figure class=\"wp-block-image size-full\"><img loading=\"lazy\" decoding=\"async\" width=\"826\" height=\"676\" data-id=\"5750\" src=\"https:\/\/www.kulturkurios.de\/wp-content\/uploads\/Putzete25-07.jpg\" alt=\"\" class=\"wp-image-5750\" srcset=\"https:\/\/www.kulturkurios.de\/wp-content\/uploads\/Putzete25-07.jpg 826w, https:\/\/www.kulturkurios.de\/wp-content\/uploads\/Putzete25-07-300x246.jpg 300w, https:\/\/www.kulturkurios.de\/wp-content\/uploads\/Putzete25-07-768x629.jpg 768w\" sizes=\"auto, (max-width: 826px) 85vw, 826px\" \/><\/figure>\n\n\n\n<figure class=\"wp-block-image size-full\"><img loading=\"lazy\" decoding=\"async\" width=\"691\" height=\"923\" data-id=\"5751\" src=\"https:\/\/www.kulturkurios.de\/wp-content\/uploads\/Putzete25-08.jpg\" alt=\"\" class=\"wp-image-5751\" srcset=\"https:\/\/www.kulturkurios.de\/wp-content\/uploads\/Putzete25-08.jpg 691w, https:\/\/www.kulturkurios.de\/wp-content\/uploads\/Putzete25-08-225x300.jpg 225w\" sizes=\"auto, (max-width: 691px) 85vw, 691px\" \/><\/figure>\n\n\n\n<figure class=\"wp-block-image size-large\"><img loading=\"lazy\" decoding=\"async\" width=\"1024\" height=\"617\" data-id=\"5752\" src=\"https:\/\/www.kulturkurios.de\/wp-content\/uploads\/Putzete25-09-1024x617.jpg\" alt=\"\" class=\"wp-image-5752\" srcset=\"https:\/\/www.kulturkurios.de\/wp-content\/uploads\/Putzete25-09-1024x617.jpg 1024w, https:\/\/www.kulturkurios.de\/wp-content\/uploads\/Putzete25-09-300x181.jpg 300w, https:\/\/www.kulturkurios.de\/wp-content\/uploads\/Putzete25-09-768x463.jpg 768w, https:\/\/www.kulturkurios.de\/wp-content\/uploads\/Putzete25-09-1200x723.jpg 1200w, https:\/\/www.kulturkurios.de\/wp-content\/uploads\/Putzete25-09.jpg 1430w\" sizes=\"auto, (max-width: 709px) 85vw, (max-width: 909px) 67vw, (max-width: 1362px) 62vw, 840px\" \/><\/figure>\n<\/figure>\n","protected":false},"excerpt":{"rendered":"<p>Markungsputzete in Kleinbettlingen: Gemeinsam f\u00fcr eine saubere Umwelt&nbsp; Am 15. M\u00e4rz fand in Kleinbettlingen unsere Markungsputzete statt \u2013 organisiert von Kultur Kurios und mit gro\u00dfartiger Unterst\u00fctzung aus der Gemeinde. \u00dcber 40 flei\u00dfige Helfer, darunter viele Kinder, machten sich auf den Weg, um in und rund um Kleinbettlingen M\u00fcll zu sammeln.&nbsp; Aufgeteilt in mehrere Gruppen durchk\u00e4mmten &hellip; <a href=\"https:\/\/www.kulturkurios.de\/?page_id=5741\" class=\"more-link\"><span class=\"screen-reader-text\">\u201eMarkungsputzete 2025\u201c <\/span>weiterlesen<\/a><\/p>\n","protected":false},"author":2,"featured_media":0,"parent":0,"menu_order":0,"comment_status":"closed","ping_status":"closed","template":"","meta":{"footnotes":""},"class_list":["post-5741","page","type-page","status-publish","hentry"],"_links":{"self":[{"href":"https:\/\/www.kulturkurios.de\/index.php?rest_route=\/wp\/v2\/pages\/5741","targetHints":{"allow":["GET"]}}],"collection":[{"href":"https:\/\/www.kulturkurios.de\/index.php?rest_route=\/wp\/v2\/pages"}],"about":[{"href":"https:\/\/www.kulturkurios.de\/index.php?rest_route=\/wp\/v2\/types\/page"}],"author":[{"embeddable":true,"href":"https:\/\/www.kulturkurios.de\/index.php?rest_route=\/wp\/v2\/users\/2"}],"replies":[{"embeddable":true,"href":"https:\/\/www.kulturkurios.de\/index.php?rest_route=%2Fwp%2Fv2%2Fcomments&post=5741"}],"version-history":[{"count":6,"href":"https:\/\/www.kulturkurios.de\/index.php?rest_route=\/wp\/v2\/pages\/5741\/revisions"}],"predecessor-version":[{"id":5760,"href":"https:\/\/www.kulturkurios.de\/index.php?rest_route=\/wp\/v2\/pages\/5741\/revisions\/5760"}],"wp:attachment":[{"href":"https:\/\/www.kulturkurios.de\/index.php?rest_route=%2Fwp%2Fv2%2Fmedia&parent=5741"}],"curies":[{"name":"wp","href":"https:\/\/api.w.org\/{rel}","templated":true}]}}