{"id":57,"date":"2016-10-08T11:44:26","date_gmt":"2016-10-08T09:44:26","guid":{"rendered":"http:\/\/www.kulturkurios.de\/?page_id=57"},"modified":"2016-10-08T11:44:26","modified_gmt":"2016-10-08T09:44:26","slug":"indianerlager","status":"publish","type":"page","link":"https:\/\/www.kulturkurios.de\/?page_id=57","title":{"rendered":"Indianerlager"},"content":{"rendered":"<p>Vom 30.08. Bis 01.09. 2002 verwandelte sich Kleinbettlingen in die Jagdgr\u00fcnde der Komanchen und Sioux.<br \/>\nViele verschieden Spiele zum Thema \u201eIndianer\u201c sorgten f\u00fcr die richtige Stimmung. Kriegsbemalung, das Aufstellen von Wigwams und original indianische K\u00fcche rundeten den Tag ab.<br \/>\nWer wollte und sich traute konnte in den selbstgemachten Zelten \u00fcbernachten und so fielen die meisten kleinen Krieger in einen tiefen Schlaf.<\/p>\n<div id='gallery-1' class='gallery galleryid-57 gallery-columns-3 gallery-size-thumbnail'><figure class='gallery-item'>\n\t\t\t<div class='gallery-icon landscape'>\n\t\t\t\t<a href='https:\/\/www.kulturkurios.de\/wp-content\/uploads\/2016\/10\/indilager2.jpg'><img loading=\"lazy\" decoding=\"async\" width=\"150\" height=\"150\" src=\"https:\/\/www.kulturkurios.de\/wp-content\/uploads\/2016\/10\/indilager2-150x150.jpg\" class=\"attachment-thumbnail size-thumbnail\" alt=\"\" aria-describedby=\"gallery-1-51\" \/><\/a>\n\t\t\t<\/div>\n\t\t\t\t<figcaption class='wp-caption-text gallery-caption' id='gallery-1-51'>\n\t\t\t\tIndianerlager\n\t\t\t\t<\/figcaption><\/figure><figure class='gallery-item'>\n\t\t\t<div class='gallery-icon landscape'>\n\t\t\t\t<a href='https:\/\/www.kulturkurios.de\/wp-content\/uploads\/2016\/10\/indilager.jpg'><img loading=\"lazy\" decoding=\"async\" width=\"150\" height=\"150\" src=\"https:\/\/www.kulturkurios.de\/wp-content\/uploads\/2016\/10\/indilager-150x150.jpg\" class=\"attachment-thumbnail size-thumbnail\" alt=\"\" aria-describedby=\"gallery-1-50\" \/><\/a>\n\t\t\t<\/div>\n\t\t\t\t<figcaption class='wp-caption-text gallery-caption' id='gallery-1-50'>\n\t\t\t\tAbends am Lagerfeuer\n\t\t\t\t<\/figcaption><\/figure>\n\t\t<\/div>\n\n","protected":false},"excerpt":{"rendered":"<p>Vom 30.08. Bis 01.09. 2002 verwandelte sich Kleinbettlingen in die Jagdgr\u00fcnde der Komanchen und Sioux. Viele verschieden Spiele zum Thema \u201eIndianer\u201c sorgten f\u00fcr die richtige Stimmung. Kriegsbemalung, das Aufstellen von Wigwams und original indianische K\u00fcche rundeten den Tag ab. Wer wollte und sich traute konnte in den selbstgemachten Zelten \u00fcbernachten und so fielen die meisten &hellip; <a href=\"https:\/\/www.kulturkurios.de\/?page_id=57\" class=\"more-link\"><span class=\"screen-reader-text\">\u201eIndianerlager\u201c <\/span>weiterlesen<\/a><\/p>\n","protected":false},"author":1,"featured_media":0,"parent":0,"menu_order":0,"comment_status":"closed","ping_status":"closed","template":"","meta":{"footnotes":""},"class_list":["post-57","page","type-page","status-publish","hentry"],"_links":{"self":[{"href":"https:\/\/www.kulturkurios.de\/index.php?rest_route=\/wp\/v2\/pages\/57","targetHints":{"allow":["GET"]}}],"collection":[{"href":"https:\/\/www.kulturkurios.de\/index.php?rest_route=\/wp\/v2\/pages"}],"about":[{"href":"https:\/\/www.kulturkurios.de\/index.php?rest_route=\/wp\/v2\/types\/page"}],"author":[{"embeddable":true,"href":"https:\/\/www.kulturkurios.de\/index.php?rest_route=\/wp\/v2\/users\/1"}],"replies":[{"embeddable":true,"href":"https:\/\/www.kulturkurios.de\/index.php?rest_route=%2Fwp%2Fv2%2Fcomments&post=57"}],"version-history":[{"count":1,"href":"https:\/\/www.kulturkurios.de\/index.php?rest_route=\/wp\/v2\/pages\/57\/revisions"}],"predecessor-version":[{"id":58,"href":"https:\/\/www.kulturkurios.de\/index.php?rest_route=\/wp\/v2\/pages\/57\/revisions\/58"}],"wp:attachment":[{"href":"https:\/\/www.kulturkurios.de\/index.php?rest_route=%2Fwp%2Fv2%2Fmedia&parent=57"}],"curies":[{"name":"wp","href":"https:\/\/api.w.org\/{rel}","templated":true}]}}