{"id":55,"date":"2016-10-08T11:44:44","date_gmt":"2016-10-08T09:44:44","guid":{"rendered":"http:\/\/www.kulturkurios.de\/?page_id=55"},"modified":"2016-10-08T11:44:44","modified_gmt":"2016-10-08T09:44:44","slug":"mexylo-ausstellung-mexikanische-druckgrafik","status":"publish","type":"page","link":"https:\/\/www.kulturkurios.de\/?page_id=55","title":{"rendered":"MEXYLO Ausstellung &#8211; Mexikanische Druckgrafik"},"content":{"rendered":"<p>Vom 19. bis 31 Juli 2002 veranstaltete KuKuKl die Ausstellung MEXYLO.<br \/>\nIn der Garten-Grafik-Galerie Wagner\/Hen\u00df konnten Kunstinteressierte drei Tage lang ein breites Spektrum zeitgen\u00f6ssischer mexikanischer Druckgrafiken besichtigen.<br \/>\nEine Cocktailbar sowie fachkundige F\u00fchrungen, des Organisators Holger Roick sorgten f\u00fcr ein lockeres aber dennoch anspruchsvolles Ambiente, welches die Ausstellungsr\u00e4ume zus\u00e4tzlich unterstrich.<\/p>\n<div id='gallery-1' class='gallery galleryid-55 gallery-columns-3 gallery-size-thumbnail'><figure class='gallery-item'>\n\t\t\t<div class='gallery-icon landscape'>\n\t\t\t\t<a href='https:\/\/www.kulturkurios.de\/wp-content\/uploads\/2016\/10\/mexylo.jpg'><img loading=\"lazy\" decoding=\"async\" width=\"150\" height=\"150\" src=\"https:\/\/www.kulturkurios.de\/wp-content\/uploads\/2016\/10\/mexylo-150x150.jpg\" class=\"attachment-thumbnail size-thumbnail\" alt=\"\" aria-describedby=\"gallery-1-52\" \/><\/a>\n\t\t\t<\/div>\n\t\t\t\t<figcaption class='wp-caption-text gallery-caption' id='gallery-1-52'>\n\t\t\t\tMEXYLO 1\n\t\t\t\t<\/figcaption><\/figure><figure class='gallery-item'>\n\t\t\t<div class='gallery-icon landscape'>\n\t\t\t\t<a href='https:\/\/www.kulturkurios.de\/wp-content\/uploads\/2016\/10\/mexylo2.jpg'><img loading=\"lazy\" decoding=\"async\" width=\"150\" height=\"150\" src=\"https:\/\/www.kulturkurios.de\/wp-content\/uploads\/2016\/10\/mexylo2-150x150.jpg\" class=\"attachment-thumbnail size-thumbnail\" alt=\"\" aria-describedby=\"gallery-1-53\" \/><\/a>\n\t\t\t<\/div>\n\t\t\t\t<figcaption class='wp-caption-text gallery-caption' id='gallery-1-53'>\n\t\t\t\tMEXYLO 2\n\t\t\t\t<\/figcaption><\/figure>\n\t\t<\/div>\n\n","protected":false},"excerpt":{"rendered":"<p>Vom 19. bis 31 Juli 2002 veranstaltete KuKuKl die Ausstellung MEXYLO. In der Garten-Grafik-Galerie Wagner\/Hen\u00df konnten Kunstinteressierte drei Tage lang ein breites Spektrum zeitgen\u00f6ssischer mexikanischer Druckgrafiken besichtigen. Eine Cocktailbar sowie fachkundige F\u00fchrungen, des Organisators Holger Roick sorgten f\u00fcr ein lockeres aber dennoch anspruchsvolles Ambiente, welches die Ausstellungsr\u00e4ume zus\u00e4tzlich unterstrich.<\/p>\n","protected":false},"author":1,"featured_media":0,"parent":0,"menu_order":0,"comment_status":"closed","ping_status":"closed","template":"","meta":{"footnotes":""},"class_list":["post-55","page","type-page","status-publish","hentry"],"_links":{"self":[{"href":"https:\/\/www.kulturkurios.de\/index.php?rest_route=\/wp\/v2\/pages\/55","targetHints":{"allow":["GET"]}}],"collection":[{"href":"https:\/\/www.kulturkurios.de\/index.php?rest_route=\/wp\/v2\/pages"}],"about":[{"href":"https:\/\/www.kulturkurios.de\/index.php?rest_route=\/wp\/v2\/types\/page"}],"author":[{"embeddable":true,"href":"https:\/\/www.kulturkurios.de\/index.php?rest_route=\/wp\/v2\/users\/1"}],"replies":[{"embeddable":true,"href":"https:\/\/www.kulturkurios.de\/index.php?rest_route=%2Fwp%2Fv2%2Fcomments&post=55"}],"version-history":[{"count":1,"href":"https:\/\/www.kulturkurios.de\/index.php?rest_route=\/wp\/v2\/pages\/55\/revisions"}],"predecessor-version":[{"id":56,"href":"https:\/\/www.kulturkurios.de\/index.php?rest_route=\/wp\/v2\/pages\/55\/revisions\/56"}],"wp:attachment":[{"href":"https:\/\/www.kulturkurios.de\/index.php?rest_route=%2Fwp%2Fv2%2Fmedia&parent=55"}],"curies":[{"name":"wp","href":"https:\/\/api.w.org\/{rel}","templated":true}]}}