{"id":5459,"date":"2024-09-24T21:25:57","date_gmt":"2024-09-24T19:25:57","guid":{"rendered":"https:\/\/www.kulturkurios.de\/?page_id=5459"},"modified":"2024-12-31T15:46:58","modified_gmt":"2024-12-31T14:46:58","slug":"adventskalender-2024","status":"publish","type":"page","link":"https:\/\/www.kulturkurios.de\/?page_id=5459","title":{"rendered":"Adventskalender 2024"},"content":{"rendered":"\n<figure class=\"wp-block-image size-large\"><img loading=\"lazy\" decoding=\"async\" width=\"1024\" height=\"591\" src=\"https:\/\/www.kulturkurios.de\/wp-content\/uploads\/Collage02-2024-1024x591.jpg\" alt=\"\" class=\"wp-image-5724\" srcset=\"https:\/\/www.kulturkurios.de\/wp-content\/uploads\/Collage02-2024-1024x591.jpg 1024w, https:\/\/www.kulturkurios.de\/wp-content\/uploads\/Collage02-2024-300x173.jpg 300w, https:\/\/www.kulturkurios.de\/wp-content\/uploads\/Collage02-2024-768x443.jpg 768w, https:\/\/www.kulturkurios.de\/wp-content\/uploads\/Collage02-2024-1536x886.jpg 1536w, https:\/\/www.kulturkurios.de\/wp-content\/uploads\/Collage02-2024-1200x692.jpg 1200w, https:\/\/www.kulturkurios.de\/wp-content\/uploads\/Collage02-2024.jpg 1694w\" sizes=\"auto, (max-width: 709px) 85vw, (max-width: 909px) 67vw, (max-width: 1362px) 62vw, 840px\" \/><\/figure>\n\n\n\n<p>Auch 2024 leuchteten beim <strong>2<\/strong><strong>3<\/strong><strong>. K<\/strong><strong>leinbettlinger Adventskalender<\/strong> die Fenster.<\/p>\n\n\n\n<p>Es waren sehr viele, wundersch\u00f6ne Fenster. Es gab ein 24\/7 L\u00e4dle, goldene N\u00fcsse, ein Ch\u00f6rle, ein gro\u00dfes Feuer, ein Advents-Quiz, viel Musik, Geschichten, Lichter, Punsch und Gl\u00fchwein. Sehr viele aus Kleinbettlingen und Bempflingen kamen zu den Fenstern und genossen das Zusammensein.<\/p>\n\n\n\n<p><strong>Vielen Dank<\/strong> an alle <strong>Fenstergestalterinnen<\/strong> in Kleinbettlingen und Bempflingen.<br><strong>Vielen Dank <\/strong>auch an alle <strong>Besucher <\/strong>der Fenster.<br>Besonderen Dank an das <strong>Organisationsteam<\/strong> im Hintergrund.<\/p>\n\n\n\n<p>Vielen Dank f\u00fcr die <strong>Spenden<\/strong>. Es kamen <strong>3.765,59 \u20ac <\/strong>zusammen. Wir haben den Betrag aus Vereinsmitteln auf <strong>3.800,- \u20ac aufgestockt<\/strong>. Die Spenden wurden bereits zu gleichen Teilen an die <br>\u201e<strong>Clowns im Dienst<\/strong>\u201c (<a href=\"http:\/\/www.clowns-im-dienst.de\/\" target=\"_blank\" rel=\"noreferrer noopener\"><strong>www.clowns-im-dienst.de<\/strong><\/a>) und die <br>\u201e<strong>Arche Intensiv Kinder\u201c <\/strong>(<a href=\"https:\/\/www.wwbt.org\/\" target=\"_blank\" rel=\"noreferrer noopener\"><strong>www.<\/strong><\/a><a href=\"https:\/\/arche-intensivkinder.de\/\"><strong>arche-intensivkinder.de<\/strong><\/a>) \u00fcberwiesen.<\/p>\n\n\n\n<p>Fotos und mehr finden Sie weiter unten und auf der <a href=\"https:\/\/www.kulturkurios.de\/?page_id=5538\" data-type=\"page\" data-id=\"5538\">eigenen Bilder-Seite <\/a>und auf Instagram unter <strong>kultur.kurios<\/strong>.<\/p>\n\n\n\n<p>Der <strong>Kultur <\/strong><em><strong>Kurios<\/strong><\/em> w\u00fcnscht Ihnen ein gesundes, erf\u00fclltes und sch\u00f6nes Jahr <strong>2025<\/strong>.<br><\/p>\n\n\n\n<figure class=\"wp-block-image size-large\"><img loading=\"lazy\" decoding=\"async\" width=\"936\" height=\"1024\" src=\"https:\/\/www.kulturkurios.de\/wp-content\/uploads\/TabAdvKal_20241126-936x1024.jpg\" alt=\"\" class=\"wp-image-5516\" srcset=\"https:\/\/www.kulturkurios.de\/wp-content\/uploads\/TabAdvKal_20241126-936x1024.jpg 936w, https:\/\/www.kulturkurios.de\/wp-content\/uploads\/TabAdvKal_20241126-274x300.jpg 274w, https:\/\/www.kulturkurios.de\/wp-content\/uploads\/TabAdvKal_20241126-768x840.jpg 768w, https:\/\/www.kulturkurios.de\/wp-content\/uploads\/TabAdvKal_20241126.jpg 971w\" sizes=\"auto, (max-width: 709px) 85vw, (max-width: 909px) 67vw, (max-width: 1362px) 62vw, 840px\" \/><\/figure>\n\n\n\n<p>Im Gemeindeblatt und unter <strong>www.kukukl.de<\/strong> werden wir laufend die aktuellen Informationen ver\u00f6ffentlichen.<\/p>\n\n\n\n<p>Auch <a href=\"https:\/\/www.kulturkurios.de\/?page_id=5033\" data-type=\"page\" data-id=\"5033\">2023 gab es einen Adventskalender&#8230;<\/a><\/p>\n\n\n\n<p>Weitere Hinweise f\u00fcr Fenstermacherinnen und Fenstermacher finden sich <a href=\"https:\/\/www.kulturkurios.de\/?page_id=2967\" data-type=\"page\" data-id=\"2967\">hinter diesem Link<\/a>.<\/p>\n\n\n\n<p>Auf einer <a href=\"https:\/\/www.kulturkurios.de\/?page_id=5538\" data-type=\"page\" data-id=\"5538\">eigenen Seite finden Sie <strong>a l l e<\/strong> Bilder <\/a>des Kalenders 2024<\/p>\n\n\n\n<p>Hier die <strong>Fensterbilder <\/strong>\u2013 auf ein Bild klicken, um die Dia-Show zu starten.<\/p>\n\n\n\n<figure class=\"wp-block-gallery has-nested-images columns-default is-cropped wp-block-gallery-1 is-layout-flex wp-block-gallery-is-layout-flex\">\n<figure class=\"wp-block-image size-large\"><img loading=\"lazy\" decoding=\"async\" width=\"456\" height=\"628\" data-id=\"5521\" src=\"https:\/\/www.kulturkurios.de\/wp-content\/uploads\/AdvKal24_01a.jpg\" alt=\"\" class=\"wp-image-5521\" srcset=\"https:\/\/www.kulturkurios.de\/wp-content\/uploads\/AdvKal24_01a.jpg 456w, https:\/\/www.kulturkurios.de\/wp-content\/uploads\/AdvKal24_01a-218x300.jpg 218w\" sizes=\"auto, (max-width: 456px) 85vw, 456px\" \/><figcaption class=\"wp-element-caption\">2024 01<\/figcaption><\/figure>\n\n\n\n<figure class=\"wp-block-image size-large\"><img loading=\"lazy\" decoding=\"async\" width=\"1024\" height=\"746\" data-id=\"5492\" src=\"https:\/\/www.kulturkurios.de\/wp-content\/uploads\/AdvKal24_02-1024x746.jpg\" alt=\"\" class=\"wp-image-5492\" srcset=\"https:\/\/www.kulturkurios.de\/wp-content\/uploads\/AdvKal24_02-1024x746.jpg 1024w, https:\/\/www.kulturkurios.de\/wp-content\/uploads\/AdvKal24_02-300x219.jpg 300w, https:\/\/www.kulturkurios.de\/wp-content\/uploads\/AdvKal24_02-768x559.jpg 768w, https:\/\/www.kulturkurios.de\/wp-content\/uploads\/AdvKal24_02-1200x874.jpg 1200w, https:\/\/www.kulturkurios.de\/wp-content\/uploads\/AdvKal24_02.jpg 1359w\" sizes=\"auto, (max-width: 709px) 85vw, (max-width: 909px) 67vw, (max-width: 1362px) 62vw, 840px\" \/><figcaption class=\"wp-element-caption\">2024 02<\/figcaption><\/figure>\n\n\n\n<figure class=\"wp-block-image size-large\"><img loading=\"lazy\" decoding=\"async\" width=\"1024\" height=\"746\" data-id=\"5493\" src=\"https:\/\/www.kulturkurios.de\/wp-content\/uploads\/AdvKal24_03-1024x746.jpg\" alt=\"\" class=\"wp-image-5493\" srcset=\"https:\/\/www.kulturkurios.de\/wp-content\/uploads\/AdvKal24_03-1024x746.jpg 1024w, https:\/\/www.kulturkurios.de\/wp-content\/uploads\/AdvKal24_03-300x219.jpg 300w, https:\/\/www.kulturkurios.de\/wp-content\/uploads\/AdvKal24_03-768x559.jpg 768w, https:\/\/www.kulturkurios.de\/wp-content\/uploads\/AdvKal24_03-1200x874.jpg 1200w, https:\/\/www.kulturkurios.de\/wp-content\/uploads\/AdvKal24_03.jpg 1359w\" sizes=\"auto, (max-width: 709px) 85vw, (max-width: 909px) 67vw, (max-width: 1362px) 62vw, 840px\" \/><figcaption class=\"wp-element-caption\">2024 03<\/figcaption><\/figure>\n\n\n\n<figure class=\"wp-block-image size-large\"><img loading=\"lazy\" decoding=\"async\" width=\"1024\" height=\"746\" data-id=\"5494\" src=\"https:\/\/www.kulturkurios.de\/wp-content\/uploads\/AdvKal24_04-1024x746.jpg\" alt=\"\" class=\"wp-image-5494\" srcset=\"https:\/\/www.kulturkurios.de\/wp-content\/uploads\/AdvKal24_04-1024x746.jpg 1024w, https:\/\/www.kulturkurios.de\/wp-content\/uploads\/AdvKal24_04-300x219.jpg 300w, https:\/\/www.kulturkurios.de\/wp-content\/uploads\/AdvKal24_04-768x559.jpg 768w, https:\/\/www.kulturkurios.de\/wp-content\/uploads\/AdvKal24_04-1200x874.jpg 1200w, https:\/\/www.kulturkurios.de\/wp-content\/uploads\/AdvKal24_04.jpg 1359w\" sizes=\"auto, (max-width: 709px) 85vw, (max-width: 909px) 67vw, (max-width: 1362px) 62vw, 840px\" \/><figcaption class=\"wp-element-caption\">2024 04<\/figcaption><\/figure>\n\n\n\n<figure class=\"wp-block-image size-large\"><img loading=\"lazy\" decoding=\"async\" width=\"1024\" height=\"833\" data-id=\"5544\" src=\"https:\/\/www.kulturkurios.de\/wp-content\/uploads\/AdvKal24_05a-1024x833.jpg\" alt=\"\" class=\"wp-image-5544\" srcset=\"https:\/\/www.kulturkurios.de\/wp-content\/uploads\/AdvKal24_05a-1024x833.jpg 1024w, https:\/\/www.kulturkurios.de\/wp-content\/uploads\/AdvKal24_05a-300x244.jpg 300w, https:\/\/www.kulturkurios.de\/wp-content\/uploads\/AdvKal24_05a-768x625.jpg 768w, https:\/\/www.kulturkurios.de\/wp-content\/uploads\/AdvKal24_05a.jpg 1146w\" sizes=\"auto, (max-width: 709px) 85vw, (max-width: 909px) 67vw, (max-width: 1362px) 62vw, 840px\" \/><figcaption class=\"wp-element-caption\">2024 05<\/figcaption><\/figure>\n\n\n\n<figure class=\"wp-block-image size-large\"><img loading=\"lazy\" decoding=\"async\" width=\"907\" height=\"944\" data-id=\"5549\" src=\"https:\/\/www.kulturkurios.de\/wp-content\/uploads\/AdvKal24_06a.jpg\" alt=\"\" class=\"wp-image-5549\" srcset=\"https:\/\/www.kulturkurios.de\/wp-content\/uploads\/AdvKal24_06a.jpg 907w, https:\/\/www.kulturkurios.de\/wp-content\/uploads\/AdvKal24_06a-288x300.jpg 288w, https:\/\/www.kulturkurios.de\/wp-content\/uploads\/AdvKal24_06a-768x799.jpg 768w\" sizes=\"auto, (max-width: 709px) 85vw, (max-width: 909px) 67vw, (max-width: 1362px) 62vw, 840px\" \/><figcaption class=\"wp-element-caption\">2024 06<\/figcaption><\/figure>\n\n\n\n<figure class=\"wp-block-image size-large\"><img loading=\"lazy\" decoding=\"async\" width=\"558\" height=\"815\" data-id=\"5568\" src=\"https:\/\/www.kulturkurios.de\/wp-content\/uploads\/AdvKal24_07a.jpg\" alt=\"\" class=\"wp-image-5568\" srcset=\"https:\/\/www.kulturkurios.de\/wp-content\/uploads\/AdvKal24_07a.jpg 558w, https:\/\/www.kulturkurios.de\/wp-content\/uploads\/AdvKal24_07a-205x300.jpg 205w\" sizes=\"auto, (max-width: 558px) 85vw, 558px\" \/><figcaption class=\"wp-element-caption\">2024 07<\/figcaption><\/figure>\n\n\n\n<figure class=\"wp-block-image size-large\"><img loading=\"lazy\" decoding=\"async\" width=\"530\" height=\"940\" data-id=\"5577\" src=\"https:\/\/www.kulturkurios.de\/wp-content\/uploads\/AdvKal24_08a.jpg\" alt=\"\" class=\"wp-image-5577\" srcset=\"https:\/\/www.kulturkurios.de\/wp-content\/uploads\/AdvKal24_08a.jpg 530w, https:\/\/www.kulturkurios.de\/wp-content\/uploads\/AdvKal24_08a-169x300.jpg 169w\" sizes=\"auto, (max-width: 530px) 85vw, 530px\" \/><figcaption class=\"wp-element-caption\">2024 08<\/figcaption><\/figure>\n\n\n\n<figure class=\"wp-block-image size-large\"><img loading=\"lazy\" decoding=\"async\" width=\"525\" height=\"904\" data-id=\"5588\" src=\"https:\/\/www.kulturkurios.de\/wp-content\/uploads\/AdvKal24_09a.jpg\" alt=\"\" class=\"wp-image-5588\" srcset=\"https:\/\/www.kulturkurios.de\/wp-content\/uploads\/AdvKal24_09a.jpg 525w, https:\/\/www.kulturkurios.de\/wp-content\/uploads\/AdvKal24_09a-174x300.jpg 174w\" sizes=\"auto, (max-width: 525px) 85vw, 525px\" \/><figcaption class=\"wp-element-caption\">2024 09<\/figcaption><\/figure>\n\n\n\n<figure class=\"wp-block-image size-large\"><img loading=\"lazy\" decoding=\"async\" width=\"1024\" height=\"746\" data-id=\"5500\" src=\"https:\/\/www.kulturkurios.de\/wp-content\/uploads\/AdvKal24_10-1024x746.jpg\" alt=\"\" class=\"wp-image-5500\" srcset=\"https:\/\/www.kulturkurios.de\/wp-content\/uploads\/AdvKal24_10-1024x746.jpg 1024w, https:\/\/www.kulturkurios.de\/wp-content\/uploads\/AdvKal24_10-300x219.jpg 300w, https:\/\/www.kulturkurios.de\/wp-content\/uploads\/AdvKal24_10-768x559.jpg 768w, https:\/\/www.kulturkurios.de\/wp-content\/uploads\/AdvKal24_10-1200x874.jpg 1200w, https:\/\/www.kulturkurios.de\/wp-content\/uploads\/AdvKal24_10.jpg 1359w\" sizes=\"auto, (max-width: 709px) 85vw, (max-width: 909px) 67vw, (max-width: 1362px) 62vw, 840px\" \/><figcaption class=\"wp-element-caption\">2024 10<\/figcaption><\/figure>\n\n\n\n<figure class=\"wp-block-image size-large\"><img loading=\"lazy\" decoding=\"async\" width=\"1024\" height=\"692\" data-id=\"5597\" src=\"https:\/\/www.kulturkurios.de\/wp-content\/uploads\/AdvKal24_11a-1024x692.jpg\" alt=\"\" class=\"wp-image-5597\" srcset=\"https:\/\/www.kulturkurios.de\/wp-content\/uploads\/AdvKal24_11a-1024x692.jpg 1024w, https:\/\/www.kulturkurios.de\/wp-content\/uploads\/AdvKal24_11a-300x203.jpg 300w, https:\/\/www.kulturkurios.de\/wp-content\/uploads\/AdvKal24_11a-768x519.jpg 768w, https:\/\/www.kulturkurios.de\/wp-content\/uploads\/AdvKal24_11a-1200x811.jpg 1200w, https:\/\/www.kulturkurios.de\/wp-content\/uploads\/AdvKal24_11a.jpg 1393w\" sizes=\"auto, (max-width: 709px) 85vw, (max-width: 909px) 67vw, (max-width: 1362px) 62vw, 840px\" \/><figcaption class=\"wp-element-caption\">2024 11<\/figcaption><\/figure>\n\n\n\n<figure class=\"wp-block-image size-large\"><img loading=\"lazy\" decoding=\"async\" width=\"1024\" height=\"746\" data-id=\"5502\" src=\"https:\/\/www.kulturkurios.de\/wp-content\/uploads\/AdvKal24_12-1024x746.jpg\" alt=\"\" class=\"wp-image-5502\" srcset=\"https:\/\/www.kulturkurios.de\/wp-content\/uploads\/AdvKal24_12-1024x746.jpg 1024w, https:\/\/www.kulturkurios.de\/wp-content\/uploads\/AdvKal24_12-300x219.jpg 300w, https:\/\/www.kulturkurios.de\/wp-content\/uploads\/AdvKal24_12-768x559.jpg 768w, https:\/\/www.kulturkurios.de\/wp-content\/uploads\/AdvKal24_12-1200x874.jpg 1200w, https:\/\/www.kulturkurios.de\/wp-content\/uploads\/AdvKal24_12.jpg 1359w\" sizes=\"auto, (max-width: 709px) 85vw, (max-width: 909px) 67vw, (max-width: 1362px) 62vw, 840px\" \/><figcaption class=\"wp-element-caption\">2024 12<\/figcaption><\/figure>\n\n\n\n<figure class=\"wp-block-image size-large\"><img loading=\"lazy\" decoding=\"async\" width=\"1024\" height=\"726\" data-id=\"5605\" src=\"https:\/\/www.kulturkurios.de\/wp-content\/uploads\/AdvKal24_13a-1024x726.jpg\" alt=\"\" class=\"wp-image-5605\" srcset=\"https:\/\/www.kulturkurios.de\/wp-content\/uploads\/AdvKal24_13a-1024x726.jpg 1024w, https:\/\/www.kulturkurios.de\/wp-content\/uploads\/AdvKal24_13a-300x213.jpg 300w, https:\/\/www.kulturkurios.de\/wp-content\/uploads\/AdvKal24_13a-768x545.jpg 768w, https:\/\/www.kulturkurios.de\/wp-content\/uploads\/AdvKal24_13a-1200x851.jpg 1200w, https:\/\/www.kulturkurios.de\/wp-content\/uploads\/AdvKal24_13a.jpg 1276w\" sizes=\"auto, (max-width: 709px) 85vw, (max-width: 909px) 67vw, (max-width: 1362px) 62vw, 840px\" \/><figcaption class=\"wp-element-caption\">2024 13<\/figcaption><\/figure>\n\n\n\n<figure class=\"wp-block-image size-large\"><img loading=\"lazy\" decoding=\"async\" width=\"1024\" height=\"764\" data-id=\"5616\" src=\"https:\/\/www.kulturkurios.de\/wp-content\/uploads\/AdvKal24_14a-1024x764.jpg\" alt=\"\" class=\"wp-image-5616\" srcset=\"https:\/\/www.kulturkurios.de\/wp-content\/uploads\/AdvKal24_14a-1024x764.jpg 1024w, https:\/\/www.kulturkurios.de\/wp-content\/uploads\/AdvKal24_14a-300x224.jpg 300w, https:\/\/www.kulturkurios.de\/wp-content\/uploads\/AdvKal24_14a-768x573.jpg 768w, https:\/\/www.kulturkurios.de\/wp-content\/uploads\/AdvKal24_14a-1200x895.jpg 1200w, https:\/\/www.kulturkurios.de\/wp-content\/uploads\/AdvKal24_14a.jpg 1252w\" sizes=\"auto, (max-width: 709px) 85vw, (max-width: 909px) 67vw, (max-width: 1362px) 62vw, 840px\" \/><figcaption class=\"wp-element-caption\">2024 14<\/figcaption><\/figure>\n\n\n\n<figure class=\"wp-block-image size-large\"><img loading=\"lazy\" decoding=\"async\" width=\"568\" height=\"764\" data-id=\"5627\" src=\"https:\/\/www.kulturkurios.de\/wp-content\/uploads\/AdvKal24_15a.jpg\" alt=\"\" class=\"wp-image-5627\" srcset=\"https:\/\/www.kulturkurios.de\/wp-content\/uploads\/AdvKal24_15a.jpg 568w, https:\/\/www.kulturkurios.de\/wp-content\/uploads\/AdvKal24_15a-223x300.jpg 223w\" sizes=\"auto, (max-width: 568px) 85vw, 568px\" \/><figcaption class=\"wp-element-caption\">2024 15<\/figcaption><\/figure>\n\n\n\n<figure class=\"wp-block-image size-large\"><img loading=\"lazy\" decoding=\"async\" width=\"1024\" height=\"606\" data-id=\"5636\" src=\"https:\/\/www.kulturkurios.de\/wp-content\/uploads\/AdvKal24_16a-1024x606.jpg\" alt=\"\" class=\"wp-image-5636\" srcset=\"https:\/\/www.kulturkurios.de\/wp-content\/uploads\/AdvKal24_16a-1024x606.jpg 1024w, https:\/\/www.kulturkurios.de\/wp-content\/uploads\/AdvKal24_16a-300x177.jpg 300w, https:\/\/www.kulturkurios.de\/wp-content\/uploads\/AdvKal24_16a-768x454.jpg 768w, https:\/\/www.kulturkurios.de\/wp-content\/uploads\/AdvKal24_16a-1200x710.jpg 1200w, https:\/\/www.kulturkurios.de\/wp-content\/uploads\/AdvKal24_16a.jpg 1518w\" sizes=\"auto, (max-width: 709px) 85vw, (max-width: 909px) 67vw, (max-width: 1362px) 62vw, 840px\" \/><figcaption class=\"wp-element-caption\">2024 16<\/figcaption><\/figure>\n\n\n\n<figure class=\"wp-block-image size-large\"><img loading=\"lazy\" decoding=\"async\" width=\"1024\" height=\"771\" data-id=\"5643\" src=\"https:\/\/www.kulturkurios.de\/wp-content\/uploads\/AdvKal24_17a-1024x771.jpg\" alt=\"\" class=\"wp-image-5643\" srcset=\"https:\/\/www.kulturkurios.de\/wp-content\/uploads\/AdvKal24_17a-1024x771.jpg 1024w, https:\/\/www.kulturkurios.de\/wp-content\/uploads\/AdvKal24_17a-300x226.jpg 300w, https:\/\/www.kulturkurios.de\/wp-content\/uploads\/AdvKal24_17a-768x578.jpg 768w, https:\/\/www.kulturkurios.de\/wp-content\/uploads\/AdvKal24_17a-1200x904.jpg 1200w, https:\/\/www.kulturkurios.de\/wp-content\/uploads\/AdvKal24_17a.jpg 1252w\" sizes=\"auto, (max-width: 709px) 85vw, (max-width: 909px) 67vw, (max-width: 1362px) 62vw, 840px\" \/><figcaption class=\"wp-element-caption\">2024 17<\/figcaption><\/figure>\n\n\n\n<figure class=\"wp-block-image size-large\"><img loading=\"lazy\" decoding=\"async\" width=\"1024\" height=\"853\" data-id=\"5653\" src=\"https:\/\/www.kulturkurios.de\/wp-content\/uploads\/AdvKal24_18a-1024x853.jpg\" alt=\"\" class=\"wp-image-5653\" srcset=\"https:\/\/www.kulturkurios.de\/wp-content\/uploads\/AdvKal24_18a-1024x853.jpg 1024w, https:\/\/www.kulturkurios.de\/wp-content\/uploads\/AdvKal24_18a-300x250.jpg 300w, https:\/\/www.kulturkurios.de\/wp-content\/uploads\/AdvKal24_18a-768x640.jpg 768w, https:\/\/www.kulturkurios.de\/wp-content\/uploads\/AdvKal24_18a.jpg 1093w\" sizes=\"auto, (max-width: 709px) 85vw, (max-width: 909px) 67vw, (max-width: 1362px) 62vw, 840px\" \/><figcaption class=\"wp-element-caption\">2024 18<\/figcaption><\/figure>\n\n\n\n<figure class=\"wp-block-image size-large\"><img loading=\"lazy\" decoding=\"async\" width=\"576\" height=\"940\" data-id=\"5663\" src=\"https:\/\/www.kulturkurios.de\/wp-content\/uploads\/AdvKal24_19a.jpg\" alt=\"\" class=\"wp-image-5663\" srcset=\"https:\/\/www.kulturkurios.de\/wp-content\/uploads\/AdvKal24_19a.jpg 576w, https:\/\/www.kulturkurios.de\/wp-content\/uploads\/AdvKal24_19a-184x300.jpg 184w\" sizes=\"auto, (max-width: 576px) 85vw, 576px\" \/><figcaption class=\"wp-element-caption\">2024 19<\/figcaption><\/figure>\n\n\n\n<figure class=\"wp-block-image size-large\"><img loading=\"lazy\" decoding=\"async\" width=\"1024\" height=\"494\" data-id=\"5674\" src=\"https:\/\/www.kulturkurios.de\/wp-content\/uploads\/AdvKal24_20a-1024x494.jpg\" alt=\"\" class=\"wp-image-5674\" srcset=\"https:\/\/www.kulturkurios.de\/wp-content\/uploads\/AdvKal24_20a-1024x494.jpg 1024w, https:\/\/www.kulturkurios.de\/wp-content\/uploads\/AdvKal24_20a-300x145.jpg 300w, https:\/\/www.kulturkurios.de\/wp-content\/uploads\/AdvKal24_20a-768x370.jpg 768w, https:\/\/www.kulturkurios.de\/wp-content\/uploads\/AdvKal24_20a-1536x740.jpg 1536w, https:\/\/www.kulturkurios.de\/wp-content\/uploads\/AdvKal24_20a-1200x578.jpg 1200w, https:\/\/www.kulturkurios.de\/wp-content\/uploads\/AdvKal24_20a.jpg 1699w\" sizes=\"auto, (max-width: 709px) 85vw, (max-width: 909px) 67vw, (max-width: 1362px) 62vw, 840px\" \/><figcaption class=\"wp-element-caption\">2024 20<\/figcaption><\/figure>\n\n\n\n<figure class=\"wp-block-image size-large\"><img loading=\"lazy\" decoding=\"async\" width=\"1024\" height=\"881\" data-id=\"5684\" src=\"https:\/\/www.kulturkurios.de\/wp-content\/uploads\/AdvKal24_21a-1024x881.jpg\" alt=\"\" class=\"wp-image-5684\" srcset=\"https:\/\/www.kulturkurios.de\/wp-content\/uploads\/AdvKal24_21a-1024x881.jpg 1024w, https:\/\/www.kulturkurios.de\/wp-content\/uploads\/AdvKal24_21a-300x258.jpg 300w, https:\/\/www.kulturkurios.de\/wp-content\/uploads\/AdvKal24_21a-768x661.jpg 768w, https:\/\/www.kulturkurios.de\/wp-content\/uploads\/AdvKal24_21a.jpg 1087w\" sizes=\"auto, (max-width: 709px) 85vw, (max-width: 909px) 67vw, (max-width: 1362px) 62vw, 840px\" \/><figcaption class=\"wp-element-caption\">2024 21<\/figcaption><\/figure>\n\n\n\n<figure class=\"wp-block-image size-large\"><img loading=\"lazy\" decoding=\"async\" width=\"1024\" height=\"472\" data-id=\"5696\" src=\"https:\/\/www.kulturkurios.de\/wp-content\/uploads\/AdvKal24_22a-1024x472.jpg\" alt=\"\" class=\"wp-image-5696\" srcset=\"https:\/\/www.kulturkurios.de\/wp-content\/uploads\/AdvKal24_22a-1024x472.jpg 1024w, https:\/\/www.kulturkurios.de\/wp-content\/uploads\/AdvKal24_22a-300x138.jpg 300w, https:\/\/www.kulturkurios.de\/wp-content\/uploads\/AdvKal24_22a-768x354.jpg 768w, https:\/\/www.kulturkurios.de\/wp-content\/uploads\/AdvKal24_22a-1536x709.jpg 1536w, https:\/\/www.kulturkurios.de\/wp-content\/uploads\/AdvKal24_22a-1200x554.jpg 1200w, https:\/\/www.kulturkurios.de\/wp-content\/uploads\/AdvKal24_22a.jpg 1866w\" sizes=\"auto, (max-width: 709px) 85vw, (max-width: 909px) 67vw, (max-width: 1362px) 62vw, 840px\" \/><figcaption class=\"wp-element-caption\">2024 22<\/figcaption><\/figure>\n\n\n\n<figure class=\"wp-block-image size-large\"><img loading=\"lazy\" decoding=\"async\" width=\"439\" height=\"945\" data-id=\"5703\" src=\"https:\/\/www.kulturkurios.de\/wp-content\/uploads\/AdvKal24_23a.jpg\" alt=\"\" class=\"wp-image-5703\" srcset=\"https:\/\/www.kulturkurios.de\/wp-content\/uploads\/AdvKal24_23a.jpg 439w, https:\/\/www.kulturkurios.de\/wp-content\/uploads\/AdvKal24_23a-139x300.jpg 139w\" sizes=\"auto, (max-width: 439px) 85vw, 439px\" \/><figcaption class=\"wp-element-caption\">2024 23<\/figcaption><\/figure>\n\n\n\n<figure class=\"wp-block-image size-large\"><img loading=\"lazy\" decoding=\"async\" width=\"1024\" height=\"914\" data-id=\"5712\" src=\"https:\/\/www.kulturkurios.de\/wp-content\/uploads\/AdvKal24_24a-1024x914.jpg\" alt=\"\" class=\"wp-image-5712\" srcset=\"https:\/\/www.kulturkurios.de\/wp-content\/uploads\/AdvKal24_24a-1024x914.jpg 1024w, https:\/\/www.kulturkurios.de\/wp-content\/uploads\/AdvKal24_24a-300x268.jpg 300w, https:\/\/www.kulturkurios.de\/wp-content\/uploads\/AdvKal24_24a-768x685.jpg 768w, https:\/\/www.kulturkurios.de\/wp-content\/uploads\/AdvKal24_24a.jpg 1057w\" sizes=\"auto, (max-width: 709px) 85vw, (max-width: 909px) 67vw, (max-width: 1362px) 62vw, 840px\" \/><figcaption class=\"wp-element-caption\">2024 24<\/figcaption><\/figure>\n<\/figure>\n","protected":false},"excerpt":{"rendered":"<p>Auch 2024 leuchteten beim 23. Kleinbettlinger Adventskalender die Fenster. Es waren sehr viele, wundersch\u00f6ne Fenster. Es gab ein 24\/7 L\u00e4dle, goldene N\u00fcsse, ein Ch\u00f6rle, ein gro\u00dfes Feuer, ein Advents-Quiz, viel Musik, Geschichten, Lichter, Punsch und Gl\u00fchwein. Sehr viele aus Kleinbettlingen und Bempflingen kamen zu den Fenstern und genossen das Zusammensein. Vielen Dank an alle Fenstergestalterinnen &hellip; <a href=\"https:\/\/www.kulturkurios.de\/?page_id=5459\" class=\"more-link\"><span class=\"screen-reader-text\">\u201eAdventskalender 2024\u201c <\/span>weiterlesen<\/a><\/p>\n","protected":false},"author":2,"featured_media":0,"parent":0,"menu_order":0,"comment_status":"closed","ping_status":"closed","template":"","meta":{"footnotes":""},"class_list":["post-5459","page","type-page","status-publish","hentry"],"_links":{"self":[{"href":"https:\/\/www.kulturkurios.de\/index.php?rest_route=\/wp\/v2\/pages\/5459","targetHints":{"allow":["GET"]}}],"collection":[{"href":"https:\/\/www.kulturkurios.de\/index.php?rest_route=\/wp\/v2\/pages"}],"about":[{"href":"https:\/\/www.kulturkurios.de\/index.php?rest_route=\/wp\/v2\/types\/page"}],"author":[{"embeddable":true,"href":"https:\/\/www.kulturkurios.de\/index.php?rest_route=\/wp\/v2\/users\/2"}],"replies":[{"embeddable":true,"href":"https:\/\/www.kulturkurios.de\/index.php?rest_route=%2Fwp%2Fv2%2Fcomments&post=5459"}],"version-history":[{"count":37,"href":"https:\/\/www.kulturkurios.de\/index.php?rest_route=\/wp\/v2\/pages\/5459\/revisions"}],"predecessor-version":[{"id":5725,"href":"https:\/\/www.kulturkurios.de\/index.php?rest_route=\/wp\/v2\/pages\/5459\/revisions\/5725"}],"wp:attachment":[{"href":"https:\/\/www.kulturkurios.de\/index.php?rest_route=%2Fwp%2Fv2%2Fmedia&parent=5459"}],"curies":[{"name":"wp","href":"https:\/\/api.w.org\/{rel}","templated":true}]}}