{"id":5393,"date":"2024-06-16T16:47:00","date_gmt":"2024-06-16T14:47:00","guid":{"rendered":"https:\/\/www.kulturkurios.de\/?page_id=5393"},"modified":"2024-07-16T20:20:00","modified_gmt":"2024-07-16T18:20:00","slug":"kinder-theater-2024","status":"publish","type":"page","link":"https:\/\/www.kulturkurios.de\/?page_id=5393","title":{"rendered":"Kinder-Theater 2024"},"content":{"rendered":"\n<figure class=\"wp-block-image size-large\"><img loading=\"lazy\" decoding=\"async\" width=\"1024\" height=\"219\" src=\"https:\/\/www.kulturkurios.de\/wp-content\/uploads\/collage-1024x219.jpg\" alt=\"\" class=\"wp-image-5421\" srcset=\"https:\/\/www.kulturkurios.de\/wp-content\/uploads\/collage-1024x219.jpg 1024w, https:\/\/www.kulturkurios.de\/wp-content\/uploads\/collage-300x64.jpg 300w, https:\/\/www.kulturkurios.de\/wp-content\/uploads\/collage-768x164.jpg 768w, https:\/\/www.kulturkurios.de\/wp-content\/uploads\/collage-1536x328.jpg 1536w, https:\/\/www.kulturkurios.de\/wp-content\/uploads\/collage-1200x256.jpg 1200w, https:\/\/www.kulturkurios.de\/wp-content\/uploads\/collage.jpg 1919w\" sizes=\"auto, (max-width: 709px) 85vw, (max-width: 909px) 67vw, (max-width: 1362px) 62vw, 840px\" \/><\/figure>\n\n\n\n<p><strong>B\u00e4renstarkes Theater in Kleinbettlingen:<\/strong><br>der Verein Kultur <em>Kurios <\/em>Kleinbettlingen pr\u00e4sentierte den &#8222;<strong>Brummelbutz<\/strong>&#8222;<\/p>\n\n\n\n<p>Am 13. Juli fanden sich knapp 70 Kinder und Erwachsene am B\u00fcrgerhaus in Kleinbettlingen ein, um den Brummelbutz zu sehen. Der B\u00e4r kam zusammen mit Hanna Herrlich, die mit ihrer Gitarre sogar den Brummel zum singen brachte. Es ging um den Sommer im Sch\u00f6nbuch und anderswo, um Bienen, Honig, Fr\u00f6sche und Lieblingsessen. Gemeinsam wurde gesungen, gelacht und \u00fcber die Natur nachgedacht. Am Ende gab es noch ein &#8222;Meet and greet&#8220; mit dem flauschigen Vierbeiner und seiner Besitzerin Rosi. Hier konnte jeder noch ein Foto mit dem Brummel machen und als Andenken einen leckeren B\u00e4renhonig oder eine CD mit den tollen Liedern vom Brummelbutz und Hanna Herrlich kaufen.<br>Nach dem Theaterst\u00fcck lud der Kultur <em>Kurios <\/em>noch zu Sekt, Selters und Speiseeis ein. Es war ein herrlicher Theatermorgen und wir freuen uns schon auf das n\u00e4chste Event.<\/p>\n\n\n\n<figure class=\"wp-block-gallery has-nested-images columns-default is-cropped wp-block-gallery-1 is-layout-flex wp-block-gallery-is-layout-flex\">\n<figure class=\"wp-block-image size-large\"><img loading=\"lazy\" decoding=\"async\" width=\"462\" height=\"741\" data-id=\"5423\" src=\"https:\/\/www.kulturkurios.de\/wp-content\/uploads\/Brummelb_01.jpg\" alt=\"\" class=\"wp-image-5423\" srcset=\"https:\/\/www.kulturkurios.de\/wp-content\/uploads\/Brummelb_01.jpg 462w, https:\/\/www.kulturkurios.de\/wp-content\/uploads\/Brummelb_01-187x300.jpg 187w\" sizes=\"auto, (max-width: 462px) 85vw, 462px\" \/><\/figure>\n\n\n\n<figure class=\"wp-block-image size-large\"><img loading=\"lazy\" decoding=\"async\" width=\"528\" height=\"951\" data-id=\"5422\" src=\"https:\/\/www.kulturkurios.de\/wp-content\/uploads\/Brummelb_02.jpg\" alt=\"\" class=\"wp-image-5422\" srcset=\"https:\/\/www.kulturkurios.de\/wp-content\/uploads\/Brummelb_02.jpg 528w, https:\/\/www.kulturkurios.de\/wp-content\/uploads\/Brummelb_02-167x300.jpg 167w\" sizes=\"auto, (max-width: 528px) 85vw, 528px\" \/><\/figure>\n\n\n\n<figure class=\"wp-block-image size-large\"><img loading=\"lazy\" decoding=\"async\" width=\"631\" height=\"710\" data-id=\"5434\" src=\"https:\/\/www.kulturkurios.de\/wp-content\/uploads\/Brummelb_03.jpg\" alt=\"\" class=\"wp-image-5434\" srcset=\"https:\/\/www.kulturkurios.de\/wp-content\/uploads\/Brummelb_03.jpg 631w, https:\/\/www.kulturkurios.de\/wp-content\/uploads\/Brummelb_03-267x300.jpg 267w\" sizes=\"auto, (max-width: 631px) 85vw, 631px\" \/><\/figure>\n\n\n\n<figure class=\"wp-block-image size-large\"><img loading=\"lazy\" decoding=\"async\" width=\"1024\" height=\"781\" data-id=\"5433\" src=\"https:\/\/www.kulturkurios.de\/wp-content\/uploads\/Brummelb_04-1024x781.jpg\" alt=\"\" class=\"wp-image-5433\" srcset=\"https:\/\/www.kulturkurios.de\/wp-content\/uploads\/Brummelb_04-1024x781.jpg 1024w, https:\/\/www.kulturkurios.de\/wp-content\/uploads\/Brummelb_04-300x229.jpg 300w, https:\/\/www.kulturkurios.de\/wp-content\/uploads\/Brummelb_04-768x586.jpg 768w, https:\/\/www.kulturkurios.de\/wp-content\/uploads\/Brummelb_04.jpg 1129w\" sizes=\"auto, (max-width: 709px) 85vw, (max-width: 909px) 67vw, (max-width: 1362px) 62vw, 840px\" \/><\/figure>\n\n\n\n<figure class=\"wp-block-image size-large\"><img loading=\"lazy\" decoding=\"async\" width=\"764\" height=\"857\" data-id=\"5426\" src=\"https:\/\/www.kulturkurios.de\/wp-content\/uploads\/Brummelb_05.jpg\" alt=\"\" class=\"wp-image-5426\" srcset=\"https:\/\/www.kulturkurios.de\/wp-content\/uploads\/Brummelb_05.jpg 764w, https:\/\/www.kulturkurios.de\/wp-content\/uploads\/Brummelb_05-267x300.jpg 267w\" sizes=\"auto, (max-width: 764px) 85vw, 764px\" \/><\/figure>\n\n\n\n<figure class=\"wp-block-image size-large\"><img loading=\"lazy\" decoding=\"async\" width=\"1024\" height=\"407\" data-id=\"5430\" src=\"https:\/\/www.kulturkurios.de\/wp-content\/uploads\/Brummelb_06-1024x407.jpg\" alt=\"\" class=\"wp-image-5430\" srcset=\"https:\/\/www.kulturkurios.de\/wp-content\/uploads\/Brummelb_06-1024x407.jpg 1024w, https:\/\/www.kulturkurios.de\/wp-content\/uploads\/Brummelb_06-300x119.jpg 300w, https:\/\/www.kulturkurios.de\/wp-content\/uploads\/Brummelb_06-768x305.jpg 768w, https:\/\/www.kulturkurios.de\/wp-content\/uploads\/Brummelb_06-1536x611.jpg 1536w, https:\/\/www.kulturkurios.de\/wp-content\/uploads\/Brummelb_06-1200x477.jpg 1200w, https:\/\/www.kulturkurios.de\/wp-content\/uploads\/Brummelb_06.jpg 1579w\" sizes=\"auto, (max-width: 709px) 85vw, (max-width: 909px) 67vw, (max-width: 1362px) 62vw, 840px\" \/><\/figure>\n\n\n\n<figure class=\"wp-block-image size-large\"><img loading=\"lazy\" decoding=\"async\" width=\"696\" height=\"934\" data-id=\"5429\" src=\"https:\/\/www.kulturkurios.de\/wp-content\/uploads\/Brummelb_08.jpg\" alt=\"\" class=\"wp-image-5429\" srcset=\"https:\/\/www.kulturkurios.de\/wp-content\/uploads\/Brummelb_08.jpg 696w, https:\/\/www.kulturkurios.de\/wp-content\/uploads\/Brummelb_08-224x300.jpg 224w\" sizes=\"auto, (max-width: 696px) 85vw, 696px\" \/><\/figure>\n\n\n\n<figure class=\"wp-block-image size-large\"><img loading=\"lazy\" decoding=\"async\" width=\"1022\" height=\"705\" data-id=\"5424\" src=\"https:\/\/www.kulturkurios.de\/wp-content\/uploads\/Brummelb_07.jpg\" alt=\"\" class=\"wp-image-5424\" srcset=\"https:\/\/www.kulturkurios.de\/wp-content\/uploads\/Brummelb_07.jpg 1022w, https:\/\/www.kulturkurios.de\/wp-content\/uploads\/Brummelb_07-300x207.jpg 300w, https:\/\/www.kulturkurios.de\/wp-content\/uploads\/Brummelb_07-768x530.jpg 768w\" sizes=\"auto, (max-width: 709px) 85vw, (max-width: 909px) 67vw, (max-width: 1362px) 62vw, 840px\" \/><\/figure>\n\n\n\n<figure class=\"wp-block-image size-large\"><img loading=\"lazy\" decoding=\"async\" width=\"685\" height=\"876\" data-id=\"5425\" src=\"https:\/\/www.kulturkurios.de\/wp-content\/uploads\/Brummelb_09.jpg\" alt=\"\" class=\"wp-image-5425\" srcset=\"https:\/\/www.kulturkurios.de\/wp-content\/uploads\/Brummelb_09.jpg 685w, https:\/\/www.kulturkurios.de\/wp-content\/uploads\/Brummelb_09-235x300.jpg 235w\" sizes=\"auto, (max-width: 685px) 85vw, 685px\" \/><\/figure>\n\n\n\n<figure class=\"wp-block-image size-large\"><img loading=\"lazy\" decoding=\"async\" width=\"827\" height=\"914\" data-id=\"5428\" src=\"https:\/\/www.kulturkurios.de\/wp-content\/uploads\/Brummelb_10.jpg\" alt=\"\" class=\"wp-image-5428\" srcset=\"https:\/\/www.kulturkurios.de\/wp-content\/uploads\/Brummelb_10.jpg 827w, https:\/\/www.kulturkurios.de\/wp-content\/uploads\/Brummelb_10-271x300.jpg 271w, https:\/\/www.kulturkurios.de\/wp-content\/uploads\/Brummelb_10-768x849.jpg 768w\" sizes=\"auto, (max-width: 827px) 85vw, 827px\" \/><\/figure>\n\n\n\n<figure class=\"wp-block-image size-large\"><img loading=\"lazy\" decoding=\"async\" width=\"1024\" height=\"569\" data-id=\"5431\" src=\"https:\/\/www.kulturkurios.de\/wp-content\/uploads\/Brummelb_11-1024x569.jpg\" alt=\"\" class=\"wp-image-5431\" srcset=\"https:\/\/www.kulturkurios.de\/wp-content\/uploads\/Brummelb_11-1024x569.jpg 1024w, https:\/\/www.kulturkurios.de\/wp-content\/uploads\/Brummelb_11-300x167.jpg 300w, https:\/\/www.kulturkurios.de\/wp-content\/uploads\/Brummelb_11-768x427.jpg 768w, https:\/\/www.kulturkurios.de\/wp-content\/uploads\/Brummelb_11-1200x667.jpg 1200w, https:\/\/www.kulturkurios.de\/wp-content\/uploads\/Brummelb_11.jpg 1514w\" sizes=\"auto, (max-width: 709px) 85vw, (max-width: 909px) 67vw, (max-width: 1362px) 62vw, 840px\" \/><\/figure>\n\n\n\n<figure class=\"wp-block-image size-large\"><img loading=\"lazy\" decoding=\"async\" width=\"1024\" height=\"848\" data-id=\"5432\" src=\"https:\/\/www.kulturkurios.de\/wp-content\/uploads\/Brummelb_12-1024x848.jpg\" alt=\"\" class=\"wp-image-5432\" srcset=\"https:\/\/www.kulturkurios.de\/wp-content\/uploads\/Brummelb_12-1024x848.jpg 1024w, https:\/\/www.kulturkurios.de\/wp-content\/uploads\/Brummelb_12-300x248.jpg 300w, https:\/\/www.kulturkurios.de\/wp-content\/uploads\/Brummelb_12-768x636.jpg 768w, https:\/\/www.kulturkurios.de\/wp-content\/uploads\/Brummelb_12.jpg 1077w\" sizes=\"auto, (max-width: 709px) 85vw, (max-width: 909px) 67vw, (max-width: 1362px) 62vw, 840px\" \/><\/figure>\n<\/figure>\n\n\n\n<p><\/p>\n\n\n\n<p>Einladung:<br>der Verein Kultur <em>Kurios <\/em>Kleinbettlingen pr\u00e4sentiert &#8211; <strong><em>Der Brummelbutz<\/em><\/strong><\/p>\n\n\n\n<ul class=\"wp-block-list\">\n<li>Wann? Samstag, 13. Juli 2024 um 10.00 Uhr<\/li>\n\n\n\n<li>Wo? B\u00fcrgerhaus Kleinbettlingen<\/li>\n\n\n\n<li>Eintritt: 6 Euro<\/li>\n\n\n\n<li>Karten k\u00f6nnen unter der E-Mail: <strong>theater @ kukukl.de<\/strong> reserviert werden! <em>(Leerstellen entfernen)<\/em><br><strong>(<\/strong><em>Reservierte Karten k\u00f6nnen bis 30 Minuten vor Start an der Tageskasse abgeholt werden<\/em><strong>)<\/strong><\/li>\n<\/ul>\n\n\n\n<p><strong>Der Brummelbutz kommt nach Kleinbettlingen \u2013 ein Theaterst\u00fcck f\u00fcr Kinder<\/strong><br>Sommer! Es ist hei\u00df, Kinder und B\u00e4ren treffen sich beim \u201e B\u00e4renbadesong\u201c am See! Wie w\u00e4rs mit einem \u201e Honigbrot\u201c und wer macht denn den Honig eigentlich? Bienen haben aber auch noch andere Aufgaben\u2026Welche das sind, singen Brummelbutz und Hanna Herrlich mit den Kindern bei\u201c Summ Summ\u201c. Au\u00dferdem sind Fr\u00f6sche leider dumm, findet Brummelbutz, warum eigentlich? Und dann gibt\u2019s da ja auch noch die Zecken\u2026<\/p>\n\n\n\n<figure class=\"wp-block-image size-large is-resized\"><img loading=\"lazy\" decoding=\"async\" width=\"724\" height=\"1024\" src=\"https:\/\/www.kulturkurios.de\/wp-content\/uploads\/PlakatKukukl_13Juli-724x1024.png\" alt=\"\" class=\"wp-image-5394\" style=\"width:544px;height:auto\" srcset=\"https:\/\/www.kulturkurios.de\/wp-content\/uploads\/PlakatKukukl_13Juli-724x1024.png 724w, https:\/\/www.kulturkurios.de\/wp-content\/uploads\/PlakatKukukl_13Juli-212x300.png 212w, https:\/\/www.kulturkurios.de\/wp-content\/uploads\/PlakatKukukl_13Juli-768x1086.png 768w, https:\/\/www.kulturkurios.de\/wp-content\/uploads\/PlakatKukukl_13Juli.png 794w\" sizes=\"auto, (max-width: 724px) 85vw, 724px\" \/><\/figure>\n","protected":false},"excerpt":{"rendered":"<p>B\u00e4renstarkes Theater in Kleinbettlingen:der Verein Kultur Kurios Kleinbettlingen pr\u00e4sentierte den &#8222;Brummelbutz&#8222; Am 13. Juli fanden sich knapp 70 Kinder und Erwachsene am B\u00fcrgerhaus in Kleinbettlingen ein, um den Brummelbutz zu sehen. Der B\u00e4r kam zusammen mit Hanna Herrlich, die mit ihrer Gitarre sogar den Brummel zum singen brachte. Es ging um den Sommer im Sch\u00f6nbuch &hellip; <a href=\"https:\/\/www.kulturkurios.de\/?page_id=5393\" class=\"more-link\"><span class=\"screen-reader-text\">\u201eKinder-Theater 2024\u201c <\/span>weiterlesen<\/a><\/p>\n","protected":false},"author":2,"featured_media":0,"parent":0,"menu_order":0,"comment_status":"closed","ping_status":"closed","template":"","meta":{"footnotes":""},"class_list":["post-5393","page","type-page","status-publish","hentry"],"_links":{"self":[{"href":"https:\/\/www.kulturkurios.de\/index.php?rest_route=\/wp\/v2\/pages\/5393","targetHints":{"allow":["GET"]}}],"collection":[{"href":"https:\/\/www.kulturkurios.de\/index.php?rest_route=\/wp\/v2\/pages"}],"about":[{"href":"https:\/\/www.kulturkurios.de\/index.php?rest_route=\/wp\/v2\/types\/page"}],"author":[{"embeddable":true,"href":"https:\/\/www.kulturkurios.de\/index.php?rest_route=\/wp\/v2\/users\/2"}],"replies":[{"embeddable":true,"href":"https:\/\/www.kulturkurios.de\/index.php?rest_route=%2Fwp%2Fv2%2Fcomments&post=5393"}],"version-history":[{"count":4,"href":"https:\/\/www.kulturkurios.de\/index.php?rest_route=\/wp\/v2\/pages\/5393\/revisions"}],"predecessor-version":[{"id":5436,"href":"https:\/\/www.kulturkurios.de\/index.php?rest_route=\/wp\/v2\/pages\/5393\/revisions\/5436"}],"wp:attachment":[{"href":"https:\/\/www.kulturkurios.de\/index.php?rest_route=%2Fwp%2Fv2%2Fmedia&parent=5393"}],"curies":[{"name":"wp","href":"https:\/\/api.w.org\/{rel}","templated":true}]}}