{"id":5372,"date":"2024-05-14T21:05:04","date_gmt":"2024-05-14T19:05:04","guid":{"rendered":"https:\/\/www.kulturkurios.de\/?page_id=5372"},"modified":"2024-07-14T12:04:12","modified_gmt":"2024-07-14T10:04:12","slug":"jhv-2024","status":"publish","type":"page","link":"https:\/\/www.kulturkurios.de\/?page_id=5372","title":{"rendered":"JHV 2024"},"content":{"rendered":"\n<p>Der Termin der JHV 2024: 22. September ab 11:00 Uhr<\/p>\n\n\n\n<p><\/p>\n\n\n\n<p>Liebe <strong>Mitglieder und Freunde<\/strong> unseres Vereins,<\/p>\n\n\n\n<p>auch dieses Jahr wird es wieder viele<strong> kuriose Kultur-Events<\/strong> in unserem Verein geben. Wir laden Euch herzlich ein zu<\/p>\n\n\n\n<p><strong>Kultur <em>Kurios <\/em>\u2013 ein Forum f\u00fcr Begegnung, Austausch und Kulturaktionen<\/strong><\/p>\n\n\n\n<p>und seine Jahreshauptversammlung am<\/p>\n\n\n\n<p><strong>Sonntag, 22. September 2024 ab 11.00 Uhr.<\/strong><\/p>\n\n\n\n<p>Dieses Jahr haben wir uns wieder etwas Besonders ausgedacht. Zuerst wollen wir mit Euch auf der Eninger Weide Disc-Golf spielen. Hierf\u00fcr muss niemand besonders sportlich oder wurfstark sein, denn wir spielen zusammen in Teams. Zuvor werden wir fachkundig und professionell in einem kurzen Workshop in das Spiel Disc-Golf eingewiesen.<br>Im Anschluss wollen wir zusammen am Parkplatz grillen und im gewohnten Stil unsere beliebte Jahreshauptversammlung durchf\u00fchren.<\/p>\n\n\n\n<p><strong>11.00 Uhr<\/strong> Workshop Disc-Golf unter Anleitung von Ilja Fuchs vom Discgolfclub Achalm DGCA und Spiel auf dem wundersch\u00f6nen Parcours auf der Eninger Weide<\/p>\n\n\n\n<p><strong>14.00 Uhr<\/strong> Grillen neben dem gro\u00dfen Wanderparkplatz auf der Eninger Weide und Jahreshauptversammlung<\/p>\n\n\n\n<p>Zum Grillen organisieren wir die Getr\u00e4nke. Ihr solltet lediglich Euer Grillgut, Beilagen und Grillspie\u00dfe selbst mitbringen.<\/p>\n\n\n\n<p>Ihr solltet <strong>festes Schuhwerk<\/strong> tragen und auch eine <strong>lange Hose<\/strong> ist von Vorteil, da so manche Scheibe erfahrungsgem\u00e4\u00df ihren Weg ins Geb\u00fcsch finden wird. Wasser bringen wir mit, was wir dann auch mit auf die Spielrunde nehmen k\u00f6nnen. Die Leischeiben werden vom DGCA gestellt.<\/p>\n\n\n\n<p>Tagesordnung<\/p>\n\n\n\n<p>Begr\u00fc\u00dfung \u2026<\/p>\n\n\n\n<p>1. Jahresbericht des Vorstandes<br>2. Kassenbericht des Vorstandes<br>3. Bericht der Kassenrevision<br>4. Entlastung des Vorstandes<br>5. Wahlen der Vorst\u00e4nde<br>6. Open-Air-Kino<br>7. \u201eStand der Dinge\u201c zur Jahresplanung<br>8. Antr\u00e4ge und Ausblick<\/p>\n\n\n\n<p>Wir freuen uns sehr auf euch \u2026Euer Vorstand<\/p>\n","protected":false},"excerpt":{"rendered":"<p>Der Termin der JHV 2024: 22. September ab 11:00 Uhr Liebe Mitglieder und Freunde unseres Vereins, auch dieses Jahr wird es wieder viele kuriose Kultur-Events in unserem Verein geben. Wir laden Euch herzlich ein zu Kultur Kurios \u2013 ein Forum f\u00fcr Begegnung, Austausch und Kulturaktionen und seine Jahreshauptversammlung am Sonntag, 22. September 2024 ab 11.00 &hellip; <a href=\"https:\/\/www.kulturkurios.de\/?page_id=5372\" class=\"more-link\"><span class=\"screen-reader-text\">\u201eJHV 2024\u201c <\/span>weiterlesen<\/a><\/p>\n","protected":false},"author":2,"featured_media":0,"parent":0,"menu_order":0,"comment_status":"closed","ping_status":"closed","template":"","meta":{"footnotes":""},"class_list":["post-5372","page","type-page","status-publish","hentry"],"_links":{"self":[{"href":"https:\/\/www.kulturkurios.de\/index.php?rest_route=\/wp\/v2\/pages\/5372","targetHints":{"allow":["GET"]}}],"collection":[{"href":"https:\/\/www.kulturkurios.de\/index.php?rest_route=\/wp\/v2\/pages"}],"about":[{"href":"https:\/\/www.kulturkurios.de\/index.php?rest_route=\/wp\/v2\/types\/page"}],"author":[{"embeddable":true,"href":"https:\/\/www.kulturkurios.de\/index.php?rest_route=\/wp\/v2\/users\/2"}],"replies":[{"embeddable":true,"href":"https:\/\/www.kulturkurios.de\/index.php?rest_route=%2Fwp%2Fv2%2Fcomments&post=5372"}],"version-history":[{"count":5,"href":"https:\/\/www.kulturkurios.de\/index.php?rest_route=\/wp\/v2\/pages\/5372\/revisions"}],"predecessor-version":[{"id":5408,"href":"https:\/\/www.kulturkurios.de\/index.php?rest_route=\/wp\/v2\/pages\/5372\/revisions\/5408"}],"wp:attachment":[{"href":"https:\/\/www.kulturkurios.de\/index.php?rest_route=%2Fwp%2Fv2%2Fmedia&parent=5372"}],"curies":[{"name":"wp","href":"https:\/\/api.w.org\/{rel}","templated":true}]}}