{"id":5320,"date":"2024-04-21T13:26:17","date_gmt":"2024-04-21T11:26:17","guid":{"rendered":"https:\/\/www.kulturkurios.de\/?page_id=5320"},"modified":"2024-04-21T13:34:29","modified_gmt":"2024-04-21T11:34:29","slug":"3-koenigs-boule-2023","status":"publish","type":"page","link":"https:\/\/www.kulturkurios.de\/?page_id=5320","title":{"rendered":"3 K\u00f6nigs Boule 2023"},"content":{"rendered":"\n<p>Diese Jahr ganz p\u00fcnktlich am 6. Januar spielen wir den DreiK\u00f6nigsBoulePokal aus. Gewinner gleich bei der ersten Teilnahme: Michel. <br>Herzlichen Gl\u00fcckwunsch.<\/p>\n\n\n\n<figure class=\"wp-block-gallery has-nested-images columns-default is-cropped wp-block-gallery-1 is-layout-flex wp-block-gallery-is-layout-flex\">\n<figure class=\"wp-block-image size-large\"><img loading=\"lazy\" decoding=\"async\" width=\"768\" height=\"1024\" data-id=\"5321\" src=\"https:\/\/www.kulturkurios.de\/wp-content\/uploads\/IMG_20230106_143430033_HDR-1-rotated.jpg\" alt=\"\" class=\"wp-image-5321\" srcset=\"https:\/\/www.kulturkurios.de\/wp-content\/uploads\/IMG_20230106_143430033_HDR-1-rotated.jpg 768w, https:\/\/www.kulturkurios.de\/wp-content\/uploads\/IMG_20230106_143430033_HDR-1-225x300.jpg 225w\" sizes=\"auto, (max-width: 768px) 85vw, 768px\" \/><\/figure>\n\n\n\n<figure class=\"wp-block-image size-large\"><img loading=\"lazy\" decoding=\"async\" width=\"1024\" height=\"768\" data-id=\"5324\" src=\"https:\/\/www.kulturkurios.de\/wp-content\/uploads\/IMG_20230106_143444345_HDR-1.jpg\" alt=\"\" class=\"wp-image-5324\" srcset=\"https:\/\/www.kulturkurios.de\/wp-content\/uploads\/IMG_20230106_143444345_HDR-1.jpg 1024w, https:\/\/www.kulturkurios.de\/wp-content\/uploads\/IMG_20230106_143444345_HDR-1-300x225.jpg 300w, https:\/\/www.kulturkurios.de\/wp-content\/uploads\/IMG_20230106_143444345_HDR-1-768x576.jpg 768w\" sizes=\"auto, (max-width: 709px) 85vw, (max-width: 909px) 67vw, (max-width: 1362px) 62vw, 840px\" \/><\/figure>\n\n\n\n<figure class=\"wp-block-image size-large\"><img loading=\"lazy\" decoding=\"async\" width=\"1024\" height=\"768\" data-id=\"5325\" src=\"https:\/\/www.kulturkurios.de\/wp-content\/uploads\/IMG_20230106_143457437_HDR-1.jpg\" alt=\"\" class=\"wp-image-5325\" srcset=\"https:\/\/www.kulturkurios.de\/wp-content\/uploads\/IMG_20230106_143457437_HDR-1.jpg 1024w, https:\/\/www.kulturkurios.de\/wp-content\/uploads\/IMG_20230106_143457437_HDR-1-300x225.jpg 300w, https:\/\/www.kulturkurios.de\/wp-content\/uploads\/IMG_20230106_143457437_HDR-1-768x576.jpg 768w\" sizes=\"auto, (max-width: 709px) 85vw, (max-width: 909px) 67vw, (max-width: 1362px) 62vw, 840px\" \/><\/figure>\n\n\n\n<figure class=\"wp-block-image size-large\"><img loading=\"lazy\" decoding=\"async\" width=\"1024\" height=\"768\" data-id=\"5326\" src=\"https:\/\/www.kulturkurios.de\/wp-content\/uploads\/IMG_20230106_144649561_HDR-1.jpg\" alt=\"\" class=\"wp-image-5326\" srcset=\"https:\/\/www.kulturkurios.de\/wp-content\/uploads\/IMG_20230106_144649561_HDR-1.jpg 1024w, https:\/\/www.kulturkurios.de\/wp-content\/uploads\/IMG_20230106_144649561_HDR-1-300x225.jpg 300w, https:\/\/www.kulturkurios.de\/wp-content\/uploads\/IMG_20230106_144649561_HDR-1-768x576.jpg 768w\" sizes=\"auto, (max-width: 709px) 85vw, (max-width: 909px) 67vw, (max-width: 1362px) 62vw, 840px\" \/><\/figure>\n\n\n\n<figure class=\"wp-block-image size-large\"><img loading=\"lazy\" decoding=\"async\" width=\"768\" height=\"1024\" data-id=\"5322\" src=\"https:\/\/www.kulturkurios.de\/wp-content\/uploads\/IMG_20230106_163550626-1-rotated.jpg\" alt=\"\" class=\"wp-image-5322\" srcset=\"https:\/\/www.kulturkurios.de\/wp-content\/uploads\/IMG_20230106_163550626-1-rotated.jpg 768w, https:\/\/www.kulturkurios.de\/wp-content\/uploads\/IMG_20230106_163550626-1-225x300.jpg 225w\" sizes=\"auto, (max-width: 768px) 85vw, 768px\" \/><\/figure>\n\n\n\n<figure class=\"wp-block-image size-large\"><img loading=\"lazy\" decoding=\"async\" width=\"1024\" height=\"768\" data-id=\"5323\" src=\"https:\/\/www.kulturkurios.de\/wp-content\/uploads\/IMG_20230106_185238763_HDR-1.jpg\" alt=\"\" class=\"wp-image-5323\" srcset=\"https:\/\/www.kulturkurios.de\/wp-content\/uploads\/IMG_20230106_185238763_HDR-1.jpg 1024w, https:\/\/www.kulturkurios.de\/wp-content\/uploads\/IMG_20230106_185238763_HDR-1-300x225.jpg 300w, https:\/\/www.kulturkurios.de\/wp-content\/uploads\/IMG_20230106_185238763_HDR-1-768x576.jpg 768w\" sizes=\"auto, (max-width: 709px) 85vw, (max-width: 909px) 67vw, (max-width: 1362px) 62vw, 840px\" \/><\/figure>\n\n\n\n<figure class=\"wp-block-image size-large\"><img loading=\"lazy\" decoding=\"async\" width=\"1024\" height=\"768\" data-id=\"5328\" src=\"https:\/\/www.kulturkurios.de\/wp-content\/uploads\/IMG_20230106_185301038_HDR-1.jpg\" alt=\"\" class=\"wp-image-5328\" srcset=\"https:\/\/www.kulturkurios.de\/wp-content\/uploads\/IMG_20230106_185301038_HDR-1.jpg 1024w, https:\/\/www.kulturkurios.de\/wp-content\/uploads\/IMG_20230106_185301038_HDR-1-300x225.jpg 300w, https:\/\/www.kulturkurios.de\/wp-content\/uploads\/IMG_20230106_185301038_HDR-1-768x576.jpg 768w\" sizes=\"auto, (max-width: 709px) 85vw, (max-width: 909px) 67vw, (max-width: 1362px) 62vw, 840px\" \/><\/figure>\n\n\n\n<figure class=\"wp-block-image size-large\"><img loading=\"lazy\" decoding=\"async\" width=\"1024\" height=\"436\" data-id=\"5327\" src=\"https:\/\/www.kulturkurios.de\/wp-content\/uploads\/IMG-20230106-WA0002-1-1024x436.jpg\" alt=\"\" class=\"wp-image-5327\" srcset=\"https:\/\/www.kulturkurios.de\/wp-content\/uploads\/IMG-20230106-WA0002-1-1024x436.jpg 1024w, https:\/\/www.kulturkurios.de\/wp-content\/uploads\/IMG-20230106-WA0002-1-300x128.jpg 300w, https:\/\/www.kulturkurios.de\/wp-content\/uploads\/IMG-20230106-WA0002-1-768x327.jpg 768w, https:\/\/www.kulturkurios.de\/wp-content\/uploads\/IMG-20230106-WA0002-1-1536x655.jpg 1536w, https:\/\/www.kulturkurios.de\/wp-content\/uploads\/IMG-20230106-WA0002-1-1200x512.jpg 1200w, https:\/\/www.kulturkurios.de\/wp-content\/uploads\/IMG-20230106-WA0002-1.jpg 1600w\" sizes=\"auto, (max-width: 709px) 85vw, (max-width: 909px) 67vw, (max-width: 1362px) 62vw, 840px\" \/><\/figure>\n<\/figure>\n","protected":false},"excerpt":{"rendered":"<p>Diese Jahr ganz p\u00fcnktlich am 6. Januar spielen wir den DreiK\u00f6nigsBoulePokal aus. Gewinner gleich bei der ersten Teilnahme: Michel. Herzlichen Gl\u00fcckwunsch.<\/p>\n","protected":false},"author":2,"featured_media":0,"parent":0,"menu_order":0,"comment_status":"closed","ping_status":"closed","template":"","meta":{"footnotes":""},"class_list":["post-5320","page","type-page","status-publish","hentry"],"_links":{"self":[{"href":"https:\/\/www.kulturkurios.de\/index.php?rest_route=\/wp\/v2\/pages\/5320","targetHints":{"allow":["GET"]}}],"collection":[{"href":"https:\/\/www.kulturkurios.de\/index.php?rest_route=\/wp\/v2\/pages"}],"about":[{"href":"https:\/\/www.kulturkurios.de\/index.php?rest_route=\/wp\/v2\/types\/page"}],"author":[{"embeddable":true,"href":"https:\/\/www.kulturkurios.de\/index.php?rest_route=\/wp\/v2\/users\/2"}],"replies":[{"embeddable":true,"href":"https:\/\/www.kulturkurios.de\/index.php?rest_route=%2Fwp%2Fv2%2Fcomments&post=5320"}],"version-history":[{"count":2,"href":"https:\/\/www.kulturkurios.de\/index.php?rest_route=\/wp\/v2\/pages\/5320\/revisions"}],"predecessor-version":[{"id":5334,"href":"https:\/\/www.kulturkurios.de\/index.php?rest_route=\/wp\/v2\/pages\/5320\/revisions\/5334"}],"wp:attachment":[{"href":"https:\/\/www.kulturkurios.de\/index.php?rest_route=%2Fwp%2Fv2%2Fmedia&parent=5320"}],"curies":[{"name":"wp","href":"https:\/\/api.w.org\/{rel}","templated":true}]}}