{"id":5033,"date":"2023-10-08T13:02:34","date_gmt":"2023-10-08T11:02:34","guid":{"rendered":"https:\/\/www.kulturkurios.de\/?page_id=5033"},"modified":"2024-01-02T20:48:00","modified_gmt":"2024-01-02T19:48:00","slug":"adventskalender-2023","status":"publish","type":"page","link":"https:\/\/www.kulturkurios.de\/?page_id=5033","title":{"rendered":"Adventskalender 2023"},"content":{"rendered":"\n<figure class=\"wp-block-image size-large\"><img loading=\"lazy\" decoding=\"async\" width=\"1024\" height=\"415\" src=\"https:\/\/www.kulturkurios.de\/wp-content\/uploads\/Kollage2023-1024x415.jpg\" alt=\"\" class=\"wp-image-5295\" srcset=\"https:\/\/www.kulturkurios.de\/wp-content\/uploads\/Kollage2023-1024x415.jpg 1024w, https:\/\/www.kulturkurios.de\/wp-content\/uploads\/Kollage2023-300x122.jpg 300w, https:\/\/www.kulturkurios.de\/wp-content\/uploads\/Kollage2023-768x312.jpg 768w, https:\/\/www.kulturkurios.de\/wp-content\/uploads\/Kollage2023-1200x487.jpg 1200w, https:\/\/www.kulturkurios.de\/wp-content\/uploads\/Kollage2023.jpg 1516w\" sizes=\"auto, (max-width: 709px) 85vw, (max-width: 909px) 67vw, (max-width: 1362px) 62vw, 840px\" \/><\/figure>\n\n\n\n<p>Auch 2023 leuchteten beim 22<strong>. Kleinbettlinger Adventskalender<\/strong> die Fenster.<\/p>\n\n\n\n<p>Es waren sehr viele, wundersch\u00f6ne Fenster. Es gab viel Musik, Geschichten, Lichter, Punsch und Gl\u00fchwein. Sehr viele aus Kleinbettlingen und Bempflingen kamen zu den Fenstern und genossen das Zusammensein.<\/p>\n\n\n\n<p><strong>Vielen Dank<\/strong> an alle <strong>Fenstergestalter<\/strong> in Kleinbettlingen und Bempflingen.<br><strong>Vielen Dank <\/strong>auch an alle <strong>Besucher <\/strong>der Fenster.<br>Besonderen Dank an das <strong>Organisationsteam<\/strong> im Hintergrund.<\/p>\n\n\n\n<p>Vielen Dank f\u00fcr die <strong>Spenden<\/strong>. Es kamen <strong>2.714,27 \u20ac <\/strong>zusammen. Wir haben den Betrag aus Vereinsmitteln auf <strong>2.800,- \u20ac aufgestockt<\/strong>. Die Spenden wurden bereits zu gleichen Teilen \u00fcberwiesen an die<\/p>\n\n\n\n<ul class=\"wp-block-list\">\n<li>\u201e<strong>Clowns im Dienst<\/strong>\u201c (<strong><a href=\"http:\/\/www.clowns-im-dienst.de\" target=\"_blank\" rel=\"noreferrer noopener\">www.clowns-im-dienst.de<\/a><\/strong>) und die<\/li>\n\n\n\n<li>\u201e<strong>Hilfe f\u00fcr Fl\u00fcchtlinge auf Lesbos&#8220; <\/strong>(Griechland) (<a href=\"https:\/\/www.wwbt.org\/\" target=\"_blank\" rel=\"noreferrer noopener\"><strong>https:\/\/www.wwbt.org\/<\/strong><\/a>)<\/li>\n<\/ul>\n\n\n\n<p>Der <strong>Kultur <\/strong><em><strong>Kurios<\/strong><\/em> w\u00fcnscht Ihnen ein gesundes, erf\u00fclltes und sch\u00f6nes Jahr <strong>2024<\/strong>.<\/p>\n\n\n\n<figure class=\"wp-block-image size-large is-resized\"><img loading=\"lazy\" decoding=\"async\" width=\"842\" height=\"1024\" src=\"https:\/\/www.kulturkurios.de\/wp-content\/uploads\/TabAdvKal_20231128-842x1024.jpg\" alt=\"\" class=\"wp-image-5093\" style=\"width:662px;height:auto\" srcset=\"https:\/\/www.kulturkurios.de\/wp-content\/uploads\/TabAdvKal_20231128-842x1024.jpg 842w, https:\/\/www.kulturkurios.de\/wp-content\/uploads\/TabAdvKal_20231128-247x300.jpg 247w, https:\/\/www.kulturkurios.de\/wp-content\/uploads\/TabAdvKal_20231128-768x934.jpg 768w, https:\/\/www.kulturkurios.de\/wp-content\/uploads\/TabAdvKal_20231128.jpg 869w\" sizes=\"auto, (max-width: 709px) 85vw, (max-width: 909px) 67vw, (max-width: 1362px) 62vw, 840px\" \/><\/figure>\n\n\n\n<p><\/p>\n\n\n\n<p><\/p>\n\n\n\n<p>Auch <a href=\"https:\/\/www.kulturkurios.de\/?page_id=4632\" data-type=\"page\" data-id=\"4632\">2022 gab es einen Adventskalender<\/a>\u2026<\/p>\n\n\n\n<p>Auf einer <a href=\"https:\/\/www.kulturkurios.de\/?page_id=5108\" data-type=\"page\" data-id=\"5108\">eigenen Seite finden Sie <strong>a l l e<\/strong> Bilder <\/a>des Kalenders 2023<\/p>\n\n\n\n<p>Hier die <strong>Fensterbilder <\/strong>\u2013 auf ein Bild klicken, um die Dia-Show zu starten.<\/p>\n\n\n\n<figure class=\"wp-block-gallery has-nested-images columns-default is-cropped wp-block-gallery-1 is-layout-flex wp-block-gallery-is-layout-flex\">\n<figure class=\"wp-block-image size-large\"><img loading=\"lazy\" decoding=\"async\" width=\"869\" height=\"774\" data-id=\"5098\" src=\"https:\/\/www.kulturkurios.de\/wp-content\/uploads\/AdvKal23_01a.jpg\" alt=\"\" class=\"wp-image-5098\" srcset=\"https:\/\/www.kulturkurios.de\/wp-content\/uploads\/AdvKal23_01a.jpg 869w, https:\/\/www.kulturkurios.de\/wp-content\/uploads\/AdvKal23_01a-300x267.jpg 300w, https:\/\/www.kulturkurios.de\/wp-content\/uploads\/AdvKal23_01a-768x684.jpg 768w\" sizes=\"auto, (max-width: 709px) 85vw, (max-width: 909px) 67vw, (max-width: 1362px) 62vw, 840px\" \/><figcaption class=\"wp-element-caption\">01-23<\/figcaption><\/figure>\n\n\n\n<figure class=\"wp-block-image size-large\"><img loading=\"lazy\" decoding=\"async\" width=\"492\" height=\"822\" data-id=\"5117\" src=\"https:\/\/www.kulturkurios.de\/wp-content\/uploads\/AdvKal23_02a.jpg\" alt=\"\" class=\"wp-image-5117\" srcset=\"https:\/\/www.kulturkurios.de\/wp-content\/uploads\/AdvKal23_02a.jpg 492w, https:\/\/www.kulturkurios.de\/wp-content\/uploads\/AdvKal23_02a-180x300.jpg 180w\" sizes=\"auto, (max-width: 492px) 85vw, 492px\" \/><figcaption class=\"wp-element-caption\">02-23<\/figcaption><\/figure>\n\n\n\n<figure class=\"wp-block-image size-large\"><img loading=\"lazy\" decoding=\"async\" width=\"1024\" height=\"791\" data-id=\"5124\" src=\"https:\/\/www.kulturkurios.de\/wp-content\/uploads\/AdvKal23_03a-1024x791.jpg\" alt=\"\" class=\"wp-image-5124\" srcset=\"https:\/\/www.kulturkurios.de\/wp-content\/uploads\/AdvKal23_03a-1024x791.jpg 1024w, https:\/\/www.kulturkurios.de\/wp-content\/uploads\/AdvKal23_03a-300x232.jpg 300w, https:\/\/www.kulturkurios.de\/wp-content\/uploads\/AdvKal23_03a-768x593.jpg 768w, https:\/\/www.kulturkurios.de\/wp-content\/uploads\/AdvKal23_03a.jpg 1199w\" sizes=\"auto, (max-width: 709px) 85vw, (max-width: 909px) 67vw, (max-width: 1362px) 62vw, 840px\" \/><figcaption class=\"wp-element-caption\">03-23<\/figcaption><\/figure>\n\n\n\n<figure class=\"wp-block-image size-large\"><img loading=\"lazy\" decoding=\"async\" width=\"517\" height=\"871\" data-id=\"5133\" src=\"https:\/\/www.kulturkurios.de\/wp-content\/uploads\/AdvKal23_04a.jpg\" alt=\"\" class=\"wp-image-5133\" srcset=\"https:\/\/www.kulturkurios.de\/wp-content\/uploads\/AdvKal23_04a.jpg 517w, https:\/\/www.kulturkurios.de\/wp-content\/uploads\/AdvKal23_04a-178x300.jpg 178w\" sizes=\"auto, (max-width: 517px) 85vw, 517px\" \/><figcaption class=\"wp-element-caption\">04-23<\/figcaption><\/figure>\n\n\n\n<figure class=\"wp-block-image size-large\"><img loading=\"lazy\" decoding=\"async\" width=\"453\" height=\"846\" data-id=\"5141\" src=\"https:\/\/www.kulturkurios.de\/wp-content\/uploads\/AdvKal23_05a.jpg\" alt=\"\" class=\"wp-image-5141\" srcset=\"https:\/\/www.kulturkurios.de\/wp-content\/uploads\/AdvKal23_05a.jpg 453w, https:\/\/www.kulturkurios.de\/wp-content\/uploads\/AdvKal23_05a-161x300.jpg 161w\" sizes=\"auto, (max-width: 453px) 85vw, 453px\" \/><figcaption class=\"wp-element-caption\">05-23<\/figcaption><\/figure>\n\n\n\n<figure class=\"wp-block-image size-large\"><img loading=\"lazy\" decoding=\"async\" width=\"842\" height=\"864\" data-id=\"3896\" src=\"https:\/\/www.kulturkurios.de\/wp-content\/uploads\/AdvKal06.jpg\" alt=\"\" class=\"wp-image-3896\" srcset=\"https:\/\/www.kulturkurios.de\/wp-content\/uploads\/AdvKal06.jpg 842w, https:\/\/www.kulturkurios.de\/wp-content\/uploads\/AdvKal06-292x300.jpg 292w, https:\/\/www.kulturkurios.de\/wp-content\/uploads\/AdvKal06-768x788.jpg 768w\" sizes=\"auto, (max-width: 709px) 85vw, (max-width: 909px) 67vw, (max-width: 1362px) 62vw, 840px\" \/><figcaption class=\"wp-element-caption\">06<\/figcaption><\/figure>\n\n\n\n<figure class=\"wp-block-image size-large\"><img loading=\"lazy\" decoding=\"async\" width=\"1024\" height=\"636\" data-id=\"5148\" src=\"https:\/\/www.kulturkurios.de\/wp-content\/uploads\/AdvKal23_07a-1024x636.jpg\" alt=\"\" class=\"wp-image-5148\" srcset=\"https:\/\/www.kulturkurios.de\/wp-content\/uploads\/AdvKal23_07a-1024x636.jpg 1024w, https:\/\/www.kulturkurios.de\/wp-content\/uploads\/AdvKal23_07a-300x186.jpg 300w, https:\/\/www.kulturkurios.de\/wp-content\/uploads\/AdvKal23_07a-768x477.jpg 768w, https:\/\/www.kulturkurios.de\/wp-content\/uploads\/AdvKal23_07a-1200x745.jpg 1200w, https:\/\/www.kulturkurios.de\/wp-content\/uploads\/AdvKal23_07a.jpg 1313w\" sizes=\"auto, (max-width: 709px) 85vw, (max-width: 909px) 67vw, (max-width: 1362px) 62vw, 840px\" \/><figcaption class=\"wp-element-caption\">07-23<\/figcaption><\/figure>\n\n\n\n<figure class=\"wp-block-image size-large\"><img loading=\"lazy\" decoding=\"async\" width=\"739\" height=\"903\" data-id=\"5160\" src=\"https:\/\/www.kulturkurios.de\/wp-content\/uploads\/AdvKal23_08a.jpg\" alt=\"\" class=\"wp-image-5160\" srcset=\"https:\/\/www.kulturkurios.de\/wp-content\/uploads\/AdvKal23_08a.jpg 739w, https:\/\/www.kulturkurios.de\/wp-content\/uploads\/AdvKal23_08a-246x300.jpg 246w\" sizes=\"auto, (max-width: 739px) 85vw, 739px\" \/><figcaption class=\"wp-element-caption\">08-23<\/figcaption><\/figure>\n\n\n\n<figure class=\"wp-block-image size-large\"><img loading=\"lazy\" decoding=\"async\" width=\"1024\" height=\"527\" data-id=\"5169\" src=\"https:\/\/www.kulturkurios.de\/wp-content\/uploads\/AdvKal23_09a-1024x527.jpg\" alt=\"\" class=\"wp-image-5169\" srcset=\"https:\/\/www.kulturkurios.de\/wp-content\/uploads\/AdvKal23_09a-1024x527.jpg 1024w, https:\/\/www.kulturkurios.de\/wp-content\/uploads\/AdvKal23_09a-300x154.jpg 300w, https:\/\/www.kulturkurios.de\/wp-content\/uploads\/AdvKal23_09a-768x395.jpg 768w, https:\/\/www.kulturkurios.de\/wp-content\/uploads\/AdvKal23_09a-1536x790.jpg 1536w, https:\/\/www.kulturkurios.de\/wp-content\/uploads\/AdvKal23_09a-1200x617.jpg 1200w, https:\/\/www.kulturkurios.de\/wp-content\/uploads\/AdvKal23_09a.jpg 1791w\" sizes=\"auto, (max-width: 709px) 85vw, (max-width: 909px) 67vw, (max-width: 1362px) 62vw, 840px\" \/><figcaption class=\"wp-element-caption\">09-23<\/figcaption><\/figure>\n\n\n\n<figure class=\"wp-block-image size-large\"><img loading=\"lazy\" decoding=\"async\" width=\"729\" height=\"922\" data-id=\"5173\" src=\"https:\/\/www.kulturkurios.de\/wp-content\/uploads\/AdvKal23_10a.jpg\" alt=\"\" class=\"wp-image-5173\" srcset=\"https:\/\/www.kulturkurios.de\/wp-content\/uploads\/AdvKal23_10a.jpg 729w, https:\/\/www.kulturkurios.de\/wp-content\/uploads\/AdvKal23_10a-237x300.jpg 237w\" sizes=\"auto, (max-width: 729px) 85vw, 729px\" \/><figcaption class=\"wp-element-caption\">10-23<\/figcaption><\/figure>\n\n\n\n<figure class=\"wp-block-image size-large\"><img loading=\"lazy\" decoding=\"async\" width=\"958\" height=\"983\" data-id=\"5182\" src=\"https:\/\/www.kulturkurios.de\/wp-content\/uploads\/AdvKal23_11a.jpg\" alt=\"\" class=\"wp-image-5182\" srcset=\"https:\/\/www.kulturkurios.de\/wp-content\/uploads\/AdvKal23_11a.jpg 958w, https:\/\/www.kulturkurios.de\/wp-content\/uploads\/AdvKal23_11a-292x300.jpg 292w, https:\/\/www.kulturkurios.de\/wp-content\/uploads\/AdvKal23_11a-768x788.jpg 768w\" sizes=\"auto, (max-width: 709px) 85vw, (max-width: 909px) 67vw, (max-width: 1362px) 62vw, 840px\" \/><figcaption class=\"wp-element-caption\">11-23<\/figcaption><\/figure>\n\n\n\n<figure class=\"wp-block-image size-large\"><img loading=\"lazy\" decoding=\"async\" width=\"1024\" height=\"679\" data-id=\"5188\" src=\"https:\/\/www.kulturkurios.de\/wp-content\/uploads\/AdvKal23_12a-1024x679.jpg\" alt=\"\" class=\"wp-image-5188\" srcset=\"https:\/\/www.kulturkurios.de\/wp-content\/uploads\/AdvKal23_12a-1024x679.jpg 1024w, https:\/\/www.kulturkurios.de\/wp-content\/uploads\/AdvKal23_12a-300x199.jpg 300w, https:\/\/www.kulturkurios.de\/wp-content\/uploads\/AdvKal23_12a-768x509.jpg 768w, https:\/\/www.kulturkurios.de\/wp-content\/uploads\/AdvKal23_12a-1200x795.jpg 1200w, https:\/\/www.kulturkurios.de\/wp-content\/uploads\/AdvKal23_12a.jpg 1343w\" sizes=\"auto, (max-width: 709px) 85vw, (max-width: 909px) 67vw, (max-width: 1362px) 62vw, 840px\" \/><figcaption class=\"wp-element-caption\">12-23<\/figcaption><\/figure>\n\n\n\n<figure class=\"wp-block-image size-large\"><img loading=\"lazy\" decoding=\"async\" width=\"842\" height=\"864\" data-id=\"3903\" src=\"https:\/\/www.kulturkurios.de\/wp-content\/uploads\/AdvKal13.jpg\" alt=\"\" class=\"wp-image-3903\" srcset=\"https:\/\/www.kulturkurios.de\/wp-content\/uploads\/AdvKal13.jpg 842w, https:\/\/www.kulturkurios.de\/wp-content\/uploads\/AdvKal13-292x300.jpg 292w, https:\/\/www.kulturkurios.de\/wp-content\/uploads\/AdvKal13-768x788.jpg 768w\" sizes=\"auto, (max-width: 709px) 85vw, (max-width: 909px) 67vw, (max-width: 1362px) 62vw, 840px\" \/><figcaption class=\"wp-element-caption\">13<\/figcaption><\/figure>\n\n\n\n<figure class=\"wp-block-image size-large\"><img loading=\"lazy\" decoding=\"async\" width=\"1024\" height=\"541\" data-id=\"5195\" src=\"https:\/\/www.kulturkurios.de\/wp-content\/uploads\/AdvKal23_14a-1024x541.jpg\" alt=\"\" class=\"wp-image-5195\" srcset=\"https:\/\/www.kulturkurios.de\/wp-content\/uploads\/AdvKal23_14a-1024x541.jpg 1024w, https:\/\/www.kulturkurios.de\/wp-content\/uploads\/AdvKal23_14a-300x158.jpg 300w, https:\/\/www.kulturkurios.de\/wp-content\/uploads\/AdvKal23_14a-768x406.jpg 768w, https:\/\/www.kulturkurios.de\/wp-content\/uploads\/AdvKal23_14a-1536x811.jpg 1536w, https:\/\/www.kulturkurios.de\/wp-content\/uploads\/AdvKal23_14a-1200x634.jpg 1200w, https:\/\/www.kulturkurios.de\/wp-content\/uploads\/AdvKal23_14a.jpg 1842w\" sizes=\"auto, (max-width: 709px) 85vw, (max-width: 909px) 67vw, (max-width: 1362px) 62vw, 840px\" \/><figcaption class=\"wp-element-caption\">14-23<\/figcaption><\/figure>\n\n\n\n<figure class=\"wp-block-image size-large\"><img loading=\"lazy\" decoding=\"async\" width=\"927\" height=\"891\" data-id=\"5207\" src=\"https:\/\/www.kulturkurios.de\/wp-content\/uploads\/AdvKal23_15a.jpg\" alt=\"\" class=\"wp-image-5207\" srcset=\"https:\/\/www.kulturkurios.de\/wp-content\/uploads\/AdvKal23_15a.jpg 927w, https:\/\/www.kulturkurios.de\/wp-content\/uploads\/AdvKal23_15a-300x288.jpg 300w, https:\/\/www.kulturkurios.de\/wp-content\/uploads\/AdvKal23_15a-768x738.jpg 768w\" sizes=\"auto, (max-width: 709px) 85vw, (max-width: 909px) 67vw, (max-width: 1362px) 62vw, 840px\" \/><figcaption class=\"wp-element-caption\">15-23<\/figcaption><\/figure>\n\n\n\n<figure class=\"wp-block-image size-large\"><img loading=\"lazy\" decoding=\"async\" width=\"759\" height=\"940\" data-id=\"5214\" src=\"https:\/\/www.kulturkurios.de\/wp-content\/uploads\/AdvKal23_16a.jpg\" alt=\"\" class=\"wp-image-5214\" srcset=\"https:\/\/www.kulturkurios.de\/wp-content\/uploads\/AdvKal23_16a.jpg 759w, https:\/\/www.kulturkurios.de\/wp-content\/uploads\/AdvKal23_16a-242x300.jpg 242w\" sizes=\"auto, (max-width: 759px) 85vw, 759px\" \/><figcaption class=\"wp-element-caption\">16-23<\/figcaption><\/figure>\n\n\n\n<figure class=\"wp-block-image size-large\"><img loading=\"lazy\" decoding=\"async\" width=\"842\" height=\"864\" data-id=\"3908\" src=\"https:\/\/www.kulturkurios.de\/wp-content\/uploads\/AdvKal17.jpg\" alt=\"\" class=\"wp-image-3908\" srcset=\"https:\/\/www.kulturkurios.de\/wp-content\/uploads\/AdvKal17.jpg 842w, https:\/\/www.kulturkurios.de\/wp-content\/uploads\/AdvKal17-292x300.jpg 292w, https:\/\/www.kulturkurios.de\/wp-content\/uploads\/AdvKal17-768x788.jpg 768w\" sizes=\"auto, (max-width: 709px) 85vw, (max-width: 909px) 67vw, (max-width: 1362px) 62vw, 840px\" \/><figcaption class=\"wp-element-caption\">17<\/figcaption><\/figure>\n\n\n\n<figure class=\"wp-block-image size-large\"><img loading=\"lazy\" decoding=\"async\" width=\"942\" height=\"923\" data-id=\"5221\" src=\"https:\/\/www.kulturkurios.de\/wp-content\/uploads\/AdvKal23_18a.jpg\" alt=\"\" class=\"wp-image-5221\" srcset=\"https:\/\/www.kulturkurios.de\/wp-content\/uploads\/AdvKal23_18a.jpg 942w, https:\/\/www.kulturkurios.de\/wp-content\/uploads\/AdvKal23_18a-300x294.jpg 300w, https:\/\/www.kulturkurios.de\/wp-content\/uploads\/AdvKal23_18a-768x753.jpg 768w\" sizes=\"auto, (max-width: 709px) 85vw, (max-width: 909px) 67vw, (max-width: 1362px) 62vw, 840px\" \/><figcaption class=\"wp-element-caption\">18-23<\/figcaption><\/figure>\n\n\n\n<figure class=\"wp-block-image size-large\"><img loading=\"lazy\" decoding=\"async\" width=\"842\" height=\"864\" data-id=\"3910\" src=\"https:\/\/www.kulturkurios.de\/wp-content\/uploads\/AdvKal19.jpg\" alt=\"\" class=\"wp-image-3910\" srcset=\"https:\/\/www.kulturkurios.de\/wp-content\/uploads\/AdvKal19.jpg 842w, https:\/\/www.kulturkurios.de\/wp-content\/uploads\/AdvKal19-292x300.jpg 292w, https:\/\/www.kulturkurios.de\/wp-content\/uploads\/AdvKal19-768x788.jpg 768w\" sizes=\"auto, (max-width: 709px) 85vw, (max-width: 909px) 67vw, (max-width: 1362px) 62vw, 840px\" \/><figcaption class=\"wp-element-caption\">19<\/figcaption><\/figure>\n\n\n\n<figure class=\"wp-block-image size-large\"><img loading=\"lazy\" decoding=\"async\" width=\"1024\" height=\"361\" data-id=\"5228\" src=\"https:\/\/www.kulturkurios.de\/wp-content\/uploads\/AdvKal23_20a-1024x361.jpg\" alt=\"\" class=\"wp-image-5228\" srcset=\"https:\/\/www.kulturkurios.de\/wp-content\/uploads\/AdvKal23_20a-1024x361.jpg 1024w, https:\/\/www.kulturkurios.de\/wp-content\/uploads\/AdvKal23_20a-300x106.jpg 300w, https:\/\/www.kulturkurios.de\/wp-content\/uploads\/AdvKal23_20a-768x270.jpg 768w, https:\/\/www.kulturkurios.de\/wp-content\/uploads\/AdvKal23_20a-1536x541.jpg 1536w, https:\/\/www.kulturkurios.de\/wp-content\/uploads\/AdvKal23_20a-1200x423.jpg 1200w, https:\/\/www.kulturkurios.de\/wp-content\/uploads\/AdvKal23_20a.jpg 1681w\" sizes=\"auto, (max-width: 709px) 85vw, (max-width: 909px) 67vw, (max-width: 1362px) 62vw, 840px\" \/><figcaption class=\"wp-element-caption\">20-23<\/figcaption><\/figure>\n\n\n\n<figure class=\"wp-block-image size-large\"><img loading=\"lazy\" decoding=\"async\" width=\"1024\" height=\"689\" data-id=\"5258\" src=\"https:\/\/www.kulturkurios.de\/wp-content\/uploads\/AdvKal23_21a-1-1024x689.jpg\" alt=\"\" class=\"wp-image-5258\" srcset=\"https:\/\/www.kulturkurios.de\/wp-content\/uploads\/AdvKal23_21a-1-1024x689.jpg 1024w, https:\/\/www.kulturkurios.de\/wp-content\/uploads\/AdvKal23_21a-1-300x202.jpg 300w, https:\/\/www.kulturkurios.de\/wp-content\/uploads\/AdvKal23_21a-1-768x517.jpg 768w, https:\/\/www.kulturkurios.de\/wp-content\/uploads\/AdvKal23_21a-1-1200x807.jpg 1200w, https:\/\/www.kulturkurios.de\/wp-content\/uploads\/AdvKal23_21a-1.jpg 1351w\" sizes=\"auto, (max-width: 709px) 85vw, (max-width: 909px) 67vw, (max-width: 1362px) 62vw, 840px\" \/><figcaption class=\"wp-element-caption\">21-23<\/figcaption><\/figure>\n\n\n\n<figure class=\"wp-block-image size-large\"><img loading=\"lazy\" decoding=\"async\" width=\"840\" height=\"943\" data-id=\"5265\" src=\"https:\/\/www.kulturkurios.de\/wp-content\/uploads\/AdvKal23_22a-1.jpg\" alt=\"\" class=\"wp-image-5265\" srcset=\"https:\/\/www.kulturkurios.de\/wp-content\/uploads\/AdvKal23_22a-1.jpg 840w, https:\/\/www.kulturkurios.de\/wp-content\/uploads\/AdvKal23_22a-1-267x300.jpg 267w, https:\/\/www.kulturkurios.de\/wp-content\/uploads\/AdvKal23_22a-1-768x862.jpg 768w\" sizes=\"auto, (max-width: 709px) 85vw, (max-width: 909px) 67vw, (max-width: 1362px) 62vw, 840px\" \/><figcaption class=\"wp-element-caption\">22-23<\/figcaption><\/figure>\n\n\n\n<figure class=\"wp-block-image size-large\"><img loading=\"lazy\" decoding=\"async\" width=\"719\" height=\"890\" data-id=\"5275\" src=\"https:\/\/www.kulturkurios.de\/wp-content\/uploads\/AdvKal23_23a-1.jpg\" alt=\"\" class=\"wp-image-5275\" srcset=\"https:\/\/www.kulturkurios.de\/wp-content\/uploads\/AdvKal23_23a-1.jpg 719w, https:\/\/www.kulturkurios.de\/wp-content\/uploads\/AdvKal23_23a-1-242x300.jpg 242w\" sizes=\"auto, (max-width: 719px) 85vw, 719px\" \/><figcaption class=\"wp-element-caption\">23-23<\/figcaption><\/figure>\n\n\n\n<figure class=\"wp-block-image size-large\"><img loading=\"lazy\" decoding=\"async\" width=\"1024\" height=\"696\" data-id=\"5285\" src=\"https:\/\/www.kulturkurios.de\/wp-content\/uploads\/AdvKal23_24a-1024x696.jpg\" alt=\"\" class=\"wp-image-5285\" srcset=\"https:\/\/www.kulturkurios.de\/wp-content\/uploads\/AdvKal23_24a-1024x696.jpg 1024w, https:\/\/www.kulturkurios.de\/wp-content\/uploads\/AdvKal23_24a-300x204.jpg 300w, https:\/\/www.kulturkurios.de\/wp-content\/uploads\/AdvKal23_24a-768x522.jpg 768w, https:\/\/www.kulturkurios.de\/wp-content\/uploads\/AdvKal23_24a-1200x815.jpg 1200w, https:\/\/www.kulturkurios.de\/wp-content\/uploads\/AdvKal23_24a.jpg 1391w\" sizes=\"auto, (max-width: 709px) 85vw, (max-width: 909px) 67vw, (max-width: 1362px) 62vw, 840px\" \/><figcaption class=\"wp-element-caption\">24-23<\/figcaption><\/figure>\n<\/figure>\n","protected":false},"excerpt":{"rendered":"<p>Auch 2023 leuchteten beim 22. Kleinbettlinger Adventskalender die Fenster. Es waren sehr viele, wundersch\u00f6ne Fenster. Es gab viel Musik, Geschichten, Lichter, Punsch und Gl\u00fchwein. Sehr viele aus Kleinbettlingen und Bempflingen kamen zu den Fenstern und genossen das Zusammensein. Vielen Dank an alle Fenstergestalter in Kleinbettlingen und Bempflingen.Vielen Dank auch an alle Besucher der Fenster.Besonderen Dank &hellip; <a href=\"https:\/\/www.kulturkurios.de\/?page_id=5033\" class=\"more-link\"><span class=\"screen-reader-text\">\u201eAdventskalender 2023\u201c <\/span>weiterlesen<\/a><\/p>\n","protected":false},"author":2,"featured_media":0,"parent":0,"menu_order":0,"comment_status":"closed","ping_status":"closed","template":"","meta":{"footnotes":""},"class_list":["post-5033","page","type-page","status-publish","hentry"],"_links":{"self":[{"href":"https:\/\/www.kulturkurios.de\/index.php?rest_route=\/wp\/v2\/pages\/5033","targetHints":{"allow":["GET"]}}],"collection":[{"href":"https:\/\/www.kulturkurios.de\/index.php?rest_route=\/wp\/v2\/pages"}],"about":[{"href":"https:\/\/www.kulturkurios.de\/index.php?rest_route=\/wp\/v2\/types\/page"}],"author":[{"embeddable":true,"href":"https:\/\/www.kulturkurios.de\/index.php?rest_route=\/wp\/v2\/users\/2"}],"replies":[{"embeddable":true,"href":"https:\/\/www.kulturkurios.de\/index.php?rest_route=%2Fwp%2Fv2%2Fcomments&post=5033"}],"version-history":[{"count":39,"href":"https:\/\/www.kulturkurios.de\/index.php?rest_route=\/wp\/v2\/pages\/5033\/revisions"}],"predecessor-version":[{"id":5297,"href":"https:\/\/www.kulturkurios.de\/index.php?rest_route=\/wp\/v2\/pages\/5033\/revisions\/5297"}],"wp:attachment":[{"href":"https:\/\/www.kulturkurios.de\/index.php?rest_route=%2Fwp%2Fv2%2Fmedia&parent=5033"}],"curies":[{"name":"wp","href":"https:\/\/api.w.org\/{rel}","templated":true}]}}