{"id":5005,"date":"2023-08-28T10:00:49","date_gmt":"2023-08-28T08:00:49","guid":{"rendered":"https:\/\/www.kulturkurios.de\/?page_id=5005"},"modified":"2023-09-10T16:23:36","modified_gmt":"2023-09-10T14:23:36","slug":"open-air-kino-2023","status":"publish","type":"page","link":"https:\/\/www.kulturkurios.de\/?page_id=5005","title":{"rendered":"Open-Air-Kino 2023"},"content":{"rendered":"\n<p>Beim Kinoabend des Kinomobils am 09. September konnten wir 112 Besucherinnen und Besucher begr\u00fc\u00dfen. Bei allerbestem Sp\u00e4tsommerwetter genossen wir alle das 11. Bempflinger OpenAirKino.<\/p>\n\n\n\n<p>Der Film \u2013 Yesterday &#8211; vordergr\u00fcndig \u00fcber den wenig erfolgreichen Singer-Songwriter und Lehrer Jack Malik und eigentlich \u00fcber die Musik der Beatles kam sehr gut an. Wie kann es nur sein, dass man nach einem Stromausfall samt Fahradunfall aufwacht und auf der gesamten Welt die Musik der Beatles verschwunden ist.<\/p>\n\n\n\n<p>Der Verein Kultur<em>Kurios<\/em> Kleinbettlingen bewirtete vor und w\u00e4hrend der Veranstaltung die G\u00e4ste mit gerillter Roten, Popcorn und verschiedenen Getr\u00e4nken.<\/p>\n\n\n\n<p>Im n\u00e4chsten Jahr soll das Kino am 31. August stattfinden. Dann wieder gerne an einem genauso lauen und trockenen Sp\u00e4tsommerabend drau\u00dfen auf dem Schulhof.<\/p>\n\n\n\n<p>Unser Dank geht an das Kinomobil, den Herrn B\u00fcrgermeister Welser und an alle Helferinnen und Helfer.<\/p>\n\n\n\n<figure class=\"wp-block-gallery has-nested-images columns-default is-cropped wp-block-gallery-1 is-layout-flex wp-block-gallery-is-layout-flex\">\n<figure class=\"wp-block-image size-large\"><img loading=\"lazy\" decoding=\"async\" width=\"1024\" height=\"762\" data-id=\"5021\" src=\"https:\/\/www.kulturkurios.de\/wp-content\/uploads\/OAK_2023-01-1024x762.jpg\" alt=\"\" class=\"wp-image-5021\" srcset=\"https:\/\/www.kulturkurios.de\/wp-content\/uploads\/OAK_2023-01-1024x762.jpg 1024w, https:\/\/www.kulturkurios.de\/wp-content\/uploads\/OAK_2023-01-300x223.jpg 300w, https:\/\/www.kulturkurios.de\/wp-content\/uploads\/OAK_2023-01-768x571.jpg 768w, https:\/\/www.kulturkurios.de\/wp-content\/uploads\/OAK_2023-01-1200x893.jpg 1200w, https:\/\/www.kulturkurios.de\/wp-content\/uploads\/OAK_2023-01.jpg 1210w\" sizes=\"auto, (max-width: 709px) 85vw, (max-width: 909px) 67vw, (max-width: 1362px) 62vw, 840px\" \/><\/figure>\n\n\n\n<figure class=\"wp-block-image size-large\"><img loading=\"lazy\" decoding=\"async\" width=\"1024\" height=\"576\" data-id=\"5022\" src=\"https:\/\/www.kulturkurios.de\/wp-content\/uploads\/OAK_2023-02-1024x576.jpg\" alt=\"\" class=\"wp-image-5022\" srcset=\"https:\/\/www.kulturkurios.de\/wp-content\/uploads\/OAK_2023-02-1024x576.jpg 1024w, https:\/\/www.kulturkurios.de\/wp-content\/uploads\/OAK_2023-02-300x169.jpg 300w, https:\/\/www.kulturkurios.de\/wp-content\/uploads\/OAK_2023-02-768x432.jpg 768w, https:\/\/www.kulturkurios.de\/wp-content\/uploads\/OAK_2023-02-1200x675.jpg 1200w, https:\/\/www.kulturkurios.de\/wp-content\/uploads\/OAK_2023-02.jpg 1224w\" sizes=\"auto, (max-width: 709px) 85vw, (max-width: 909px) 67vw, (max-width: 1362px) 62vw, 840px\" \/><\/figure>\n\n\n\n<figure class=\"wp-block-image size-large\"><img loading=\"lazy\" decoding=\"async\" width=\"1024\" height=\"718\" data-id=\"5023\" src=\"https:\/\/www.kulturkurios.de\/wp-content\/uploads\/OAK_2023-03-1024x718.jpg\" alt=\"\" class=\"wp-image-5023\" srcset=\"https:\/\/www.kulturkurios.de\/wp-content\/uploads\/OAK_2023-03-1024x718.jpg 1024w, https:\/\/www.kulturkurios.de\/wp-content\/uploads\/OAK_2023-03-300x210.jpg 300w, https:\/\/www.kulturkurios.de\/wp-content\/uploads\/OAK_2023-03-768x538.jpg 768w, https:\/\/www.kulturkurios.de\/wp-content\/uploads\/OAK_2023-03.jpg 1193w\" sizes=\"auto, (max-width: 709px) 85vw, (max-width: 909px) 67vw, (max-width: 1362px) 62vw, 840px\" \/><\/figure>\n\n\n\n<figure class=\"wp-block-image size-large\"><img loading=\"lazy\" decoding=\"async\" width=\"1024\" height=\"482\" data-id=\"5024\" src=\"https:\/\/www.kulturkurios.de\/wp-content\/uploads\/OAK_2023-04-1024x482.jpg\" alt=\"\" class=\"wp-image-5024\" srcset=\"https:\/\/www.kulturkurios.de\/wp-content\/uploads\/OAK_2023-04-1024x482.jpg 1024w, https:\/\/www.kulturkurios.de\/wp-content\/uploads\/OAK_2023-04-300x141.jpg 300w, https:\/\/www.kulturkurios.de\/wp-content\/uploads\/OAK_2023-04-768x362.jpg 768w, https:\/\/www.kulturkurios.de\/wp-content\/uploads\/OAK_2023-04-1200x565.jpg 1200w, https:\/\/www.kulturkurios.de\/wp-content\/uploads\/OAK_2023-04.jpg 1219w\" sizes=\"auto, (max-width: 709px) 85vw, (max-width: 909px) 67vw, (max-width: 1362px) 62vw, 840px\" \/><\/figure>\n\n\n\n<figure class=\"wp-block-image size-large\"><img loading=\"lazy\" decoding=\"async\" width=\"1024\" height=\"620\" data-id=\"5025\" src=\"https:\/\/www.kulturkurios.de\/wp-content\/uploads\/OAK_2023-05-1024x620.jpg\" alt=\"\" class=\"wp-image-5025\" srcset=\"https:\/\/www.kulturkurios.de\/wp-content\/uploads\/OAK_2023-05-1024x620.jpg 1024w, https:\/\/www.kulturkurios.de\/wp-content\/uploads\/OAK_2023-05-300x182.jpg 300w, https:\/\/www.kulturkurios.de\/wp-content\/uploads\/OAK_2023-05-768x465.jpg 768w, https:\/\/www.kulturkurios.de\/wp-content\/uploads\/OAK_2023-05-1200x726.jpg 1200w, https:\/\/www.kulturkurios.de\/wp-content\/uploads\/OAK_2023-05.jpg 1266w\" sizes=\"auto, (max-width: 709px) 85vw, (max-width: 909px) 67vw, (max-width: 1362px) 62vw, 840px\" \/><\/figure>\n\n\n\n<figure class=\"wp-block-image size-large\"><img loading=\"lazy\" decoding=\"async\" width=\"1024\" height=\"730\" data-id=\"5026\" src=\"https:\/\/www.kulturkurios.de\/wp-content\/uploads\/OAK_2023-06-1024x730.jpg\" alt=\"\" class=\"wp-image-5026\" srcset=\"https:\/\/www.kulturkurios.de\/wp-content\/uploads\/OAK_2023-06-1024x730.jpg 1024w, https:\/\/www.kulturkurios.de\/wp-content\/uploads\/OAK_2023-06-300x214.jpg 300w, https:\/\/www.kulturkurios.de\/wp-content\/uploads\/OAK_2023-06-768x547.jpg 768w, https:\/\/www.kulturkurios.de\/wp-content\/uploads\/OAK_2023-06-1200x855.jpg 1200w, https:\/\/www.kulturkurios.de\/wp-content\/uploads\/OAK_2023-06.jpg 1273w\" sizes=\"auto, (max-width: 709px) 85vw, (max-width: 909px) 67vw, (max-width: 1362px) 62vw, 840px\" \/><\/figure>\n\n\n\n<figure class=\"wp-block-image size-large\"><img loading=\"lazy\" decoding=\"async\" width=\"1024\" height=\"730\" data-id=\"5027\" src=\"https:\/\/www.kulturkurios.de\/wp-content\/uploads\/OAK_2023-07-1024x730.jpg\" alt=\"\" class=\"wp-image-5027\" srcset=\"https:\/\/www.kulturkurios.de\/wp-content\/uploads\/OAK_2023-07-1024x730.jpg 1024w, https:\/\/www.kulturkurios.de\/wp-content\/uploads\/OAK_2023-07-300x214.jpg 300w, https:\/\/www.kulturkurios.de\/wp-content\/uploads\/OAK_2023-07-768x547.jpg 768w, https:\/\/www.kulturkurios.de\/wp-content\/uploads\/OAK_2023-07-1200x855.jpg 1200w, https:\/\/www.kulturkurios.de\/wp-content\/uploads\/OAK_2023-07.jpg 1259w\" sizes=\"auto, (max-width: 709px) 85vw, (max-width: 909px) 67vw, (max-width: 1362px) 62vw, 840px\" \/><\/figure>\n\n\n\n<figure class=\"wp-block-image size-large\"><img loading=\"lazy\" decoding=\"async\" width=\"1024\" height=\"465\" data-id=\"5028\" src=\"https:\/\/www.kulturkurios.de\/wp-content\/uploads\/OAK_2023-08-1024x465.jpg\" alt=\"\" class=\"wp-image-5028\" srcset=\"https:\/\/www.kulturkurios.de\/wp-content\/uploads\/OAK_2023-08-1024x465.jpg 1024w, https:\/\/www.kulturkurios.de\/wp-content\/uploads\/OAK_2023-08-300x136.jpg 300w, https:\/\/www.kulturkurios.de\/wp-content\/uploads\/OAK_2023-08-768x349.jpg 768w, https:\/\/www.kulturkurios.de\/wp-content\/uploads\/OAK_2023-08-1200x545.jpg 1200w, https:\/\/www.kulturkurios.de\/wp-content\/uploads\/OAK_2023-08.jpg 1273w\" sizes=\"auto, (max-width: 709px) 85vw, (max-width: 909px) 67vw, (max-width: 1362px) 62vw, 840px\" \/><\/figure>\n\n\n\n<figure class=\"wp-block-image size-large\"><img loading=\"lazy\" decoding=\"async\" width=\"1024\" height=\"654\" data-id=\"5029\" src=\"https:\/\/www.kulturkurios.de\/wp-content\/uploads\/OAK_2023-09-1024x654.jpg\" alt=\"\" class=\"wp-image-5029\" srcset=\"https:\/\/www.kulturkurios.de\/wp-content\/uploads\/OAK_2023-09-1024x654.jpg 1024w, https:\/\/www.kulturkurios.de\/wp-content\/uploads\/OAK_2023-09-300x192.jpg 300w, https:\/\/www.kulturkurios.de\/wp-content\/uploads\/OAK_2023-09-768x490.jpg 768w, https:\/\/www.kulturkurios.de\/wp-content\/uploads\/OAK_2023-09.jpg 1162w\" sizes=\"auto, (max-width: 709px) 85vw, (max-width: 909px) 67vw, (max-width: 1362px) 62vw, 840px\" \/><\/figure>\n\n\n\n<figure class=\"wp-block-image size-large\"><img loading=\"lazy\" decoding=\"async\" width=\"1024\" height=\"496\" data-id=\"5030\" src=\"https:\/\/www.kulturkurios.de\/wp-content\/uploads\/OAK_2023-10-1024x496.jpg\" alt=\"\" class=\"wp-image-5030\" srcset=\"https:\/\/www.kulturkurios.de\/wp-content\/uploads\/OAK_2023-10-1024x496.jpg 1024w, https:\/\/www.kulturkurios.de\/wp-content\/uploads\/OAK_2023-10-300x145.jpg 300w, https:\/\/www.kulturkurios.de\/wp-content\/uploads\/OAK_2023-10-768x372.jpg 768w, https:\/\/www.kulturkurios.de\/wp-content\/uploads\/OAK_2023-10-1200x581.jpg 1200w, https:\/\/www.kulturkurios.de\/wp-content\/uploads\/OAK_2023-10.jpg 1202w\" sizes=\"auto, (max-width: 709px) 85vw, (max-width: 909px) 67vw, (max-width: 1362px) 62vw, 840px\" \/><\/figure>\n<\/figure>\n\n\n\n<p><\/p>\n\n\n\n<p>Am 09. September 2023 soll das Open Air Kino im Schulhof der Grundschule Bempflingen stattfinden. Bei Regen bzw. zu schlechtem Wetter k\u00f6nnen wir in die Turnhalle ausweichen.<\/p>\n\n\n\n<p>&#8222;Yesterday&#8220; &#8211; Der Filmname ist Programm &#8211; es geht um die Musik der Beatles.<br>Der wenig erfolgreiche Singer-Songwriter und Lehrer Jack Malik wird w\u00e4hrend eines weltweiten Stromausfalls von einem Bus angefahren. Dabei geschehen zwei Dinge. Zum einen schl\u00e4gt er sich zwei Z\u00e4hne aus, zum anderen verschwinden die Beatles und mit ihnen alle ihre Songs aus der Geschichte und der Erinnerung der Menschen. Jack erinnert sich scheinbar als einziger Mensch an die Beatles und ihre Lieder. <br>Jack spielt die Lieder der Beatles, wird immer ber\u00fchmter, wird als Vorband von Ed Sheeran angeheuert und soll zum Mega-Star aufgebaut werden. Mehr soll hier nicht verraten werden.<br>Dieser romatische Kom\u00f6die ist eine Liebeserkl\u00e4rung an die Beatles und ihre Musik.<\/p>\n\n\n\n<ul class=\"wp-block-list\">\n<li>Grundschule auf Mauern in Bempflingen<\/li>\n\n\n\n<li>Samstag, 09. September<\/li>\n\n\n\n<li>Einlass ab 19:30 Uhr<\/li>\n\n\n\n<li>Filmstart ab 20:30 Uhr<\/li>\n\n\n\n<li>Preis: 6 \u20ac f\u00fcr das KinoMobil<\/li>\n<\/ul>\n\n\n\n<p>Der Verein KulturKurios Kleinbettlingen versorgt Sie vor dem Film mit Getr\u00e4nken, Popcorn und gegrillter Roter. Bringen Sie neben vielen Bekannten und Freunden auch Hunger, Durst und einen warmen Pulli mit.<\/p>\n\n\n\n<figure class=\"wp-block-image size-large\"><img loading=\"lazy\" decoding=\"async\" width=\"683\" height=\"1024\" src=\"https:\/\/www.kulturkurios.de\/wp-content\/uploads\/YesterdayFilmPlakat-1-683x1024.jpg\" alt=\"\" class=\"wp-image-5009\" srcset=\"https:\/\/www.kulturkurios.de\/wp-content\/uploads\/YesterdayFilmPlakat-1-683x1024.jpg 683w, https:\/\/www.kulturkurios.de\/wp-content\/uploads\/YesterdayFilmPlakat-1-200x300.jpg 200w, https:\/\/www.kulturkurios.de\/wp-content\/uploads\/YesterdayFilmPlakat-1-768x1152.jpg 768w, https:\/\/www.kulturkurios.de\/wp-content\/uploads\/YesterdayFilmPlakat-1.jpg 1000w\" sizes=\"auto, (max-width: 683px) 85vw, 683px\" \/><\/figure>\n","protected":false},"excerpt":{"rendered":"<p>Beim Kinoabend des Kinomobils am 09. September konnten wir 112 Besucherinnen und Besucher begr\u00fc\u00dfen. Bei allerbestem Sp\u00e4tsommerwetter genossen wir alle das 11. Bempflinger OpenAirKino. Der Film \u2013 Yesterday &#8211; vordergr\u00fcndig \u00fcber den wenig erfolgreichen Singer-Songwriter und Lehrer Jack Malik und eigentlich \u00fcber die Musik der Beatles kam sehr gut an. Wie kann es nur sein, &hellip; <a href=\"https:\/\/www.kulturkurios.de\/?page_id=5005\" class=\"more-link\"><span class=\"screen-reader-text\">\u201eOpen-Air-Kino 2023\u201c <\/span>weiterlesen<\/a><\/p>\n","protected":false},"author":2,"featured_media":0,"parent":0,"menu_order":0,"comment_status":"closed","ping_status":"closed","template":"","meta":{"footnotes":""},"class_list":["post-5005","page","type-page","status-publish","hentry"],"_links":{"self":[{"href":"https:\/\/www.kulturkurios.de\/index.php?rest_route=\/wp\/v2\/pages\/5005","targetHints":{"allow":["GET"]}}],"collection":[{"href":"https:\/\/www.kulturkurios.de\/index.php?rest_route=\/wp\/v2\/pages"}],"about":[{"href":"https:\/\/www.kulturkurios.de\/index.php?rest_route=\/wp\/v2\/types\/page"}],"author":[{"embeddable":true,"href":"https:\/\/www.kulturkurios.de\/index.php?rest_route=\/wp\/v2\/users\/2"}],"replies":[{"embeddable":true,"href":"https:\/\/www.kulturkurios.de\/index.php?rest_route=%2Fwp%2Fv2%2Fcomments&post=5005"}],"version-history":[{"count":7,"href":"https:\/\/www.kulturkurios.de\/index.php?rest_route=\/wp\/v2\/pages\/5005\/revisions"}],"predecessor-version":[{"id":5031,"href":"https:\/\/www.kulturkurios.de\/index.php?rest_route=\/wp\/v2\/pages\/5005\/revisions\/5031"}],"wp:attachment":[{"href":"https:\/\/www.kulturkurios.de\/index.php?rest_route=%2Fwp%2Fv2%2Fmedia&parent=5005"}],"curies":[{"name":"wp","href":"https:\/\/api.w.org\/{rel}","templated":true}]}}