{"id":5,"date":"2016-10-05T20:39:57","date_gmt":"2016-10-05T18:39:57","guid":{"rendered":"http:\/\/www.kulturkurios.de\/?page_id=5"},"modified":"2017-01-14T18:09:03","modified_gmt":"2017-01-14T17:09:03","slug":"ueber-uns","status":"publish","type":"page","link":"https:\/\/www.kulturkurios.de\/?page_id=5","title":{"rendered":"\u00dcber uns!"},"content":{"rendered":"<p><img loading=\"lazy\" decoding=\"async\" class=\"alignnone wp-image-3051\" src=\"http:\/\/www.kulturkurios.de\/wp-content\/uploads\/10Jahre-Bildmix-1-300x144.jpg\" alt=\"\" width=\"550\" height=\"264\" srcset=\"https:\/\/www.kulturkurios.de\/wp-content\/uploads\/10Jahre-Bildmix-1-300x144.jpg 300w, https:\/\/www.kulturkurios.de\/wp-content\/uploads\/10Jahre-Bildmix-1-768x370.jpg 768w, https:\/\/www.kulturkurios.de\/wp-content\/uploads\/10Jahre-Bildmix-1.jpg 929w\" sizes=\"auto, (max-width: 550px) 85vw, 550px\" \/><\/p>\n<h4 class=\"titel\">Herzlich und <span class=\"Stil1\"><em>KURIOS<\/em> <\/span>Willkommen &#8230;<\/h4>\n<ul>\n<li>Am 22.02.2002 wurde in Kleinbettlingen der Verein<\/li>\n<li>\u201e<strong>Kultur Kurios Kleinbettlingen e.V.<\/strong>\u201c gegr\u00fcndet.<\/li>\n<li>Die Eintragung ins Vereinsregister erfolgte beim Amtsgericht N\u00fcrtingen.<\/li>\n<\/ul>\n<p><strong>Was treibt uns?<\/strong><\/p>\n<p>Generations\u00fcbergreifende Kulturaktionen &#8230; Sinn und Sinne &#8230;!<\/p>\n<ul>\n<li>Projekte mit <strong>Kinder, Kids <\/strong>und<strong> Erwachsenen <\/strong>entwickeln,\u00a0die mit-einander und &#8222;lebendig&#8220; Erfahrung werden.<\/li>\n<li>Ein &#8222;Netz&#8220; f\u00fcr <strong>Begegnung<\/strong> und <strong>Kommunikation<\/strong> spinnen.<\/li>\n<li><strong>Forum<\/strong> sein, um gemeinsam <strong>Ideen<\/strong> umsetzen zu k\u00f6nnen..<\/li>\n<\/ul>\n<p><img loading=\"lazy\" decoding=\"async\" class=\"alignnone wp-image-3052\" src=\"http:\/\/www.kulturkurios.de\/wp-content\/uploads\/10Jahre-Bildmix-2-300x144.jpg\" alt=\"\" width=\"550\" height=\"264\" srcset=\"https:\/\/www.kulturkurios.de\/wp-content\/uploads\/10Jahre-Bildmix-2-300x144.jpg 300w, https:\/\/www.kulturkurios.de\/wp-content\/uploads\/10Jahre-Bildmix-2-768x367.jpg 768w, https:\/\/www.kulturkurios.de\/wp-content\/uploads\/10Jahre-Bildmix-2.jpg 924w\" sizes=\"auto, (max-width: 550px) 85vw, 550px\" \/><\/p>\n<p>&nbsp;<\/p>\n","protected":false},"excerpt":{"rendered":"<p>Herzlich und KURIOS Willkommen &#8230; Am 22.02.2002 wurde in Kleinbettlingen der Verein \u201eKultur Kurios Kleinbettlingen e.V.\u201c gegr\u00fcndet. Die Eintragung ins Vereinsregister erfolgte beim Amtsgericht N\u00fcrtingen. Was treibt uns? Generations\u00fcbergreifende Kulturaktionen &#8230; Sinn und Sinne &#8230;! Projekte mit Kinder, Kids und Erwachsenen entwickeln,\u00a0die mit-einander und &#8222;lebendig&#8220; Erfahrung werden. Ein &#8222;Netz&#8220; f\u00fcr Begegnung und Kommunikation spinnen. Forum &hellip; <a href=\"https:\/\/www.kulturkurios.de\/?page_id=5\" class=\"more-link\"><span class=\"screen-reader-text\">\u201e\u00dcber uns!\u201c <\/span>weiterlesen<\/a><\/p>\n","protected":false},"author":1,"featured_media":0,"parent":0,"menu_order":0,"comment_status":"closed","ping_status":"closed","template":"","meta":{"footnotes":""},"class_list":["post-5","page","type-page","status-publish","hentry"],"_links":{"self":[{"href":"https:\/\/www.kulturkurios.de\/index.php?rest_route=\/wp\/v2\/pages\/5","targetHints":{"allow":["GET"]}}],"collection":[{"href":"https:\/\/www.kulturkurios.de\/index.php?rest_route=\/wp\/v2\/pages"}],"about":[{"href":"https:\/\/www.kulturkurios.de\/index.php?rest_route=\/wp\/v2\/types\/page"}],"author":[{"embeddable":true,"href":"https:\/\/www.kulturkurios.de\/index.php?rest_route=\/wp\/v2\/users\/1"}],"replies":[{"embeddable":true,"href":"https:\/\/www.kulturkurios.de\/index.php?rest_route=%2Fwp%2Fv2%2Fcomments&post=5"}],"version-history":[{"count":4,"href":"https:\/\/www.kulturkurios.de\/index.php?rest_route=\/wp\/v2\/pages\/5\/revisions"}],"predecessor-version":[{"id":3054,"href":"https:\/\/www.kulturkurios.de\/index.php?rest_route=\/wp\/v2\/pages\/5\/revisions\/3054"}],"wp:attachment":[{"href":"https:\/\/www.kulturkurios.de\/index.php?rest_route=%2Fwp%2Fv2%2Fmedia&parent=5"}],"curies":[{"name":"wp","href":"https:\/\/api.w.org\/{rel}","templated":true}]}}