{"id":47,"date":"2016-10-08T11:44:17","date_gmt":"2016-10-08T09:44:17","guid":{"rendered":"http:\/\/www.kulturkurios.de\/?page_id=47"},"modified":"2016-10-08T11:44:17","modified_gmt":"2016-10-08T09:44:17","slug":"die-gruendungsfeier-von-kultur-kurios","status":"publish","type":"page","link":"https:\/\/www.kulturkurios.de\/?page_id=47","title":{"rendered":"Die Gr\u00fcndungsfeier von Kultur Kurios"},"content":{"rendered":"<p>Zu jeder Vereinsgr\u00fcndung geh\u00f6rt eine ordentliche Feier, und so fand am 8. Mai 2002 die erste Veranstaltung unsere Vereins statt. Am sp\u00e4ten Nachmittag tummelten sich zun\u00e4chst 50 &#8211; 60 Kinder auf dem Kleinbettlinger Bolzplatz. Eine H\u00fcpfburg, eine Torwand, das Bemalen eines Autos und ein Basketballturnier sorgten f\u00fcr gen\u00fcgend Action. Popcorn, Eis und Milchshakes rundeten das Kinderprogramm kulinarisch ab.<\/p>\n<div id='gallery-1' class='gallery galleryid-47 gallery-columns-3 gallery-size-thumbnail'><figure class='gallery-item'>\n\t\t\t<div class='gallery-icon landscape'>\n\t\t\t\t<a href='https:\/\/www.kulturkurios.de\/wp-content\/uploads\/2016\/10\/gruendungsfeier2.jpg'><img loading=\"lazy\" decoding=\"async\" width=\"150\" height=\"150\" src=\"https:\/\/www.kulturkurios.de\/wp-content\/uploads\/2016\/10\/gruendungsfeier2-150x150.jpg\" class=\"attachment-thumbnail size-thumbnail\" alt=\"\" aria-describedby=\"gallery-1-49\" \/><\/a>\n\t\t\t<\/div>\n\t\t\t\t<figcaption class='wp-caption-text gallery-caption' id='gallery-1-49'>\n\t\t\t\tAuch was f\u00fcr die Erwachsenen\n\t\t\t\t<\/figcaption><\/figure><figure class='gallery-item'>\n\t\t\t<div class='gallery-icon landscape'>\n\t\t\t\t<a href='https:\/\/www.kulturkurios.de\/wp-content\/uploads\/2016\/10\/gruendungsfeier.jpg'><img loading=\"lazy\" decoding=\"async\" width=\"150\" height=\"150\" src=\"https:\/\/www.kulturkurios.de\/wp-content\/uploads\/2016\/10\/gruendungsfeier-150x150.jpg\" class=\"attachment-thumbnail size-thumbnail\" alt=\"\" aria-describedby=\"gallery-1-48\" \/><\/a>\n\t\t\t<\/div>\n\t\t\t\t<figcaption class='wp-caption-text gallery-caption' id='gallery-1-48'>\n\t\t\t\tDie Gr\u00fcndungsfeier\n\t\t\t\t<\/figcaption><\/figure>\n\t\t<\/div>\n\n<p>Abends kamen die Erwachsenen auf ihre Kosten. Eine professionelle Weinprobe l\u00e4utete die Nacht ein. Beachtlich: es nahmen rund 50 Personen teil.<br \/>\nIm Anschlu\u00df zeigte das erste Kleinbettlinger Freilichtkino den Film \u201eFrench Kiss\u201c.<br \/>\nAlles in allem, war es ein gelungener und ereignisreicher Tag, der Mut und Lust auf weitere Aktionen machte.<\/p>\n","protected":false},"excerpt":{"rendered":"<p>Zu jeder Vereinsgr\u00fcndung geh\u00f6rt eine ordentliche Feier, und so fand am 8. Mai 2002 die erste Veranstaltung unsere Vereins statt. Am sp\u00e4ten Nachmittag tummelten sich zun\u00e4chst 50 &#8211; 60 Kinder auf dem Kleinbettlinger Bolzplatz. Eine H\u00fcpfburg, eine Torwand, das Bemalen eines Autos und ein Basketballturnier sorgten f\u00fcr gen\u00fcgend Action. Popcorn, Eis und Milchshakes rundeten das &hellip; <a href=\"https:\/\/www.kulturkurios.de\/?page_id=47\" class=\"more-link\"><span class=\"screen-reader-text\">\u201eDie Gr\u00fcndungsfeier von Kultur Kurios\u201c <\/span>weiterlesen<\/a><\/p>\n","protected":false},"author":1,"featured_media":0,"parent":0,"menu_order":0,"comment_status":"closed","ping_status":"closed","template":"","meta":{"footnotes":""},"class_list":["post-47","page","type-page","status-publish","hentry"],"_links":{"self":[{"href":"https:\/\/www.kulturkurios.de\/index.php?rest_route=\/wp\/v2\/pages\/47","targetHints":{"allow":["GET"]}}],"collection":[{"href":"https:\/\/www.kulturkurios.de\/index.php?rest_route=\/wp\/v2\/pages"}],"about":[{"href":"https:\/\/www.kulturkurios.de\/index.php?rest_route=\/wp\/v2\/types\/page"}],"author":[{"embeddable":true,"href":"https:\/\/www.kulturkurios.de\/index.php?rest_route=\/wp\/v2\/users\/1"}],"replies":[{"embeddable":true,"href":"https:\/\/www.kulturkurios.de\/index.php?rest_route=%2Fwp%2Fv2%2Fcomments&post=47"}],"version-history":[{"count":1,"href":"https:\/\/www.kulturkurios.de\/index.php?rest_route=\/wp\/v2\/pages\/47\/revisions"}],"predecessor-version":[{"id":54,"href":"https:\/\/www.kulturkurios.de\/index.php?rest_route=\/wp\/v2\/pages\/47\/revisions\/54"}],"wp:attachment":[{"href":"https:\/\/www.kulturkurios.de\/index.php?rest_route=%2Fwp%2Fv2%2Fmedia&parent=47"}],"curies":[{"name":"wp","href":"https:\/\/api.w.org\/{rel}","templated":true}]}}