{"id":4664,"date":"2022-10-23T19:50:11","date_gmt":"2022-10-23T17:50:11","guid":{"rendered":"https:\/\/www.kulturkurios.de\/?page_id=4664"},"modified":"2022-11-26T20:40:56","modified_gmt":"2022-11-26T19:40:56","slug":"weihnachten-im-schuhkarton-fuer-waisenkinder-in-der-ukraine","status":"publish","type":"page","link":"https:\/\/www.kulturkurios.de\/?page_id=4664","title":{"rendered":"Weihnachten im Schuhkarton f\u00fcr Waisenkinder in der Ukraine"},"content":{"rendered":"\n<p>Ein herzliches <strong>Dankesch\u00f6n<\/strong>!!!<\/p>\n\n\n\n<p>Mit Eurer Unterst\u00fctzung haben wir an die <strong>200 P\u00e4ckchen<\/strong> zusammen bekommen. Sie wurden in Kartons verpackt, um gesch\u00fctzt die erste Etappe der Reise antreten zu k\u00f6nnen! Mittlerweile wurden sie nach T\u00fcbingen gebracht. Die Helfer von \u201e<em><strong>T\u00fcbingen hilft Ukraine<\/strong><\/em>\u201c werden diese zum Kinderheim nach Kiew bringen.<\/p>\n\n\n\n<p>Auch vielen Dank den <strong>Geldspendern<\/strong> \u2013 in Absprache mit der Heimleiterin werden noch Anschaffungen gemacht!<\/p>\n\n\n\n<p><strong>Vielen Dank f\u00fcr die Unterst\u00fctzung unserer Idee!<\/strong><\/p>\n\n\n\n<figure class=\"wp-block-image size-large\"><img loading=\"lazy\" decoding=\"async\" width=\"1024\" height=\"792\" src=\"https:\/\/www.kulturkurios.de\/wp-content\/uploads\/PaketeDanke2-1-1024x792.png\" alt=\"\" class=\"wp-image-4732\" srcset=\"https:\/\/www.kulturkurios.de\/wp-content\/uploads\/PaketeDanke2-1-1024x792.png 1024w, https:\/\/www.kulturkurios.de\/wp-content\/uploads\/PaketeDanke2-1-300x232.png 300w, https:\/\/www.kulturkurios.de\/wp-content\/uploads\/PaketeDanke2-1-768x594.png 768w, https:\/\/www.kulturkurios.de\/wp-content\/uploads\/PaketeDanke2-1-1200x928.png 1200w, https:\/\/www.kulturkurios.de\/wp-content\/uploads\/PaketeDanke2-1.png 1264w\" sizes=\"auto, (max-width: 709px) 85vw, (max-width: 909px) 67vw, (max-width: 1362px) 62vw, 840px\" \/><\/figure>\n\n\n\n<p><\/p>\n\n\n\n<p><\/p>\n\n\n\n<figure class=\"wp-block-image size-large is-resized\"><img loading=\"lazy\" decoding=\"async\" src=\"https:\/\/www.kulturkurios.de\/wp-content\/uploads\/Zweig-1024x870.jpg\" alt=\"\" class=\"wp-image-4666\" width=\"373\" height=\"317\" srcset=\"https:\/\/www.kulturkurios.de\/wp-content\/uploads\/Zweig-1024x870.jpg 1024w, https:\/\/www.kulturkurios.de\/wp-content\/uploads\/Zweig-300x255.jpg 300w, https:\/\/www.kulturkurios.de\/wp-content\/uploads\/Zweig-768x652.jpg 768w, https:\/\/www.kulturkurios.de\/wp-content\/uploads\/Zweig-1200x1019.jpg 1200w, https:\/\/www.kulturkurios.de\/wp-content\/uploads\/Zweig.jpg 1507w\" sizes=\"auto, (max-width: 373px) 85vw, 373px\" \/><\/figure>\n\n\n\n<p>Gemeinsam mit <strong>&#8222;T\u00fcbingen hilft&#8220;<\/strong> unterst\u00fctzen wir <strong>Waisenkinder<\/strong> in einem Kinderheim in <strong>Kiew<\/strong>. Zu Weihnachten wollen wir etwas Freude schicken!<br>In dem Heim leben \u00fcber<strong> 400 Kinder!<\/strong><\/p>\n\n\n\n<p><strong>Die Idee:<\/strong><br>Jedes Kind soll ein weihnachtliches Schuhkarton-P\u00e4ckchen erhalten.<br>Wir sammeln f\u00fcr 152 Grundsch\u00fcler: 77 M\u00e4dchen &amp; 75 Jungen.<br><strong>Das P\u00e4ckchen soll einen Wert von ca. 15\u20ac haben!<\/strong><\/p>\n\n\n\n<p>M\u00f6glicher Inhalt:<br>Spielzeug, S\u00fc\u00dfes, Mal- und Bastel-zeug, f\u00fcr M\u00e4dels Haarschmuck. Alles was sich Kinder w\u00fcnschen und was sie brauchen. Auf dem P\u00e4ckchen soll <strong>M\u00e4dchen<\/strong> oder <strong>Junge <\/strong>stehen!<br>Gerne k\u00f6nnt ihr auch <strong>mehrere<\/strong> P\u00e4ckchen packen, damit wir die <strong>152 P\u00e4ckchen<\/strong> zusammen bekommen.<br><br>Wir sammeln bis ca. <strong>20.11.2022<\/strong>! Genaues Datum wird noch bekannt gegeben!<\/p>\n\n\n\n<p>Wir freuen uns auf Eure Unterst\u00fctzung.<\/p>\n\n\n\n<p>Kontakt: Ursel Wagner, Grafenberger Str. 33, 72658 Bempflingen;  <strong>0160 92644393<\/strong><\/p>\n\n\n\n<figure class=\"wp-block-image size-large\"><img loading=\"lazy\" decoding=\"async\" width=\"1024\" height=\"74\" src=\"https:\/\/www.kulturkurios.de\/wp-content\/uploads\/IconsBreit-1024x74.jpg\" alt=\"\" class=\"wp-image-4671\" srcset=\"https:\/\/www.kulturkurios.de\/wp-content\/uploads\/IconsBreit-1024x74.jpg 1024w, https:\/\/www.kulturkurios.de\/wp-content\/uploads\/IconsBreit-300x22.jpg 300w, https:\/\/www.kulturkurios.de\/wp-content\/uploads\/IconsBreit-768x55.jpg 768w, https:\/\/www.kulturkurios.de\/wp-content\/uploads\/IconsBreit-1536x111.jpg 1536w, https:\/\/www.kulturkurios.de\/wp-content\/uploads\/IconsBreit-1200x86.jpg 1200w, https:\/\/www.kulturkurios.de\/wp-content\/uploads\/IconsBreit.jpg 1597w\" sizes=\"auto, (max-width: 709px) 85vw, (max-width: 909px) 67vw, (max-width: 1362px) 62vw, 840px\" \/><\/figure>\n","protected":false},"excerpt":{"rendered":"<p>Ein herzliches Dankesch\u00f6n!!! Mit Eurer Unterst\u00fctzung haben wir an die 200 P\u00e4ckchen zusammen bekommen. Sie wurden in Kartons verpackt, um gesch\u00fctzt die erste Etappe der Reise antreten zu k\u00f6nnen! Mittlerweile wurden sie nach T\u00fcbingen gebracht. Die Helfer von \u201eT\u00fcbingen hilft Ukraine\u201c werden diese zum Kinderheim nach Kiew bringen. Auch vielen Dank den Geldspendern \u2013 in &hellip; <a href=\"https:\/\/www.kulturkurios.de\/?page_id=4664\" class=\"more-link\"><span class=\"screen-reader-text\">\u201eWeihnachten im Schuhkarton f\u00fcr Waisenkinder in der Ukraine\u201c <\/span>weiterlesen<\/a><\/p>\n","protected":false},"author":2,"featured_media":0,"parent":0,"menu_order":0,"comment_status":"closed","ping_status":"closed","template":"","meta":{"footnotes":""},"class_list":["post-4664","page","type-page","status-publish","hentry"],"_links":{"self":[{"href":"https:\/\/www.kulturkurios.de\/index.php?rest_route=\/wp\/v2\/pages\/4664","targetHints":{"allow":["GET"]}}],"collection":[{"href":"https:\/\/www.kulturkurios.de\/index.php?rest_route=\/wp\/v2\/pages"}],"about":[{"href":"https:\/\/www.kulturkurios.de\/index.php?rest_route=\/wp\/v2\/types\/page"}],"author":[{"embeddable":true,"href":"https:\/\/www.kulturkurios.de\/index.php?rest_route=\/wp\/v2\/users\/2"}],"replies":[{"embeddable":true,"href":"https:\/\/www.kulturkurios.de\/index.php?rest_route=%2Fwp%2Fv2%2Fcomments&post=4664"}],"version-history":[{"count":6,"href":"https:\/\/www.kulturkurios.de\/index.php?rest_route=\/wp\/v2\/pages\/4664\/revisions"}],"predecessor-version":[{"id":4734,"href":"https:\/\/www.kulturkurios.de\/index.php?rest_route=\/wp\/v2\/pages\/4664\/revisions\/4734"}],"wp:attachment":[{"href":"https:\/\/www.kulturkurios.de\/index.php?rest_route=%2Fwp%2Fv2%2Fmedia&parent=4664"}],"curies":[{"name":"wp","href":"https:\/\/api.w.org\/{rel}","templated":true}]}}