{"id":4632,"date":"2022-10-11T19:54:35","date_gmt":"2022-10-11T17:54:35","guid":{"rendered":"https:\/\/www.kulturkurios.de\/?page_id=4632"},"modified":"2023-01-04T16:22:30","modified_gmt":"2023-01-04T15:22:30","slug":"adventskalender-2022","status":"publish","type":"page","link":"https:\/\/www.kulturkurios.de\/?page_id=4632","title":{"rendered":"Adventskalender 2022"},"content":{"rendered":"\n<figure class=\"wp-block-image size-large\"><img loading=\"lazy\" decoding=\"async\" width=\"1024\" height=\"511\" src=\"https:\/\/www.kulturkurios.de\/wp-content\/uploads\/KuKuKl_AdvKal_Ende-22-1024x511.jpg\" alt=\"\" class=\"wp-image-4893\" srcset=\"https:\/\/www.kulturkurios.de\/wp-content\/uploads\/KuKuKl_AdvKal_Ende-22-1024x511.jpg 1024w, https:\/\/www.kulturkurios.de\/wp-content\/uploads\/KuKuKl_AdvKal_Ende-22-300x150.jpg 300w, https:\/\/www.kulturkurios.de\/wp-content\/uploads\/KuKuKl_AdvKal_Ende-22-768x383.jpg 768w, https:\/\/www.kulturkurios.de\/wp-content\/uploads\/KuKuKl_AdvKal_Ende-22-1536x766.jpg 1536w, https:\/\/www.kulturkurios.de\/wp-content\/uploads\/KuKuKl_AdvKal_Ende-22-1200x598.jpg 1200w, https:\/\/www.kulturkurios.de\/wp-content\/uploads\/KuKuKl_AdvKal_Ende-22.jpg 1558w\" sizes=\"auto, (max-width: 709px) 85vw, (max-width: 909px) 67vw, (max-width: 1362px) 62vw, 840px\" \/><\/figure>\n\n\n\n<p><\/p>\n\n\n\n<p>Auch 2022 leuchteten beim <strong>21. K<\/strong><strong>leinbettlinger Adventskalender<\/strong> die Fenster.<\/p>\n\n\n\n<p>Es waren wundersch\u00f6ne Fenster von ganz neuen und auch von altbekannten Fenstermacher:Innen. Es gab viel Musik in der Schule, eine selbst ausgedachte Geschichte im Kindergarten, rotierende Weihnachtsb\u00e4ume und flackernde Sterne. Das Ch\u00f6rle durfte nach zwei Jahren Pause wieder singen und zum Jubil\u00e4um brannten gleich 20 Sonnwendfeuer gleichzeitig.<\/p>\n\n\n\n<p><strong>Vielen Dank<\/strong> an alle <strong>Fenstergestalter<\/strong> in Kleinbettlingen und Bempflingen.<br><strong>Vielen Dank <\/strong>auch an alle <strong>Besucher <\/strong>der Fenster.<br>Besonderen Dank an das <strong>Organisationsteam<\/strong> im Hintergrund.<\/p>\n\n\n\n<p>Vielen Dank f\u00fcr die <strong>Spenden<\/strong>. Es kamen <strong>3.200 \u20ac <\/strong>\u2013 <em>Rekord <\/em>\u2013 zusammen. Die Spenden wurden bereits zu gleichen Teilen an die \u201e<strong>Clowns im Dienst<\/strong>\u201c (<a rel=\"noreferrer noopener\" href=\"http:\/\/www.clowns-im-dienst.de\/\" target=\"_blank\"><strong>www.clowns-im-dienst.de<\/strong><\/a>) und die \u201e<strong>Lischa-Himalaya\u201c <\/strong>(<em>Hilfe zur Selbsthilfe in Nepal<\/em> \u2013 <a href=\"http:\/\/www.lischa-himalaya.org\/\">www.lischa-himalaya.org<\/a>) \u00fcberwiesen.<\/p>\n\n\n\n<p>Der <strong>Kultur <\/strong><em><strong>Kurios<\/strong><\/em> w\u00fcnscht Ihnen ein gesundes, erf\u00fclltes und sch\u00f6nes Jahr <strong>2023<\/strong>.<\/p>\n\n\n\n<p><\/p>\n\n\n\n<figure class=\"wp-block-image size-full\"><img loading=\"lazy\" decoding=\"async\" width=\"714\" height=\"835\" src=\"https:\/\/www.kulturkurios.de\/wp-content\/uploads\/TabAdvKurz_20221129.jpg\" alt=\"\" class=\"wp-image-4735\" srcset=\"https:\/\/www.kulturkurios.de\/wp-content\/uploads\/TabAdvKurz_20221129.jpg 714w, https:\/\/www.kulturkurios.de\/wp-content\/uploads\/TabAdvKurz_20221129-257x300.jpg 257w\" sizes=\"auto, (max-width: 714px) 85vw, 714px\" \/><\/figure>\n\n\n\n<p><\/p>\n\n\n\n<p>Auch <a href=\"https:\/\/www.kulturkurios.de\/?page_id=4367\" data-type=\"page\" data-id=\"4367\">2021 gab es einen Adventskalender&#8230;<\/a><\/p>\n\n\n\n<p>Auf einer <a href=\"https:\/\/www.kulturkurios.de\/?page_id=4710\" data-type=\"page\" data-id=\"4710\">eigenen Seite finden Sie <strong>a l l e<\/strong> Bilder<\/a> des Kalenders 2022.<\/p>\n\n\n\n<p>Hier die <strong>Fensterbilder <\/strong>&#8211; auf ein Bild klicken, um die Fotoshow zu starten.<\/p>\n\n\n\n<figure class=\"wp-block-gallery has-nested-images columns-default is-cropped wp-block-gallery-1 is-layout-flex wp-block-gallery-is-layout-flex\">\n<figure class=\"wp-block-image size-full\"><img loading=\"lazy\" decoding=\"async\" width=\"968\" height=\"617\" data-id=\"4747\" src=\"https:\/\/www.kulturkurios.de\/wp-content\/uploads\/AdvKal22-01c.jpg\" alt=\"\" class=\"wp-image-4747\" srcset=\"https:\/\/www.kulturkurios.de\/wp-content\/uploads\/AdvKal22-01c.jpg 968w, https:\/\/www.kulturkurios.de\/wp-content\/uploads\/AdvKal22-01c-300x191.jpg 300w, https:\/\/www.kulturkurios.de\/wp-content\/uploads\/AdvKal22-01c-768x490.jpg 768w\" sizes=\"auto, (max-width: 709px) 85vw, (max-width: 909px) 67vw, (max-width: 1362px) 62vw, 840px\" \/><figcaption class=\"wp-element-caption\">01. Dez. 2022<\/figcaption><\/figure>\n\n\n\n<figure class=\"wp-block-image size-large\"><img loading=\"lazy\" decoding=\"async\" width=\"842\" height=\"864\" data-id=\"3892\" src=\"https:\/\/www.kulturkurios.de\/wp-content\/uploads\/AdvKal02.jpg\" alt=\"\" class=\"wp-image-3892\" srcset=\"https:\/\/www.kulturkurios.de\/wp-content\/uploads\/AdvKal02.jpg 842w, https:\/\/www.kulturkurios.de\/wp-content\/uploads\/AdvKal02-292x300.jpg 292w, https:\/\/www.kulturkurios.de\/wp-content\/uploads\/AdvKal02-768x788.jpg 768w\" sizes=\"auto, (max-width: 709px) 85vw, (max-width: 909px) 67vw, (max-width: 1362px) 62vw, 840px\" \/><figcaption class=\"wp-element-caption\">02<\/figcaption><\/figure>\n\n\n\n<figure class=\"wp-block-image size-large\"><img loading=\"lazy\" decoding=\"async\" width=\"747\" height=\"957\" data-id=\"4761\" src=\"https:\/\/www.kulturkurios.de\/wp-content\/uploads\/AdvKal22-03a.jpg\" alt=\"\" class=\"wp-image-4761\" srcset=\"https:\/\/www.kulturkurios.de\/wp-content\/uploads\/AdvKal22-03a.jpg 747w, https:\/\/www.kulturkurios.de\/wp-content\/uploads\/AdvKal22-03a-234x300.jpg 234w\" sizes=\"auto, (max-width: 747px) 85vw, 747px\" \/><figcaption class=\"wp-element-caption\">03. Dez<\/figcaption><\/figure>\n\n\n\n<figure class=\"wp-block-image size-large\"><img loading=\"lazy\" decoding=\"async\" width=\"768\" height=\"1024\" data-id=\"4770\" src=\"https:\/\/www.kulturkurios.de\/wp-content\/uploads\/AdvKal22-04a.jpg\" alt=\"\" class=\"wp-image-4770\" srcset=\"https:\/\/www.kulturkurios.de\/wp-content\/uploads\/AdvKal22-04a.jpg 768w, https:\/\/www.kulturkurios.de\/wp-content\/uploads\/AdvKal22-04a-225x300.jpg 225w\" sizes=\"auto, (max-width: 768px) 85vw, 768px\" \/><figcaption class=\"wp-element-caption\">04. Dez<\/figcaption><\/figure>\n\n\n\n<figure class=\"wp-block-image size-large\"><img loading=\"lazy\" decoding=\"async\" width=\"345\" height=\"662\" data-id=\"4780\" src=\"https:\/\/www.kulturkurios.de\/wp-content\/uploads\/AdvKal22-05a.jpg\" alt=\"\" class=\"wp-image-4780\" srcset=\"https:\/\/www.kulturkurios.de\/wp-content\/uploads\/AdvKal22-05a.jpg 345w, https:\/\/www.kulturkurios.de\/wp-content\/uploads\/AdvKal22-05a-156x300.jpg 156w\" sizes=\"auto, (max-width: 345px) 85vw, 345px\" \/><figcaption class=\"wp-element-caption\">05. Dez<\/figcaption><\/figure>\n\n\n\n<figure class=\"wp-block-image size-large\"><img loading=\"lazy\" decoding=\"async\" width=\"1024\" height=\"764\" data-id=\"4788\" src=\"https:\/\/www.kulturkurios.de\/wp-content\/uploads\/AdvKal22-06a-1024x764.jpg\" alt=\"\" class=\"wp-image-4788\" srcset=\"https:\/\/www.kulturkurios.de\/wp-content\/uploads\/AdvKal22-06a-1024x764.jpg 1024w, https:\/\/www.kulturkurios.de\/wp-content\/uploads\/AdvKal22-06a-300x224.jpg 300w, https:\/\/www.kulturkurios.de\/wp-content\/uploads\/AdvKal22-06a-768x573.jpg 768w, https:\/\/www.kulturkurios.de\/wp-content\/uploads\/AdvKal22-06a-1200x896.jpg 1200w, https:\/\/www.kulturkurios.de\/wp-content\/uploads\/AdvKal22-06a.jpg 1317w\" sizes=\"auto, (max-width: 709px) 85vw, (max-width: 909px) 67vw, (max-width: 1362px) 62vw, 840px\" \/><figcaption class=\"wp-element-caption\">06. Dez<\/figcaption><\/figure>\n\n\n\n<figure class=\"wp-block-image size-large\"><img loading=\"lazy\" decoding=\"async\" width=\"842\" height=\"864\" data-id=\"3897\" src=\"https:\/\/www.kulturkurios.de\/wp-content\/uploads\/AdvKal07.jpg\" alt=\"\" class=\"wp-image-3897\" srcset=\"https:\/\/www.kulturkurios.de\/wp-content\/uploads\/AdvKal07.jpg 842w, https:\/\/www.kulturkurios.de\/wp-content\/uploads\/AdvKal07-292x300.jpg 292w, https:\/\/www.kulturkurios.de\/wp-content\/uploads\/AdvKal07-768x788.jpg 768w\" sizes=\"auto, (max-width: 709px) 85vw, (max-width: 909px) 67vw, (max-width: 1362px) 62vw, 840px\" \/><figcaption class=\"wp-element-caption\">07<\/figcaption><\/figure>\n\n\n\n<figure class=\"wp-block-image size-large\"><img loading=\"lazy\" decoding=\"async\" width=\"842\" height=\"864\" data-id=\"3898\" src=\"https:\/\/www.kulturkurios.de\/wp-content\/uploads\/AdvKal08.jpg\" alt=\"\" class=\"wp-image-3898\" srcset=\"https:\/\/www.kulturkurios.de\/wp-content\/uploads\/AdvKal08.jpg 842w, https:\/\/www.kulturkurios.de\/wp-content\/uploads\/AdvKal08-292x300.jpg 292w, https:\/\/www.kulturkurios.de\/wp-content\/uploads\/AdvKal08-768x788.jpg 768w\" sizes=\"auto, (max-width: 709px) 85vw, (max-width: 909px) 67vw, (max-width: 1362px) 62vw, 840px\" \/><figcaption class=\"wp-element-caption\">08<\/figcaption><\/figure>\n\n\n\n<figure class=\"wp-block-image size-large\"><img loading=\"lazy\" decoding=\"async\" width=\"1024\" height=\"768\" data-id=\"4796\" src=\"https:\/\/www.kulturkurios.de\/wp-content\/uploads\/AdvKal22-09a-1024x768.jpg\" alt=\"\" class=\"wp-image-4796\" srcset=\"https:\/\/www.kulturkurios.de\/wp-content\/uploads\/AdvKal22-09a-1024x768.jpg 1024w, https:\/\/www.kulturkurios.de\/wp-content\/uploads\/AdvKal22-09a-300x225.jpg 300w, https:\/\/www.kulturkurios.de\/wp-content\/uploads\/AdvKal22-09a-768x576.jpg 768w, https:\/\/www.kulturkurios.de\/wp-content\/uploads\/AdvKal22-09a-1200x900.jpg 1200w, https:\/\/www.kulturkurios.de\/wp-content\/uploads\/AdvKal22-09a.jpg 1316w\" sizes=\"auto, (max-width: 709px) 85vw, (max-width: 909px) 67vw, (max-width: 1362px) 62vw, 840px\" \/><figcaption class=\"wp-element-caption\">09. Dez<\/figcaption><\/figure>\n\n\n\n<figure class=\"wp-block-image size-large\"><img loading=\"lazy\" decoding=\"async\" width=\"850\" height=\"893\" data-id=\"4803\" src=\"https:\/\/www.kulturkurios.de\/wp-content\/uploads\/AdvKal22-10a.jpg\" alt=\"\" class=\"wp-image-4803\" srcset=\"https:\/\/www.kulturkurios.de\/wp-content\/uploads\/AdvKal22-10a.jpg 850w, https:\/\/www.kulturkurios.de\/wp-content\/uploads\/AdvKal22-10a-286x300.jpg 286w, https:\/\/www.kulturkurios.de\/wp-content\/uploads\/AdvKal22-10a-768x807.jpg 768w\" sizes=\"auto, (max-width: 709px) 85vw, (max-width: 909px) 67vw, (max-width: 1362px) 62vw, 840px\" \/><figcaption class=\"wp-element-caption\">10. Dez<\/figcaption><\/figure>\n\n\n\n<figure class=\"wp-block-image size-large\"><img loading=\"lazy\" decoding=\"async\" width=\"842\" height=\"864\" data-id=\"3900\" src=\"https:\/\/www.kulturkurios.de\/wp-content\/uploads\/AdvKal10.jpg\" alt=\"\" class=\"wp-image-3900\" srcset=\"https:\/\/www.kulturkurios.de\/wp-content\/uploads\/AdvKal10.jpg 842w, https:\/\/www.kulturkurios.de\/wp-content\/uploads\/AdvKal10-292x300.jpg 292w, https:\/\/www.kulturkurios.de\/wp-content\/uploads\/AdvKal10-768x788.jpg 768w\" sizes=\"auto, (max-width: 709px) 85vw, (max-width: 909px) 67vw, (max-width: 1362px) 62vw, 840px\" \/><figcaption class=\"wp-element-caption\">11<\/figcaption><\/figure>\n\n\n\n<figure class=\"wp-block-image size-large\"><img loading=\"lazy\" decoding=\"async\" width=\"1024\" height=\"690\" data-id=\"4818\" src=\"https:\/\/www.kulturkurios.de\/wp-content\/uploads\/AdvKal22-12a-1024x690.jpg\" alt=\"\" class=\"wp-image-4818\" srcset=\"https:\/\/www.kulturkurios.de\/wp-content\/uploads\/AdvKal22-12a-1024x690.jpg 1024w, https:\/\/www.kulturkurios.de\/wp-content\/uploads\/AdvKal22-12a-300x202.jpg 300w, https:\/\/www.kulturkurios.de\/wp-content\/uploads\/AdvKal22-12a-768x517.jpg 768w, https:\/\/www.kulturkurios.de\/wp-content\/uploads\/AdvKal22-12a-1200x808.jpg 1200w, https:\/\/www.kulturkurios.de\/wp-content\/uploads\/AdvKal22-12a.jpg 1428w\" sizes=\"auto, (max-width: 709px) 85vw, (max-width: 909px) 67vw, (max-width: 1362px) 62vw, 840px\" \/><figcaption class=\"wp-element-caption\">12. Dez<\/figcaption><\/figure>\n\n\n\n<figure class=\"wp-block-image size-large\"><img loading=\"lazy\" decoding=\"async\" width=\"842\" height=\"864\" data-id=\"3903\" src=\"https:\/\/www.kulturkurios.de\/wp-content\/uploads\/AdvKal13.jpg\" alt=\"\" class=\"wp-image-3903\" srcset=\"https:\/\/www.kulturkurios.de\/wp-content\/uploads\/AdvKal13.jpg 842w, https:\/\/www.kulturkurios.de\/wp-content\/uploads\/AdvKal13-292x300.jpg 292w, https:\/\/www.kulturkurios.de\/wp-content\/uploads\/AdvKal13-768x788.jpg 768w\" sizes=\"auto, (max-width: 709px) 85vw, (max-width: 909px) 67vw, (max-width: 1362px) 62vw, 840px\" \/><figcaption class=\"wp-element-caption\">13<\/figcaption><\/figure>\n\n\n\n<figure class=\"wp-block-image size-large\"><img loading=\"lazy\" decoding=\"async\" width=\"1024\" height=\"563\" data-id=\"4827\" src=\"https:\/\/www.kulturkurios.de\/wp-content\/uploads\/AdvKal22-14a-1024x563.jpg\" alt=\"\" class=\"wp-image-4827\" srcset=\"https:\/\/www.kulturkurios.de\/wp-content\/uploads\/AdvKal22-14a-1024x563.jpg 1024w, https:\/\/www.kulturkurios.de\/wp-content\/uploads\/AdvKal22-14a-300x165.jpg 300w, https:\/\/www.kulturkurios.de\/wp-content\/uploads\/AdvKal22-14a-768x422.jpg 768w, https:\/\/www.kulturkurios.de\/wp-content\/uploads\/AdvKal22-14a-1536x845.jpg 1536w, https:\/\/www.kulturkurios.de\/wp-content\/uploads\/AdvKal22-14a-1200x660.jpg 1200w, https:\/\/www.kulturkurios.de\/wp-content\/uploads\/AdvKal22-14a.jpg 1700w\" sizes=\"auto, (max-width: 709px) 85vw, (max-width: 909px) 67vw, (max-width: 1362px) 62vw, 840px\" \/><figcaption class=\"wp-element-caption\">14. Dez<\/figcaption><\/figure>\n\n\n\n<figure class=\"wp-block-image size-large\"><img loading=\"lazy\" decoding=\"async\" width=\"1024\" height=\"621\" data-id=\"4835\" src=\"https:\/\/www.kulturkurios.de\/wp-content\/uploads\/AdvKal22-15a-1024x621.jpg\" alt=\"\" class=\"wp-image-4835\" srcset=\"https:\/\/www.kulturkurios.de\/wp-content\/uploads\/AdvKal22-15a-1024x621.jpg 1024w, https:\/\/www.kulturkurios.de\/wp-content\/uploads\/AdvKal22-15a-300x182.jpg 300w, https:\/\/www.kulturkurios.de\/wp-content\/uploads\/AdvKal22-15a-768x465.jpg 768w, https:\/\/www.kulturkurios.de\/wp-content\/uploads\/AdvKal22-15a.jpg 1038w\" sizes=\"auto, (max-width: 709px) 85vw, (max-width: 909px) 67vw, (max-width: 1362px) 62vw, 840px\" \/><figcaption class=\"wp-element-caption\">15. Dez<\/figcaption><\/figure>\n\n\n\n<figure class=\"wp-block-image size-large\"><img loading=\"lazy\" decoding=\"async\" width=\"803\" height=\"679\" data-id=\"4846\" src=\"https:\/\/www.kulturkurios.de\/wp-content\/uploads\/AdvKal22-16a.jpg\" alt=\"\" class=\"wp-image-4846\" srcset=\"https:\/\/www.kulturkurios.de\/wp-content\/uploads\/AdvKal22-16a.jpg 803w, https:\/\/www.kulturkurios.de\/wp-content\/uploads\/AdvKal22-16a-300x254.jpg 300w, https:\/\/www.kulturkurios.de\/wp-content\/uploads\/AdvKal22-16a-768x649.jpg 768w\" sizes=\"auto, (max-width: 803px) 85vw, 803px\" \/><figcaption class=\"wp-element-caption\">16. Dez<\/figcaption><\/figure>\n\n\n\n<figure class=\"wp-block-image size-large\"><img loading=\"lazy\" decoding=\"async\" width=\"842\" height=\"864\" data-id=\"3908\" src=\"https:\/\/www.kulturkurios.de\/wp-content\/uploads\/AdvKal17.jpg\" alt=\"\" class=\"wp-image-3908\" srcset=\"https:\/\/www.kulturkurios.de\/wp-content\/uploads\/AdvKal17.jpg 842w, https:\/\/www.kulturkurios.de\/wp-content\/uploads\/AdvKal17-292x300.jpg 292w, https:\/\/www.kulturkurios.de\/wp-content\/uploads\/AdvKal17-768x788.jpg 768w\" sizes=\"auto, (max-width: 709px) 85vw, (max-width: 909px) 67vw, (max-width: 1362px) 62vw, 840px\" \/><figcaption class=\"wp-element-caption\">17<\/figcaption><\/figure>\n\n\n\n<figure class=\"wp-block-image size-large\"><img loading=\"lazy\" decoding=\"async\" width=\"620\" height=\"853\" data-id=\"4854\" src=\"https:\/\/www.kulturkurios.de\/wp-content\/uploads\/AdvKal22-18a.jpg\" alt=\"\" class=\"wp-image-4854\" srcset=\"https:\/\/www.kulturkurios.de\/wp-content\/uploads\/AdvKal22-18a.jpg 620w, https:\/\/www.kulturkurios.de\/wp-content\/uploads\/AdvKal22-18a-218x300.jpg 218w\" sizes=\"auto, (max-width: 620px) 85vw, 620px\" \/><figcaption class=\"wp-element-caption\">18. Dez<\/figcaption><\/figure>\n\n\n\n<figure class=\"wp-block-image size-large\"><img loading=\"lazy\" decoding=\"async\" width=\"842\" height=\"864\" data-id=\"3910\" src=\"https:\/\/www.kulturkurios.de\/wp-content\/uploads\/AdvKal19.jpg\" alt=\"\" class=\"wp-image-3910\" srcset=\"https:\/\/www.kulturkurios.de\/wp-content\/uploads\/AdvKal19.jpg 842w, https:\/\/www.kulturkurios.de\/wp-content\/uploads\/AdvKal19-292x300.jpg 292w, https:\/\/www.kulturkurios.de\/wp-content\/uploads\/AdvKal19-768x788.jpg 768w\" sizes=\"auto, (max-width: 709px) 85vw, (max-width: 909px) 67vw, (max-width: 1362px) 62vw, 840px\" \/><figcaption class=\"wp-element-caption\">19<\/figcaption><\/figure>\n\n\n\n<figure class=\"wp-block-image size-large\"><img loading=\"lazy\" decoding=\"async\" width=\"842\" height=\"864\" data-id=\"3911\" src=\"https:\/\/www.kulturkurios.de\/wp-content\/uploads\/AdvKal20.jpg\" alt=\"\" class=\"wp-image-3911\" srcset=\"https:\/\/www.kulturkurios.de\/wp-content\/uploads\/AdvKal20.jpg 842w, https:\/\/www.kulturkurios.de\/wp-content\/uploads\/AdvKal20-292x300.jpg 292w, https:\/\/www.kulturkurios.de\/wp-content\/uploads\/AdvKal20-768x788.jpg 768w\" sizes=\"auto, (max-width: 709px) 85vw, (max-width: 909px) 67vw, (max-width: 1362px) 62vw, 840px\" \/><figcaption class=\"wp-element-caption\">20<\/figcaption><\/figure>\n\n\n\n<figure class=\"wp-block-image size-large\"><img loading=\"lazy\" decoding=\"async\" width=\"1024\" height=\"591\" data-id=\"4863\" src=\"https:\/\/www.kulturkurios.de\/wp-content\/uploads\/AdvKal22-21a-1024x591.jpg\" alt=\"\" class=\"wp-image-4863\" srcset=\"https:\/\/www.kulturkurios.de\/wp-content\/uploads\/AdvKal22-21a-1024x591.jpg 1024w, https:\/\/www.kulturkurios.de\/wp-content\/uploads\/AdvKal22-21a-300x173.jpg 300w, https:\/\/www.kulturkurios.de\/wp-content\/uploads\/AdvKal22-21a-768x444.jpg 768w, https:\/\/www.kulturkurios.de\/wp-content\/uploads\/AdvKal22-21a-1536x887.jpg 1536w, https:\/\/www.kulturkurios.de\/wp-content\/uploads\/AdvKal22-21a-1200x693.jpg 1200w, https:\/\/www.kulturkurios.de\/wp-content\/uploads\/AdvKal22-21a.jpg 1645w\" sizes=\"auto, (max-width: 709px) 85vw, (max-width: 909px) 67vw, (max-width: 1362px) 62vw, 840px\" \/><figcaption class=\"wp-element-caption\">21. Dez<\/figcaption><\/figure>\n\n\n\n<figure class=\"wp-block-image size-large\"><img loading=\"lazy\" decoding=\"async\" width=\"1024\" height=\"682\" data-id=\"4877\" src=\"https:\/\/www.kulturkurios.de\/wp-content\/uploads\/AdvKal22-22a-1024x682.jpg\" alt=\"\" class=\"wp-image-4877\" srcset=\"https:\/\/www.kulturkurios.de\/wp-content\/uploads\/AdvKal22-22a-1024x682.jpg 1024w, https:\/\/www.kulturkurios.de\/wp-content\/uploads\/AdvKal22-22a-300x200.jpg 300w, https:\/\/www.kulturkurios.de\/wp-content\/uploads\/AdvKal22-22a-768x511.jpg 768w, https:\/\/www.kulturkurios.de\/wp-content\/uploads\/AdvKal22-22a-1200x799.jpg 1200w, https:\/\/www.kulturkurios.de\/wp-content\/uploads\/AdvKal22-22a.jpg 1356w\" sizes=\"auto, (max-width: 709px) 85vw, (max-width: 909px) 67vw, (max-width: 1362px) 62vw, 840px\" \/><figcaption class=\"wp-element-caption\">22. Dez<\/figcaption><\/figure>\n\n\n\n<figure class=\"wp-block-image size-large\"><img loading=\"lazy\" decoding=\"async\" width=\"842\" height=\"864\" data-id=\"3914\" src=\"https:\/\/www.kulturkurios.de\/wp-content\/uploads\/AdvKal23.jpg\" alt=\"\" class=\"wp-image-3914\" srcset=\"https:\/\/www.kulturkurios.de\/wp-content\/uploads\/AdvKal23.jpg 842w, https:\/\/www.kulturkurios.de\/wp-content\/uploads\/AdvKal23-292x300.jpg 292w, https:\/\/www.kulturkurios.de\/wp-content\/uploads\/AdvKal23-768x788.jpg 768w\" sizes=\"auto, (max-width: 709px) 85vw, (max-width: 909px) 67vw, (max-width: 1362px) 62vw, 840px\" \/><figcaption class=\"wp-element-caption\">23<\/figcaption><\/figure>\n\n\n\n<figure class=\"wp-block-image size-large\"><img loading=\"lazy\" decoding=\"async\" width=\"1024\" height=\"746\" data-id=\"4884\" src=\"https:\/\/www.kulturkurios.de\/wp-content\/uploads\/AdvKal22-24a-1024x746.jpg\" alt=\"\" class=\"wp-image-4884\" srcset=\"https:\/\/www.kulturkurios.de\/wp-content\/uploads\/AdvKal22-24a-1024x746.jpg 1024w, https:\/\/www.kulturkurios.de\/wp-content\/uploads\/AdvKal22-24a-300x219.jpg 300w, https:\/\/www.kulturkurios.de\/wp-content\/uploads\/AdvKal22-24a-768x559.jpg 768w, https:\/\/www.kulturkurios.de\/wp-content\/uploads\/AdvKal22-24a-1200x874.jpg 1200w, https:\/\/www.kulturkurios.de\/wp-content\/uploads\/AdvKal22-24a.jpg 1359w\" sizes=\"auto, (max-width: 709px) 85vw, (max-width: 909px) 67vw, (max-width: 1362px) 62vw, 840px\" \/><figcaption class=\"wp-element-caption\">24. Dez<\/figcaption><\/figure>\n<\/figure>\n\n\n\n<p><\/p>\n\n\n\n<p>Auf einer <a href=\"https:\/\/www.kulturkurios.de\/?page_id=4710\" data-type=\"page\" data-id=\"4710\">eigenen Seite finden Sie <strong>a l l e<\/strong> Bilder<\/a> des Kalenders 2022.<\/p>\n","protected":false},"excerpt":{"rendered":"<p>Auch 2022 leuchteten beim 21. Kleinbettlinger Adventskalender die Fenster. Es waren wundersch\u00f6ne Fenster von ganz neuen und auch von altbekannten Fenstermacher:Innen. Es gab viel Musik in der Schule, eine selbst ausgedachte Geschichte im Kindergarten, rotierende Weihnachtsb\u00e4ume und flackernde Sterne. Das Ch\u00f6rle durfte nach zwei Jahren Pause wieder singen und zum Jubil\u00e4um brannten gleich 20 Sonnwendfeuer &hellip; <a href=\"https:\/\/www.kulturkurios.de\/?page_id=4632\" class=\"more-link\"><span class=\"screen-reader-text\">\u201eAdventskalender 2022\u201c <\/span>weiterlesen<\/a><\/p>\n","protected":false},"author":2,"featured_media":0,"parent":0,"menu_order":0,"comment_status":"closed","ping_status":"closed","template":"","meta":{"footnotes":""},"class_list":["post-4632","page","type-page","status-publish","hentry"],"_links":{"self":[{"href":"https:\/\/www.kulturkurios.de\/index.php?rest_route=\/wp\/v2\/pages\/4632","targetHints":{"allow":["GET"]}}],"collection":[{"href":"https:\/\/www.kulturkurios.de\/index.php?rest_route=\/wp\/v2\/pages"}],"about":[{"href":"https:\/\/www.kulturkurios.de\/index.php?rest_route=\/wp\/v2\/types\/page"}],"author":[{"embeddable":true,"href":"https:\/\/www.kulturkurios.de\/index.php?rest_route=\/wp\/v2\/users\/2"}],"replies":[{"embeddable":true,"href":"https:\/\/www.kulturkurios.de\/index.php?rest_route=%2Fwp%2Fv2%2Fcomments&post=4632"}],"version-history":[{"count":40,"href":"https:\/\/www.kulturkurios.de\/index.php?rest_route=\/wp\/v2\/pages\/4632\/revisions"}],"predecessor-version":[{"id":4895,"href":"https:\/\/www.kulturkurios.de\/index.php?rest_route=\/wp\/v2\/pages\/4632\/revisions\/4895"}],"wp:attachment":[{"href":"https:\/\/www.kulturkurios.de\/index.php?rest_route=%2Fwp%2Fv2%2Fmedia&parent=4632"}],"curies":[{"name":"wp","href":"https:\/\/api.w.org\/{rel}","templated":true}]}}