{"id":4623,"date":"2022-10-05T19:34:32","date_gmt":"2022-10-05T17:34:32","guid":{"rendered":"https:\/\/www.kulturkurios.de\/?page_id=4623"},"modified":"2022-10-25T20:18:11","modified_gmt":"2022-10-25T18:18:11","slug":"jhv-2022","status":"publish","type":"page","link":"https:\/\/www.kulturkurios.de\/?page_id=4623","title":{"rendered":"JHV 2022"},"content":{"rendered":"\n<h2 class=\"wp-block-heading\">Am 23. Oktober in der Trost-M\u00fchle.<\/h2>\n\n\n\n<p>Wir haben am Sonntag unser 20 j\u00e4hriges Jubil\u00e4um wundersch\u00f6n in der Trost-M\u00fchle gefeiert und unsere JHV durchgef\u00fchrt.<\/p>\n\n\n\n<p>Vielen Dank an unsere Gastgeber Andrea und Mark und allen, die zu dem tollen Gelingen beigetragen haben.<\/p>\n\n\n\n<figure class=\"wp-block-gallery has-nested-images columns-default is-cropped wp-block-gallery-1 is-layout-flex wp-block-gallery-is-layout-flex\">\n<figure class=\"wp-block-image size-large\"><img loading=\"lazy\" decoding=\"async\" width=\"1024\" height=\"647\" data-id=\"4679\" src=\"https:\/\/www.kulturkurios.de\/wp-content\/uploads\/JHV22-01-1024x647.jpg\" alt=\"\" class=\"wp-image-4679\" srcset=\"https:\/\/www.kulturkurios.de\/wp-content\/uploads\/JHV22-01-1024x647.jpg 1024w, https:\/\/www.kulturkurios.de\/wp-content\/uploads\/JHV22-01-300x190.jpg 300w, https:\/\/www.kulturkurios.de\/wp-content\/uploads\/JHV22-01-768x485.jpg 768w, https:\/\/www.kulturkurios.de\/wp-content\/uploads\/JHV22-01-1200x758.jpg 1200w, https:\/\/www.kulturkurios.de\/wp-content\/uploads\/JHV22-01.jpg 1301w\" sizes=\"auto, (max-width: 709px) 85vw, (max-width: 909px) 67vw, (max-width: 1362px) 62vw, 840px\" \/><\/figure>\n\n\n\n<figure class=\"wp-block-image size-large\"><img loading=\"lazy\" decoding=\"async\" width=\"433\" height=\"732\" data-id=\"4675\" src=\"https:\/\/www.kulturkurios.de\/wp-content\/uploads\/JHV22-02.jpg\" alt=\"\" class=\"wp-image-4675\" srcset=\"https:\/\/www.kulturkurios.de\/wp-content\/uploads\/JHV22-02.jpg 433w, https:\/\/www.kulturkurios.de\/wp-content\/uploads\/JHV22-02-177x300.jpg 177w\" sizes=\"auto, (max-width: 433px) 85vw, 433px\" \/><\/figure>\n\n\n\n<figure class=\"wp-block-image size-large\"><img loading=\"lazy\" decoding=\"async\" width=\"1024\" height=\"615\" data-id=\"4680\" src=\"https:\/\/www.kulturkurios.de\/wp-content\/uploads\/JHV22-03-1024x615.jpg\" alt=\"\" class=\"wp-image-4680\" srcset=\"https:\/\/www.kulturkurios.de\/wp-content\/uploads\/JHV22-03-1024x615.jpg 1024w, https:\/\/www.kulturkurios.de\/wp-content\/uploads\/JHV22-03-300x180.jpg 300w, https:\/\/www.kulturkurios.de\/wp-content\/uploads\/JHV22-03-768x462.jpg 768w, https:\/\/www.kulturkurios.de\/wp-content\/uploads\/JHV22-03-1200x721.jpg 1200w, https:\/\/www.kulturkurios.de\/wp-content\/uploads\/JHV22-03.jpg 1298w\" sizes=\"auto, (max-width: 709px) 85vw, (max-width: 909px) 67vw, (max-width: 1362px) 62vw, 840px\" \/><\/figure>\n\n\n\n<figure class=\"wp-block-image size-large\"><img loading=\"lazy\" decoding=\"async\" width=\"729\" height=\"976\" data-id=\"4677\" src=\"https:\/\/www.kulturkurios.de\/wp-content\/uploads\/JHV22-03b.jpg\" alt=\"\" class=\"wp-image-4677\" srcset=\"https:\/\/www.kulturkurios.de\/wp-content\/uploads\/JHV22-03b.jpg 729w, https:\/\/www.kulturkurios.de\/wp-content\/uploads\/JHV22-03b-224x300.jpg 224w\" sizes=\"auto, (max-width: 729px) 85vw, 729px\" \/><\/figure>\n\n\n\n<figure class=\"wp-block-image size-large\"><img loading=\"lazy\" decoding=\"async\" width=\"1024\" height=\"737\" data-id=\"4676\" src=\"https:\/\/www.kulturkurios.de\/wp-content\/uploads\/JHV22-04a-1024x737.jpg\" alt=\"\" class=\"wp-image-4676\" srcset=\"https:\/\/www.kulturkurios.de\/wp-content\/uploads\/JHV22-04a-1024x737.jpg 1024w, https:\/\/www.kulturkurios.de\/wp-content\/uploads\/JHV22-04a-300x216.jpg 300w, https:\/\/www.kulturkurios.de\/wp-content\/uploads\/JHV22-04a-768x553.jpg 768w, https:\/\/www.kulturkurios.de\/wp-content\/uploads\/JHV22-04a.jpg 1174w\" sizes=\"auto, (max-width: 709px) 85vw, (max-width: 909px) 67vw, (max-width: 1362px) 62vw, 840px\" \/><\/figure>\n\n\n\n<figure class=\"wp-block-image size-large\"><img loading=\"lazy\" decoding=\"async\" width=\"1024\" height=\"808\" data-id=\"4678\" src=\"https:\/\/www.kulturkurios.de\/wp-content\/uploads\/JHV22-04b-1024x808.jpg\" alt=\"\" class=\"wp-image-4678\" srcset=\"https:\/\/www.kulturkurios.de\/wp-content\/uploads\/JHV22-04b-1024x808.jpg 1024w, https:\/\/www.kulturkurios.de\/wp-content\/uploads\/JHV22-04b-300x237.jpg 300w, https:\/\/www.kulturkurios.de\/wp-content\/uploads\/JHV22-04b-768x606.jpg 768w, https:\/\/www.kulturkurios.de\/wp-content\/uploads\/JHV22-04b.jpg 1108w\" sizes=\"auto, (max-width: 709px) 85vw, (max-width: 909px) 67vw, (max-width: 1362px) 62vw, 840px\" \/><\/figure>\n\n\n\n<figure class=\"wp-block-image size-large\"><img loading=\"lazy\" decoding=\"async\" width=\"1024\" height=\"483\" data-id=\"4682\" src=\"https:\/\/www.kulturkurios.de\/wp-content\/uploads\/JHV22-04c-1024x483.jpg\" alt=\"\" class=\"wp-image-4682\" srcset=\"https:\/\/www.kulturkurios.de\/wp-content\/uploads\/JHV22-04c-1024x483.jpg 1024w, https:\/\/www.kulturkurios.de\/wp-content\/uploads\/JHV22-04c-300x142.jpg 300w, https:\/\/www.kulturkurios.de\/wp-content\/uploads\/JHV22-04c-768x363.jpg 768w, https:\/\/www.kulturkurios.de\/wp-content\/uploads\/JHV22-04c-1200x567.jpg 1200w, https:\/\/www.kulturkurios.de\/wp-content\/uploads\/JHV22-04c.jpg 1309w\" sizes=\"auto, (max-width: 709px) 85vw, (max-width: 909px) 67vw, (max-width: 1362px) 62vw, 840px\" \/><\/figure>\n\n\n\n<figure class=\"wp-block-image size-large\"><img loading=\"lazy\" decoding=\"async\" width=\"719\" height=\"669\" data-id=\"4681\" src=\"https:\/\/www.kulturkurios.de\/wp-content\/uploads\/JHV22-04d.jpg\" alt=\"\" class=\"wp-image-4681\" srcset=\"https:\/\/www.kulturkurios.de\/wp-content\/uploads\/JHV22-04d.jpg 719w, https:\/\/www.kulturkurios.de\/wp-content\/uploads\/JHV22-04d-300x279.jpg 300w\" sizes=\"auto, (max-width: 719px) 85vw, 719px\" \/><\/figure>\n\n\n\n<figure class=\"wp-block-image size-large\"><img loading=\"lazy\" decoding=\"async\" width=\"1024\" height=\"463\" data-id=\"4683\" src=\"https:\/\/www.kulturkurios.de\/wp-content\/uploads\/JHV22-05-1024x463.jpg\" alt=\"\" class=\"wp-image-4683\" srcset=\"https:\/\/www.kulturkurios.de\/wp-content\/uploads\/JHV22-05-1024x463.jpg 1024w, https:\/\/www.kulturkurios.de\/wp-content\/uploads\/JHV22-05-300x136.jpg 300w, https:\/\/www.kulturkurios.de\/wp-content\/uploads\/JHV22-05-768x347.jpg 768w, https:\/\/www.kulturkurios.de\/wp-content\/uploads\/JHV22-05-1200x542.jpg 1200w, https:\/\/www.kulturkurios.de\/wp-content\/uploads\/JHV22-05.jpg 1299w\" sizes=\"auto, (max-width: 709px) 85vw, (max-width: 909px) 67vw, (max-width: 1362px) 62vw, 840px\" \/><\/figure>\n\n\n\n<figure class=\"wp-block-image size-large\"><img loading=\"lazy\" decoding=\"async\" width=\"1013\" height=\"882\" data-id=\"4684\" src=\"https:\/\/www.kulturkurios.de\/wp-content\/uploads\/JHV22-06.jpg\" alt=\"\" class=\"wp-image-4684\" srcset=\"https:\/\/www.kulturkurios.de\/wp-content\/uploads\/JHV22-06.jpg 1013w, https:\/\/www.kulturkurios.de\/wp-content\/uploads\/JHV22-06-300x261.jpg 300w, https:\/\/www.kulturkurios.de\/wp-content\/uploads\/JHV22-06-768x669.jpg 768w\" sizes=\"auto, (max-width: 709px) 85vw, (max-width: 909px) 67vw, (max-width: 1362px) 62vw, 840px\" \/><\/figure>\n\n\n\n<figure class=\"wp-block-image size-large\"><img loading=\"lazy\" decoding=\"async\" width=\"586\" height=\"927\" data-id=\"4685\" src=\"https:\/\/www.kulturkurios.de\/wp-content\/uploads\/JHV22-07.jpg\" alt=\"\" class=\"wp-image-4685\" srcset=\"https:\/\/www.kulturkurios.de\/wp-content\/uploads\/JHV22-07.jpg 586w, https:\/\/www.kulturkurios.de\/wp-content\/uploads\/JHV22-07-190x300.jpg 190w\" sizes=\"auto, (max-width: 586px) 85vw, 586px\" \/><\/figure>\n\n\n\n<figure class=\"wp-block-image size-large\"><img loading=\"lazy\" decoding=\"async\" width=\"1024\" height=\"472\" data-id=\"4687\" src=\"https:\/\/www.kulturkurios.de\/wp-content\/uploads\/JHV22-20-1024x472.jpg\" alt=\"\" class=\"wp-image-4687\" srcset=\"https:\/\/www.kulturkurios.de\/wp-content\/uploads\/JHV22-20-1024x472.jpg 1024w, https:\/\/www.kulturkurios.de\/wp-content\/uploads\/JHV22-20-300x138.jpg 300w, https:\/\/www.kulturkurios.de\/wp-content\/uploads\/JHV22-20-768x354.jpg 768w, https:\/\/www.kulturkurios.de\/wp-content\/uploads\/JHV22-20-1200x554.jpg 1200w, https:\/\/www.kulturkurios.de\/wp-content\/uploads\/JHV22-20.jpg 1279w\" sizes=\"auto, (max-width: 709px) 85vw, (max-width: 909px) 67vw, (max-width: 1362px) 62vw, 840px\" \/><\/figure>\n\n\n\n<figure class=\"wp-block-image size-large\"><img loading=\"lazy\" decoding=\"async\" width=\"1024\" height=\"631\" data-id=\"4686\" src=\"https:\/\/www.kulturkurios.de\/wp-content\/uploads\/JHV22-21-1024x631.jpg\" alt=\"\" class=\"wp-image-4686\" srcset=\"https:\/\/www.kulturkurios.de\/wp-content\/uploads\/JHV22-21-1024x631.jpg 1024w, https:\/\/www.kulturkurios.de\/wp-content\/uploads\/JHV22-21-300x185.jpg 300w, https:\/\/www.kulturkurios.de\/wp-content\/uploads\/JHV22-21-768x473.jpg 768w, https:\/\/www.kulturkurios.de\/wp-content\/uploads\/JHV22-21-1200x739.jpg 1200w, https:\/\/www.kulturkurios.de\/wp-content\/uploads\/JHV22-21.jpg 1221w\" sizes=\"auto, (max-width: 709px) 85vw, (max-width: 909px) 67vw, (max-width: 1362px) 62vw, 840px\" \/><\/figure>\n\n\n\n<figure class=\"wp-block-image size-large\"><img loading=\"lazy\" decoding=\"async\" width=\"657\" height=\"861\" data-id=\"4688\" src=\"https:\/\/www.kulturkurios.de\/wp-content\/uploads\/JHV22-22.jpg\" alt=\"\" class=\"wp-image-4688\" srcset=\"https:\/\/www.kulturkurios.de\/wp-content\/uploads\/JHV22-22.jpg 657w, https:\/\/www.kulturkurios.de\/wp-content\/uploads\/JHV22-22-229x300.jpg 229w\" sizes=\"auto, (max-width: 657px) 85vw, 657px\" \/><\/figure>\n<\/figure>\n\n\n\n<h2 class=\"wp-block-heading\"><strong>Einladung zur Jahreshauptversammlung 2022<\/strong><\/h2>\n\n\n\n<p>Liebe <strong>Mitglieder und Freunde<\/strong> unseres Vereins,<\/p>\n\n\n\n<p>am 22. Februar wurde unser Verein Kultur Kurios <strong>20 Jahre<\/strong> alt. In \u00fcber 200 <strong>typischen kuriosen Kultur-Events<\/strong> haben wir gefestet und gefeiert, gelacht, getanzt, gespielt, unz\u00e4hlige Kurse veranstaltet, sind gelaufen und gewandert, haben gekocht und gepicknickt, Kinos organisiert und Musiken gelauscht.<\/p>\n\n\n\n<p>Wir wollen mit Euch feiern und laden Euch herzlich ein zu<\/p>\n\n\n\n<p><strong>Kultur Kurios \u2013 ein Forum f\u00fcr Begegnung, Austausch und Kulturaktionen<\/strong> <br>Gemeinsames Pizza-Backen in der Trost-M\u00fchle Bempflingen<br>und seine Jahreshauptversammlung am<br><strong>Sonntag, 23. Oktober 2022.<\/strong><\/p>\n\n\n\n<p>Zum Ablauf: <br>&#8211; <strong>14.00 Uhr<\/strong> Treffen an der Trost-M\u00fchle in Bempflingen<br>&#8211; <strong>14.30 Uhr<\/strong> Jahreshauptversammlung<br>&#8211; <strong>16.00 Uhr<\/strong> gemeinsames Pizza-Backen und gem\u00fctliches Beisammensein<\/p>\n\n\n\n<p>Neben anderen Getr\u00e4nken bieten wir Euch Mitgliedern eine kleine Verkostung von Weinen der Metzinger Hofsteige an.<\/p>\n\n\n\n<p><strong>Tagesordnung<\/strong><\/p>\n\n\n\n<p>Begr\u00fc\u00dfung \u2026<br>1. Jahresbericht des Vorstandes<br>2. Kassenbericht des Vorstandes<br>3. Bericht der Kassenrevision<br>4. Entlastung des Vorstandes<br>5. Wahlen der Vorst\u00e4nde<br>6. n\u00e4chste Arbeitstreffen<br>7. \u201eStand der Dinge\u201c zur Jahresplanung<br>8. Antr\u00e4ge und Ausblick<\/p>\n\n\n\n<p>Wir freuen uns sehr auf euch \u2026<\/p>\n\n\n\n<p>Euer Vorstand<\/p>\n","protected":false},"excerpt":{"rendered":"<p>Am 23. Oktober in der Trost-M\u00fchle. Wir haben am Sonntag unser 20 j\u00e4hriges Jubil\u00e4um wundersch\u00f6n in der Trost-M\u00fchle gefeiert und unsere JHV durchgef\u00fchrt. Vielen Dank an unsere Gastgeber Andrea und Mark und allen, die zu dem tollen Gelingen beigetragen haben. Einladung zur Jahreshauptversammlung 2022 Liebe Mitglieder und Freunde unseres Vereins, am 22. Februar wurde unser &hellip; <a href=\"https:\/\/www.kulturkurios.de\/?page_id=4623\" class=\"more-link\"><span class=\"screen-reader-text\">\u201eJHV 2022\u201c <\/span>weiterlesen<\/a><\/p>\n","protected":false},"author":2,"featured_media":0,"parent":0,"menu_order":0,"comment_status":"closed","ping_status":"closed","template":"","meta":{"footnotes":""},"class_list":["post-4623","page","type-page","status-publish","hentry"],"_links":{"self":[{"href":"https:\/\/www.kulturkurios.de\/index.php?rest_route=\/wp\/v2\/pages\/4623","targetHints":{"allow":["GET"]}}],"collection":[{"href":"https:\/\/www.kulturkurios.de\/index.php?rest_route=\/wp\/v2\/pages"}],"about":[{"href":"https:\/\/www.kulturkurios.de\/index.php?rest_route=\/wp\/v2\/types\/page"}],"author":[{"embeddable":true,"href":"https:\/\/www.kulturkurios.de\/index.php?rest_route=\/wp\/v2\/users\/2"}],"replies":[{"embeddable":true,"href":"https:\/\/www.kulturkurios.de\/index.php?rest_route=%2Fwp%2Fv2%2Fcomments&post=4623"}],"version-history":[{"count":4,"href":"https:\/\/www.kulturkurios.de\/index.php?rest_route=\/wp\/v2\/pages\/4623\/revisions"}],"predecessor-version":[{"id":4689,"href":"https:\/\/www.kulturkurios.de\/index.php?rest_route=\/wp\/v2\/pages\/4623\/revisions\/4689"}],"wp:attachment":[{"href":"https:\/\/www.kulturkurios.de\/index.php?rest_route=%2Fwp%2Fv2%2Fmedia&parent=4623"}],"curies":[{"name":"wp","href":"https:\/\/api.w.org\/{rel}","templated":true}]}}