{"id":4606,"date":"2022-10-03T19:19:34","date_gmt":"2022-10-03T17:19:34","guid":{"rendered":"https:\/\/www.kulturkurios.de\/?page_id=4606"},"modified":"2022-10-03T19:19:35","modified_gmt":"2022-10-03T17:19:35","slug":"vatertags-boule-2022","status":"publish","type":"page","link":"https:\/\/www.kulturkurios.de\/?page_id=4606","title":{"rendered":"Vatertags-Boule 2022"},"content":{"rendered":"\n<p>Am 26. Mai spielten vier Unentwegte um den neuen Vatertags-Wanderpokal. Bei allerfeinsten \u00e4u\u00dferen Bedingungen gewann Matthias &#8211; Herzlichen Gl\u00fcckwunsch!<\/p>\n\n\n\n<figure class=\"wp-block-gallery has-nested-images columns-default is-cropped wp-block-gallery-1 is-layout-flex wp-block-gallery-is-layout-flex\">\n<figure class=\"wp-block-image size-large\"><img loading=\"lazy\" decoding=\"async\" width=\"1024\" height=\"505\" data-id=\"4607\" src=\"https:\/\/www.kulturkurios.de\/wp-content\/uploads\/VTB_2022-01-1024x505.jpg\" alt=\"\" class=\"wp-image-4607\" srcset=\"https:\/\/www.kulturkurios.de\/wp-content\/uploads\/VTB_2022-01-1024x505.jpg 1024w, https:\/\/www.kulturkurios.de\/wp-content\/uploads\/VTB_2022-01-300x148.jpg 300w, https:\/\/www.kulturkurios.de\/wp-content\/uploads\/VTB_2022-01-768x379.jpg 768w, https:\/\/www.kulturkurios.de\/wp-content\/uploads\/VTB_2022-01-1200x592.jpg 1200w, https:\/\/www.kulturkurios.de\/wp-content\/uploads\/VTB_2022-01.jpg 1310w\" sizes=\"auto, (max-width: 709px) 85vw, (max-width: 909px) 67vw, (max-width: 1362px) 62vw, 840px\" \/><\/figure>\n\n\n\n<figure class=\"wp-block-image size-large\"><img loading=\"lazy\" decoding=\"async\" width=\"1024\" height=\"696\" data-id=\"4612\" src=\"https:\/\/www.kulturkurios.de\/wp-content\/uploads\/VTB_2022-02-1024x696.jpg\" alt=\"\" class=\"wp-image-4612\" srcset=\"https:\/\/www.kulturkurios.de\/wp-content\/uploads\/VTB_2022-02-1024x696.jpg 1024w, https:\/\/www.kulturkurios.de\/wp-content\/uploads\/VTB_2022-02-300x204.jpg 300w, https:\/\/www.kulturkurios.de\/wp-content\/uploads\/VTB_2022-02-768x522.jpg 768w, https:\/\/www.kulturkurios.de\/wp-content\/uploads\/VTB_2022-02-1200x816.jpg 1200w, https:\/\/www.kulturkurios.de\/wp-content\/uploads\/VTB_2022-02.jpg 1283w\" sizes=\"auto, (max-width: 709px) 85vw, (max-width: 909px) 67vw, (max-width: 1362px) 62vw, 840px\" \/><\/figure>\n\n\n\n<figure class=\"wp-block-image size-large\"><img loading=\"lazy\" decoding=\"async\" width=\"697\" height=\"865\" data-id=\"4609\" src=\"https:\/\/www.kulturkurios.de\/wp-content\/uploads\/VTB_2022-03.jpg\" alt=\"\" class=\"wp-image-4609\" srcset=\"https:\/\/www.kulturkurios.de\/wp-content\/uploads\/VTB_2022-03.jpg 697w, https:\/\/www.kulturkurios.de\/wp-content\/uploads\/VTB_2022-03-242x300.jpg 242w\" sizes=\"auto, (max-width: 697px) 85vw, 697px\" \/><\/figure>\n\n\n\n<figure class=\"wp-block-image size-large\"><img loading=\"lazy\" decoding=\"async\" width=\"465\" height=\"934\" data-id=\"4608\" src=\"https:\/\/www.kulturkurios.de\/wp-content\/uploads\/VTB_2022-04.jpg\" alt=\"\" class=\"wp-image-4608\" srcset=\"https:\/\/www.kulturkurios.de\/wp-content\/uploads\/VTB_2022-04.jpg 465w, https:\/\/www.kulturkurios.de\/wp-content\/uploads\/VTB_2022-04-149x300.jpg 149w\" sizes=\"auto, (max-width: 465px) 85vw, 465px\" \/><\/figure>\n\n\n\n<figure class=\"wp-block-image size-large\"><img loading=\"lazy\" decoding=\"async\" width=\"1024\" height=\"711\" data-id=\"4613\" src=\"https:\/\/www.kulturkurios.de\/wp-content\/uploads\/VTB_2022-05-1024x711.jpg\" alt=\"\" class=\"wp-image-4613\" srcset=\"https:\/\/www.kulturkurios.de\/wp-content\/uploads\/VTB_2022-05-1024x711.jpg 1024w, https:\/\/www.kulturkurios.de\/wp-content\/uploads\/VTB_2022-05-300x208.jpg 300w, https:\/\/www.kulturkurios.de\/wp-content\/uploads\/VTB_2022-05-768x533.jpg 768w, https:\/\/www.kulturkurios.de\/wp-content\/uploads\/VTB_2022-05-1200x833.jpg 1200w, https:\/\/www.kulturkurios.de\/wp-content\/uploads\/VTB_2022-05.jpg 1302w\" sizes=\"auto, (max-width: 709px) 85vw, (max-width: 909px) 67vw, (max-width: 1362px) 62vw, 840px\" \/><\/figure>\n\n\n\n<figure class=\"wp-block-image size-large\"><img loading=\"lazy\" decoding=\"async\" width=\"657\" height=\"384\" data-id=\"4610\" src=\"https:\/\/www.kulturkurios.de\/wp-content\/uploads\/VTB_2022-06.jpg\" alt=\"\" class=\"wp-image-4610\" srcset=\"https:\/\/www.kulturkurios.de\/wp-content\/uploads\/VTB_2022-06.jpg 657w, https:\/\/www.kulturkurios.de\/wp-content\/uploads\/VTB_2022-06-300x175.jpg 300w\" sizes=\"auto, (max-width: 657px) 85vw, 657px\" \/><\/figure>\n\n\n\n<figure class=\"wp-block-image size-large\"><img loading=\"lazy\" decoding=\"async\" width=\"610\" height=\"368\" data-id=\"4611\" src=\"https:\/\/www.kulturkurios.de\/wp-content\/uploads\/VTB_2022-07.jpg\" alt=\"\" class=\"wp-image-4611\" srcset=\"https:\/\/www.kulturkurios.de\/wp-content\/uploads\/VTB_2022-07.jpg 610w, https:\/\/www.kulturkurios.de\/wp-content\/uploads\/VTB_2022-07-300x181.jpg 300w\" sizes=\"auto, (max-width: 610px) 85vw, 610px\" \/><\/figure>\n\n\n\n<figure class=\"wp-block-image size-large\"><img loading=\"lazy\" decoding=\"async\" width=\"1024\" height=\"299\" data-id=\"4614\" src=\"https:\/\/www.kulturkurios.de\/wp-content\/uploads\/VTB_2022-08-1024x299.jpg\" alt=\"\" class=\"wp-image-4614\" srcset=\"https:\/\/www.kulturkurios.de\/wp-content\/uploads\/VTB_2022-08-1024x299.jpg 1024w, https:\/\/www.kulturkurios.de\/wp-content\/uploads\/VTB_2022-08-300x88.jpg 300w, https:\/\/www.kulturkurios.de\/wp-content\/uploads\/VTB_2022-08-768x224.jpg 768w, https:\/\/www.kulturkurios.de\/wp-content\/uploads\/VTB_2022-08.jpg 1195w\" sizes=\"auto, (max-width: 709px) 85vw, (max-width: 909px) 67vw, (max-width: 1362px) 62vw, 840px\" \/><\/figure>\n\n\n\n<figure class=\"wp-block-image size-large\"><img loading=\"lazy\" decoding=\"async\" width=\"1024\" height=\"736\" data-id=\"4615\" src=\"https:\/\/www.kulturkurios.de\/wp-content\/uploads\/VTB_2022-09-1024x736.jpg\" alt=\"\" class=\"wp-image-4615\" srcset=\"https:\/\/www.kulturkurios.de\/wp-content\/uploads\/VTB_2022-09-1024x736.jpg 1024w, https:\/\/www.kulturkurios.de\/wp-content\/uploads\/VTB_2022-09-300x216.jpg 300w, https:\/\/www.kulturkurios.de\/wp-content\/uploads\/VTB_2022-09-768x552.jpg 768w, https:\/\/www.kulturkurios.de\/wp-content\/uploads\/VTB_2022-09.jpg 1186w\" sizes=\"auto, (max-width: 709px) 85vw, (max-width: 909px) 67vw, (max-width: 1362px) 62vw, 840px\" \/><\/figure>\n\n\n\n<figure class=\"wp-block-image size-large\"><img loading=\"lazy\" decoding=\"async\" width=\"1024\" height=\"796\" data-id=\"4617\" src=\"https:\/\/www.kulturkurios.de\/wp-content\/uploads\/VTB_2022-10-1024x796.jpg\" alt=\"\" class=\"wp-image-4617\" srcset=\"https:\/\/www.kulturkurios.de\/wp-content\/uploads\/VTB_2022-10-1024x796.jpg 1024w, https:\/\/www.kulturkurios.de\/wp-content\/uploads\/VTB_2022-10-300x233.jpg 300w, https:\/\/www.kulturkurios.de\/wp-content\/uploads\/VTB_2022-10-768x597.jpg 768w, https:\/\/www.kulturkurios.de\/wp-content\/uploads\/VTB_2022-10.jpg 1102w\" sizes=\"auto, (max-width: 709px) 85vw, (max-width: 909px) 67vw, (max-width: 1362px) 62vw, 840px\" \/><\/figure>\n\n\n\n<figure class=\"wp-block-image size-large\"><img loading=\"lazy\" decoding=\"async\" width=\"1024\" height=\"756\" data-id=\"4616\" src=\"https:\/\/www.kulturkurios.de\/wp-content\/uploads\/VTB_2022-11-1024x756.jpg\" alt=\"\" class=\"wp-image-4616\" srcset=\"https:\/\/www.kulturkurios.de\/wp-content\/uploads\/VTB_2022-11-1024x756.jpg 1024w, https:\/\/www.kulturkurios.de\/wp-content\/uploads\/VTB_2022-11-300x221.jpg 300w, https:\/\/www.kulturkurios.de\/wp-content\/uploads\/VTB_2022-11-768x567.jpg 768w, https:\/\/www.kulturkurios.de\/wp-content\/uploads\/VTB_2022-11-1200x885.jpg 1200w, https:\/\/www.kulturkurios.de\/wp-content\/uploads\/VTB_2022-11.jpg 1297w\" sizes=\"auto, (max-width: 709px) 85vw, (max-width: 909px) 67vw, (max-width: 1362px) 62vw, 840px\" \/><\/figure>\n<\/figure>\n","protected":false},"excerpt":{"rendered":"<p>Am 26. Mai spielten vier Unentwegte um den neuen Vatertags-Wanderpokal. Bei allerfeinsten \u00e4u\u00dferen Bedingungen gewann Matthias &#8211; Herzlichen Gl\u00fcckwunsch!<\/p>\n","protected":false},"author":2,"featured_media":0,"parent":0,"menu_order":0,"comment_status":"closed","ping_status":"closed","template":"","meta":{"footnotes":""},"class_list":["post-4606","page","type-page","status-publish","hentry"],"_links":{"self":[{"href":"https:\/\/www.kulturkurios.de\/index.php?rest_route=\/wp\/v2\/pages\/4606","targetHints":{"allow":["GET"]}}],"collection":[{"href":"https:\/\/www.kulturkurios.de\/index.php?rest_route=\/wp\/v2\/pages"}],"about":[{"href":"https:\/\/www.kulturkurios.de\/index.php?rest_route=\/wp\/v2\/types\/page"}],"author":[{"embeddable":true,"href":"https:\/\/www.kulturkurios.de\/index.php?rest_route=\/wp\/v2\/users\/2"}],"replies":[{"embeddable":true,"href":"https:\/\/www.kulturkurios.de\/index.php?rest_route=%2Fwp%2Fv2%2Fcomments&post=4606"}],"version-history":[{"count":1,"href":"https:\/\/www.kulturkurios.de\/index.php?rest_route=\/wp\/v2\/pages\/4606\/revisions"}],"predecessor-version":[{"id":4618,"href":"https:\/\/www.kulturkurios.de\/index.php?rest_route=\/wp\/v2\/pages\/4606\/revisions\/4618"}],"wp:attachment":[{"href":"https:\/\/www.kulturkurios.de\/index.php?rest_route=%2Fwp%2Fv2%2Fmedia&parent=4606"}],"curies":[{"name":"wp","href":"https:\/\/api.w.org\/{rel}","templated":true}]}}