{"id":4532,"date":"2022-10-03T18:33:34","date_gmt":"2022-10-03T16:33:34","guid":{"rendered":"https:\/\/www.kulturkurios.de\/?page_id=4532"},"modified":"2022-10-03T18:37:04","modified_gmt":"2022-10-03T16:37:04","slug":"3-koenigs-boule-2020","status":"publish","type":"page","link":"https:\/\/www.kulturkurios.de\/?page_id=4532","title":{"rendered":"3 K\u00f6nigs Boule 2020"},"content":{"rendered":"\n<p>Dieses Jahr spielten gleich sieben Spieler am ersten M\u00e4rz das Kleinbettlinger Drei-K\u00f6nigs-Boule Tournier aus. Sieger im Jahre 2020 wurde Hanse &#8211; Herzlichen Gl\u00fcckwunsch!<\/p>\n\n\n\n<div class=\"wp-block-group\"><div class=\"wp-block-group__inner-container is-layout-flow wp-block-group-is-layout-flow\">\n<figure class=\"wp-block-gallery has-nested-images columns-default is-cropped wp-block-gallery-1 is-layout-flex wp-block-gallery-is-layout-flex\">\n<figure class=\"wp-block-image size-large\"><img loading=\"lazy\" decoding=\"async\" width=\"1024\" height=\"768\" data-id=\"4536\" src=\"https:\/\/www.kulturkurios.de\/wp-content\/uploads\/IMG_20200301_140916248-1.jpg\" alt=\"\" class=\"wp-image-4536\" srcset=\"https:\/\/www.kulturkurios.de\/wp-content\/uploads\/IMG_20200301_140916248-1.jpg 1024w, https:\/\/www.kulturkurios.de\/wp-content\/uploads\/IMG_20200301_140916248-1-300x225.jpg 300w, https:\/\/www.kulturkurios.de\/wp-content\/uploads\/IMG_20200301_140916248-1-768x576.jpg 768w\" sizes=\"auto, (max-width: 709px) 85vw, (max-width: 909px) 67vw, (max-width: 1362px) 62vw, 840px\" \/><\/figure>\n\n\n\n<figure class=\"wp-block-image size-large\"><img loading=\"lazy\" decoding=\"async\" width=\"768\" height=\"1024\" data-id=\"4537\" src=\"https:\/\/www.kulturkurios.de\/wp-content\/uploads\/IMG_20200301_140926488-1.jpg\" alt=\"\" class=\"wp-image-4537\" srcset=\"https:\/\/www.kulturkurios.de\/wp-content\/uploads\/IMG_20200301_140926488-1.jpg 768w, https:\/\/www.kulturkurios.de\/wp-content\/uploads\/IMG_20200301_140926488-1-225x300.jpg 225w\" sizes=\"auto, (max-width: 768px) 85vw, 768px\" \/><\/figure>\n\n\n\n<figure class=\"wp-block-image size-large\"><img loading=\"lazy\" decoding=\"async\" width=\"1024\" height=\"768\" data-id=\"4533\" src=\"https:\/\/www.kulturkurios.de\/wp-content\/uploads\/IMG_20200301_143150023-1.jpg\" alt=\"\" class=\"wp-image-4533\" srcset=\"https:\/\/www.kulturkurios.de\/wp-content\/uploads\/IMG_20200301_143150023-1.jpg 1024w, https:\/\/www.kulturkurios.de\/wp-content\/uploads\/IMG_20200301_143150023-1-300x225.jpg 300w, https:\/\/www.kulturkurios.de\/wp-content\/uploads\/IMG_20200301_143150023-1-768x576.jpg 768w\" sizes=\"auto, (max-width: 709px) 85vw, (max-width: 909px) 67vw, (max-width: 1362px) 62vw, 840px\" \/><\/figure>\n\n\n\n<figure class=\"wp-block-image size-large\"><img loading=\"lazy\" decoding=\"async\" width=\"1024\" height=\"768\" data-id=\"4535\" src=\"https:\/\/www.kulturkurios.de\/wp-content\/uploads\/IMG_20200301_143213787-1.jpg\" alt=\"\" class=\"wp-image-4535\" srcset=\"https:\/\/www.kulturkurios.de\/wp-content\/uploads\/IMG_20200301_143213787-1.jpg 1024w, https:\/\/www.kulturkurios.de\/wp-content\/uploads\/IMG_20200301_143213787-1-300x225.jpg 300w, https:\/\/www.kulturkurios.de\/wp-content\/uploads\/IMG_20200301_143213787-1-768x576.jpg 768w\" sizes=\"auto, (max-width: 709px) 85vw, (max-width: 909px) 67vw, (max-width: 1362px) 62vw, 840px\" \/><\/figure>\n\n\n\n<figure class=\"wp-block-image size-large\"><img loading=\"lazy\" decoding=\"async\" width=\"1024\" height=\"768\" data-id=\"4546\" src=\"https:\/\/www.kulturkurios.de\/wp-content\/uploads\/IMG-20200301-WA0010-1.jpg\" alt=\"\" class=\"wp-image-4546\" srcset=\"https:\/\/www.kulturkurios.de\/wp-content\/uploads\/IMG-20200301-WA0010-1.jpg 1024w, https:\/\/www.kulturkurios.de\/wp-content\/uploads\/IMG-20200301-WA0010-1-300x225.jpg 300w, https:\/\/www.kulturkurios.de\/wp-content\/uploads\/IMG-20200301-WA0010-1-768x576.jpg 768w\" sizes=\"auto, (max-width: 709px) 85vw, (max-width: 909px) 67vw, (max-width: 1362px) 62vw, 840px\" \/><\/figure>\n\n\n\n<figure class=\"wp-block-image size-large\"><img loading=\"lazy\" decoding=\"async\" width=\"1024\" height=\"768\" data-id=\"4534\" src=\"https:\/\/www.kulturkurios.de\/wp-content\/uploads\/IMG_20200301_154951149-1.jpg\" alt=\"\" class=\"wp-image-4534\" srcset=\"https:\/\/www.kulturkurios.de\/wp-content\/uploads\/IMG_20200301_154951149-1.jpg 1024w, https:\/\/www.kulturkurios.de\/wp-content\/uploads\/IMG_20200301_154951149-1-300x225.jpg 300w, https:\/\/www.kulturkurios.de\/wp-content\/uploads\/IMG_20200301_154951149-1-768x576.jpg 768w\" sizes=\"auto, (max-width: 709px) 85vw, (max-width: 909px) 67vw, (max-width: 1362px) 62vw, 840px\" \/><\/figure>\n\n\n\n<figure class=\"wp-block-image size-large\"><img loading=\"lazy\" decoding=\"async\" width=\"1024\" height=\"768\" data-id=\"4545\" src=\"https:\/\/www.kulturkurios.de\/wp-content\/uploads\/IMG-20200301-WA0008-1.jpg\" alt=\"\" class=\"wp-image-4545\" srcset=\"https:\/\/www.kulturkurios.de\/wp-content\/uploads\/IMG-20200301-WA0008-1.jpg 1024w, https:\/\/www.kulturkurios.de\/wp-content\/uploads\/IMG-20200301-WA0008-1-300x225.jpg 300w, https:\/\/www.kulturkurios.de\/wp-content\/uploads\/IMG-20200301-WA0008-1-768x576.jpg 768w\" sizes=\"auto, (max-width: 709px) 85vw, (max-width: 909px) 67vw, (max-width: 1362px) 62vw, 840px\" \/><\/figure>\n\n\n\n<figure class=\"wp-block-image size-large\"><img loading=\"lazy\" decoding=\"async\" width=\"768\" height=\"1024\" data-id=\"4538\" src=\"https:\/\/www.kulturkurios.de\/wp-content\/uploads\/IMG_20200301_155001276-1.jpg\" alt=\"\" class=\"wp-image-4538\" srcset=\"https:\/\/www.kulturkurios.de\/wp-content\/uploads\/IMG_20200301_155001276-1.jpg 768w, https:\/\/www.kulturkurios.de\/wp-content\/uploads\/IMG_20200301_155001276-1-225x300.jpg 225w\" sizes=\"auto, (max-width: 768px) 85vw, 768px\" \/><\/figure>\n\n\n\n<figure class=\"wp-block-image size-large\"><img loading=\"lazy\" decoding=\"async\" width=\"1024\" height=\"768\" data-id=\"4544\" src=\"https:\/\/www.kulturkurios.de\/wp-content\/uploads\/IMG-20200301-WA0006-1.jpg\" alt=\"\" class=\"wp-image-4544\" srcset=\"https:\/\/www.kulturkurios.de\/wp-content\/uploads\/IMG-20200301-WA0006-1.jpg 1024w, https:\/\/www.kulturkurios.de\/wp-content\/uploads\/IMG-20200301-WA0006-1-300x225.jpg 300w, https:\/\/www.kulturkurios.de\/wp-content\/uploads\/IMG-20200301-WA0006-1-768x576.jpg 768w\" sizes=\"auto, (max-width: 709px) 85vw, (max-width: 909px) 67vw, (max-width: 1362px) 62vw, 840px\" \/><\/figure>\n\n\n\n<figure class=\"wp-block-image size-large\"><img loading=\"lazy\" decoding=\"async\" width=\"1024\" height=\"768\" data-id=\"4540\" src=\"https:\/\/www.kulturkurios.de\/wp-content\/uploads\/IMG_20200301_183340293-1-rotated.jpg\" alt=\"\" class=\"wp-image-4540\" srcset=\"https:\/\/www.kulturkurios.de\/wp-content\/uploads\/IMG_20200301_183340293-1-rotated.jpg 1024w, https:\/\/www.kulturkurios.de\/wp-content\/uploads\/IMG_20200301_183340293-1-300x225.jpg 300w, https:\/\/www.kulturkurios.de\/wp-content\/uploads\/IMG_20200301_183340293-1-768x576.jpg 768w\" sizes=\"auto, (max-width: 709px) 85vw, (max-width: 909px) 67vw, (max-width: 1362px) 62vw, 840px\" \/><\/figure>\n\n\n\n<figure class=\"wp-block-image size-large\"><img loading=\"lazy\" decoding=\"async\" width=\"1024\" height=\"768\" data-id=\"4541\" src=\"https:\/\/www.kulturkurios.de\/wp-content\/uploads\/IMG-20200301-WA0002-1.jpg\" alt=\"\" class=\"wp-image-4541\" srcset=\"https:\/\/www.kulturkurios.de\/wp-content\/uploads\/IMG-20200301-WA0002-1.jpg 1024w, https:\/\/www.kulturkurios.de\/wp-content\/uploads\/IMG-20200301-WA0002-1-300x225.jpg 300w, https:\/\/www.kulturkurios.de\/wp-content\/uploads\/IMG-20200301-WA0002-1-768x576.jpg 768w\" sizes=\"auto, (max-width: 709px) 85vw, (max-width: 909px) 67vw, (max-width: 1362px) 62vw, 840px\" \/><\/figure>\n\n\n\n<figure class=\"wp-block-image size-large\"><img loading=\"lazy\" decoding=\"async\" width=\"1024\" height=\"768\" data-id=\"4542\" src=\"https:\/\/www.kulturkurios.de\/wp-content\/uploads\/IMG-20200301-WA0003-1.jpg\" alt=\"\" class=\"wp-image-4542\" srcset=\"https:\/\/www.kulturkurios.de\/wp-content\/uploads\/IMG-20200301-WA0003-1.jpg 1024w, https:\/\/www.kulturkurios.de\/wp-content\/uploads\/IMG-20200301-WA0003-1-300x225.jpg 300w, https:\/\/www.kulturkurios.de\/wp-content\/uploads\/IMG-20200301-WA0003-1-768x576.jpg 768w\" sizes=\"auto, (max-width: 709px) 85vw, (max-width: 909px) 67vw, (max-width: 1362px) 62vw, 840px\" \/><\/figure>\n\n\n\n<figure class=\"wp-block-image size-large\"><img loading=\"lazy\" decoding=\"async\" width=\"1024\" height=\"768\" data-id=\"4543\" src=\"https:\/\/www.kulturkurios.de\/wp-content\/uploads\/IMG-20200301-WA0004-1.jpg\" alt=\"\" class=\"wp-image-4543\" srcset=\"https:\/\/www.kulturkurios.de\/wp-content\/uploads\/IMG-20200301-WA0004-1.jpg 1024w, https:\/\/www.kulturkurios.de\/wp-content\/uploads\/IMG-20200301-WA0004-1-300x225.jpg 300w, https:\/\/www.kulturkurios.de\/wp-content\/uploads\/IMG-20200301-WA0004-1-768x576.jpg 768w\" sizes=\"auto, (max-width: 709px) 85vw, (max-width: 909px) 67vw, (max-width: 1362px) 62vw, 840px\" \/><\/figure>\n\n\n\n<figure class=\"wp-block-image size-large\"><img loading=\"lazy\" decoding=\"async\" width=\"1024\" height=\"768\" data-id=\"4539\" src=\"https:\/\/www.kulturkurios.de\/wp-content\/uploads\/IMG_20200301_175637752-1.jpg\" alt=\"\" class=\"wp-image-4539\" srcset=\"https:\/\/www.kulturkurios.de\/wp-content\/uploads\/IMG_20200301_175637752-1.jpg 1024w, https:\/\/www.kulturkurios.de\/wp-content\/uploads\/IMG_20200301_175637752-1-300x225.jpg 300w, https:\/\/www.kulturkurios.de\/wp-content\/uploads\/IMG_20200301_175637752-1-768x576.jpg 768w\" sizes=\"auto, (max-width: 709px) 85vw, (max-width: 909px) 67vw, (max-width: 1362px) 62vw, 840px\" \/><\/figure>\n<\/figure>\n<\/div><\/div>\n","protected":false},"excerpt":{"rendered":"<p>Dieses Jahr spielten gleich sieben Spieler am ersten M\u00e4rz das Kleinbettlinger Drei-K\u00f6nigs-Boule Tournier aus. Sieger im Jahre 2020 wurde Hanse &#8211; Herzlichen Gl\u00fcckwunsch!<\/p>\n","protected":false},"author":2,"featured_media":0,"parent":0,"menu_order":0,"comment_status":"closed","ping_status":"closed","template":"","meta":{"footnotes":""},"class_list":["post-4532","page","type-page","status-publish","hentry"],"_links":{"self":[{"href":"https:\/\/www.kulturkurios.de\/index.php?rest_route=\/wp\/v2\/pages\/4532","targetHints":{"allow":["GET"]}}],"collection":[{"href":"https:\/\/www.kulturkurios.de\/index.php?rest_route=\/wp\/v2\/pages"}],"about":[{"href":"https:\/\/www.kulturkurios.de\/index.php?rest_route=\/wp\/v2\/types\/page"}],"author":[{"embeddable":true,"href":"https:\/\/www.kulturkurios.de\/index.php?rest_route=\/wp\/v2\/users\/2"}],"replies":[{"embeddable":true,"href":"https:\/\/www.kulturkurios.de\/index.php?rest_route=%2Fwp%2Fv2%2Fcomments&post=4532"}],"version-history":[{"count":2,"href":"https:\/\/www.kulturkurios.de\/index.php?rest_route=\/wp\/v2\/pages\/4532\/revisions"}],"predecessor-version":[{"id":4549,"href":"https:\/\/www.kulturkurios.de\/index.php?rest_route=\/wp\/v2\/pages\/4532\/revisions\/4549"}],"wp:attachment":[{"href":"https:\/\/www.kulturkurios.de\/index.php?rest_route=%2Fwp%2Fv2%2Fmedia&parent=4532"}],"curies":[{"name":"wp","href":"https:\/\/api.w.org\/{rel}","templated":true}]}}