{"id":4367,"date":"2021-11-10T20:59:00","date_gmt":"2021-11-10T19:59:00","guid":{"rendered":"https:\/\/www.kulturkurios.de\/?page_id=4367"},"modified":"2022-10-16T12:04:41","modified_gmt":"2022-10-16T10:04:41","slug":"adventskalender-2021","status":"publish","type":"page","link":"https:\/\/www.kulturkurios.de\/?page_id=4367","title":{"rendered":"Adventskalender 2021"},"content":{"rendered":"\n<figure class=\"wp-block-image size-large\"><img loading=\"lazy\" decoding=\"async\" width=\"1024\" height=\"355\" src=\"https:\/\/www.kulturkurios.de\/wp-content\/uploads\/Kopf_20211108-1024x355.jpg\" alt=\"\" class=\"wp-image-4368\" srcset=\"https:\/\/www.kulturkurios.de\/wp-content\/uploads\/Kopf_20211108-1024x355.jpg 1024w, https:\/\/www.kulturkurios.de\/wp-content\/uploads\/Kopf_20211108-300x104.jpg 300w, https:\/\/www.kulturkurios.de\/wp-content\/uploads\/Kopf_20211108-768x266.jpg 768w, https:\/\/www.kulturkurios.de\/wp-content\/uploads\/Kopf_20211108-1536x532.jpg 1536w, https:\/\/www.kulturkurios.de\/wp-content\/uploads\/Kopf_20211108-1200x416.jpg 1200w, https:\/\/www.kulturkurios.de\/wp-content\/uploads\/Kopf_20211108.jpg 1552w\" sizes=\"auto, (max-width: 709px) 85vw, (max-width: 909px) 67vw, (max-width: 1362px) 62vw, 840px\" \/><\/figure>\n\n\n\n<p><\/p>\n\n\n\n<p><strong>Der <strong>Kultur <\/strong><em><strong>Kurios<\/strong><\/em> w\u00fcnscht Ihnen ein gesundes Jahr 2022..<\/strong><\/p>\n\n\n\n<p>Auch 2021 leuchteten beim <strong>20. Kleinbettlinger Adventskalender<\/strong> die Fenster. Diese sch\u00f6nen Fenster gaben und geben uns allen <strong>Lichtblicke<\/strong> bei abendlichen Spazierg\u00e4ngen. Hier kommt man zur <a href=\"https:\/\/www.kulturkurios.de\/?page_id=4413\" data-type=\"page\" data-id=\"4413\">Seite mit den Bildern aller Fenster<\/a>.<\/p>\n\n\n\n<figure class=\"wp-block-image size-large\"><img loading=\"lazy\" decoding=\"async\" width=\"1024\" height=\"363\" src=\"https:\/\/www.kulturkurios.de\/wp-content\/uploads\/Collage21b-1024x363.jpg\" alt=\"\" class=\"wp-image-4464\" srcset=\"https:\/\/www.kulturkurios.de\/wp-content\/uploads\/Collage21b-1024x363.jpg 1024w, https:\/\/www.kulturkurios.de\/wp-content\/uploads\/Collage21b-300x106.jpg 300w, https:\/\/www.kulturkurios.de\/wp-content\/uploads\/Collage21b-768x272.jpg 768w, https:\/\/www.kulturkurios.de\/wp-content\/uploads\/Collage21b-1536x544.jpg 1536w, https:\/\/www.kulturkurios.de\/wp-content\/uploads\/Collage21b-1200x425.jpg 1200w, https:\/\/www.kulturkurios.de\/wp-content\/uploads\/Collage21b.jpg 1912w\" sizes=\"auto, (max-width: 709px) 85vw, (max-width: 909px) 67vw, (max-width: 1362px) 62vw, 840px\" \/><\/figure>\n\n\n\n<p><br>Die neuesten Entwicklungen der Pandemie lie\u00dfen Fenster\u00f6ffnungen mit Besuchern leider nicht zu. Wir freuten uns daher \u00fcber viele wundersch\u00f6ne Anseh- und Mitmach-Fenster. <strong>Vielen Dank<\/strong> an alle <strong>Fenstergestalter<\/strong> in Kleinbettlingen und Bempflingen. <strong>Vielen Dank <\/strong>auch an alle <strong>Besucher <\/strong>der Fenster.<\/p>\n\n\n\n<p>Vielen Dank f\u00fcr die Spenden. Es kamen 300 \u20ac zusammen. Die Spenden wurden bereits zu gleichen Teilen an den Verein <em><strong>NEPRA<\/strong><\/em> (<em>Lepra Hilfe Nepal &#8211; <a rel=\"noreferrer noopener\" href=\"https:\/\/www.nepra.de\/\" target=\"_blank\">https:\/\/www.nepra.de\/<\/a>) <\/em>und an die <em><strong>Clowns im Dienst<\/strong><\/em> (<a rel=\"noreferrer noopener\" href=\"https:\/\/www.clowns-im-dienst.de\/\" target=\"_blank\">https:\/\/www.clowns-im-dienst.de\/<\/a>) \u00fcberwiesen. <br>Kontoinformationen:<\/p>\n\n\n\n<p>&#8211; KuKuKl e.V.<br>&#8211; IBAN DE86 611 500 20 000 740 5701<br>&#8211; Kreissparkasse Esslingen<br>&#8211; Verwendungszweck: <em>Adventskalender<\/em><\/p>\n\n\n\n<p>F\u00fcr Fragen, Fotos und den Wunsch, dass Stra\u00dfe und Hausnummer des eigenen Fensters im Bl\u00e4ttle und auf der WebSeite des Kultur<em>Kurios<\/em> ver\u00f6ffentlicht werden, ist eine E-Mail-Adresse geschaltet<\/p>\n\n\n\n<p>        <strong>adventskalender @ kukukl.de<\/strong>  (<em>Leerstellen entfernen<\/em>)<\/p>\n\n\n\n<p>Auch telefonisch k\u00f6nnen Sie uns kontaktieren (s. Tabelle unten).<br>Im Gemeindeblatt und <em>hier<\/em> unter <strong>www.kukukl.de<\/strong> werden wir laufend die aktuellen Informationen ver\u00f6ffentlichen.<\/p>\n\n\n\n<figure class=\"wp-block-image size-full\"><img loading=\"lazy\" decoding=\"async\" width=\"700\" height=\"627\" src=\"https:\/\/www.kulturkurios.de\/wp-content\/uploads\/AdvTabKurz_211209.jpg\" alt=\"\" class=\"wp-image-4423\" srcset=\"https:\/\/www.kulturkurios.de\/wp-content\/uploads\/AdvTabKurz_211209.jpg 700w, https:\/\/www.kulturkurios.de\/wp-content\/uploads\/AdvTabKurz_211209-300x269.jpg 300w\" sizes=\"auto, (max-width: 700px) 85vw, 700px\" \/><\/figure>\n\n\n\n<p><strong>Adventsfenster Fenster &#8211; mit A b s t a n d \u2026<\/strong><\/p>\n\n\n\n<p>Auch <a href=\"https:\/\/www.kulturkurios.de\/?page_id=4218\" data-type=\"page\" data-id=\"4218\">2020 gabe es einen Adventskalender&#8230;<\/a><\/p>\n","protected":false},"excerpt":{"rendered":"<p>Der Kultur Kurios w\u00fcnscht Ihnen ein gesundes Jahr 2022.. Auch 2021 leuchteten beim 20. Kleinbettlinger Adventskalender die Fenster. Diese sch\u00f6nen Fenster gaben und geben uns allen Lichtblicke bei abendlichen Spazierg\u00e4ngen. Hier kommt man zur Seite mit den Bildern aller Fenster. Die neuesten Entwicklungen der Pandemie lie\u00dfen Fenster\u00f6ffnungen mit Besuchern leider nicht zu. Wir freuten uns &hellip; <a href=\"https:\/\/www.kulturkurios.de\/?page_id=4367\" class=\"more-link\"><span class=\"screen-reader-text\">\u201eAdventskalender 2021\u201c <\/span>weiterlesen<\/a><\/p>\n","protected":false},"author":2,"featured_media":0,"parent":0,"menu_order":0,"comment_status":"closed","ping_status":"closed","template":"","meta":{"footnotes":""},"class_list":["post-4367","page","type-page","status-publish","hentry"],"_links":{"self":[{"href":"https:\/\/www.kulturkurios.de\/index.php?rest_route=\/wp\/v2\/pages\/4367","targetHints":{"allow":["GET"]}}],"collection":[{"href":"https:\/\/www.kulturkurios.de\/index.php?rest_route=\/wp\/v2\/pages"}],"about":[{"href":"https:\/\/www.kulturkurios.de\/index.php?rest_route=\/wp\/v2\/types\/page"}],"author":[{"embeddable":true,"href":"https:\/\/www.kulturkurios.de\/index.php?rest_route=\/wp\/v2\/users\/2"}],"replies":[{"embeddable":true,"href":"https:\/\/www.kulturkurios.de\/index.php?rest_route=%2Fwp%2Fv2%2Fcomments&post=4367"}],"version-history":[{"count":18,"href":"https:\/\/www.kulturkurios.de\/index.php?rest_route=\/wp\/v2\/pages\/4367\/revisions"}],"predecessor-version":[{"id":4648,"href":"https:\/\/www.kulturkurios.de\/index.php?rest_route=\/wp\/v2\/pages\/4367\/revisions\/4648"}],"wp:attachment":[{"href":"https:\/\/www.kulturkurios.de\/index.php?rest_route=%2Fwp%2Fv2%2Fmedia&parent=4367"}],"curies":[{"name":"wp","href":"https:\/\/api.w.org\/{rel}","templated":true}]}}