{"id":4347,"date":"2021-08-05T20:07:14","date_gmt":"2021-08-05T18:07:14","guid":{"rendered":"http:\/\/www.kulturkurios.de\/?page_id=4347"},"modified":"2021-09-21T21:22:03","modified_gmt":"2021-09-21T19:22:03","slug":"open-air-kino-2021","status":"publish","type":"page","link":"https:\/\/www.kulturkurios.de\/?page_id=4347","title":{"rendered":"Open-Air-Kino 2021"},"content":{"rendered":"\n<p><strong>Nightlife<\/strong><\/p>\n\n\n\n<p>Beim Kinoabend des Kinomobils am 11. September konnten wir \u00fcber 80 zahlende Besucher begr\u00fc\u00dfen. Dieses Mal wieder Open Air mit Abstand, Hygieneplan und Wettergl\u00fcck. Wir konnten den letzten Schauer abwarten und anschlie\u00dfend blieb es trocken und windstill.<\/p>\n\n\n\n<p>Der Film \u2013 NightLife &#8211; die deutsche Filmkom\u00f6die vom Sommer 2019 kam sehr gut an. Die beiden Freunde und Barkeeper Milo und Renzo sorgten f\u00fcr viele Lacher.<\/p>\n\n\n\n<p>Bei Bewirtung durch den Kultur Kurios vor und w\u00e4hrend der Veranstaltung wurde die Zeit auch zum Gespr\u00e4ch und einem fr\u00f6hlichem Wiedersehen &#8211; immer mit Abstand &#8211; zum Ende der Ferien genutzt.<\/p>\n\n\n\n<p>Wir w\u00fcrden uns freuen, im n\u00e4chsten Jahr erneut etwas auf die Leinwand zu stellen \u2013 dann gerne wieder an einem lauen und trockenen Sp\u00e4tsommerabend drau\u00dfen auf dem Schulhof.<\/p>\n\n\n\n<p>Unser Dank geht an das Kinomobil, den Herrn B\u00fcrgermeister Welser und an alle Helferinnen und Helfer.<\/p>\n\n\n\n<p>Hier das <a rel=\"noreferrer noopener\" href=\"http:\/\/www.kinomobil-bw.de\/infektionsschutz\" target=\"_blank\">Hygienekonzept<\/a> vom KinoMobil.<\/p>\n\n\n\n<figure class=\"wp-block-image size-large\"><img loading=\"lazy\" decoding=\"async\" width=\"723\" height=\"1024\" src=\"http:\/\/www.kulturkurios.de\/wp-content\/uploads\/FilmPlakat-1-723x1024.jpg\" alt=\"\" class=\"wp-image-4349\" srcset=\"https:\/\/www.kulturkurios.de\/wp-content\/uploads\/FilmPlakat-1-723x1024.jpg 723w, https:\/\/www.kulturkurios.de\/wp-content\/uploads\/FilmPlakat-1-212x300.jpg 212w, https:\/\/www.kulturkurios.de\/wp-content\/uploads\/FilmPlakat-1-768x1087.jpg 768w, https:\/\/www.kulturkurios.de\/wp-content\/uploads\/FilmPlakat-1-1085x1536.jpg 1085w, https:\/\/www.kulturkurios.de\/wp-content\/uploads\/FilmPlakat-1.jpg 1130w\" sizes=\"auto, (max-width: 723px) 85vw, 723px\" \/><\/figure>\n","protected":false},"excerpt":{"rendered":"<p>Nightlife Beim Kinoabend des Kinomobils am 11. September konnten wir \u00fcber 80 zahlende Besucher begr\u00fc\u00dfen. Dieses Mal wieder Open Air mit Abstand, Hygieneplan und Wettergl\u00fcck. Wir konnten den letzten Schauer abwarten und anschlie\u00dfend blieb es trocken und windstill. Der Film \u2013 NightLife &#8211; die deutsche Filmkom\u00f6die vom Sommer 2019 kam sehr gut an. Die beiden &hellip; <a href=\"https:\/\/www.kulturkurios.de\/?page_id=4347\" class=\"more-link\"><span class=\"screen-reader-text\">\u201eOpen-Air-Kino 2021\u201c <\/span>weiterlesen<\/a><\/p>\n","protected":false},"author":2,"featured_media":0,"parent":0,"menu_order":0,"comment_status":"closed","ping_status":"closed","template":"","meta":{"footnotes":""},"class_list":["post-4347","page","type-page","status-publish","hentry"],"_links":{"self":[{"href":"https:\/\/www.kulturkurios.de\/index.php?rest_route=\/wp\/v2\/pages\/4347","targetHints":{"allow":["GET"]}}],"collection":[{"href":"https:\/\/www.kulturkurios.de\/index.php?rest_route=\/wp\/v2\/pages"}],"about":[{"href":"https:\/\/www.kulturkurios.de\/index.php?rest_route=\/wp\/v2\/types\/page"}],"author":[{"embeddable":true,"href":"https:\/\/www.kulturkurios.de\/index.php?rest_route=\/wp\/v2\/users\/2"}],"replies":[{"embeddable":true,"href":"https:\/\/www.kulturkurios.de\/index.php?rest_route=%2Fwp%2Fv2%2Fcomments&post=4347"}],"version-history":[{"count":4,"href":"https:\/\/www.kulturkurios.de\/index.php?rest_route=\/wp\/v2\/pages\/4347\/revisions"}],"predecessor-version":[{"id":4358,"href":"https:\/\/www.kulturkurios.de\/index.php?rest_route=\/wp\/v2\/pages\/4347\/revisions\/4358"}],"wp:attachment":[{"href":"https:\/\/www.kulturkurios.de\/index.php?rest_route=%2Fwp%2Fv2%2Fmedia&parent=4347"}],"curies":[{"name":"wp","href":"https:\/\/api.w.org\/{rel}","templated":true}]}}