{"id":4187,"date":"2020-08-02T17:41:31","date_gmt":"2020-08-02T15:41:31","guid":{"rendered":"http:\/\/www.kulturkurios.de\/?page_id=4187"},"modified":"2020-09-19T13:46:00","modified_gmt":"2020-09-19T11:46:00","slug":"open-air-kino-2020","status":"publish","type":"page","link":"https:\/\/www.kulturkurios.de\/?page_id=4187","title":{"rendered":"Open-Air-Kino 2020"},"content":{"rendered":"\n<h2 class=\"wp-block-heading\"><strong><em>Ich war noch niemals in NewYork<\/em><\/strong><\/h2>\n\n\n\n<p>Beim Kinoabend des Kinomobils am 12. September konnten wir \u00fcber 80 zahlende Besucher begr\u00fc\u00dfen. Dieses Mal Open Air mit Abstand, Hygieneplan, ohne Pause daf\u00fcr mit Griechischem Wein. Das Wetter war nett zu uns. Es blieb trocken und windstill.<\/p>\n\n\n\n<p>Der Film \u2013 Ich war noch niemals in New York \u2013 w\u00e4rmte die Herzen der Udo J\u00fcrgens Fans.<\/p>\n\n\n\n<p>Bei Corona-gerechter Bewirtung durch den Kultur <em>Kurios <\/em>vor der Veranstaltung wurde die Zeit auch zum Gespr\u00e4ch und einem fr\u00f6hlichem Wiedersehen &#8211; immer mit Abstand &#8211; zum Ende der Ferien genutzt.<\/p>\n\n\n\n<p>Wir w\u00fcrden uns freuen, im n\u00e4chsten Jahr erneut etwas auf die Leinwand zu stellen \u2013 dann gerne wieder an einem lauen und trockenen Sp\u00e4tsommerabend drau\u00dfen auf dem Schulhof.<\/p>\n\n\n\n<p>Unser Dank geht an das Kinomobil, den Herrn B\u00fcrgermeister Welser und an alle Helferinnen und Helfer.<\/p>\n\n\n\n<figure class=\"wp-block-image size-large\"><img loading=\"lazy\" decoding=\"async\" width=\"1024\" height=\"769\" src=\"http:\/\/www.kulturkurios.de\/wp-content\/uploads\/KollageOAK2020-1024x769.jpg\" alt=\"\" class=\"wp-image-4210\" srcset=\"https:\/\/www.kulturkurios.de\/wp-content\/uploads\/KollageOAK2020-1024x769.jpg 1024w, https:\/\/www.kulturkurios.de\/wp-content\/uploads\/KollageOAK2020-300x225.jpg 300w, https:\/\/www.kulturkurios.de\/wp-content\/uploads\/KollageOAK2020-768x577.jpg 768w, https:\/\/www.kulturkurios.de\/wp-content\/uploads\/KollageOAK2020.jpg 1040w\" sizes=\"auto, (max-width: 709px) 85vw, (max-width: 909px) 67vw, (max-width: 1362px) 62vw, 840px\" \/><\/figure>\n\n\n\n<h2 class=\"wp-block-heading\"><strong><em>Ank\u00fcndigung<\/em><\/strong><\/h2>\n\n\n\n<p>Am 12. September 2020 soll das Open Air Kino im Schulhof der Grundschule Bempflingen stattfinden. Mit Abstand. Bei Regen bzw. zu schlechtem Wetter wird es nicht stattfinden<strong>.<\/strong><br>I<em>ch war noch niemals in New York<\/em> \u2013 Der Film nach dem Musical mit den Hits von Udo J\u00fcrgens.<\/p>\n\n\n\n<ul class=\"wp-block-list\"><li>Grundschule auf Mauern in Bempflingen<\/li><li>Samstag, 12. September<\/li><li>Einlass ab 19:30 Uhr<\/li><li>Filmstart ab 20:30 Uhr<\/li><li>Preis: 6 \u20ac f\u00fcr das KinoMobil<\/li><\/ul>\n\n\n\n<p>Der Verein KulturKurios Kleinbettlingen versorgt Sie vor dem Film mit Getr\u00e4nken, Popcorn und anderen Knabbereien. Bringen Sie neben vielen Bekannten und Freunden auch Hunger, Durst und einen warmen Pulli mit.<br>Hier das <a rel=\"noreferrer noopener\" href=\"http:\/\/www.kinomobil-bw.de\/infektionsschutz\" target=\"_blank\">Hygienekonzept<\/a> vom KinoMobil.<\/p>\n\n\n\n<p><img loading=\"lazy\" decoding=\"async\" width=\"400\" height=\"566\" class=\"wp-image-4185\" style=\"width: 400px;\" src=\"http:\/\/www.kulturkurios.de\/wp-content\/uploads\/Filmplakat.jpg\" alt=\"\" srcset=\"https:\/\/www.kulturkurios.de\/wp-content\/uploads\/Filmplakat.jpg 960w, https:\/\/www.kulturkurios.de\/wp-content\/uploads\/Filmplakat-212x300.jpg 212w, https:\/\/www.kulturkurios.de\/wp-content\/uploads\/Filmplakat-723x1024.jpg 723w, https:\/\/www.kulturkurios.de\/wp-content\/uploads\/Filmplakat-768x1087.jpg 768w\" sizes=\"auto, (max-width: 400px) 85vw, 400px\" \/><\/p>\n","protected":false},"excerpt":{"rendered":"<p>Ich war noch niemals in NewYork Beim Kinoabend des Kinomobils am 12. September konnten wir \u00fcber 80 zahlende Besucher begr\u00fc\u00dfen. Dieses Mal Open Air mit Abstand, Hygieneplan, ohne Pause daf\u00fcr mit Griechischem Wein. Das Wetter war nett zu uns. Es blieb trocken und windstill. Der Film \u2013 Ich war noch niemals in New York \u2013 &hellip; <a href=\"https:\/\/www.kulturkurios.de\/?page_id=4187\" class=\"more-link\"><span class=\"screen-reader-text\">\u201eOpen-Air-Kino 2020\u201c <\/span>weiterlesen<\/a><\/p>\n","protected":false},"author":2,"featured_media":0,"parent":0,"menu_order":0,"comment_status":"closed","ping_status":"closed","template":"","meta":{"footnotes":""},"class_list":["post-4187","page","type-page","status-publish","hentry"],"_links":{"self":[{"href":"https:\/\/www.kulturkurios.de\/index.php?rest_route=\/wp\/v2\/pages\/4187","targetHints":{"allow":["GET"]}}],"collection":[{"href":"https:\/\/www.kulturkurios.de\/index.php?rest_route=\/wp\/v2\/pages"}],"about":[{"href":"https:\/\/www.kulturkurios.de\/index.php?rest_route=\/wp\/v2\/types\/page"}],"author":[{"embeddable":true,"href":"https:\/\/www.kulturkurios.de\/index.php?rest_route=\/wp\/v2\/users\/2"}],"replies":[{"embeddable":true,"href":"https:\/\/www.kulturkurios.de\/index.php?rest_route=%2Fwp%2Fv2%2Fcomments&post=4187"}],"version-history":[{"count":6,"href":"https:\/\/www.kulturkurios.de\/index.php?rest_route=\/wp\/v2\/pages\/4187\/revisions"}],"predecessor-version":[{"id":4212,"href":"https:\/\/www.kulturkurios.de\/index.php?rest_route=\/wp\/v2\/pages\/4187\/revisions\/4212"}],"wp:attachment":[{"href":"https:\/\/www.kulturkurios.de\/index.php?rest_route=%2Fwp%2Fv2%2Fmedia&parent=4187"}],"curies":[{"name":"wp","href":"https:\/\/api.w.org\/{rel}","templated":true}]}}