{"id":4180,"date":"2020-08-02T17:17:05","date_gmt":"2020-08-02T15:17:05","guid":{"rendered":"http:\/\/www.kulturkurios.de\/?page_id=4180"},"modified":"2022-10-03T18:49:00","modified_gmt":"2022-10-03T16:49:00","slug":"jhv-2020","status":"publish","type":"page","link":"https:\/\/www.kulturkurios.de\/?page_id=4180","title":{"rendered":"JHV 2020"},"content":{"rendered":"\n<p>In diesem Corona-Sommer durften wir unsere JHV im Freien durchf\u00fchren. Wir wanderten \u00fcber den Florian und rund um das Autmuttal zur\u00fcck zur Sportgastst\u00e4tte in Grafenberg.<\/p>\n\n\n\n<figure class=\"wp-block-gallery has-nested-images columns-default is-cropped wp-block-gallery-1 is-layout-flex wp-block-gallery-is-layout-flex\">\n<figure class=\"wp-block-image size-large\"><img loading=\"lazy\" decoding=\"async\" width=\"1024\" height=\"768\" data-id=\"4565\" src=\"https:\/\/www.kulturkurios.de\/wp-content\/uploads\/IMG_20200913_153529580.jpg\" alt=\"\" class=\"wp-image-4565\" srcset=\"https:\/\/www.kulturkurios.de\/wp-content\/uploads\/IMG_20200913_153529580.jpg 1024w, https:\/\/www.kulturkurios.de\/wp-content\/uploads\/IMG_20200913_153529580-300x225.jpg 300w, https:\/\/www.kulturkurios.de\/wp-content\/uploads\/IMG_20200913_153529580-768x576.jpg 768w\" sizes=\"auto, (max-width: 709px) 85vw, (max-width: 909px) 67vw, (max-width: 1362px) 62vw, 840px\" \/><\/figure>\n\n\n\n<figure class=\"wp-block-image size-large\"><img loading=\"lazy\" decoding=\"async\" width=\"1024\" height=\"768\" data-id=\"4570\" src=\"https:\/\/www.kulturkurios.de\/wp-content\/uploads\/IMG_20200913_153538791.jpg\" alt=\"\" class=\"wp-image-4570\" srcset=\"https:\/\/www.kulturkurios.de\/wp-content\/uploads\/IMG_20200913_153538791.jpg 1024w, https:\/\/www.kulturkurios.de\/wp-content\/uploads\/IMG_20200913_153538791-300x225.jpg 300w, https:\/\/www.kulturkurios.de\/wp-content\/uploads\/IMG_20200913_153538791-768x576.jpg 768w\" sizes=\"auto, (max-width: 709px) 85vw, (max-width: 909px) 67vw, (max-width: 1362px) 62vw, 840px\" \/><\/figure>\n\n\n\n<figure class=\"wp-block-image size-large\"><img loading=\"lazy\" decoding=\"async\" width=\"1024\" height=\"768\" data-id=\"4566\" src=\"https:\/\/www.kulturkurios.de\/wp-content\/uploads\/IMG_20200913_153606060_HDR.jpg\" alt=\"\" class=\"wp-image-4566\" srcset=\"https:\/\/www.kulturkurios.de\/wp-content\/uploads\/IMG_20200913_153606060_HDR.jpg 1024w, https:\/\/www.kulturkurios.de\/wp-content\/uploads\/IMG_20200913_153606060_HDR-300x225.jpg 300w, https:\/\/www.kulturkurios.de\/wp-content\/uploads\/IMG_20200913_153606060_HDR-768x576.jpg 768w\" sizes=\"auto, (max-width: 709px) 85vw, (max-width: 909px) 67vw, (max-width: 1362px) 62vw, 840px\" \/><\/figure>\n\n\n\n<figure class=\"wp-block-image size-large\"><img loading=\"lazy\" decoding=\"async\" width=\"1024\" height=\"768\" data-id=\"4569\" src=\"https:\/\/www.kulturkurios.de\/wp-content\/uploads\/IMG_20200913_153830778.jpg\" alt=\"\" class=\"wp-image-4569\" srcset=\"https:\/\/www.kulturkurios.de\/wp-content\/uploads\/IMG_20200913_153830778.jpg 1024w, https:\/\/www.kulturkurios.de\/wp-content\/uploads\/IMG_20200913_153830778-300x225.jpg 300w, https:\/\/www.kulturkurios.de\/wp-content\/uploads\/IMG_20200913_153830778-768x576.jpg 768w\" sizes=\"auto, (max-width: 709px) 85vw, (max-width: 909px) 67vw, (max-width: 1362px) 62vw, 840px\" \/><\/figure>\n\n\n\n<figure class=\"wp-block-image size-large\"><img loading=\"lazy\" decoding=\"async\" width=\"768\" height=\"1024\" data-id=\"4567\" src=\"https:\/\/www.kulturkurios.de\/wp-content\/uploads\/IMG_20200913_161228501.jpg\" alt=\"\" class=\"wp-image-4567\" srcset=\"https:\/\/www.kulturkurios.de\/wp-content\/uploads\/IMG_20200913_161228501.jpg 768w, https:\/\/www.kulturkurios.de\/wp-content\/uploads\/IMG_20200913_161228501-225x300.jpg 225w\" sizes=\"auto, (max-width: 768px) 85vw, 768px\" \/><\/figure>\n\n\n\n<figure class=\"wp-block-image size-large\"><img loading=\"lazy\" decoding=\"async\" width=\"1024\" height=\"768\" data-id=\"4568\" src=\"https:\/\/www.kulturkurios.de\/wp-content\/uploads\/IMG_20200913_161240819.jpg\" alt=\"\" class=\"wp-image-4568\" srcset=\"https:\/\/www.kulturkurios.de\/wp-content\/uploads\/IMG_20200913_161240819.jpg 1024w, https:\/\/www.kulturkurios.de\/wp-content\/uploads\/IMG_20200913_161240819-300x225.jpg 300w, https:\/\/www.kulturkurios.de\/wp-content\/uploads\/IMG_20200913_161240819-768x576.jpg 768w\" sizes=\"auto, (max-width: 709px) 85vw, (max-width: 909px) 67vw, (max-width: 1362px) 62vw, 840px\" \/><\/figure>\n<\/figure>\n\n\n\n<h2 class=\"wp-block-heading\">Einladung zur Jahreshauptversammlung 2020<\/h2>\n\n\n\n<p><br>Liebe Mitglieder und Freunde unseres Vereins, dieses Jahr wird es wieder eine Vielzahl von typischen kuriosen Kultur-Events in unserem Verein geben. Wir laden Euch herzlich ein zu Kultur Kurios \u2013 ein Forum f\u00fcr Begegnung, Austausch und Kulturaktionen und seine Jahreshauptversammlung am Sonntag <strong>13. September 2020 <\/strong>ab 15.00 Uhr. Wir treffen uns vor dem B\u00fcrgerhaus in Kleinbettlingen. <br><\/p>\n\n\n\n<p>Zum Ablauf:<\/p>\n\n\n\n<ul class=\"wp-block-list\"><li>15.00 Uhr Wanderung \u00fcber den Florian, ins Autmuttal und weiter zum Gasthaus Krone in Grafenberg<br><strong>Wir treffen uns um 15:00 Uhr in Grafenberg am Sportplatz!!!<\/strong><\/li><li>18.00 Uhr Jahreshauptversammlung im Gasthaus Krone in Grafenberg und wer mag, Essen \u00e1la carte.<br><strong>Nicht in der Krone sondern im &#8222;Da Vittorio&#8220; am Sportplatz in Grafenberg!!!<\/strong><\/li><\/ul>\n\n\n\n<p><br>Tagesordnung<br>Begr\u00fc\u00dfung \u2026<\/p>\n\n\n\n<ol class=\"wp-block-list\"><li>Jahresbericht des Vorstandes<\/li><li>Kassenbericht des Vorstandes<\/li><li>Bericht der Kassenrevision<\/li><li>Entlastung des Vorstandes<\/li><li>Wahlen der Vorst\u00e4nde<\/li><li>Review Open-Air-Kino<\/li><li>n\u00e4chste Arbeitstreffen<\/li><li>\u201eStand der Dinge\u201c zur Jahresplanung<\/li><li>Antr\u00e4ge und Ausblick<br><br>Wir freuen uns sehr auf euch \u2026<br>Euer Vorstand<\/li><\/ol>\n","protected":false},"excerpt":{"rendered":"<p>In diesem Corona-Sommer durften wir unsere JHV im Freien durchf\u00fchren. Wir wanderten \u00fcber den Florian und rund um das Autmuttal zur\u00fcck zur Sportgastst\u00e4tte in Grafenberg. Einladung zur Jahreshauptversammlung 2020 Liebe Mitglieder und Freunde unseres Vereins, dieses Jahr wird es wieder eine Vielzahl von typischen kuriosen Kultur-Events in unserem Verein geben. Wir laden Euch herzlich ein &hellip; <a href=\"https:\/\/www.kulturkurios.de\/?page_id=4180\" class=\"more-link\"><span class=\"screen-reader-text\">\u201eJHV 2020\u201c <\/span>weiterlesen<\/a><\/p>\n","protected":false},"author":2,"featured_media":0,"parent":0,"menu_order":0,"comment_status":"closed","ping_status":"closed","template":"","meta":{"footnotes":""},"class_list":["post-4180","page","type-page","status-publish","hentry"],"_links":{"self":[{"href":"https:\/\/www.kulturkurios.de\/index.php?rest_route=\/wp\/v2\/pages\/4180","targetHints":{"allow":["GET"]}}],"collection":[{"href":"https:\/\/www.kulturkurios.de\/index.php?rest_route=\/wp\/v2\/pages"}],"about":[{"href":"https:\/\/www.kulturkurios.de\/index.php?rest_route=\/wp\/v2\/types\/page"}],"author":[{"embeddable":true,"href":"https:\/\/www.kulturkurios.de\/index.php?rest_route=\/wp\/v2\/users\/2"}],"replies":[{"embeddable":true,"href":"https:\/\/www.kulturkurios.de\/index.php?rest_route=%2Fwp%2Fv2%2Fcomments&post=4180"}],"version-history":[{"count":4,"href":"https:\/\/www.kulturkurios.de\/index.php?rest_route=\/wp\/v2\/pages\/4180\/revisions"}],"predecessor-version":[{"id":4571,"href":"https:\/\/www.kulturkurios.de\/index.php?rest_route=\/wp\/v2\/pages\/4180\/revisions\/4571"}],"wp:attachment":[{"href":"https:\/\/www.kulturkurios.de\/index.php?rest_route=%2Fwp%2Fv2%2Fmedia&parent=4180"}],"curies":[{"name":"wp","href":"https:\/\/api.w.org\/{rel}","templated":true}]}}