{"id":4115,"date":"2020-07-26T18:56:01","date_gmt":"2020-07-26T16:56:01","guid":{"rendered":"http:\/\/www.kulturkurios.de\/?page_id=4115"},"modified":"2020-08-02T17:54:57","modified_gmt":"2020-08-02T15:54:57","slug":"open-air-kino-2019","status":"publish","type":"page","link":"https:\/\/www.kulturkurios.de\/?page_id=4115","title":{"rendered":"Open-Air-Kino-2019"},"content":{"rendered":"\n<h2 class=\"wp-block-heading\">\u201e25 km\/h\u201c<\/h2>\n\n\n\n<p>Am Samstag, 07.09.2019 wird das Kinomobil wieder zu Gast bei uns in Bempflingen sein. Gezeigt wird einer der sch\u00f6nsten, lustigsten und ber\u00fchrendsten Filme des vergangenen Jahres.<\/p>\n\n\n\n<p>\u2022 Grundschule auf Mauern in Bempflingen<br>\u2022 Samstag, 7. September<br>\u2022 Einlass ab 19:30 Uhr<br>\u2022 Filmstart ab 20:30 Uhr<br>\u2022 Eintritt 6 \u20ac<\/p>\n\n\n\n<p>Der Verein KulturKurios Kleinbettlingen versorgt Sie vor, w\u00e4hrend und nach dem Film mit Getr\u00e4nken, gegrillter Roten und Popcorn. Bringen Sie neben vielen Bekannten und Freunden auch Hunger, Durst und einen warmen Pulli mit.<\/p>\n\n\n\n<p>*Bei schlechtem Wetter ist noch das Dach der Schulturnhalle zwischen Ihnen und dem freiem Himmel.<\/p>\n\n\n\n<figure class=\"wp-block-image is-resized\"><img loading=\"lazy\" decoding=\"async\" src=\"http:\/\/www.kulturkurios.de\/wp-content\/uploads\/201907022019491_3911-723x1024.jpg\" alt=\"\" class=\"wp-image-3846\" width=\"504\" height=\"714\" srcset=\"https:\/\/www.kulturkurios.de\/wp-content\/uploads\/201907022019491_3911-723x1024.jpg 723w, https:\/\/www.kulturkurios.de\/wp-content\/uploads\/201907022019491_3911-212x300.jpg 212w, https:\/\/www.kulturkurios.de\/wp-content\/uploads\/201907022019491_3911.jpg 763w\" sizes=\"auto, (max-width: 504px) 85vw, 504px\" \/><\/figure>\n\n\n\n<p><\/p>\n\n\n\n<h2 class=\"wp-block-heading\">Open-Air Kino, <em>Samstag<\/em> &#8211; 07 September 2019<\/h2>\n\n\n\n<p>Beim Kinoabend des Kinomobils am 7. September konnten wir \u00fcber 100 zahlende Besucher begr\u00fc\u00dfen. Dieses Mal Open Air in der offenen Baustelle. Das Wetter war nett zu uns. Es blieb trocken und windstill.<\/p>\n\n\n\n<p>Der Film \u2013 <strong>25 km\/h<\/strong> \u2013 begeisterte die Zuschauer.<\/p>\n\n\n\n<p>Bei leckerer Bewirtung durch den Kultur <em>Kurios<\/em> vor und w\u00e4hrend der Veranstaltung wurde die Zeit auch zum Gespr\u00e4ch und einem fr\u00f6hlichem Wiedersehen zum Ende der Ferien genutzt.<\/p>\n\n\n\n<p>Wir w\u00fcrden uns freuen, im n\u00e4chsten Jahr erneut etwas auf die Leinwand zu stellen \u2013 dann gerne wieder an einem lauen und trockenen Sp\u00e4tsommerabend drau\u00dfen auf dem Schulhof.<\/p>\n\n\n\n<p>Unser <strong>Dank <\/strong>geht an das Kinomobil, den Herrn B\u00fcrgermeister Welser und an alle Helferinnen und Helfer.<\/p>\n\n\n\n<p><img loading=\"lazy\" decoding=\"async\" width=\"700\" height=\"511\" class=\"wp-image-4197\" style=\"width: 700px;\" src=\"http:\/\/www.kulturkurios.de\/wp-content\/uploads\/Kino19_AB.jpg\" alt=\"\" srcset=\"https:\/\/www.kulturkurios.de\/wp-content\/uploads\/Kino19_AB.jpg 1077w, https:\/\/www.kulturkurios.de\/wp-content\/uploads\/Kino19_AB-300x219.jpg 300w, https:\/\/www.kulturkurios.de\/wp-content\/uploads\/Kino19_AB-1024x747.jpg 1024w, https:\/\/www.kulturkurios.de\/wp-content\/uploads\/Kino19_AB-768x560.jpg 768w\" sizes=\"auto, (max-width: 700px) 85vw, 700px\" \/><\/p>\n","protected":false},"excerpt":{"rendered":"<p>\u201e25 km\/h\u201c Am Samstag, 07.09.2019 wird das Kinomobil wieder zu Gast bei uns in Bempflingen sein. Gezeigt wird einer der sch\u00f6nsten, lustigsten und ber\u00fchrendsten Filme des vergangenen Jahres. \u2022 Grundschule auf Mauern in Bempflingen\u2022 Samstag, 7. September\u2022 Einlass ab 19:30 Uhr\u2022 Filmstart ab 20:30 Uhr\u2022 Eintritt 6 \u20ac Der Verein KulturKurios Kleinbettlingen versorgt Sie vor, &hellip; <a href=\"https:\/\/www.kulturkurios.de\/?page_id=4115\" class=\"more-link\"><span class=\"screen-reader-text\">\u201eOpen-Air-Kino-2019\u201c <\/span>weiterlesen<\/a><\/p>\n","protected":false},"author":2,"featured_media":0,"parent":0,"menu_order":0,"comment_status":"closed","ping_status":"closed","template":"","meta":{"footnotes":""},"class_list":["post-4115","page","type-page","status-publish","hentry"],"_links":{"self":[{"href":"https:\/\/www.kulturkurios.de\/index.php?rest_route=\/wp\/v2\/pages\/4115","targetHints":{"allow":["GET"]}}],"collection":[{"href":"https:\/\/www.kulturkurios.de\/index.php?rest_route=\/wp\/v2\/pages"}],"about":[{"href":"https:\/\/www.kulturkurios.de\/index.php?rest_route=\/wp\/v2\/types\/page"}],"author":[{"embeddable":true,"href":"https:\/\/www.kulturkurios.de\/index.php?rest_route=\/wp\/v2\/users\/2"}],"replies":[{"embeddable":true,"href":"https:\/\/www.kulturkurios.de\/index.php?rest_route=%2Fwp%2Fv2%2Fcomments&post=4115"}],"version-history":[{"count":2,"href":"https:\/\/www.kulturkurios.de\/index.php?rest_route=\/wp\/v2\/pages\/4115\/revisions"}],"predecessor-version":[{"id":4198,"href":"https:\/\/www.kulturkurios.de\/index.php?rest_route=\/wp\/v2\/pages\/4115\/revisions\/4198"}],"wp:attachment":[{"href":"https:\/\/www.kulturkurios.de\/index.php?rest_route=%2Fwp%2Fv2%2Fmedia&parent=4115"}],"curies":[{"name":"wp","href":"https:\/\/api.w.org\/{rel}","templated":true}]}}