{"id":4109,"date":"2020-07-26T18:51:41","date_gmt":"2020-07-26T16:51:41","guid":{"rendered":"http:\/\/www.kulturkurios.de\/?page_id=4109"},"modified":"2020-07-26T18:51:42","modified_gmt":"2020-07-26T16:51:42","slug":"drei-koenigs-boule-2019","status":"publish","type":"page","link":"https:\/\/www.kulturkurios.de\/?page_id=4109","title":{"rendered":"Drei K\u00f6nigs Boule 2019"},"content":{"rendered":"\n<p>Dieses Jahr \u2013 aus Witterungsgr\u00fcnden etwas sp\u00e4ter \u2013 fand am 1. Mai das 3K\u00f6nigs-Boule statt. Bei sch\u00f6nstem Wetter trafen sich 4 Spieler um den Wanderpokal zum f\u00fcnften Mal auszuspielen. Gewonnen hat nach hartem Kampf \u2013 Matthias. Herzlichen Gl\u00fcckwunsch.<\/p>\n\n\n\n<figure class=\"wp-block-gallery columns-3 is-cropped wp-block-gallery-1 is-layout-flex wp-block-gallery-is-layout-flex\"><ul class=\"blocks-gallery-grid\"><li class=\"blocks-gallery-item\"><figure><img loading=\"lazy\" decoding=\"async\" width=\"411\" height=\"785\" src=\"http:\/\/www.kulturkurios.de\/wp-content\/uploads\/3K-Boule_2019_1.png\" alt=\"\" data-id=\"3810\" data-link=\"http:\/\/www.kulturkurios.de\/?attachment_id=3810\" class=\"wp-image-3810\" srcset=\"https:\/\/www.kulturkurios.de\/wp-content\/uploads\/3K-Boule_2019_1.png 411w, https:\/\/www.kulturkurios.de\/wp-content\/uploads\/3K-Boule_2019_1-157x300.png 157w\" sizes=\"auto, (max-width: 411px) 85vw, 411px\" \/><figcaption class=\"blocks-gallery-item__caption\">3K-Boule_2019_1<\/figcaption><\/figure><\/li><li class=\"blocks-gallery-item\"><figure><img loading=\"lazy\" decoding=\"async\" width=\"1013\" height=\"663\" src=\"http:\/\/www.kulturkurios.de\/wp-content\/uploads\/3K-Boule_2019_2-1.png\" alt=\"\" data-id=\"3819\" data-link=\"http:\/\/www.kulturkurios.de\/?attachment_id=3819\" class=\"wp-image-3819\" srcset=\"https:\/\/www.kulturkurios.de\/wp-content\/uploads\/3K-Boule_2019_2-1.png 1013w, https:\/\/www.kulturkurios.de\/wp-content\/uploads\/3K-Boule_2019_2-1-300x196.png 300w, https:\/\/www.kulturkurios.de\/wp-content\/uploads\/3K-Boule_2019_2-1-768x503.png 768w\" sizes=\"auto, (max-width: 709px) 85vw, (max-width: 909px) 67vw, (max-width: 1362px) 62vw, 840px\" \/><figcaption class=\"blocks-gallery-item__caption\">3K-Boule_2019_2<\/figcaption><\/figure><\/li><li class=\"blocks-gallery-item\"><figure><img loading=\"lazy\" decoding=\"async\" width=\"772\" height=\"658\" src=\"http:\/\/www.kulturkurios.de\/wp-content\/uploads\/3K-Boule_2019_3-1.png\" alt=\"\" data-id=\"3820\" data-link=\"http:\/\/www.kulturkurios.de\/?attachment_id=3820\" class=\"wp-image-3820\" srcset=\"https:\/\/www.kulturkurios.de\/wp-content\/uploads\/3K-Boule_2019_3-1.png 772w, https:\/\/www.kulturkurios.de\/wp-content\/uploads\/3K-Boule_2019_3-1-300x256.png 300w, https:\/\/www.kulturkurios.de\/wp-content\/uploads\/3K-Boule_2019_3-1-768x655.png 768w\" sizes=\"auto, (max-width: 772px) 85vw, 772px\" \/><figcaption class=\"blocks-gallery-item__caption\">3K-Boule_2019_3<\/figcaption><\/figure><\/li><li class=\"blocks-gallery-item\"><figure><img loading=\"lazy\" decoding=\"async\" width=\"1024\" height=\"713\" src=\"http:\/\/www.kulturkurios.de\/wp-content\/uploads\/3K-Boule_2019_4-1-1024x713.png\" alt=\"\" data-id=\"3821\" data-link=\"http:\/\/www.kulturkurios.de\/?attachment_id=3821\" class=\"wp-image-3821\" srcset=\"https:\/\/www.kulturkurios.de\/wp-content\/uploads\/3K-Boule_2019_4-1-1024x713.png 1024w, https:\/\/www.kulturkurios.de\/wp-content\/uploads\/3K-Boule_2019_4-1-300x209.png 300w, https:\/\/www.kulturkurios.de\/wp-content\/uploads\/3K-Boule_2019_4-1-768x535.png 768w, https:\/\/www.kulturkurios.de\/wp-content\/uploads\/3K-Boule_2019_4-1.png 1168w\" sizes=\"auto, (max-width: 709px) 85vw, (max-width: 909px) 67vw, (max-width: 1362px) 62vw, 840px\" \/><figcaption class=\"blocks-gallery-item__caption\">3K-Boule_2019_4<\/figcaption><\/figure><\/li><li class=\"blocks-gallery-item\"><figure><img loading=\"lazy\" decoding=\"async\" width=\"1024\" height=\"583\" src=\"http:\/\/www.kulturkurios.de\/wp-content\/uploads\/3K-Boule_2019_5-1-1024x583.png\" alt=\"\" data-id=\"3822\" data-link=\"http:\/\/www.kulturkurios.de\/?attachment_id=3822\" class=\"wp-image-3822\" srcset=\"https:\/\/www.kulturkurios.de\/wp-content\/uploads\/3K-Boule_2019_5-1-1024x583.png 1024w, https:\/\/www.kulturkurios.de\/wp-content\/uploads\/3K-Boule_2019_5-1-300x171.png 300w, https:\/\/www.kulturkurios.de\/wp-content\/uploads\/3K-Boule_2019_5-1-768x437.png 768w, https:\/\/www.kulturkurios.de\/wp-content\/uploads\/3K-Boule_2019_5-1.png 1199w\" sizes=\"auto, (max-width: 709px) 85vw, (max-width: 909px) 67vw, (max-width: 1362px) 62vw, 840px\" \/><figcaption class=\"blocks-gallery-item__caption\">3K-Boule_2019_5<\/figcaption><\/figure><\/li><li class=\"blocks-gallery-item\"><figure><img loading=\"lazy\" decoding=\"async\" width=\"815\" height=\"796\" src=\"http:\/\/www.kulturkurios.de\/wp-content\/uploads\/3K-Boule_2019_6-1.png\" alt=\"\" data-id=\"3823\" data-link=\"http:\/\/www.kulturkurios.de\/?attachment_id=3823\" class=\"wp-image-3823\" srcset=\"https:\/\/www.kulturkurios.de\/wp-content\/uploads\/3K-Boule_2019_6-1.png 815w, https:\/\/www.kulturkurios.de\/wp-content\/uploads\/3K-Boule_2019_6-1-300x293.png 300w, https:\/\/www.kulturkurios.de\/wp-content\/uploads\/3K-Boule_2019_6-1-768x750.png 768w\" sizes=\"auto, (max-width: 815px) 85vw, 815px\" \/><figcaption class=\"blocks-gallery-item__caption\">3K-Boule_2019_6<\/figcaption><\/figure><\/li><li class=\"blocks-gallery-item\"><figure><img loading=\"lazy\" decoding=\"async\" width=\"875\" height=\"837\" src=\"http:\/\/www.kulturkurios.de\/wp-content\/uploads\/3K-Boule_2019_7-1.png\" alt=\"\" data-id=\"3824\" data-link=\"http:\/\/www.kulturkurios.de\/?attachment_id=3824\" class=\"wp-image-3824\" srcset=\"https:\/\/www.kulturkurios.de\/wp-content\/uploads\/3K-Boule_2019_7-1.png 875w, https:\/\/www.kulturkurios.de\/wp-content\/uploads\/3K-Boule_2019_7-1-300x287.png 300w, https:\/\/www.kulturkurios.de\/wp-content\/uploads\/3K-Boule_2019_7-1-768x735.png 768w\" sizes=\"auto, (max-width: 709px) 85vw, (max-width: 909px) 67vw, (max-width: 1362px) 62vw, 840px\" \/><figcaption class=\"blocks-gallery-item__caption\">3K-Boule_2019_7<\/figcaption><\/figure><\/li><li class=\"blocks-gallery-item\"><figure><img loading=\"lazy\" decoding=\"async\" width=\"1024\" height=\"609\" src=\"http:\/\/www.kulturkurios.de\/wp-content\/uploads\/3K-Boule_2019_8-1-1024x609.png\" alt=\"\" data-id=\"3825\" data-link=\"http:\/\/www.kulturkurios.de\/?attachment_id=3825\" class=\"wp-image-3825\" srcset=\"https:\/\/www.kulturkurios.de\/wp-content\/uploads\/3K-Boule_2019_8-1-1024x609.png 1024w, https:\/\/www.kulturkurios.de\/wp-content\/uploads\/3K-Boule_2019_8-1-300x178.png 300w, https:\/\/www.kulturkurios.de\/wp-content\/uploads\/3K-Boule_2019_8-1-768x456.png 768w, https:\/\/www.kulturkurios.de\/wp-content\/uploads\/3K-Boule_2019_8-1.png 1065w\" sizes=\"auto, (max-width: 709px) 85vw, (max-width: 909px) 67vw, (max-width: 1362px) 62vw, 840px\" \/><figcaption class=\"blocks-gallery-item__caption\">3K-Boule_2019_8<\/figcaption><\/figure><\/li><\/ul><\/figure>\n","protected":false},"excerpt":{"rendered":"<p>Dieses Jahr \u2013 aus Witterungsgr\u00fcnden etwas sp\u00e4ter \u2013 fand am 1. Mai das 3K\u00f6nigs-Boule statt. Bei sch\u00f6nstem Wetter trafen sich 4 Spieler um den Wanderpokal zum f\u00fcnften Mal auszuspielen. Gewonnen hat nach hartem Kampf \u2013 Matthias. Herzlichen Gl\u00fcckwunsch.<\/p>\n","protected":false},"author":2,"featured_media":0,"parent":0,"menu_order":0,"comment_status":"closed","ping_status":"closed","template":"","meta":{"footnotes":""},"class_list":["post-4109","page","type-page","status-publish","hentry"],"_links":{"self":[{"href":"https:\/\/www.kulturkurios.de\/index.php?rest_route=\/wp\/v2\/pages\/4109","targetHints":{"allow":["GET"]}}],"collection":[{"href":"https:\/\/www.kulturkurios.de\/index.php?rest_route=\/wp\/v2\/pages"}],"about":[{"href":"https:\/\/www.kulturkurios.de\/index.php?rest_route=\/wp\/v2\/types\/page"}],"author":[{"embeddable":true,"href":"https:\/\/www.kulturkurios.de\/index.php?rest_route=\/wp\/v2\/users\/2"}],"replies":[{"embeddable":true,"href":"https:\/\/www.kulturkurios.de\/index.php?rest_route=%2Fwp%2Fv2%2Fcomments&post=4109"}],"version-history":[{"count":4,"href":"https:\/\/www.kulturkurios.de\/index.php?rest_route=\/wp\/v2\/pages\/4109\/revisions"}],"predecessor-version":[{"id":4113,"href":"https:\/\/www.kulturkurios.de\/index.php?rest_route=\/wp\/v2\/pages\/4109\/revisions\/4113"}],"wp:attachment":[{"href":"https:\/\/www.kulturkurios.de\/index.php?rest_route=%2Fwp%2Fv2%2Fmedia&parent=4109"}],"curies":[{"name":"wp","href":"https:\/\/api.w.org\/{rel}","templated":true}]}}