{"id":4096,"date":"2020-07-26T18:32:57","date_gmt":"2020-07-26T16:32:57","guid":{"rendered":"http:\/\/www.kulturkurios.de\/?page_id=4096"},"modified":"2020-07-26T18:32:58","modified_gmt":"2020-07-26T16:32:58","slug":"sommerferienprogramm-2019","status":"publish","type":"page","link":"https:\/\/www.kulturkurios.de\/?page_id=4096","title":{"rendered":"Sommerferienprogramm 2019"},"content":{"rendered":"\n<h2 class=\"wp-block-heading\">Bachwanderung im Merzenbach<\/h2>\n\n\n\n<p>An einem angenehm warmen 2. August trafen wir uns am B\u00fcrgerhaus in Kleinbettlingen. Alle 12 Kinder verteilten sich auf die Autos und so fuhren wir am Golfplatz vorbei zum Merzenbach, der von D\u00f6rnach nach Mittelstadt flie\u00dft.<\/p>\n\n\n\n<p>Schnell die Wasserschuhe an und dann 10 Minuten wandern bis zum Einstieg.<\/p>\n\n\n\n<figure class=\"wp-block-image\"><img loading=\"lazy\" decoding=\"async\" width=\"1024\" height=\"378\" src=\"http:\/\/www.kulturkurios.de\/wp-content\/uploads\/SoFe19_01-1024x378.jpg\" alt=\"\" class=\"wp-image-3858\" srcset=\"https:\/\/www.kulturkurios.de\/wp-content\/uploads\/SoFe19_01-1024x378.jpg 1024w, https:\/\/www.kulturkurios.de\/wp-content\/uploads\/SoFe19_01-300x111.jpg 300w, https:\/\/www.kulturkurios.de\/wp-content\/uploads\/SoFe19_01-768x283.jpg 768w, https:\/\/www.kulturkurios.de\/wp-content\/uploads\/SoFe19_01-1200x443.jpg 1200w, https:\/\/www.kulturkurios.de\/wp-content\/uploads\/SoFe19_01.jpg 1653w\" sizes=\"auto, (max-width: 709px) 85vw, (max-width: 909px) 67vw, (max-width: 1362px) 62vw, 840px\" \/><figcaption>Merzenbach<\/figcaption><\/figure>\n\n\n\n<p>Dort runter zum Bach, rein ins Wasser und den wilden Bachlauf hinauf. Nach 100 Metern fragen wir uns, ob da \u00fcberhaupt Tiere im Wasser sind. Gr\u00f6\u00dfere scheinen nicht da zu sein und die Kleinen verstecken sich sehr gut und h\u00e4ufig unter den Steinen. Wir m\u00fcssen alle sehr genau hinschauen und ein paar Steine umdrehen. Mit Hilfe von Becherlupen, einem Bestimmungsblatt und kundiger Anleitung finden wir hektisch auf der Seite schwimmende Bachflohkrebse und K\u00f6cherfliegenlarven, die super versteckt in selbstgebauten R\u00f6hren aus kleinen Steinchen stecken.<\/p>\n\n\n\n<p>Bevor wir weiter den Bach hinauf wandern, lassen wir alle Tierchen wieder frei. Der Bach wird wilder, die Gumpen tiefer und es gilt einige quer liegende B\u00e4ume zu \u00fcberklettern. Nach knapp zwei Stunden sind wir ordentlich nass und zur\u00fcck bei den Autos. Jetzt schnell trocknen und dann zum Grill-Spiel-Platz in D\u00f6rnach.<\/p>\n\n\n\n<p>Dort grillen wir uns Rote W\u00fcrste, dazu gibt es Wassermelone und Getr\u00e4nke. Nach dem Essen wurde gespielt bis es Zeit zum Aufbruch war. Zum Abschluss bekam jedes Kind eine Becherlupe und ein Bestimmungsblatt \u00fcber einheimische Bachbewohner.<\/p>\n\n\n\n<p>Allen vielen Dank f\u00fcr diesen sch\u00f6nen Tag in der Natur.<\/p>\n\n\n\n<figure class=\"wp-block-image\"><img loading=\"lazy\" decoding=\"async\" width=\"985\" height=\"1024\" src=\"http:\/\/www.kulturkurios.de\/wp-content\/uploads\/SoFe19_02-985x1024.jpg\" alt=\"\" class=\"wp-image-3859\" srcset=\"https:\/\/www.kulturkurios.de\/wp-content\/uploads\/SoFe19_02-985x1024.jpg 985w, https:\/\/www.kulturkurios.de\/wp-content\/uploads\/SoFe19_02-288x300.jpg 288w, https:\/\/www.kulturkurios.de\/wp-content\/uploads\/SoFe19_02-768x799.jpg 768w, https:\/\/www.kulturkurios.de\/wp-content\/uploads\/SoFe19_02.jpg 1024w\" sizes=\"auto, (max-width: 709px) 85vw, (max-width: 909px) 67vw, (max-width: 1362px) 62vw, 840px\" \/><\/figure>\n\n\n\n<h2 class=\"wp-block-heading\"><\/h2>\n","protected":false},"excerpt":{"rendered":"<p>Bachwanderung im Merzenbach An einem angenehm warmen 2. August trafen wir uns am B\u00fcrgerhaus in Kleinbettlingen. Alle 12 Kinder verteilten sich auf die Autos und so fuhren wir am Golfplatz vorbei zum Merzenbach, der von D\u00f6rnach nach Mittelstadt flie\u00dft. Schnell die Wasserschuhe an und dann 10 Minuten wandern bis zum Einstieg. Dort runter zum Bach, &hellip; <a href=\"https:\/\/www.kulturkurios.de\/?page_id=4096\" class=\"more-link\"><span class=\"screen-reader-text\">\u201eSommerferienprogramm 2019\u201c <\/span>weiterlesen<\/a><\/p>\n","protected":false},"author":2,"featured_media":0,"parent":0,"menu_order":0,"comment_status":"closed","ping_status":"closed","template":"","meta":{"footnotes":""},"class_list":["post-4096","page","type-page","status-publish","hentry"],"_links":{"self":[{"href":"https:\/\/www.kulturkurios.de\/index.php?rest_route=\/wp\/v2\/pages\/4096","targetHints":{"allow":["GET"]}}],"collection":[{"href":"https:\/\/www.kulturkurios.de\/index.php?rest_route=\/wp\/v2\/pages"}],"about":[{"href":"https:\/\/www.kulturkurios.de\/index.php?rest_route=\/wp\/v2\/types\/page"}],"author":[{"embeddable":true,"href":"https:\/\/www.kulturkurios.de\/index.php?rest_route=\/wp\/v2\/users\/2"}],"replies":[{"embeddable":true,"href":"https:\/\/www.kulturkurios.de\/index.php?rest_route=%2Fwp%2Fv2%2Fcomments&post=4096"}],"version-history":[{"count":1,"href":"https:\/\/www.kulturkurios.de\/index.php?rest_route=\/wp\/v2\/pages\/4096\/revisions"}],"predecessor-version":[{"id":4097,"href":"https:\/\/www.kulturkurios.de\/index.php?rest_route=\/wp\/v2\/pages\/4096\/revisions\/4097"}],"wp:attachment":[{"href":"https:\/\/www.kulturkurios.de\/index.php?rest_route=%2Fwp%2Fv2%2Fmedia&parent=4096"}],"curies":[{"name":"wp","href":"https:\/\/api.w.org\/{rel}","templated":true}]}}