{"id":3795,"date":"2019-03-26T21:55:59","date_gmt":"2019-03-26T20:55:59","guid":{"rendered":"http:\/\/www.kulturkurios.de\/?page_id=3795"},"modified":"2019-03-26T21:56:00","modified_gmt":"2019-03-26T20:56:00","slug":"internationales-picknick-2018","status":"publish","type":"page","link":"https:\/\/www.kulturkurios.de\/?page_id=3795","title":{"rendered":"Internationales Picknick 2018"},"content":{"rendered":"\n<p>Am\nSonntag den 16.09. veranstalteten wir zum zweiten Mal ein Picknick\nmit Spielen auf dem Bolzplatz in Kleinbettlingen. Auch dieses Jahr\nwar es wieder ein gelungener Nachmittag bei allersch\u00f6nstem\nSonntagswetter. Um 15.00 Uhr fanden sich die Besucher ein und da sich\nviele schon kannten war es ein zwangloses, entspanntes\nZusammenkommen. Aber auch neue Gesichter waren im spielerischen\nTreiben und in Gespr\u00e4chen im Nu eingebunden.<\/p>\n\n\n\n<p>Durch\nbereitgestellte sportliche Spiele, wie Tischtennis, Volleyball,\nBoule, Tischkicker, Badminton und Fu\u00dfball entstand auf dem Platz ein\nbuntes Treiben. Es formierten sich spontan Mannschaften und viele\nnutzten die M\u00f6glichkeit sich an Sportarten auszuprobieren. Gro\u00df und\nKlein hatten miteinander sichtlich Spa\u00df und so manch einer kam\nrichtig au\u00dfer Puste.<\/p>\n\n\n\n<p>Die\nKinder erfreuten sich an Seifenblasen, an unseren Zirkusutensilien\noder versuchten auf der Slackline die Balance zu halten.<br>\nZur\nSt\u00e4rkung gab es dann Gegrilltes und mitgebrachte K\u00f6stlichkeiten von\nder gemeinsamen, reichhaltigen Tafel.<\/p>\n\n\n\n<p> Vielen Dank den K\u00fcchenfeen, die ihre kulinarischen Highlights mit den G\u00e4sten teilten und allen Helfern die zum Gelingen beitrugen. Wir Kukukler blicken auf einen bunten, sehr kurzweiligen, sch\u00f6nen Nachmittag zur\u00fcck.<\/p>\n\n\n\n<figure class=\"wp-block-image\"><img loading=\"lazy\" decoding=\"async\" width=\"1024\" height=\"768\" src=\"http:\/\/www.kulturkurios.de\/wp-content\/uploads\/image-1-1024x768.png\" alt=\"\" class=\"wp-image-3796\" srcset=\"https:\/\/www.kulturkurios.de\/wp-content\/uploads\/image-1-1024x768.png 1024w, https:\/\/www.kulturkurios.de\/wp-content\/uploads\/image-1-300x225.png 300w, https:\/\/www.kulturkurios.de\/wp-content\/uploads\/image-1-768x576.png 768w, https:\/\/www.kulturkurios.de\/wp-content\/uploads\/image-1-1200x900.png 1200w, https:\/\/www.kulturkurios.de\/wp-content\/uploads\/image-1.png 1600w\" sizes=\"auto, (max-width: 709px) 85vw, (max-width: 909px) 67vw, (max-width: 1362px) 62vw, 840px\" \/><\/figure>\n\n\n\n<figure class=\"wp-block-image\"><img loading=\"lazy\" decoding=\"async\" width=\"1024\" height=\"768\" src=\"http:\/\/www.kulturkurios.de\/wp-content\/uploads\/IMG-20180917-WA0009-1024x768.jpg\" alt=\"\" class=\"wp-image-3797\" srcset=\"https:\/\/www.kulturkurios.de\/wp-content\/uploads\/IMG-20180917-WA0009-1024x768.jpg 1024w, https:\/\/www.kulturkurios.de\/wp-content\/uploads\/IMG-20180917-WA0009-300x225.jpg 300w, https:\/\/www.kulturkurios.de\/wp-content\/uploads\/IMG-20180917-WA0009-768x576.jpg 768w, https:\/\/www.kulturkurios.de\/wp-content\/uploads\/IMG-20180917-WA0009-1200x900.jpg 1200w, https:\/\/www.kulturkurios.de\/wp-content\/uploads\/IMG-20180917-WA0009.jpg 1600w\" sizes=\"auto, (max-width: 709px) 85vw, (max-width: 909px) 67vw, (max-width: 1362px) 62vw, 840px\" \/><\/figure>\n","protected":false},"excerpt":{"rendered":"<p>Am Sonntag den 16.09. veranstalteten wir zum zweiten Mal ein Picknick mit Spielen auf dem Bolzplatz in Kleinbettlingen. Auch dieses Jahr war es wieder ein gelungener Nachmittag bei allersch\u00f6nstem Sonntagswetter. Um 15.00 Uhr fanden sich die Besucher ein und da sich viele schon kannten war es ein zwangloses, entspanntes Zusammenkommen. Aber auch neue Gesichter waren &hellip; <a href=\"https:\/\/www.kulturkurios.de\/?page_id=3795\" class=\"more-link\"><span class=\"screen-reader-text\">\u201eInternationales Picknick 2018\u201c <\/span>weiterlesen<\/a><\/p>\n","protected":false},"author":2,"featured_media":0,"parent":0,"menu_order":0,"comment_status":"closed","ping_status":"closed","template":"","meta":{"footnotes":""},"class_list":["post-3795","page","type-page","status-publish","hentry"],"_links":{"self":[{"href":"https:\/\/www.kulturkurios.de\/index.php?rest_route=\/wp\/v2\/pages\/3795","targetHints":{"allow":["GET"]}}],"collection":[{"href":"https:\/\/www.kulturkurios.de\/index.php?rest_route=\/wp\/v2\/pages"}],"about":[{"href":"https:\/\/www.kulturkurios.de\/index.php?rest_route=\/wp\/v2\/types\/page"}],"author":[{"embeddable":true,"href":"https:\/\/www.kulturkurios.de\/index.php?rest_route=\/wp\/v2\/users\/2"}],"replies":[{"embeddable":true,"href":"https:\/\/www.kulturkurios.de\/index.php?rest_route=%2Fwp%2Fv2%2Fcomments&post=3795"}],"version-history":[{"count":1,"href":"https:\/\/www.kulturkurios.de\/index.php?rest_route=\/wp\/v2\/pages\/3795\/revisions"}],"predecessor-version":[{"id":3798,"href":"https:\/\/www.kulturkurios.de\/index.php?rest_route=\/wp\/v2\/pages\/3795\/revisions\/3798"}],"wp:attachment":[{"href":"https:\/\/www.kulturkurios.de\/index.php?rest_route=%2Fwp%2Fv2%2Fmedia&parent=3795"}],"curies":[{"name":"wp","href":"https:\/\/api.w.org\/{rel}","templated":true}]}}