{"id":3790,"date":"2019-03-26T21:50:27","date_gmt":"2019-03-26T20:50:27","guid":{"rendered":"http:\/\/www.kulturkurios.de\/?page_id=3790"},"modified":"2019-03-26T21:50:27","modified_gmt":"2019-03-26T20:50:27","slug":"open-air-kino-2018","status":"publish","type":"page","link":"https:\/\/www.kulturkurios.de\/?page_id=3790","title":{"rendered":"Open Air Kino 2018"},"content":{"rendered":"\n<p>\nBeim\nKinoabend des Kinomobils am 1. September konnten wir fast 90 zahlende\nBesucher begr\u00fc\u00dfen und hatten so einen gut gef\u00fcllten Schulhof. Das\nWetter war nett zu uns. Es blieb trocken und windstill.<\/p>\n\n\n\n<p>\nDer\nFilm &#8211; <strong>Weit\n\u2013 Ein Weg um die Welt<\/strong>\n\u2013 beeindruckte die Zuschauer.<\/p>\n\n\n\n<p>\nBei\nguter Musik und leckererer Bewirtung durch den Kultur <em>Kurios<\/em>\nvor und w\u00e4hrend der Veranstaltung wurde die Zeit auch zum Gespr\u00e4ch\nund einem fr\u00f6hlichem Wiedersehen zum Ende der Ferien genutzt.<\/p>\n\n\n\n<p>\nWir\nw\u00fcrden uns freuen, im n\u00e4chsten Jahr erneut etwas auf die Leinwand\nzu stellen \u2013 dann gerne wieder an einem lauen und trockenen\nSp\u00e4tsommerabend drau\u00dfen auf dem Schulhof.<\/p>\n\n\n\n<p> Unser <strong>Dank <\/strong>geht an das Kinomobil, den Herrn B\u00fcrgermeister Welser und an alle Helferinnen und Helfer.<\/p>\n\n\n\n<figure class=\"wp-block-image\"><img loading=\"lazy\" decoding=\"async\" width=\"1024\" height=\"397\" src=\"http:\/\/www.kulturkurios.de\/wp-content\/uploads\/image-1024x397.png\" alt=\"\" class=\"wp-image-3792\" srcset=\"https:\/\/www.kulturkurios.de\/wp-content\/uploads\/image-1024x397.png 1024w, https:\/\/www.kulturkurios.de\/wp-content\/uploads\/image-300x116.png 300w, https:\/\/www.kulturkurios.de\/wp-content\/uploads\/image-768x298.png 768w, https:\/\/www.kulturkurios.de\/wp-content\/uploads\/image-1200x466.png 1200w, https:\/\/www.kulturkurios.de\/wp-content\/uploads\/image.png 1843w\" sizes=\"auto, (max-width: 709px) 85vw, (max-width: 909px) 67vw, (max-width: 1362px) 62vw, 840px\" \/><\/figure>\n","protected":false},"excerpt":{"rendered":"<p>Beim Kinoabend des Kinomobils am 1. September konnten wir fast 90 zahlende Besucher begr\u00fc\u00dfen und hatten so einen gut gef\u00fcllten Schulhof. Das Wetter war nett zu uns. Es blieb trocken und windstill. Der Film &#8211; Weit \u2013 Ein Weg um die Welt \u2013 beeindruckte die Zuschauer. Bei guter Musik und leckererer Bewirtung durch den Kultur &hellip; <a href=\"https:\/\/www.kulturkurios.de\/?page_id=3790\" class=\"more-link\"><span class=\"screen-reader-text\">\u201eOpen Air Kino 2018\u201c <\/span>weiterlesen<\/a><\/p>\n","protected":false},"author":2,"featured_media":0,"parent":0,"menu_order":0,"comment_status":"closed","ping_status":"closed","template":"","meta":{"footnotes":""},"class_list":["post-3790","page","type-page","status-publish","hentry"],"_links":{"self":[{"href":"https:\/\/www.kulturkurios.de\/index.php?rest_route=\/wp\/v2\/pages\/3790","targetHints":{"allow":["GET"]}}],"collection":[{"href":"https:\/\/www.kulturkurios.de\/index.php?rest_route=\/wp\/v2\/pages"}],"about":[{"href":"https:\/\/www.kulturkurios.de\/index.php?rest_route=\/wp\/v2\/types\/page"}],"author":[{"embeddable":true,"href":"https:\/\/www.kulturkurios.de\/index.php?rest_route=\/wp\/v2\/users\/2"}],"replies":[{"embeddable":true,"href":"https:\/\/www.kulturkurios.de\/index.php?rest_route=%2Fwp%2Fv2%2Fcomments&post=3790"}],"version-history":[{"count":1,"href":"https:\/\/www.kulturkurios.de\/index.php?rest_route=\/wp\/v2\/pages\/3790\/revisions"}],"predecessor-version":[{"id":3793,"href":"https:\/\/www.kulturkurios.de\/index.php?rest_route=\/wp\/v2\/pages\/3790\/revisions\/3793"}],"wp:attachment":[{"href":"https:\/\/www.kulturkurios.de\/index.php?rest_route=%2Fwp%2Fv2%2Fmedia&parent=3790"}],"curies":[{"name":"wp","href":"https:\/\/api.w.org\/{rel}","templated":true}]}}