{"id":3786,"date":"2019-03-26T21:45:28","date_gmt":"2019-03-26T20:45:28","guid":{"rendered":"http:\/\/www.kulturkurios.de\/?page_id=3786"},"modified":"2019-08-05T21:11:04","modified_gmt":"2019-08-05T19:11:04","slug":"sommerferienprogramm-2018","status":"publish","type":"page","link":"https:\/\/www.kulturkurios.de\/?page_id=3786","title":{"rendered":"Sommerferienprogramm 2018"},"content":{"rendered":"\n<h2 class=\"wp-block-heading\">Naturkunde &#8211; Quiz &#8211; Wanderung auf den Florian<\/h2>\n\n\n\n<p>Am 27. Juli trafen wir uns am B\u00fcrgerhaus in Kleinbettlingen an einem wunderbar warmen Sommertag. Nachdem alle 16 Kinder auf die Autos verteilt waren, fuhren wir den kurzen Weg nach Grafenberg zum Waldspielplatz und legten los mit der Naturkunde-Quiz-Wanderung auf den Florianberg.<\/p>\n\n\n\n<ul class=\"wp-block-list\"><li>Was braucht der Wald? und wer braucht den Wald?<\/li><li>Was passiert im Wald wenn sich das Klima \u00e4ndert? <\/li><\/ul>\n\n\n\n<p>Auf dem Berg angekommen, waren die Fragen beantwortet und jede Menge Hunger und Durst erwandert. Es gab Getr\u00e4nke, kalten Hotdog und Wassermelone. Beim Essen wurden Pflanzen bestimmt und der Florian erkundet. Zur\u00fcck beim Arboretum wurde den Kindern ein B\u00fcchlein \u00fcber einheimische B\u00e4ume \u00fcberreicht und im Arboretum die B\u00e4ume bewundert. Als Abschluss konnten wir noch auf dem Waldspielplatz die verbliebene Energie aus schaukeln und dann die Kinder nach Hause bringen. Allen vielen Dank f\u00fcr diesen sch\u00f6nen Tag in der Natur.<\/p>\n\n\n\n<figure class=\"wp-block-image is-resized\"><img loading=\"lazy\" decoding=\"async\" src=\"http:\/\/www.kulturkurios.de\/wp-content\/uploads\/SoFe_KuKuKl_2018-300x68.jpg\" alt=\"\" class=\"wp-image-3479\" width=\"788\" height=\"178\" srcset=\"https:\/\/www.kulturkurios.de\/wp-content\/uploads\/SoFe_KuKuKl_2018-300x68.jpg 300w, https:\/\/www.kulturkurios.de\/wp-content\/uploads\/SoFe_KuKuKl_2018-1024x233.jpg 1024w, https:\/\/www.kulturkurios.de\/wp-content\/uploads\/SoFe_KuKuKl_2018-1200x273.jpg 1200w, https:\/\/www.kulturkurios.de\/wp-content\/uploads\/SoFe_KuKuKl_2018.jpg 1664w\" sizes=\"auto, (max-width: 788px) 85vw, 788px\" \/><\/figure>\n","protected":false},"excerpt":{"rendered":"<p>Naturkunde &#8211; Quiz &#8211; Wanderung auf den Florian Am 27. Juli trafen wir uns am B\u00fcrgerhaus in Kleinbettlingen an einem wunderbar warmen Sommertag. Nachdem alle 16 Kinder auf die Autos verteilt waren, fuhren wir den kurzen Weg nach Grafenberg zum Waldspielplatz und legten los mit der Naturkunde-Quiz-Wanderung auf den Florianberg. Was braucht der Wald? und &hellip; <a href=\"https:\/\/www.kulturkurios.de\/?page_id=3786\" class=\"more-link\"><span class=\"screen-reader-text\">\u201eSommerferienprogramm 2018\u201c <\/span>weiterlesen<\/a><\/p>\n","protected":false},"author":2,"featured_media":0,"parent":0,"menu_order":0,"comment_status":"closed","ping_status":"closed","template":"","meta":{"footnotes":""},"class_list":["post-3786","page","type-page","status-publish","hentry"],"_links":{"self":[{"href":"https:\/\/www.kulturkurios.de\/index.php?rest_route=\/wp\/v2\/pages\/3786","targetHints":{"allow":["GET"]}}],"collection":[{"href":"https:\/\/www.kulturkurios.de\/index.php?rest_route=\/wp\/v2\/pages"}],"about":[{"href":"https:\/\/www.kulturkurios.de\/index.php?rest_route=\/wp\/v2\/types\/page"}],"author":[{"embeddable":true,"href":"https:\/\/www.kulturkurios.de\/index.php?rest_route=\/wp\/v2\/users\/2"}],"replies":[{"embeddable":true,"href":"https:\/\/www.kulturkurios.de\/index.php?rest_route=%2Fwp%2Fv2%2Fcomments&post=3786"}],"version-history":[{"count":3,"href":"https:\/\/www.kulturkurios.de\/index.php?rest_route=\/wp\/v2\/pages\/3786\/revisions"}],"predecessor-version":[{"id":3853,"href":"https:\/\/www.kulturkurios.de\/index.php?rest_route=\/wp\/v2\/pages\/3786\/revisions\/3853"}],"wp:attachment":[{"href":"https:\/\/www.kulturkurios.de\/index.php?rest_route=%2Fwp%2Fv2%2Fmedia&parent=3786"}],"curies":[{"name":"wp","href":"https:\/\/api.w.org\/{rel}","templated":true}]}}