{"id":3777,"date":"2019-03-26T21:38:33","date_gmt":"2019-03-26T20:38:33","guid":{"rendered":"http:\/\/www.kulturkurios.de\/?page_id=3777"},"modified":"2019-03-26T21:38:33","modified_gmt":"2019-03-26T20:38:33","slug":"suppenlesung-an-der-buecherregalbibliothek","status":"publish","type":"page","link":"https:\/\/www.kulturkurios.de\/?page_id=3777","title":{"rendered":"Suppenlesung an der B\u00fccherregalbibliothek"},"content":{"rendered":"\n<p>Suppenlesung  am 16. Februar 2018 <\/p>\n\n\n\n<p>F\u00fcr den <strong>16. Februar<\/strong> laden wir sehr herzlich zur <strong>Suppenlesung <\/strong>am Kleinbettlinger B\u00fccherregal ein. Seit Mitte Dezember hat auch Kleinbettlingen eine offene <strong>B\u00fccherregalbibliothek <\/strong>in der Grafenbergerstrasse 30.<br>Wir m\u00f6chten uns mit Euch bei den B\u00fcchern treffen und uns gegenseitig vorlesen. Anschlie\u00dfend wird f\u00fcr eine kleine Spende eine Suppe gereicht.<\/p>\n\n\n\n<ul class=\"wp-block-list\"><li>Wann: 16. Februar, 18:30<\/li><\/ul>\n\n\n\n<ul class=\"wp-block-list\"><li>Wo: am B\u00fccherregal<br>Grafenbergerstr. 30, Kleinbettlingen<\/li><\/ul>\n\n\n\n<figure class=\"wp-block-image\"><img loading=\"lazy\" decoding=\"async\" width=\"684\" height=\"1024\" src=\"http:\/\/www.kulturkurios.de\/wp-content\/uploads\/P1020129-684x1024.jpg\" alt=\"\" class=\"wp-image-3365\" srcset=\"https:\/\/www.kulturkurios.de\/wp-content\/uploads\/P1020129-684x1024.jpg 684w, https:\/\/www.kulturkurios.de\/wp-content\/uploads\/P1020129-200x300.jpg 200w, https:\/\/www.kulturkurios.de\/wp-content\/uploads\/P1020129-768x1150.jpg 768w, https:\/\/www.kulturkurios.de\/wp-content\/uploads\/P1020129-1200x1797.jpg 1200w, https:\/\/www.kulturkurios.de\/wp-content\/uploads\/P1020129.jpg 1892w\" sizes=\"auto, (max-width: 684px) 85vw, 684px\" \/><\/figure>\n","protected":false},"excerpt":{"rendered":"<p>Suppenlesung am 16. Februar 2018 F\u00fcr den 16. Februar laden wir sehr herzlich zur Suppenlesung am Kleinbettlinger B\u00fccherregal ein. Seit Mitte Dezember hat auch Kleinbettlingen eine offene B\u00fccherregalbibliothek in der Grafenbergerstrasse 30.Wir m\u00f6chten uns mit Euch bei den B\u00fcchern treffen und uns gegenseitig vorlesen. Anschlie\u00dfend wird f\u00fcr eine kleine Spende eine Suppe gereicht. Wann: 16. &hellip; <a href=\"https:\/\/www.kulturkurios.de\/?page_id=3777\" class=\"more-link\"><span class=\"screen-reader-text\">\u201eSuppenlesung an der B\u00fccherregalbibliothek\u201c <\/span>weiterlesen<\/a><\/p>\n","protected":false},"author":2,"featured_media":0,"parent":0,"menu_order":0,"comment_status":"closed","ping_status":"closed","template":"","meta":{"footnotes":""},"class_list":["post-3777","page","type-page","status-publish","hentry"],"_links":{"self":[{"href":"https:\/\/www.kulturkurios.de\/index.php?rest_route=\/wp\/v2\/pages\/3777","targetHints":{"allow":["GET"]}}],"collection":[{"href":"https:\/\/www.kulturkurios.de\/index.php?rest_route=\/wp\/v2\/pages"}],"about":[{"href":"https:\/\/www.kulturkurios.de\/index.php?rest_route=\/wp\/v2\/types\/page"}],"author":[{"embeddable":true,"href":"https:\/\/www.kulturkurios.de\/index.php?rest_route=\/wp\/v2\/users\/2"}],"replies":[{"embeddable":true,"href":"https:\/\/www.kulturkurios.de\/index.php?rest_route=%2Fwp%2Fv2%2Fcomments&post=3777"}],"version-history":[{"count":1,"href":"https:\/\/www.kulturkurios.de\/index.php?rest_route=\/wp\/v2\/pages\/3777\/revisions"}],"predecessor-version":[{"id":3778,"href":"https:\/\/www.kulturkurios.de\/index.php?rest_route=\/wp\/v2\/pages\/3777\/revisions\/3778"}],"wp:attachment":[{"href":"https:\/\/www.kulturkurios.de\/index.php?rest_route=%2Fwp%2Fv2%2Fmedia&parent=3777"}],"curies":[{"name":"wp","href":"https:\/\/api.w.org\/{rel}","templated":true}]}}