{"id":3774,"date":"2019-03-26T21:29:23","date_gmt":"2019-03-26T20:29:23","guid":{"rendered":"http:\/\/www.kulturkurios.de\/?page_id=3774"},"modified":"2019-03-26T21:29:23","modified_gmt":"2019-03-26T20:29:23","slug":"drei-koenigs-boule-2018","status":"publish","type":"page","link":"https:\/\/www.kulturkurios.de\/?page_id=3774","title":{"rendered":"Drei-K\u00f6nigs-Boule &#8211; 2018"},"content":{"rendered":"\n<p> Bei fr\u00fchlingshaften Temperaturen und Sonnenschein wurde das Boule-Jahr 2018 mit dem Drei-K\u00f6nigs-Turnier eingel\u00e4utet. Der Wanderpokal ging diesmal an Max &#8211; Herzlichen Gl\u00fcckwunsch <\/p>\n\n\n\n<ul class=\"wp-block-gallery columns-3 is-cropped wp-block-gallery-1 is-layout-flex wp-block-gallery-is-layout-flex\"><li class=\"blocks-gallery-item\"><figure><img loading=\"lazy\" decoding=\"async\" width=\"1024\" height=\"768\" src=\"http:\/\/www.kulturkurios.de\/wp-content\/uploads\/K1024_IMG_20180106_100959890_HDR.jpg\" alt=\"\" data-id=\"3383\" class=\"wp-image-3383\" srcset=\"https:\/\/www.kulturkurios.de\/wp-content\/uploads\/K1024_IMG_20180106_100959890_HDR.jpg 1024w, https:\/\/www.kulturkurios.de\/wp-content\/uploads\/K1024_IMG_20180106_100959890_HDR-300x225.jpg 300w, https:\/\/www.kulturkurios.de\/wp-content\/uploads\/K1024_IMG_20180106_100959890_HDR-768x576.jpg 768w\" sizes=\"auto, (max-width: 709px) 85vw, (max-width: 909px) 67vw, (max-width: 1362px) 62vw, 840px\" \/><\/figure><\/li><li class=\"blocks-gallery-item\"><figure><img loading=\"lazy\" decoding=\"async\" width=\"1024\" height=\"768\" src=\"http:\/\/www.kulturkurios.de\/wp-content\/uploads\/K1024_IMG_20180106_101013361.jpg\" alt=\"\" data-id=\"3384\" class=\"wp-image-3384\" srcset=\"https:\/\/www.kulturkurios.de\/wp-content\/uploads\/K1024_IMG_20180106_101013361.jpg 1024w, https:\/\/www.kulturkurios.de\/wp-content\/uploads\/K1024_IMG_20180106_101013361-300x225.jpg 300w, https:\/\/www.kulturkurios.de\/wp-content\/uploads\/K1024_IMG_20180106_101013361-768x576.jpg 768w\" sizes=\"auto, (max-width: 709px) 85vw, (max-width: 909px) 67vw, (max-width: 1362px) 62vw, 840px\" \/><\/figure><\/li><li class=\"blocks-gallery-item\"><figure><img loading=\"lazy\" decoding=\"async\" width=\"1024\" height=\"768\" src=\"http:\/\/www.kulturkurios.de\/wp-content\/uploads\/K1024_IMG_20180106_121424197.jpg\" alt=\"\" data-id=\"3385\" class=\"wp-image-3385\" srcset=\"https:\/\/www.kulturkurios.de\/wp-content\/uploads\/K1024_IMG_20180106_121424197.jpg 1024w, https:\/\/www.kulturkurios.de\/wp-content\/uploads\/K1024_IMG_20180106_121424197-300x225.jpg 300w, https:\/\/www.kulturkurios.de\/wp-content\/uploads\/K1024_IMG_20180106_121424197-768x576.jpg 768w\" sizes=\"auto, (max-width: 709px) 85vw, (max-width: 909px) 67vw, (max-width: 1362px) 62vw, 840px\" \/><\/figure><\/li><li class=\"blocks-gallery-item\"><figure><img loading=\"lazy\" decoding=\"async\" width=\"1024\" height=\"768\" src=\"http:\/\/www.kulturkurios.de\/wp-content\/uploads\/K1024_IMG_20180106_122758082.jpg\" alt=\"\" data-id=\"3386\" class=\"wp-image-3386\" srcset=\"https:\/\/www.kulturkurios.de\/wp-content\/uploads\/K1024_IMG_20180106_122758082.jpg 1024w, https:\/\/www.kulturkurios.de\/wp-content\/uploads\/K1024_IMG_20180106_122758082-300x225.jpg 300w, https:\/\/www.kulturkurios.de\/wp-content\/uploads\/K1024_IMG_20180106_122758082-768x576.jpg 768w\" sizes=\"auto, (max-width: 709px) 85vw, (max-width: 909px) 67vw, (max-width: 1362px) 62vw, 840px\" \/><\/figure><\/li><li class=\"blocks-gallery-item\"><figure><img loading=\"lazy\" decoding=\"async\" width=\"768\" height=\"1024\" src=\"http:\/\/www.kulturkurios.de\/wp-content\/uploads\/K1024_IMG_20180106_124234589.jpg\" alt=\"\" data-id=\"3387\" class=\"wp-image-3387\" srcset=\"https:\/\/www.kulturkurios.de\/wp-content\/uploads\/K1024_IMG_20180106_124234589.jpg 768w, https:\/\/www.kulturkurios.de\/wp-content\/uploads\/K1024_IMG_20180106_124234589-225x300.jpg 225w\" sizes=\"auto, (max-width: 768px) 85vw, 768px\" \/><\/figure><\/li><li class=\"blocks-gallery-item\"><figure><img loading=\"lazy\" decoding=\"async\" width=\"1024\" height=\"768\" src=\"http:\/\/www.kulturkurios.de\/wp-content\/uploads\/K1024_IMG_20180106_132533894.jpg\" alt=\"\" data-id=\"3388\" class=\"wp-image-3388\" srcset=\"https:\/\/www.kulturkurios.de\/wp-content\/uploads\/K1024_IMG_20180106_132533894.jpg 1024w, https:\/\/www.kulturkurios.de\/wp-content\/uploads\/K1024_IMG_20180106_132533894-300x225.jpg 300w, https:\/\/www.kulturkurios.de\/wp-content\/uploads\/K1024_IMG_20180106_132533894-768x576.jpg 768w\" sizes=\"auto, (max-width: 709px) 85vw, (max-width: 909px) 67vw, (max-width: 1362px) 62vw, 840px\" \/><\/figure><\/li><li class=\"blocks-gallery-item\"><figure><img loading=\"lazy\" decoding=\"async\" width=\"1024\" height=\"768\" src=\"http:\/\/www.kulturkurios.de\/wp-content\/uploads\/K1024_IMG_20180106_135951415.jpg\" alt=\"\" data-id=\"3389\" class=\"wp-image-3389\" srcset=\"https:\/\/www.kulturkurios.de\/wp-content\/uploads\/K1024_IMG_20180106_135951415.jpg 1024w, https:\/\/www.kulturkurios.de\/wp-content\/uploads\/K1024_IMG_20180106_135951415-300x225.jpg 300w, https:\/\/www.kulturkurios.de\/wp-content\/uploads\/K1024_IMG_20180106_135951415-768x576.jpg 768w\" sizes=\"auto, (max-width: 709px) 85vw, (max-width: 909px) 67vw, (max-width: 1362px) 62vw, 840px\" \/><\/figure><\/li><li class=\"blocks-gallery-item\"><figure><img loading=\"lazy\" decoding=\"async\" width=\"1024\" height=\"768\" src=\"http:\/\/www.kulturkurios.de\/wp-content\/uploads\/K1024_IMG_20180106_144317131.jpg\" alt=\"\" data-id=\"3390\" class=\"wp-image-3390\" srcset=\"https:\/\/www.kulturkurios.de\/wp-content\/uploads\/K1024_IMG_20180106_144317131.jpg 1024w, https:\/\/www.kulturkurios.de\/wp-content\/uploads\/K1024_IMG_20180106_144317131-300x225.jpg 300w, https:\/\/www.kulturkurios.de\/wp-content\/uploads\/K1024_IMG_20180106_144317131-768x576.jpg 768w\" sizes=\"auto, (max-width: 709px) 85vw, (max-width: 909px) 67vw, (max-width: 1362px) 62vw, 840px\" \/><\/figure><\/li><li class=\"blocks-gallery-item\"><figure><img loading=\"lazy\" decoding=\"async\" width=\"768\" height=\"1024\" src=\"http:\/\/www.kulturkurios.de\/wp-content\/uploads\/K1024_IMG-20180107-WA0000.jpg\" alt=\"\" data-id=\"3391\" class=\"wp-image-3391\" srcset=\"https:\/\/www.kulturkurios.de\/wp-content\/uploads\/K1024_IMG-20180107-WA0000.jpg 768w, https:\/\/www.kulturkurios.de\/wp-content\/uploads\/K1024_IMG-20180107-WA0000-225x300.jpg 225w\" sizes=\"auto, (max-width: 768px) 85vw, 768px\" \/><\/figure><\/li><li class=\"blocks-gallery-item\"><figure><img loading=\"lazy\" decoding=\"async\" width=\"1024\" height=\"768\" src=\"http:\/\/www.kulturkurios.de\/wp-content\/uploads\/K1024_IMG-20180107-WA0003.jpg\" alt=\"\" data-id=\"3392\" class=\"wp-image-3392\" srcset=\"https:\/\/www.kulturkurios.de\/wp-content\/uploads\/K1024_IMG-20180107-WA0003.jpg 1024w, https:\/\/www.kulturkurios.de\/wp-content\/uploads\/K1024_IMG-20180107-WA0003-300x225.jpg 300w, https:\/\/www.kulturkurios.de\/wp-content\/uploads\/K1024_IMG-20180107-WA0003-768x576.jpg 768w\" sizes=\"auto, (max-width: 709px) 85vw, (max-width: 909px) 67vw, (max-width: 1362px) 62vw, 840px\" \/><\/figure><\/li><\/ul>\n","protected":false},"excerpt":{"rendered":"<p>Bei fr\u00fchlingshaften Temperaturen und Sonnenschein wurde das Boule-Jahr 2018 mit dem Drei-K\u00f6nigs-Turnier eingel\u00e4utet. Der Wanderpokal ging diesmal an Max &#8211; Herzlichen Gl\u00fcckwunsch<\/p>\n","protected":false},"author":2,"featured_media":0,"parent":0,"menu_order":0,"comment_status":"closed","ping_status":"closed","template":"","meta":{"footnotes":""},"class_list":["post-3774","page","type-page","status-publish","hentry"],"_links":{"self":[{"href":"https:\/\/www.kulturkurios.de\/index.php?rest_route=\/wp\/v2\/pages\/3774","targetHints":{"allow":["GET"]}}],"collection":[{"href":"https:\/\/www.kulturkurios.de\/index.php?rest_route=\/wp\/v2\/pages"}],"about":[{"href":"https:\/\/www.kulturkurios.de\/index.php?rest_route=\/wp\/v2\/types\/page"}],"author":[{"embeddable":true,"href":"https:\/\/www.kulturkurios.de\/index.php?rest_route=\/wp\/v2\/users\/2"}],"replies":[{"embeddable":true,"href":"https:\/\/www.kulturkurios.de\/index.php?rest_route=%2Fwp%2Fv2%2Fcomments&post=3774"}],"version-history":[{"count":1,"href":"https:\/\/www.kulturkurios.de\/index.php?rest_route=\/wp\/v2\/pages\/3774\/revisions"}],"predecessor-version":[{"id":3775,"href":"https:\/\/www.kulturkurios.de\/index.php?rest_route=\/wp\/v2\/pages\/3774\/revisions\/3775"}],"wp:attachment":[{"href":"https:\/\/www.kulturkurios.de\/index.php?rest_route=%2Fwp%2Fv2%2Fmedia&parent=3774"}],"curies":[{"name":"wp","href":"https:\/\/api.w.org\/{rel}","templated":true}]}}