{"id":3769,"date":"2019-03-26T21:20:23","date_gmt":"2019-03-26T20:20:23","guid":{"rendered":"http:\/\/www.kulturkurios.de\/?page_id=3769"},"modified":"2019-03-26T21:20:24","modified_gmt":"2019-03-26T20:20:24","slug":"drei-koenigs-boule-2017","status":"publish","type":"page","link":"https:\/\/www.kulturkurios.de\/?page_id=3769","title":{"rendered":"Drei-K\u00f6nigs-Boule &#8211; 2017"},"content":{"rendered":"\n<p> Bei garstig kalten \u00e4u\u00dferen Bedingungen fand diesmal bereits am 5. Januar das Drei-K\u00f6nigs-Boule Turnier des Kultur<em>K<\/em>urios statt. Der Wanderpokal ging dieses Mal an Matthias. Herzlichen Gl\u00fcckwunsch. <\/p>\n\n\n\n<ul class=\"wp-block-gallery columns-3 is-cropped wp-block-gallery-1 is-layout-flex wp-block-gallery-is-layout-flex\"><li class=\"blocks-gallery-item\"><figure><img loading=\"lazy\" decoding=\"async\" width=\"1200\" height=\"1600\" src=\"http:\/\/www.kulturkurios.de\/wp-content\/uploads\/2016\/10\/IMG-20170105-WA00051.jpg\" alt=\"\" data-id=\"3039\" class=\"wp-image-3039\" srcset=\"https:\/\/www.kulturkurios.de\/wp-content\/uploads\/2016\/10\/IMG-20170105-WA00051.jpg 1200w, https:\/\/www.kulturkurios.de\/wp-content\/uploads\/2016\/10\/IMG-20170105-WA00051-225x300.jpg 225w, https:\/\/www.kulturkurios.de\/wp-content\/uploads\/2016\/10\/IMG-20170105-WA00051-768x1024.jpg 768w\" sizes=\"auto, (max-width: 709px) 85vw, (max-width: 909px) 67vw, (max-width: 1362px) 62vw, 840px\" \/><\/figure><\/li><li class=\"blocks-gallery-item\"><figure><img loading=\"lazy\" decoding=\"async\" width=\"1200\" height=\"1600\" src=\"http:\/\/www.kulturkurios.de\/wp-content\/uploads\/2016\/10\/IMG-20170105-WA00041.jpg\" alt=\"\" data-id=\"3040\" class=\"wp-image-3040\" srcset=\"https:\/\/www.kulturkurios.de\/wp-content\/uploads\/2016\/10\/IMG-20170105-WA00041.jpg 1200w, https:\/\/www.kulturkurios.de\/wp-content\/uploads\/2016\/10\/IMG-20170105-WA00041-225x300.jpg 225w, https:\/\/www.kulturkurios.de\/wp-content\/uploads\/2016\/10\/IMG-20170105-WA00041-768x1024.jpg 768w\" sizes=\"auto, (max-width: 709px) 85vw, (max-width: 909px) 67vw, (max-width: 1362px) 62vw, 840px\" \/><\/figure><\/li><li class=\"blocks-gallery-item\"><figure><img loading=\"lazy\" decoding=\"async\" width=\"1200\" height=\"1600\" src=\"http:\/\/www.kulturkurios.de\/wp-content\/uploads\/2016\/10\/IMG-20170105-WA00031.jpg\" alt=\"\" data-id=\"3041\" class=\"wp-image-3041\" srcset=\"https:\/\/www.kulturkurios.de\/wp-content\/uploads\/2016\/10\/IMG-20170105-WA00031.jpg 1200w, https:\/\/www.kulturkurios.de\/wp-content\/uploads\/2016\/10\/IMG-20170105-WA00031-225x300.jpg 225w, https:\/\/www.kulturkurios.de\/wp-content\/uploads\/2016\/10\/IMG-20170105-WA00031-768x1024.jpg 768w\" sizes=\"auto, (max-width: 709px) 85vw, (max-width: 909px) 67vw, (max-width: 1362px) 62vw, 840px\" \/><\/figure><\/li><li class=\"blocks-gallery-item\"><figure><img loading=\"lazy\" decoding=\"async\" width=\"1200\" height=\"1600\" src=\"http:\/\/www.kulturkurios.de\/wp-content\/uploads\/2016\/10\/IMG-20170105-WA00021.jpg\" alt=\"\" data-id=\"3042\" class=\"wp-image-3042\" srcset=\"https:\/\/www.kulturkurios.de\/wp-content\/uploads\/2016\/10\/IMG-20170105-WA00021.jpg 1200w, https:\/\/www.kulturkurios.de\/wp-content\/uploads\/2016\/10\/IMG-20170105-WA00021-225x300.jpg 225w, https:\/\/www.kulturkurios.de\/wp-content\/uploads\/2016\/10\/IMG-20170105-WA00021-768x1024.jpg 768w\" sizes=\"auto, (max-width: 709px) 85vw, (max-width: 909px) 67vw, (max-width: 1362px) 62vw, 840px\" \/><\/figure><\/li><li class=\"blocks-gallery-item\"><figure><img loading=\"lazy\" decoding=\"async\" width=\"1200\" height=\"1600\" src=\"http:\/\/www.kulturkurios.de\/wp-content\/uploads\/2016\/10\/IMG-20170105-WA00011.jpg\" alt=\"\" data-id=\"3043\" class=\"wp-image-3043\" srcset=\"https:\/\/www.kulturkurios.de\/wp-content\/uploads\/2016\/10\/IMG-20170105-WA00011.jpg 1200w, https:\/\/www.kulturkurios.de\/wp-content\/uploads\/2016\/10\/IMG-20170105-WA00011-225x300.jpg 225w, https:\/\/www.kulturkurios.de\/wp-content\/uploads\/2016\/10\/IMG-20170105-WA00011-768x1024.jpg 768w\" sizes=\"auto, (max-width: 709px) 85vw, (max-width: 909px) 67vw, (max-width: 1362px) 62vw, 840px\" \/><\/figure><\/li><\/ul>\n","protected":false},"excerpt":{"rendered":"<p>Bei garstig kalten \u00e4u\u00dferen Bedingungen fand diesmal bereits am 5. Januar das Drei-K\u00f6nigs-Boule Turnier des KulturKurios statt. Der Wanderpokal ging dieses Mal an Matthias. Herzlichen Gl\u00fcckwunsch.<\/p>\n","protected":false},"author":2,"featured_media":0,"parent":0,"menu_order":0,"comment_status":"closed","ping_status":"closed","template":"","meta":{"footnotes":""},"class_list":["post-3769","page","type-page","status-publish","hentry"],"_links":{"self":[{"href":"https:\/\/www.kulturkurios.de\/index.php?rest_route=\/wp\/v2\/pages\/3769","targetHints":{"allow":["GET"]}}],"collection":[{"href":"https:\/\/www.kulturkurios.de\/index.php?rest_route=\/wp\/v2\/pages"}],"about":[{"href":"https:\/\/www.kulturkurios.de\/index.php?rest_route=\/wp\/v2\/types\/page"}],"author":[{"embeddable":true,"href":"https:\/\/www.kulturkurios.de\/index.php?rest_route=\/wp\/v2\/users\/2"}],"replies":[{"embeddable":true,"href":"https:\/\/www.kulturkurios.de\/index.php?rest_route=%2Fwp%2Fv2%2Fcomments&post=3769"}],"version-history":[{"count":1,"href":"https:\/\/www.kulturkurios.de\/index.php?rest_route=\/wp\/v2\/pages\/3769\/revisions"}],"predecessor-version":[{"id":3770,"href":"https:\/\/www.kulturkurios.de\/index.php?rest_route=\/wp\/v2\/pages\/3769\/revisions\/3770"}],"wp:attachment":[{"href":"https:\/\/www.kulturkurios.de\/index.php?rest_route=%2Fwp%2Fv2%2Fmedia&parent=3769"}],"curies":[{"name":"wp","href":"https:\/\/api.w.org\/{rel}","templated":true}]}}