{"id":3766,"date":"2019-03-26T21:18:17","date_gmt":"2019-03-26T20:18:17","guid":{"rendered":"http:\/\/www.kulturkurios.de\/?page_id=3766"},"modified":"2019-03-26T21:18:18","modified_gmt":"2019-03-26T20:18:18","slug":"jahreshauptversammlung-2017","status":"publish","type":"page","link":"https:\/\/www.kulturkurios.de\/?page_id=3766","title":{"rendered":"Jahreshauptversammlung 2017"},"content":{"rendered":"\n<p>am <strong>Freitag<\/strong> 23. Juni 2017 fand auf <strong>Uli\u00b4s Wiese<\/strong> bei sch\u00f6nem Wetter, mit einem gigantischen Sommer-Sonnwend-Feuer die JHV statt. Es wurde gegrillt und gew\u00e4hlt und beschlossen.<\/p>\n\n\n\n<p>Dieses Mal, als besonderes Highlight, auf&nbsp;<strong>Uli\u00b4s Wiese<\/strong>&nbsp;bei sch\u00f6nem Wetter, mit einem&nbsp;gigantischen Sommer-Sonnwend-Feuer.&nbsp;Grillzeug&nbsp;brachte jeder selber mit und die&nbsp;Getr\u00e4nke&nbsp;wurden vom Verein gestellt.<br><strong>Uli\u00b4s Wiese<\/strong>&nbsp;war der perfekte Ort. Wir haben ein kleines, vereinsinternes Sommer-Sonnwend-Feuer entz\u00fcndet und konnten ganz gem\u00fctlich auf das gro\u00dfe Feuer samt Fackelzug schauen, das auf und am Jusi stattfand.<\/p>\n\n\n\n<p><strong>Tagesordnung<br><\/strong>Begr\u00fc\u00dfung \u2026<\/p>\n\n\n\n<ol class=\"wp-block-list\"><li>Jahresbericht des Vorstandes<\/li><li>Kassenbericht des Vorstandes<\/li><li>Bericht der Kassenrevision<\/li><li>Entlastung des Vorstandes<\/li><li>Wahlen der Vorst\u00e4nde<\/li><li>Wahl des Open-Air-Kino-Films<\/li><li>n\u00e4chste Arbeitstreffen<\/li><li>\u201eStand der Dinge\u201c zur Jahresplanung<\/li><li>Antr\u00e4ge und Ausblick<\/li><\/ol>\n\n\n\n<ul class=\"wp-block-gallery columns-3 is-cropped wp-block-gallery-1 is-layout-flex wp-block-gallery-is-layout-flex\"><li class=\"blocks-gallery-item\"><figure><img loading=\"lazy\" decoding=\"async\" width=\"4608\" height=\"2592\" src=\"http:\/\/www.kulturkurios.de\/wp-content\/uploads\/IMG_20170623_190924558_HDR.jpg\" alt=\"\" data-id=\"3107\" class=\"wp-image-3107\" srcset=\"https:\/\/www.kulturkurios.de\/wp-content\/uploads\/IMG_20170623_190924558_HDR.jpg 4608w, https:\/\/www.kulturkurios.de\/wp-content\/uploads\/IMG_20170623_190924558_HDR-300x169.jpg 300w, https:\/\/www.kulturkurios.de\/wp-content\/uploads\/IMG_20170623_190924558_HDR-768x432.jpg 768w, https:\/\/www.kulturkurios.de\/wp-content\/uploads\/IMG_20170623_190924558_HDR-1024x576.jpg 1024w, https:\/\/www.kulturkurios.de\/wp-content\/uploads\/IMG_20170623_190924558_HDR-1200x675.jpg 1200w\" sizes=\"auto, (max-width: 709px) 85vw, (max-width: 909px) 67vw, (max-width: 1362px) 62vw, 840px\" \/><\/figure><\/li><li class=\"blocks-gallery-item\"><figure><img loading=\"lazy\" decoding=\"async\" width=\"4608\" height=\"2592\" src=\"http:\/\/www.kulturkurios.de\/wp-content\/uploads\/IMG_20170623_190953177.jpg\" alt=\"\" data-id=\"3108\" class=\"wp-image-3108\" srcset=\"https:\/\/www.kulturkurios.de\/wp-content\/uploads\/IMG_20170623_190953177.jpg 4608w, https:\/\/www.kulturkurios.de\/wp-content\/uploads\/IMG_20170623_190953177-300x169.jpg 300w, https:\/\/www.kulturkurios.de\/wp-content\/uploads\/IMG_20170623_190953177-768x432.jpg 768w, https:\/\/www.kulturkurios.de\/wp-content\/uploads\/IMG_20170623_190953177-1024x576.jpg 1024w, https:\/\/www.kulturkurios.de\/wp-content\/uploads\/IMG_20170623_190953177-1200x675.jpg 1200w\" sizes=\"auto, (max-width: 709px) 85vw, (max-width: 909px) 67vw, (max-width: 1362px) 62vw, 840px\" \/><\/figure><\/li><li class=\"blocks-gallery-item\"><figure><img loading=\"lazy\" decoding=\"async\" width=\"4608\" height=\"2592\" src=\"http:\/\/www.kulturkurios.de\/wp-content\/uploads\/IMG_20170623_221847670.jpg\" alt=\"\" data-id=\"3109\" class=\"wp-image-3109\" srcset=\"https:\/\/www.kulturkurios.de\/wp-content\/uploads\/IMG_20170623_221847670.jpg 4608w, https:\/\/www.kulturkurios.de\/wp-content\/uploads\/IMG_20170623_221847670-300x169.jpg 300w, https:\/\/www.kulturkurios.de\/wp-content\/uploads\/IMG_20170623_221847670-768x432.jpg 768w, https:\/\/www.kulturkurios.de\/wp-content\/uploads\/IMG_20170623_221847670-1024x576.jpg 1024w, https:\/\/www.kulturkurios.de\/wp-content\/uploads\/IMG_20170623_221847670-1200x675.jpg 1200w\" sizes=\"auto, (max-width: 709px) 85vw, (max-width: 909px) 67vw, (max-width: 1362px) 62vw, 840px\" \/><\/figure><\/li><li class=\"blocks-gallery-item\"><figure><img loading=\"lazy\" decoding=\"async\" width=\"2592\" height=\"4608\" src=\"http:\/\/www.kulturkurios.de\/wp-content\/uploads\/IMG_20170623_222326451_BURST000_COVER_TOP.jpg\" alt=\"\" data-id=\"3110\" class=\"wp-image-3110\" srcset=\"https:\/\/www.kulturkurios.de\/wp-content\/uploads\/IMG_20170623_222326451_BURST000_COVER_TOP.jpg 2592w, https:\/\/www.kulturkurios.de\/wp-content\/uploads\/IMG_20170623_222326451_BURST000_COVER_TOP-169x300.jpg 169w, https:\/\/www.kulturkurios.de\/wp-content\/uploads\/IMG_20170623_222326451_BURST000_COVER_TOP-768x1365.jpg 768w, https:\/\/www.kulturkurios.de\/wp-content\/uploads\/IMG_20170623_222326451_BURST000_COVER_TOP-576x1024.jpg 576w, https:\/\/www.kulturkurios.de\/wp-content\/uploads\/IMG_20170623_222326451_BURST000_COVER_TOP-1200x2133.jpg 1200w\" sizes=\"auto, (max-width: 709px) 85vw, (max-width: 909px) 67vw, (max-width: 1362px) 62vw, 840px\" \/><\/figure><\/li><\/ul>\n","protected":false},"excerpt":{"rendered":"<p>am Freitag 23. Juni 2017 fand auf Uli\u00b4s Wiese bei sch\u00f6nem Wetter, mit einem gigantischen Sommer-Sonnwend-Feuer die JHV statt. Es wurde gegrillt und gew\u00e4hlt und beschlossen. Dieses Mal, als besonderes Highlight, auf&nbsp;Uli\u00b4s Wiese&nbsp;bei sch\u00f6nem Wetter, mit einem&nbsp;gigantischen Sommer-Sonnwend-Feuer.&nbsp;Grillzeug&nbsp;brachte jeder selber mit und die&nbsp;Getr\u00e4nke&nbsp;wurden vom Verein gestellt.Uli\u00b4s Wiese&nbsp;war der perfekte Ort. Wir haben ein kleines, vereinsinternes &hellip; <a href=\"https:\/\/www.kulturkurios.de\/?page_id=3766\" class=\"more-link\"><span class=\"screen-reader-text\">\u201eJahreshauptversammlung 2017\u201c <\/span>weiterlesen<\/a><\/p>\n","protected":false},"author":2,"featured_media":0,"parent":0,"menu_order":0,"comment_status":"closed","ping_status":"closed","template":"","meta":{"footnotes":""},"class_list":["post-3766","page","type-page","status-publish","hentry"],"_links":{"self":[{"href":"https:\/\/www.kulturkurios.de\/index.php?rest_route=\/wp\/v2\/pages\/3766","targetHints":{"allow":["GET"]}}],"collection":[{"href":"https:\/\/www.kulturkurios.de\/index.php?rest_route=\/wp\/v2\/pages"}],"about":[{"href":"https:\/\/www.kulturkurios.de\/index.php?rest_route=\/wp\/v2\/types\/page"}],"author":[{"embeddable":true,"href":"https:\/\/www.kulturkurios.de\/index.php?rest_route=\/wp\/v2\/users\/2"}],"replies":[{"embeddable":true,"href":"https:\/\/www.kulturkurios.de\/index.php?rest_route=%2Fwp%2Fv2%2Fcomments&post=3766"}],"version-history":[{"count":1,"href":"https:\/\/www.kulturkurios.de\/index.php?rest_route=\/wp\/v2\/pages\/3766\/revisions"}],"predecessor-version":[{"id":3767,"href":"https:\/\/www.kulturkurios.de\/index.php?rest_route=\/wp\/v2\/pages\/3766\/revisions\/3767"}],"wp:attachment":[{"href":"https:\/\/www.kulturkurios.de\/index.php?rest_route=%2Fwp%2Fv2%2Fmedia&parent=3766"}],"curies":[{"name":"wp","href":"https:\/\/api.w.org\/{rel}","templated":true}]}}