{"id":3763,"date":"2019-03-26T21:14:57","date_gmt":"2019-03-26T20:14:57","guid":{"rendered":"http:\/\/www.kulturkurios.de\/?page_id=3763"},"modified":"2019-03-26T21:14:58","modified_gmt":"2019-03-26T20:14:58","slug":"internationales-picknick-2017","status":"publish","type":"page","link":"https:\/\/www.kulturkurios.de\/?page_id=3763","title":{"rendered":"Internationales Picknick 2017"},"content":{"rendered":"\n<p>Internationales Picknick vom Sonntag den 9. 7.2017<\/p>\n\n\n\n<p>Es war ein gelungenes, sch\u00f6nes Picknick mit unseren neuen B\u00fcrgern (Fl\u00fcchtlingen) aus Bempflingen und Kleinbettlingen. Um 15 Uhr fanden sich viele Familien, Unterst\u00fctzer der Fl\u00fcchtlingsfamilien und Kukukler auf dem Bolzplatz in Kleinbettlingen ein.<br>Anf\u00e4ngliche Zur\u00fcckhaltung oder Scheu und Sprachbarrieren verloren sich fast spontan, da sie mit viel Spielfreude und Spielinteresse kompensiert wurden.<br>Bereitgestellte Spiele, wie Tischtennis, Volleyball, Federball, Boule und Tischkicker wurden von Kindern wie auch Erwachsenen sogleich ausprobiert. So gelang ein entspanntes, buntes Miteinander. Da alle zum Buffet beitrugen, kam eine kulinarische Vielfalt zustande, die alle Gaumen erfreute.<br>Die Getr\u00e4nke finanzierte der Verein Kultur <em>Kurios<\/em> mit dem f\u00fcr Fl\u00fcchtlinge bereitgestellte Spendengeld.<br>Mittendrin ein heftiger Regenschauer tat der ausgelassenen Stimmung keinen Abbruch. Wir haben danach einfach weitergespielt und endlich gegrillt.<br>Wir Vereinsmitglieder verbuchen diesen Mittag als Erfolg der Freude bereitet hat und finden es wiederholenswert.<\/p>\n\n\n\n<ul class=\"wp-block-gallery columns-3 is-cropped wp-block-gallery-1 is-layout-flex wp-block-gallery-is-layout-flex\"><li class=\"blocks-gallery-item\"><figure><img loading=\"lazy\" decoding=\"async\" width=\"1327\" height=\"812\" src=\"http:\/\/www.kulturkurios.de\/wp-content\/uploads\/Bild_1.jpg\" alt=\"\" data-id=\"3120\" class=\"wp-image-3120\" srcset=\"https:\/\/www.kulturkurios.de\/wp-content\/uploads\/Bild_1.jpg 1327w, https:\/\/www.kulturkurios.de\/wp-content\/uploads\/Bild_1-300x184.jpg 300w, https:\/\/www.kulturkurios.de\/wp-content\/uploads\/Bild_1-768x470.jpg 768w, https:\/\/www.kulturkurios.de\/wp-content\/uploads\/Bild_1-1024x627.jpg 1024w, https:\/\/www.kulturkurios.de\/wp-content\/uploads\/Bild_1-1200x734.jpg 1200w\" sizes=\"auto, (max-width: 709px) 85vw, (max-width: 909px) 67vw, (max-width: 1362px) 62vw, 840px\" \/><\/figure><\/li><li class=\"blocks-gallery-item\"><figure><img loading=\"lazy\" decoding=\"async\" width=\"1217\" height=\"787\" src=\"http:\/\/www.kulturkurios.de\/wp-content\/uploads\/Bild_2.jpg\" alt=\"\" data-id=\"3121\" class=\"wp-image-3121\" srcset=\"https:\/\/www.kulturkurios.de\/wp-content\/uploads\/Bild_2.jpg 1217w, https:\/\/www.kulturkurios.de\/wp-content\/uploads\/Bild_2-300x194.jpg 300w, https:\/\/www.kulturkurios.de\/wp-content\/uploads\/Bild_2-768x497.jpg 768w, https:\/\/www.kulturkurios.de\/wp-content\/uploads\/Bild_2-1024x662.jpg 1024w, https:\/\/www.kulturkurios.de\/wp-content\/uploads\/Bild_2-1200x776.jpg 1200w\" sizes=\"auto, (max-width: 709px) 85vw, (max-width: 909px) 67vw, (max-width: 1362px) 62vw, 840px\" \/><\/figure><\/li><li class=\"blocks-gallery-item\"><figure><img loading=\"lazy\" decoding=\"async\" width=\"1314\" height=\"766\" src=\"http:\/\/www.kulturkurios.de\/wp-content\/uploads\/Bild_3.jpg\" alt=\"\" data-id=\"3122\" class=\"wp-image-3122\" srcset=\"https:\/\/www.kulturkurios.de\/wp-content\/uploads\/Bild_3.jpg 1314w, https:\/\/www.kulturkurios.de\/wp-content\/uploads\/Bild_3-300x175.jpg 300w, https:\/\/www.kulturkurios.de\/wp-content\/uploads\/Bild_3-768x448.jpg 768w, https:\/\/www.kulturkurios.de\/wp-content\/uploads\/Bild_3-1024x597.jpg 1024w, https:\/\/www.kulturkurios.de\/wp-content\/uploads\/Bild_3-1200x700.jpg 1200w\" sizes=\"auto, (max-width: 709px) 85vw, (max-width: 909px) 67vw, (max-width: 1362px) 62vw, 840px\" \/><\/figure><\/li><li class=\"blocks-gallery-item\"><figure><img loading=\"lazy\" decoding=\"async\" width=\"647\" height=\"996\" src=\"http:\/\/www.kulturkurios.de\/wp-content\/uploads\/Bild_4.jpg\" alt=\"\" data-id=\"3123\" class=\"wp-image-3123\" srcset=\"https:\/\/www.kulturkurios.de\/wp-content\/uploads\/Bild_4.jpg 647w, https:\/\/www.kulturkurios.de\/wp-content\/uploads\/Bild_4-195x300.jpg 195w\" sizes=\"auto, (max-width: 647px) 85vw, 647px\" \/><\/figure><\/li><li class=\"blocks-gallery-item\"><figure><img loading=\"lazy\" decoding=\"async\" width=\"1335\" height=\"801\" src=\"http:\/\/www.kulturkurios.de\/wp-content\/uploads\/Bild_5.jpg\" alt=\"\" data-id=\"3124\" class=\"wp-image-3124\" srcset=\"https:\/\/www.kulturkurios.de\/wp-content\/uploads\/Bild_5.jpg 1335w, https:\/\/www.kulturkurios.de\/wp-content\/uploads\/Bild_5-300x180.jpg 300w, https:\/\/www.kulturkurios.de\/wp-content\/uploads\/Bild_5-768x461.jpg 768w, https:\/\/www.kulturkurios.de\/wp-content\/uploads\/Bild_5-1024x614.jpg 1024w, https:\/\/www.kulturkurios.de\/wp-content\/uploads\/Bild_5-1200x720.jpg 1200w\" sizes=\"auto, (max-width: 709px) 85vw, (max-width: 909px) 67vw, (max-width: 1362px) 62vw, 840px\" \/><\/figure><\/li><li class=\"blocks-gallery-item\"><figure><img loading=\"lazy\" decoding=\"async\" width=\"1332\" height=\"819\" src=\"http:\/\/www.kulturkurios.de\/wp-content\/uploads\/Bild_6.jpg\" alt=\"\" data-id=\"3125\" class=\"wp-image-3125\" srcset=\"https:\/\/www.kulturkurios.de\/wp-content\/uploads\/Bild_6.jpg 1332w, https:\/\/www.kulturkurios.de\/wp-content\/uploads\/Bild_6-300x184.jpg 300w, https:\/\/www.kulturkurios.de\/wp-content\/uploads\/Bild_6-768x472.jpg 768w, https:\/\/www.kulturkurios.de\/wp-content\/uploads\/Bild_6-1024x630.jpg 1024w, https:\/\/www.kulturkurios.de\/wp-content\/uploads\/Bild_6-1200x738.jpg 1200w\" sizes=\"auto, (max-width: 709px) 85vw, (max-width: 909px) 67vw, (max-width: 1362px) 62vw, 840px\" \/><\/figure><\/li><li class=\"blocks-gallery-item\"><figure><img loading=\"lazy\" decoding=\"async\" width=\"734\" height=\"801\" src=\"http:\/\/www.kulturkurios.de\/wp-content\/uploads\/Bild_7.jpg\" alt=\"\" data-id=\"3126\" class=\"wp-image-3126\" srcset=\"https:\/\/www.kulturkurios.de\/wp-content\/uploads\/Bild_7.jpg 734w, https:\/\/www.kulturkurios.de\/wp-content\/uploads\/Bild_7-275x300.jpg 275w\" sizes=\"auto, (max-width: 734px) 85vw, 734px\" \/><\/figure><\/li><li class=\"blocks-gallery-item\"><figure><img loading=\"lazy\" decoding=\"async\" width=\"1310\" height=\"975\" src=\"http:\/\/www.kulturkurios.de\/wp-content\/uploads\/Bild_8.jpg\" alt=\"\" data-id=\"3127\" class=\"wp-image-3127\" srcset=\"https:\/\/www.kulturkurios.de\/wp-content\/uploads\/Bild_8.jpg 1310w, https:\/\/www.kulturkurios.de\/wp-content\/uploads\/Bild_8-300x223.jpg 300w, https:\/\/www.kulturkurios.de\/wp-content\/uploads\/Bild_8-768x572.jpg 768w, https:\/\/www.kulturkurios.de\/wp-content\/uploads\/Bild_8-1024x762.jpg 1024w, https:\/\/www.kulturkurios.de\/wp-content\/uploads\/Bild_8-1200x893.jpg 1200w\" sizes=\"auto, (max-width: 709px) 85vw, (max-width: 909px) 67vw, (max-width: 1362px) 62vw, 840px\" \/><\/figure><\/li><li class=\"blocks-gallery-item\"><figure><img loading=\"lazy\" decoding=\"async\" width=\"1310\" height=\"928\" src=\"http:\/\/www.kulturkurios.de\/wp-content\/uploads\/Bild_9.jpg\" alt=\"\" data-id=\"3128\" class=\"wp-image-3128\" srcset=\"https:\/\/www.kulturkurios.de\/wp-content\/uploads\/Bild_9.jpg 1310w, https:\/\/www.kulturkurios.de\/wp-content\/uploads\/Bild_9-300x213.jpg 300w, https:\/\/www.kulturkurios.de\/wp-content\/uploads\/Bild_9-768x544.jpg 768w, https:\/\/www.kulturkurios.de\/wp-content\/uploads\/Bild_9-1024x725.jpg 1024w, https:\/\/www.kulturkurios.de\/wp-content\/uploads\/Bild_9-1200x850.jpg 1200w\" sizes=\"auto, (max-width: 709px) 85vw, (max-width: 909px) 67vw, (max-width: 1362px) 62vw, 840px\" \/><\/figure><\/li><\/ul>\n","protected":false},"excerpt":{"rendered":"<p>Internationales Picknick vom Sonntag den 9. 7.2017 Es war ein gelungenes, sch\u00f6nes Picknick mit unseren neuen B\u00fcrgern (Fl\u00fcchtlingen) aus Bempflingen und Kleinbettlingen. Um 15 Uhr fanden sich viele Familien, Unterst\u00fctzer der Fl\u00fcchtlingsfamilien und Kukukler auf dem Bolzplatz in Kleinbettlingen ein.Anf\u00e4ngliche Zur\u00fcckhaltung oder Scheu und Sprachbarrieren verloren sich fast spontan, da sie mit viel Spielfreude und &hellip; <a href=\"https:\/\/www.kulturkurios.de\/?page_id=3763\" class=\"more-link\"><span class=\"screen-reader-text\">\u201eInternationales Picknick 2017\u201c <\/span>weiterlesen<\/a><\/p>\n","protected":false},"author":2,"featured_media":0,"parent":0,"menu_order":0,"comment_status":"closed","ping_status":"closed","template":"","meta":{"footnotes":""},"class_list":["post-3763","page","type-page","status-publish","hentry"],"_links":{"self":[{"href":"https:\/\/www.kulturkurios.de\/index.php?rest_route=\/wp\/v2\/pages\/3763","targetHints":{"allow":["GET"]}}],"collection":[{"href":"https:\/\/www.kulturkurios.de\/index.php?rest_route=\/wp\/v2\/pages"}],"about":[{"href":"https:\/\/www.kulturkurios.de\/index.php?rest_route=\/wp\/v2\/types\/page"}],"author":[{"embeddable":true,"href":"https:\/\/www.kulturkurios.de\/index.php?rest_route=\/wp\/v2\/users\/2"}],"replies":[{"embeddable":true,"href":"https:\/\/www.kulturkurios.de\/index.php?rest_route=%2Fwp%2Fv2%2Fcomments&post=3763"}],"version-history":[{"count":1,"href":"https:\/\/www.kulturkurios.de\/index.php?rest_route=\/wp\/v2\/pages\/3763\/revisions"}],"predecessor-version":[{"id":3764,"href":"https:\/\/www.kulturkurios.de\/index.php?rest_route=\/wp\/v2\/pages\/3763\/revisions\/3764"}],"wp:attachment":[{"href":"https:\/\/www.kulturkurios.de\/index.php?rest_route=%2Fwp%2Fv2%2Fmedia&parent=3763"}],"curies":[{"name":"wp","href":"https:\/\/api.w.org\/{rel}","templated":true}]}}