{"id":3754,"date":"2019-03-26T21:07:23","date_gmt":"2019-03-26T20:07:23","guid":{"rendered":"http:\/\/www.kulturkurios.de\/?page_id=3754"},"modified":"2019-03-26T21:07:23","modified_gmt":"2019-03-26T20:07:23","slug":"open-air-kino-2017-unterwegs-mit-jaqueline","status":"publish","type":"page","link":"https:\/\/www.kulturkurios.de\/?page_id=3754","title":{"rendered":"Open Air Kino 2017 &#8211; Unterwegs mit Jaqueline"},"content":{"rendered":"\n<p>\u201c<em>OpenAir<\/em>\u201d Kino in Bempflingen.<br>Beim Kinoabend des Kinomobils am 9. September konnten wir fast 100 zahlende Besucher begr\u00fc\u00dfen und hatten so eine gut gef\u00fcllte Turnhalle. Das Wetter war f\u00fcr Open Air ohne Dach leider nicht geeignet.<br>Die Turnhalle wurde bestuhlt und die Leinwand aufgebaut. Der Film &#8211; Unterwegs mit Jaqueline &#8211; begeisterte die Zuschauer und lie\u00df m\u00f6glicherweise den einen oder anderen \u00fcber ein neues Haustier nachdenken&#8230;&nbsp;<a href=\"http:\/\/unterwegsmitjacqueline.de\/#section1\" target=\"_blank\" rel=\"noreferrer noopener\">Jaquelines Webseite<\/a><\/p>\n\n\n\n<p>Bei guter Musik und leckererer Bewirtung durch den Kultur <em>Kurios<\/em> vor und w\u00e4hrend der Veranstaltung wurde die Zeit auch zum Gespr\u00e4ch und einem fr\u00f6hlichem Wiedersehen nach den Ferien genutzt.<\/p>\n\n\n\n<p>Wir w\u00fcrden uns freuen, im n\u00e4chsten Jahr erneut etwas auf die Leinwand zu stellen \u2013 dann bevorzugt an einem lauen und trockenen Sp\u00e4tsommerabend drau\u00dfen auf dem Schulhof.<\/p>\n\n\n\n<p>Unser Dank geht an das Kinomobil, den Herrn B\u00fcrgermeister Welser und an alle Helferinnen und Helfer.<\/p>\n\n\n\n<figure class=\"wp-block-image\"><img loading=\"lazy\" decoding=\"async\" width=\"300\" height=\"128\" src=\"http:\/\/www.kulturkurios.de\/wp-content\/uploads\/Bild-300x128.jpg\" alt=\"\" class=\"wp-image-3191\" srcset=\"https:\/\/www.kulturkurios.de\/wp-content\/uploads\/Bild-300x128.jpg 300w, https:\/\/www.kulturkurios.de\/wp-content\/uploads\/Bild-768x329.jpg 768w, https:\/\/www.kulturkurios.de\/wp-content\/uploads\/Bild-1024x439.jpg 1024w, https:\/\/www.kulturkurios.de\/wp-content\/uploads\/Bild-1200x514.jpg 1200w, https:\/\/www.kulturkurios.de\/wp-content\/uploads\/Bild.jpg 1317w\" sizes=\"auto, (max-width: 300px) 85vw, 300px\" \/><\/figure>\n\n\n\n<p>Hier ein&nbsp;<a href=\"http:\/\/m.swp.de\/metzingen\/lokales\/alb-neckar\/filme-schauen-und-vom-_ku-kuh-kuchen_-naschen-15717143.html\" target=\"_blank\" rel=\"noreferrer noopener\">Link zur Webseite<\/a> der S\u00fcdwestpresse zu einem Artikel \u00fcber das OpenAir Kino.<\/p>\n","protected":false},"excerpt":{"rendered":"<p>\u201cOpenAir\u201d Kino in Bempflingen.Beim Kinoabend des Kinomobils am 9. September konnten wir fast 100 zahlende Besucher begr\u00fc\u00dfen und hatten so eine gut gef\u00fcllte Turnhalle. Das Wetter war f\u00fcr Open Air ohne Dach leider nicht geeignet.Die Turnhalle wurde bestuhlt und die Leinwand aufgebaut. Der Film &#8211; Unterwegs mit Jaqueline &#8211; begeisterte die Zuschauer und lie\u00df m\u00f6glicherweise &hellip; <a href=\"https:\/\/www.kulturkurios.de\/?page_id=3754\" class=\"more-link\"><span class=\"screen-reader-text\">\u201eOpen Air Kino 2017 &#8211; Unterwegs mit Jaqueline\u201c <\/span>weiterlesen<\/a><\/p>\n","protected":false},"author":2,"featured_media":0,"parent":0,"menu_order":0,"comment_status":"closed","ping_status":"closed","template":"","meta":{"footnotes":""},"class_list":["post-3754","page","type-page","status-publish","hentry"],"_links":{"self":[{"href":"https:\/\/www.kulturkurios.de\/index.php?rest_route=\/wp\/v2\/pages\/3754","targetHints":{"allow":["GET"]}}],"collection":[{"href":"https:\/\/www.kulturkurios.de\/index.php?rest_route=\/wp\/v2\/pages"}],"about":[{"href":"https:\/\/www.kulturkurios.de\/index.php?rest_route=\/wp\/v2\/types\/page"}],"author":[{"embeddable":true,"href":"https:\/\/www.kulturkurios.de\/index.php?rest_route=\/wp\/v2\/users\/2"}],"replies":[{"embeddable":true,"href":"https:\/\/www.kulturkurios.de\/index.php?rest_route=%2Fwp%2Fv2%2Fcomments&post=3754"}],"version-history":[{"count":1,"href":"https:\/\/www.kulturkurios.de\/index.php?rest_route=\/wp\/v2\/pages\/3754\/revisions"}],"predecessor-version":[{"id":3755,"href":"https:\/\/www.kulturkurios.de\/index.php?rest_route=\/wp\/v2\/pages\/3754\/revisions\/3755"}],"wp:attachment":[{"href":"https:\/\/www.kulturkurios.de\/index.php?rest_route=%2Fwp%2Fv2%2Fmedia&parent=3754"}],"curies":[{"name":"wp","href":"https:\/\/api.w.org\/{rel}","templated":true}]}}