{"id":3749,"date":"2019-03-26T21:02:34","date_gmt":"2019-03-26T20:02:34","guid":{"rendered":"http:\/\/www.kulturkurios.de\/?page_id=3749"},"modified":"2019-03-26T21:05:00","modified_gmt":"2019-03-26T20:05:00","slug":"die-trostmuehle-der-film","status":"publish","type":"page","link":"https:\/\/www.kulturkurios.de\/?page_id=3749","title":{"rendered":"Die Trostm\u00fchle &#8211; der Film"},"content":{"rendered":"\n<h2 class=\"wp-block-heading\">Die Trostm\u00fchle \u2013 Eine Familiengeschichte aus dem Ermstal &#8211; Ein Film von Markus Stecher &#8211; am 07. und 08. Oktober 2017 in der Trostm\u00fchle in Bempflingen<\/h2>\n\n\n\n<p><strong>R\u00fcckblick<\/strong><\/p>\n\n\n\n<p>Vielen Dank f\u00fcr das \u00fcberw\u00e4ltigende Interesse an unseren Filmtagen! Der Film \u00fcber die Trostm\u00fchle hat gro\u00dfen Anklang gefunden. Beide Vorstellungen erfreuten sich gro\u00dfer Beliebtheit und waren restlos ausverkauft. Auch vor und nach den Vorstellungen wurde gerne am \u201eOriginal Drehort\u201c verweilt und das kulinarische Angebot angenommen.<\/p>\n\n\n\n<p>Wir Danken unseren interessierten und teils zu Tr\u00e4nen ger\u00fchrten G\u00e4sten. Ihr ward ein gro\u00dfartiges Publikum!<\/p>\n\n\n\n<p>F\u00fcr alle, die die ersten Filmtage in der M\u00fchle verpasst haben: Wir werden den Film sicherlich im Fr\u00fchjahr ein weiteres Mal zeigen.<\/p>\n\n\n\n<p>\u00a0<a rel=\"noreferrer noopener\" href=\"https:\/\/www.youtube.com\/watch?v=L2d15gPD2gQ&amp;t=1s\" target=\"_blank\">Hier findet sich ein kurzer Auszug &#8211; Link nach YouTube.<\/a><\/p>\n\n\n\n<ul class=\"wp-block-gallery columns-3 is-cropped wp-block-gallery-1 is-layout-flex wp-block-gallery-is-layout-flex\"><li class=\"blocks-gallery-item\"><figure><img loading=\"lazy\" decoding=\"async\" width=\"641\" height=\"427\" src=\"http:\/\/www.kulturkurios.de\/wp-content\/uploads\/DSC_8529.jpeg\" alt=\"\" data-id=\"3206\" class=\"wp-image-3206\" srcset=\"https:\/\/www.kulturkurios.de\/wp-content\/uploads\/DSC_8529.jpeg 641w, https:\/\/www.kulturkurios.de\/wp-content\/uploads\/DSC_8529-300x200.jpeg 300w\" sizes=\"auto, (max-width: 641px) 85vw, 641px\" \/><\/figure><\/li><li class=\"blocks-gallery-item\"><figure><img loading=\"lazy\" decoding=\"async\" width=\"641\" height=\"427\" src=\"http:\/\/www.kulturkurios.de\/wp-content\/uploads\/DSC_8536.jpeg\" alt=\"\" data-id=\"3207\" class=\"wp-image-3207\" srcset=\"https:\/\/www.kulturkurios.de\/wp-content\/uploads\/DSC_8536.jpeg 641w, https:\/\/www.kulturkurios.de\/wp-content\/uploads\/DSC_8536-300x200.jpeg 300w\" sizes=\"auto, (max-width: 641px) 85vw, 641px\" \/><\/figure><\/li><li class=\"blocks-gallery-item\"><figure><img loading=\"lazy\" decoding=\"async\" width=\"641\" height=\"427\" src=\"http:\/\/www.kulturkurios.de\/wp-content\/uploads\/DSC_8539.jpeg\" alt=\"\" data-id=\"3208\" class=\"wp-image-3208\" srcset=\"https:\/\/www.kulturkurios.de\/wp-content\/uploads\/DSC_8539.jpeg 641w, https:\/\/www.kulturkurios.de\/wp-content\/uploads\/DSC_8539-300x200.jpeg 300w\" sizes=\"auto, (max-width: 641px) 85vw, 641px\" \/><\/figure><\/li><li class=\"blocks-gallery-item\"><figure><img loading=\"lazy\" decoding=\"async\" width=\"641\" height=\"427\" src=\"http:\/\/www.kulturkurios.de\/wp-content\/uploads\/DSC_8569.jpeg\" alt=\"\" data-id=\"3209\" class=\"wp-image-3209\" srcset=\"https:\/\/www.kulturkurios.de\/wp-content\/uploads\/DSC_8569.jpeg 641w, https:\/\/www.kulturkurios.de\/wp-content\/uploads\/DSC_8569-300x200.jpeg 300w\" sizes=\"auto, (max-width: 641px) 85vw, 641px\" \/><\/figure><\/li><li class=\"blocks-gallery-item\"><figure><img loading=\"lazy\" decoding=\"async\" width=\"641\" height=\"427\" src=\"http:\/\/www.kulturkurios.de\/wp-content\/uploads\/DSC_8571.jpeg\" alt=\"\" data-id=\"3210\" class=\"wp-image-3210\" srcset=\"https:\/\/www.kulturkurios.de\/wp-content\/uploads\/DSC_8571.jpeg 641w, https:\/\/www.kulturkurios.de\/wp-content\/uploads\/DSC_8571-300x200.jpeg 300w\" sizes=\"auto, (max-width: 641px) 85vw, 641px\" \/><\/figure><\/li><li class=\"blocks-gallery-item\"><figure><img loading=\"lazy\" decoding=\"async\" width=\"641\" height=\"427\" src=\"http:\/\/www.kulturkurios.de\/wp-content\/uploads\/DSC_8572.jpeg\" alt=\"\" data-id=\"3211\" class=\"wp-image-3211\" srcset=\"https:\/\/www.kulturkurios.de\/wp-content\/uploads\/DSC_8572.jpeg 641w, https:\/\/www.kulturkurios.de\/wp-content\/uploads\/DSC_8572-300x200.jpeg 300w\" sizes=\"auto, (max-width: 641px) 85vw, 641px\" \/><\/figure><\/li><li class=\"blocks-gallery-item\"><figure><img loading=\"lazy\" decoding=\"async\" width=\"641\" height=\"427\" src=\"http:\/\/www.kulturkurios.de\/wp-content\/uploads\/DSC_8576.jpeg\" alt=\"\" data-id=\"3212\" class=\"wp-image-3212\" srcset=\"https:\/\/www.kulturkurios.de\/wp-content\/uploads\/DSC_8576.jpeg 641w, https:\/\/www.kulturkurios.de\/wp-content\/uploads\/DSC_8576-300x200.jpeg 300w\" sizes=\"auto, (max-width: 641px) 85vw, 641px\" \/><\/figure><\/li><\/ul>\n","protected":false},"excerpt":{"rendered":"<p>Die Trostm\u00fchle \u2013 Eine Familiengeschichte aus dem Ermstal &#8211; Ein Film von Markus Stecher &#8211; am 07. und 08. Oktober 2017 in der Trostm\u00fchle in Bempflingen R\u00fcckblick Vielen Dank f\u00fcr das \u00fcberw\u00e4ltigende Interesse an unseren Filmtagen! Der Film \u00fcber die Trostm\u00fchle hat gro\u00dfen Anklang gefunden. Beide Vorstellungen erfreuten sich gro\u00dfer Beliebtheit und waren restlos ausverkauft. &hellip; <a href=\"https:\/\/www.kulturkurios.de\/?page_id=3749\" class=\"more-link\"><span class=\"screen-reader-text\">\u201eDie Trostm\u00fchle &#8211; der Film\u201c <\/span>weiterlesen<\/a><\/p>\n","protected":false},"author":2,"featured_media":0,"parent":0,"menu_order":0,"comment_status":"closed","ping_status":"closed","template":"","meta":{"footnotes":""},"class_list":["post-3749","page","type-page","status-publish","hentry"],"_links":{"self":[{"href":"https:\/\/www.kulturkurios.de\/index.php?rest_route=\/wp\/v2\/pages\/3749","targetHints":{"allow":["GET"]}}],"collection":[{"href":"https:\/\/www.kulturkurios.de\/index.php?rest_route=\/wp\/v2\/pages"}],"about":[{"href":"https:\/\/www.kulturkurios.de\/index.php?rest_route=\/wp\/v2\/types\/page"}],"author":[{"embeddable":true,"href":"https:\/\/www.kulturkurios.de\/index.php?rest_route=\/wp\/v2\/users\/2"}],"replies":[{"embeddable":true,"href":"https:\/\/www.kulturkurios.de\/index.php?rest_route=%2Fwp%2Fv2%2Fcomments&post=3749"}],"version-history":[{"count":2,"href":"https:\/\/www.kulturkurios.de\/index.php?rest_route=\/wp\/v2\/pages\/3749\/revisions"}],"predecessor-version":[{"id":3751,"href":"https:\/\/www.kulturkurios.de\/index.php?rest_route=\/wp\/v2\/pages\/3749\/revisions\/3751"}],"wp:attachment":[{"href":"https:\/\/www.kulturkurios.de\/index.php?rest_route=%2Fwp%2Fv2%2Fmedia&parent=3749"}],"curies":[{"name":"wp","href":"https:\/\/api.w.org\/{rel}","templated":true}]}}