{"id":3741,"date":"2019-03-26T20:53:09","date_gmt":"2019-03-26T19:53:09","guid":{"rendered":"http:\/\/www.kulturkurios.de\/?page_id=3741"},"modified":"2019-03-26T20:59:59","modified_gmt":"2019-03-26T19:59:59","slug":"wandern-auf-moerikes-spuren-2017","status":"publish","type":"page","link":"https:\/\/www.kulturkurios.de\/?page_id=3741","title":{"rendered":"Wandern auf M\u00f6rikes Spuren 2017"},"content":{"rendered":"\n<p> Am 22. Oktober 2017 wanderten belesene und lesende Wanderfreunde rund um Kleinbettlingen dem M\u00f6rike Symbol folgend gut 20 Kilometer rund um Kleinbettlingen. Der Weg f\u00fchrte uns \u00fcber Gro\u00dfbettlingen, Tischardt, Kohlberg, Kappish\u00e4usern und Grafenberg, wobei wir in Kappis in Sportplatzn\u00e4he dem Regen entgehend l\u00e4nger und nahrhaft rasteten. An verschiedenen Punkten der Rast wurden Gedichte M\u00f6rikes und anderer Lyriker vorgelesen oder aus dem Ged\u00e4chtnis rezitiert. <\/p>\n\n\n\n<ul class=\"wp-block-gallery columns-3 is-cropped wp-block-gallery-1 is-layout-flex wp-block-gallery-is-layout-flex\"><li class=\"blocks-gallery-item\"><figure><img loading=\"lazy\" decoding=\"async\" width=\"351\" height=\"505\" src=\"http:\/\/www.kulturkurios.de\/wp-content\/uploads\/M\u00f6rike.jpg\" alt=\"\" data-id=\"3430\" class=\"wp-image-3430\" srcset=\"https:\/\/www.kulturkurios.de\/wp-content\/uploads\/M\u00f6rike.jpg 351w, https:\/\/www.kulturkurios.de\/wp-content\/uploads\/M\u00f6rike-209x300.jpg 209w\" sizes=\"auto, (max-width: 351px) 85vw, 351px\" \/><\/figure><\/li><li class=\"blocks-gallery-item\"><figure><img loading=\"lazy\" decoding=\"async\" width=\"552\" height=\"968\" src=\"http:\/\/www.kulturkurios.de\/wp-content\/uploads\/M\u00f6rike02.jpg\" alt=\"\" data-id=\"3431\" class=\"wp-image-3431\" srcset=\"https:\/\/www.kulturkurios.de\/wp-content\/uploads\/M\u00f6rike02.jpg 552w, https:\/\/www.kulturkurios.de\/wp-content\/uploads\/M\u00f6rike02-171x300.jpg 171w\" sizes=\"auto, (max-width: 552px) 85vw, 552px\" \/><\/figure><\/li><li class=\"blocks-gallery-item\"><figure><img loading=\"lazy\" decoding=\"async\" width=\"1335\" height=\"947\" src=\"http:\/\/www.kulturkurios.de\/wp-content\/uploads\/M\u00f6rike02b.jpg\" alt=\"\" data-id=\"3432\" class=\"wp-image-3432\" srcset=\"https:\/\/www.kulturkurios.de\/wp-content\/uploads\/M\u00f6rike02b.jpg 1335w, https:\/\/www.kulturkurios.de\/wp-content\/uploads\/M\u00f6rike02b-300x213.jpg 300w, https:\/\/www.kulturkurios.de\/wp-content\/uploads\/M\u00f6rike02b-768x545.jpg 768w, https:\/\/www.kulturkurios.de\/wp-content\/uploads\/M\u00f6rike02b-1024x726.jpg 1024w, https:\/\/www.kulturkurios.de\/wp-content\/uploads\/M\u00f6rike02b-1200x851.jpg 1200w\" sizes=\"auto, (max-width: 709px) 85vw, (max-width: 909px) 67vw, (max-width: 1362px) 62vw, 840px\" \/><\/figure><\/li><li class=\"blocks-gallery-item\"><figure><img loading=\"lazy\" decoding=\"async\" width=\"1342\" height=\"760\" src=\"http:\/\/www.kulturkurios.de\/wp-content\/uploads\/M\u00f6rike03.jpg\" alt=\"\" data-id=\"3433\" class=\"wp-image-3433\" srcset=\"https:\/\/www.kulturkurios.de\/wp-content\/uploads\/M\u00f6rike03.jpg 1342w, https:\/\/www.kulturkurios.de\/wp-content\/uploads\/M\u00f6rike03-300x170.jpg 300w, https:\/\/www.kulturkurios.de\/wp-content\/uploads\/M\u00f6rike03-768x435.jpg 768w, https:\/\/www.kulturkurios.de\/wp-content\/uploads\/M\u00f6rike03-1024x580.jpg 1024w, https:\/\/www.kulturkurios.de\/wp-content\/uploads\/M\u00f6rike03-1200x680.jpg 1200w\" sizes=\"auto, (max-width: 709px) 85vw, (max-width: 909px) 67vw, (max-width: 1362px) 62vw, 840px\" \/><\/figure><\/li><li class=\"blocks-gallery-item\"><figure><img loading=\"lazy\" decoding=\"async\" width=\"1312\" height=\"986\" src=\"http:\/\/www.kulturkurios.de\/wp-content\/uploads\/M\u00f6rike04.jpg\" alt=\"\" data-id=\"3434\" class=\"wp-image-3434\" srcset=\"https:\/\/www.kulturkurios.de\/wp-content\/uploads\/M\u00f6rike04.jpg 1312w, https:\/\/www.kulturkurios.de\/wp-content\/uploads\/M\u00f6rike04-300x225.jpg 300w, https:\/\/www.kulturkurios.de\/wp-content\/uploads\/M\u00f6rike04-768x577.jpg 768w, https:\/\/www.kulturkurios.de\/wp-content\/uploads\/M\u00f6rike04-1024x770.jpg 1024w, https:\/\/www.kulturkurios.de\/wp-content\/uploads\/M\u00f6rike04-1200x902.jpg 1200w\" sizes=\"auto, (max-width: 709px) 85vw, (max-width: 909px) 67vw, (max-width: 1362px) 62vw, 840px\" \/><\/figure><\/li><li class=\"blocks-gallery-item\"><figure><img loading=\"lazy\" decoding=\"async\" width=\"1053\" height=\"669\" src=\"http:\/\/www.kulturkurios.de\/wp-content\/uploads\/M\u00f6rike05.jpg\" alt=\"\" data-id=\"3435\" class=\"wp-image-3435\" srcset=\"https:\/\/www.kulturkurios.de\/wp-content\/uploads\/M\u00f6rike05.jpg 1053w, https:\/\/www.kulturkurios.de\/wp-content\/uploads\/M\u00f6rike05-300x191.jpg 300w, https:\/\/www.kulturkurios.de\/wp-content\/uploads\/M\u00f6rike05-768x488.jpg 768w, https:\/\/www.kulturkurios.de\/wp-content\/uploads\/M\u00f6rike05-1024x651.jpg 1024w\" sizes=\"auto, (max-width: 709px) 85vw, (max-width: 909px) 67vw, (max-width: 1362px) 62vw, 840px\" \/><\/figure><\/li><li class=\"blocks-gallery-item\"><figure><img loading=\"lazy\" decoding=\"async\" width=\"1328\" height=\"946\" src=\"http:\/\/www.kulturkurios.de\/wp-content\/uploads\/M\u00f6rike06.jpg\" alt=\"\" data-id=\"3436\" class=\"wp-image-3436\" srcset=\"https:\/\/www.kulturkurios.de\/wp-content\/uploads\/M\u00f6rike06.jpg 1328w, https:\/\/www.kulturkurios.de\/wp-content\/uploads\/M\u00f6rike06-300x214.jpg 300w, https:\/\/www.kulturkurios.de\/wp-content\/uploads\/M\u00f6rike06-768x547.jpg 768w, https:\/\/www.kulturkurios.de\/wp-content\/uploads\/M\u00f6rike06-1024x729.jpg 1024w, https:\/\/www.kulturkurios.de\/wp-content\/uploads\/M\u00f6rike06-1200x855.jpg 1200w\" sizes=\"auto, (max-width: 709px) 85vw, (max-width: 909px) 67vw, (max-width: 1362px) 62vw, 840px\" \/><\/figure><\/li><li class=\"blocks-gallery-item\"><figure><img loading=\"lazy\" decoding=\"async\" width=\"1321\" height=\"795\" src=\"http:\/\/www.kulturkurios.de\/wp-content\/uploads\/M\u00f6rike07.jpg\" alt=\"\" data-id=\"3437\" class=\"wp-image-3437\" srcset=\"https:\/\/www.kulturkurios.de\/wp-content\/uploads\/M\u00f6rike07.jpg 1321w, https:\/\/www.kulturkurios.de\/wp-content\/uploads\/M\u00f6rike07-300x181.jpg 300w, https:\/\/www.kulturkurios.de\/wp-content\/uploads\/M\u00f6rike07-768x462.jpg 768w, https:\/\/www.kulturkurios.de\/wp-content\/uploads\/M\u00f6rike07-1024x616.jpg 1024w, https:\/\/www.kulturkurios.de\/wp-content\/uploads\/M\u00f6rike07-1200x722.jpg 1200w\" sizes=\"auto, (max-width: 709px) 85vw, (max-width: 909px) 67vw, (max-width: 1362px) 62vw, 840px\" \/><\/figure><\/li><li class=\"blocks-gallery-item\"><figure><img loading=\"lazy\" decoding=\"async\" width=\"683\" height=\"480\" src=\"http:\/\/www.kulturkurios.de\/wp-content\/uploads\/M\u00f6rike08.jpg\" alt=\"\" data-id=\"3438\" class=\"wp-image-3438\" srcset=\"https:\/\/www.kulturkurios.de\/wp-content\/uploads\/M\u00f6rike08.jpg 683w, https:\/\/www.kulturkurios.de\/wp-content\/uploads\/M\u00f6rike08-300x211.jpg 300w\" sizes=\"auto, (max-width: 683px) 85vw, 683px\" \/><\/figure><\/li><li class=\"blocks-gallery-item\"><figure><img loading=\"lazy\" decoding=\"async\" width=\"1034\" height=\"963\" src=\"http:\/\/www.kulturkurios.de\/wp-content\/uploads\/M\u00f6rike09.jpg\" alt=\"\" data-id=\"3439\" class=\"wp-image-3439\" srcset=\"https:\/\/www.kulturkurios.de\/wp-content\/uploads\/M\u00f6rike09.jpg 1034w, https:\/\/www.kulturkurios.de\/wp-content\/uploads\/M\u00f6rike09-300x279.jpg 300w, https:\/\/www.kulturkurios.de\/wp-content\/uploads\/M\u00f6rike09-768x715.jpg 768w, https:\/\/www.kulturkurios.de\/wp-content\/uploads\/M\u00f6rike09-1024x954.jpg 1024w\" sizes=\"auto, (max-width: 709px) 85vw, (max-width: 909px) 67vw, (max-width: 1362px) 62vw, 840px\" \/><\/figure><\/li><\/ul>\n","protected":false},"excerpt":{"rendered":"<p>Am 22. Oktober 2017 wanderten belesene und lesende Wanderfreunde rund um Kleinbettlingen dem M\u00f6rike Symbol folgend gut 20 Kilometer rund um Kleinbettlingen. Der Weg f\u00fchrte uns \u00fcber Gro\u00dfbettlingen, Tischardt, Kohlberg, Kappish\u00e4usern und Grafenberg, wobei wir in Kappis in Sportplatzn\u00e4he dem Regen entgehend l\u00e4nger und nahrhaft rasteten. An verschiedenen Punkten der Rast wurden Gedichte M\u00f6rikes und &hellip; <a href=\"https:\/\/www.kulturkurios.de\/?page_id=3741\" class=\"more-link\"><span class=\"screen-reader-text\">\u201eWandern auf M\u00f6rikes Spuren 2017\u201c <\/span>weiterlesen<\/a><\/p>\n","protected":false},"author":2,"featured_media":0,"parent":0,"menu_order":0,"comment_status":"closed","ping_status":"closed","template":"","meta":{"footnotes":""},"class_list":["post-3741","page","type-page","status-publish","hentry"],"_links":{"self":[{"href":"https:\/\/www.kulturkurios.de\/index.php?rest_route=\/wp\/v2\/pages\/3741","targetHints":{"allow":["GET"]}}],"collection":[{"href":"https:\/\/www.kulturkurios.de\/index.php?rest_route=\/wp\/v2\/pages"}],"about":[{"href":"https:\/\/www.kulturkurios.de\/index.php?rest_route=\/wp\/v2\/types\/page"}],"author":[{"embeddable":true,"href":"https:\/\/www.kulturkurios.de\/index.php?rest_route=\/wp\/v2\/users\/2"}],"replies":[{"embeddable":true,"href":"https:\/\/www.kulturkurios.de\/index.php?rest_route=%2Fwp%2Fv2%2Fcomments&post=3741"}],"version-history":[{"count":4,"href":"https:\/\/www.kulturkurios.de\/index.php?rest_route=\/wp\/v2\/pages\/3741\/revisions"}],"predecessor-version":[{"id":3748,"href":"https:\/\/www.kulturkurios.de\/index.php?rest_route=\/wp\/v2\/pages\/3741\/revisions\/3748"}],"wp:attachment":[{"href":"https:\/\/www.kulturkurios.de\/index.php?rest_route=%2Fwp%2Fv2%2Fmedia&parent=3741"}],"curies":[{"name":"wp","href":"https:\/\/api.w.org\/{rel}","templated":true}]}}