{"id":3724,"date":"2019-03-26T20:23:51","date_gmt":"2019-03-26T19:23:51","guid":{"rendered":"http:\/\/www.kulturkurios.de\/?page_id=3724"},"modified":"2019-03-26T22:02:15","modified_gmt":"2019-03-26T21:02:15","slug":"rueckblick-2017","status":"publish","type":"page","link":"https:\/\/www.kulturkurios.de\/?page_id=3724","title":{"rendered":"R\u00fcckblick 2017"},"content":{"rendered":"\n<p><a href=\"http:\/\/www.kulturkurios.de\/?page_id=3728\">2018<\/a><\/p>\n\n\n\n<p><a href=\"http:\/\/www.kulturkurios.de\/?page_id=3769\">Drei K\u00f6nigs Boule 2017<\/a><\/p>\n\n\n\n<p><a href=\"http:\/\/www.kulturkurios.de\/?page_id=3766\">Jahreshauptversammlung<\/a><\/p>\n\n\n\n<p><a href=\"http:\/\/www.kulturkurios.de\/?page_id=3763\">Internationales Picknick<\/a><\/p>\n\n\n\n<p><a href=\"http:\/\/www.kulturkurios.de\/?page_id=3760\">Film in der Wiese<\/a><\/p>\n\n\n\n<p><a href=\"http:\/\/www.kulturkurios.de\/?page_id=3757\">Tai Chi und Qi Gong am M\u00fchlbach 2017<\/a><\/p>\n\n\n\n<p><a href=\"http:\/\/www.kulturkurios.de\/?page_id=3754\">Open Air Kino 2017<\/a><\/p>\n\n\n\n<p><a href=\"http:\/\/www.kulturkurios.de\/?page_id=3749\">Die Trostm\u00fchle &#8211; der Film<\/a><\/p>\n\n\n\n<p><a href=\"http:\/\/www.kulturkurios.de\/?page_id=3741\">Wandern auf M\u00f6rikes Spuren 2017<\/a><\/p>\n\n\n\n<p><a href=\"http:\/\/www.kulturkurios.de\/?page_id=3244\">Adventskalender 2017<\/a><\/p>\n\n\n\n<p><a href=\"http:\/\/www.kulturkurios.de\/?page_id=3576\">2016<\/a><\/p>\n","protected":false},"excerpt":{"rendered":"<p>2018 Drei K\u00f6nigs Boule 2017 Jahreshauptversammlung Internationales Picknick Film in der Wiese Tai Chi und Qi Gong am M\u00fchlbach 2017 Open Air Kino 2017 Die Trostm\u00fchle &#8211; der Film Wandern auf M\u00f6rikes Spuren 2017 Adventskalender 2017 2016<\/p>\n","protected":false},"author":2,"featured_media":0,"parent":0,"menu_order":0,"comment_status":"closed","ping_status":"closed","template":"","meta":{"footnotes":""},"class_list":["post-3724","page","type-page","status-publish","hentry"],"_links":{"self":[{"href":"https:\/\/www.kulturkurios.de\/index.php?rest_route=\/wp\/v2\/pages\/3724","targetHints":{"allow":["GET"]}}],"collection":[{"href":"https:\/\/www.kulturkurios.de\/index.php?rest_route=\/wp\/v2\/pages"}],"about":[{"href":"https:\/\/www.kulturkurios.de\/index.php?rest_route=\/wp\/v2\/types\/page"}],"author":[{"embeddable":true,"href":"https:\/\/www.kulturkurios.de\/index.php?rest_route=\/wp\/v2\/users\/2"}],"replies":[{"embeddable":true,"href":"https:\/\/www.kulturkurios.de\/index.php?rest_route=%2Fwp%2Fv2%2Fcomments&post=3724"}],"version-history":[{"count":13,"href":"https:\/\/www.kulturkurios.de\/index.php?rest_route=\/wp\/v2\/pages\/3724\/revisions"}],"predecessor-version":[{"id":3805,"href":"https:\/\/www.kulturkurios.de\/index.php?rest_route=\/wp\/v2\/pages\/3724\/revisions\/3805"}],"wp:attachment":[{"href":"https:\/\/www.kulturkurios.de\/index.php?rest_route=%2Fwp%2Fv2%2Fmedia&parent=3724"}],"curies":[{"name":"wp","href":"https:\/\/api.w.org\/{rel}","templated":true}]}}