{"id":3528,"date":"2018-11-05T14:37:43","date_gmt":"2018-11-05T13:37:43","guid":{"rendered":"http:\/\/www.kulturkurios.de\/?page_id=3528"},"modified":"2026-02-14T20:05:30","modified_gmt":"2026-02-14T19:05:30","slug":"termine-2","status":"publish","type":"page","link":"https:\/\/www.kulturkurios.de\/?page_id=3528","title":{"rendered":"Termine"},"content":{"rendered":"\n<h2 class=\"wp-block-heading\">2026 &#8211; geplante Termine<\/h2>\n\n\n\n<ul class=\"wp-block-list\">\n<li>12.02.2026 Donnerstagstreffen im B\u00fcrgerhaus (19:30)<\/li>\n\n\n\n<li>21.03.2026 Markungs-Putzete \u2013 B\u00fcrgerhaus 10:00<\/li>\n\n\n\n<li>vor Ostern\u2026 Ostereier-Malen<\/li>\n\n\n\n<li>16.04.2026 Donnerstagstreffen im B\u00fcrgerhaus (19:30)<\/li>\n\n\n\n<li>25.\u201326.04.2026 Owener H\u00fctte &#8211; <em>Kuriose<\/em> KuKuKl-Klausur<\/li>\n\n\n\n<li>09.05.2026 Kr\u00e4uterwanderung ab 14:00<\/li>\n\n\n\n<li>18.06.2026 Donnerstagstreffen im B\u00fcrgerhaus (19:30)<\/li>\n\n\n\n<li>Sommerferienprogramm<\/li>\n\n\n\n<li>29.08.2026 OpenAir Kino &#8211; Grundschule<\/li>\n\n\n\n<li>17.09.2026 Donnerstagstreffen im B\u00fcrgerhaus (19:30)<\/li>\n\n\n\n<li>19.11.2026 Donnerstagstreffen im B\u00fcrgerhaus (19:30)<\/li>\n\n\n\n<li>01.12.2026 Beginn des 25. Adventskalenders<\/li>\n<\/ul>\n\n\n\n<h2 class=\"wp-block-heading\">2025 &#8211; geplante Termine<\/h2>\n\n\n\n<ul class=\"wp-block-list\">\n<li>13.02.25 Donnerstagstreffen im B\u00fcrgerhaus (19:30)<\/li>\n\n\n\n<li><a href=\"https:\/\/www.kulturkurios.de\/?page_id=5741\" data-type=\"page\" data-id=\"5741\">15.03.25 Markungsputzete<\/a><\/li>\n\n\n\n<li>03.04.25 Donnerstagstreffen im B\u00fcrgerhaus (19:30)<\/li>\n\n\n\n<li><a href=\"https:\/\/www.kulturkurios.de\/?page_id=5765\" data-type=\"page\" data-id=\"5765\">12.04.25 Ostereier anmalen im B\u00fcrgerhaus<\/a> &#8211; 15:00-17:00 Uhr, 5 \u20ac<\/li>\n\n\n\n<li><a href=\"https:\/\/www.kulturkurios.de\/?page_id=5769\" data-type=\"page\" data-id=\"5769\">13.04.25 Kr\u00e4uterwanderung<\/a> &#8211; 10:00-13:00 Uhr, Metzingen-&gt; Kappish\u00e4usern, 10 \u20ac<\/li>\n\n\n\n<li>26.06.25 Donnerstagstreffen im B\u00fcrgerhaus (19:30)<\/li>\n\n\n\n<li>29.06.25 JHV ab 14:00, offizieller Teil ab 16:00 auf dem Bolzplatz<\/li>\n\n\n\n<li><a href=\"https:\/\/www.kulturkurios.de\/?page_id=5811\" data-type=\"page\" data-id=\"5811\">06.07.25 Kindertheater<\/a><\/li>\n\n\n\n<li><a href=\"https:\/\/www.kulturkurios.de\/?page_id=5809\" data-type=\"page\" data-id=\"5809\">13.07.25 Kunst und Krempel<\/a><\/li>\n\n\n\n<li>01.08.25 Sommerferienprogramm<\/li>\n\n\n\n<li><a href=\"https:\/\/www.kulturkurios.de\/?page_id=5949\" data-type=\"page\" data-id=\"5949\">30.08.25 OpenAirKino &#8211; Der Pinguin meines Lebens<\/a><\/li>\n\n\n\n<li>12.09.25 Treffen mit B\u00fcrgermeister-Kandidat, Boulebahn (18:00)<\/li>\n\n\n\n<li>18.09.25 Donnerstagstreffen im B\u00fcrgerhaus (19:30)<\/li>\n\n\n\n<li>24.10.25 Treffen mit B\u00fcrgermeister-Kandidat, Hr. Hentschel, Boulebahn (17:00)<\/li>\n\n\n\n<li><a href=\"https:\/\/www.kulturkurios.de\/?page_id=5969\" data-type=\"page\" data-id=\"5969\">08.11.25 Kleider Bazar im DGH<\/a><\/li>\n\n\n\n<li>13.11.25 Donnerstagstreffen im B\u00fcrgerhaus (19:30)<\/li>\n\n\n\n<li><a href=\"https:\/\/www.kulturkurios.de\/?page_id=5962\" data-type=\"page\" data-id=\"5962\">01.12.25 Beginn des 24. Adventskalenders<\/a><\/li>\n<\/ul>\n\n\n\n<h2 class=\"wp-block-heading\">Open-Air-Kino-2024 \u201eGl\u00fcck auf einer Skala von 1-10\u201c<\/h2>\n\n\n\n<ul class=\"wp-block-list\">\n<li>31. August 2024<\/li>\n\n\n\n<li>Beginn 20:30, Einlass ab 19:30<\/li>\n\n\n\n<li>Schulhof Grundschule auf Mauern<\/li>\n\n\n\n<li>Eintritt 6\u20ac<\/li>\n<\/ul>\n\n\n\n<p><a href=\"https:\/\/www.kulturkurios.de\/?page_id=5413\" data-type=\"page\" data-id=\"5413\">Hier die eigene Seite dazu<\/a><\/p>\n\n\n\n<h2 class=\"wp-block-heading\">2024 &#8211; geplante Termine<\/h2>\n\n\n\n<ul class=\"wp-block-list\">\n<li>13.06.24 Donnerstagstreffen im B\u00fcrgerhaus (20:30)<\/li>\n\n\n\n<li><a href=\"https:\/\/www.kulturkurios.de\/?page_id=5372\" data-type=\"page\" data-id=\"5372\"><s>16.06.24 Jahreshauptversammlung, Ehninger Weide<\/s><\/a><\/li>\n\n\n\n<li><a href=\"https:\/\/www.kulturkurios.de\/?page_id=5393\" data-type=\"page\" data-id=\"5393\">13.07.24 Theater im B\u00fcrgerhaus<\/a><\/li>\n\n\n\n<li>26.07.24 Sommerferienprogramm \u2013 Ziegen, Feuer \u2192 Abenteuer<\/li>\n\n\n\n<li>08.08.24 Donnerstagstreffen im B\u00fcrgerhaus (20:30)<\/li>\n\n\n\n<li>31.08.24 Open Air Kino &#8211; <strong><a href=\"https:\/\/www.kulturkurios.de\/?page_id=5413\" data-type=\"page\" data-id=\"5413\">Gl\u00fcck auf eine Skala von 1 bis 10<\/a><\/strong><\/li>\n\n\n\n<li><a href=\"https:\/\/www.kulturkurios.de\/?page_id=5372\" data-type=\"page\" data-id=\"5372\">22.09.24 Jahreshauptversammlung, Eninger Weide<\/a><\/li>\n\n\n\n<li>10.10.24 Donnerstagstreffen im B\u00fcrgerhaus (20:30)<\/li>\n\n\n\n<li>01.12.24 Auftakt zum <a href=\"https:\/\/www.kulturkurios.de\/?page_id=5459\" data-type=\"page\" data-id=\"5459\">Adventskalender <\/a>bei Stimmlers<\/li>\n\n\n\n<li>12.12.24 Donnerstagstreffen im B\u00fcrgerhaus (19:30)<\/li>\n\n\n\n<li>15.03.25 Markungsputzete<\/li>\n<\/ul>\n\n\n\n<h2 class=\"wp-block-heading\">Adventskalender 2023<\/h2>\n\n\n\n<p>Beginnt am 1. Dez 23 am Altenheim in Bempflingen<br>Fenster\u00f6ffnungen wie schon immer um 18:30<br><a href=\"https:\/\/www.kulturkurios.de\/?page_id=5033\" data-type=\"page\" data-id=\"5033\">Mehr auf der eigenen Seite des Kalenders&#8230;<\/a><\/p>\n\n\n\n<h2 class=\"wp-block-heading\">Open-Air-Kino-2023 &#8222;Yesterday&#8220;<\/h2>\n\n\n\n<ul class=\"wp-block-list\">\n<li>09. September 2023<\/li>\n\n\n\n<li>Beginn 20:30, Einlass ab 19:30<\/li>\n\n\n\n<li>Schulhof Grundschule auf Mauern<\/li>\n\n\n\n<li>Eintritt 6\u20ac<\/li>\n<\/ul>\n\n\n\n<p><a href=\"https:\/\/www.kulturkurios.de\/?page_id=5005\" data-type=\"page\" data-id=\"5005\">Hier die eigene Seite dazu<\/a><\/p>\n\n\n\n<h2 class=\"wp-block-heading\">Sommerferienprogramm 2023<\/h2>\n\n\n\n<ul class=\"wp-block-list\">\n<li>Abenteuer-Wanderung rund um den Florian &#8211; <em><strong>Ziegen, Feuer \u2192 Abenteuer<\/strong> &#8211;<\/em><\/li>\n\n\n\n<li>17. August, 14:00 \u2013 18:00 Uhr; 6 \u2013 10 Jahre; bis zu 12 Teilnehmer:innen<\/li>\n<\/ul>\n\n\n\n<h2 class=\"wp-block-heading\">Kunst &amp; Krempel am 2. Juli 2023<\/h2>\n\n\n\n<p><strong>Kunstspaziergang und Garagenflohmarkt in Kleinbettlingen<\/strong><\/p>\n\n\n\n<ul class=\"wp-block-list\">\n<li>organisiert von den <strong>Hobbyk\u00fcnstlern Bempflingen<\/strong> und vom <strong>Kultur<\/strong><em><strong>Kurios<\/strong><\/em><strong> Kleinbettlingen<\/strong>.<\/li>\n\n\n\n<li>am <strong>02. Juli 2023<\/strong> von 11.00 bis 17.00 Uhr.<\/li>\n<\/ul>\n\n\n\n<p><a href=\"https:\/\/www.kulturkurios.de\/?page_id=4901\" data-type=\"page\" data-id=\"4901\">Hier die eigene Seite dazu<\/a><\/p>\n\n\n\n<h2 class=\"wp-block-heading\">JHV 2023 am 18. Juni 2023<\/h2>\n\n\n\n<p>Wir laden Euch herzlich ein zur Jahreshauptversammlung am <strong>Sonntag, 18. Juni 2023 ab 11.00 Uhr<\/strong> auf der Ehninger Weide.<\/p>\n\n\n\n<p><a href=\"https:\/\/www.kulturkurios.de\/?page_id=4921\" data-type=\"page\" data-id=\"4921\">Hier die eigene Seite zur JHV 2023&#8230;<\/a><\/p>\n\n\n\n<h2 class=\"wp-block-heading\">JHV 2022<\/h2>\n\n\n\n<p>Wir treffen uns am Sonntag, 23. Oktober 2022 ab 14:00 in der Trost-M\u00fchle Bempflingen.<\/p>\n\n\n\n<p><a href=\"https:\/\/www.kulturkurios.de\/?page_id=4623\" data-type=\"page\" data-id=\"4623\">Hier die eigene Seite dazu<\/a><\/p>\n\n\n\n<h2 class=\"wp-block-heading\">Open-Air-Kino-2022 &#8222;Contra&#8220;<\/h2>\n\n\n\n<p>Am 10. September 2022 soll das Open Air Kino im Schulhof der Grundschule Bempflingen stattfinden. Bei Regen bzw. zu schlechtem Wetter steht noch nicht fest, ob es in der Turnhalle stattfinden kann. <br>Der Film hei\u00dft &#8222;Contra&#8220;. Regie f\u00fchrte S\u00f6nke Wortmann und der Film kam im Herbst 2021 in die Kinos.<\/p>\n\n\n\n<p><a href=\"https:\/\/www.kulturkurios.de\/?page_id=4474\" data-type=\"page\" data-id=\"4474\" target=\"_blank\" rel=\"noreferrer noopener\">Hier die eigene Seite dazu<\/a><\/p>\n\n\n\n<h2 class=\"wp-block-heading\">Open-Air-Kino-2021<br>&#8222;Nightlife&#8220;<\/h2>\n\n\n\n<p>Am 11. September 2021 soll das Open Air Kino im Schulhof der Grundschule Bempflingen stattfinden. Mit Abstand. Bei Regen bzw. zu schlechtem Wetter wird es nicht stattfinden.<br>Der Film hei\u00dft NightLife. Nightlife ist eine im Sommer 2019 entstandene deutsche Filmkom\u00f6die von Simon Verhoeven<\/p>\n\n\n\n<p><a href=\"http:\/\/www.kulturkurios.de\/?page_id=4347\" data-type=\"page\" data-id=\"4347\">Hier die eigene Seite dazu<\/a><\/p>\n\n\n\n<h2 class=\"wp-block-heading\">JHV 2020<\/h2>\n\n\n\n<p>Der neue Termin wurde gefunden &#8211; 13. September 2020<br>Treffpunkt ist das B\u00fcrgerhaus in Kleinbettlingen (15:00 Uhr). Von dort aus Wanderung nach Grafenberg zur Krone und dort die JHV (18:00).<\/p>\n\n\n\n<p><a href=\"http:\/\/www.kulturkurios.de\/?page_id=4180\">Hier findet Ihr die Einladung&#8230;<\/a><\/p>\n\n\n\n<p><\/p>\n\n\n\n<h2 class=\"wp-block-heading\">Open-Air-Kino-2020<br>&#8222;Ich war noch niemals in NewYork&#8220;<\/h2>\n\n\n\n<p>Am 12. September 2020 soll das Open Air Kino im Schulhof der Grundschule Bempflingen stattfinden. Mit Abstand und bei Regen <strong>nicht <\/strong>in der Turnhalle. <br>I<em>ch war noch niemals in New York<\/em> &#8211; Der Film nach dem Musical mit den Hits von Udo J\u00fcrgens.<\/p>\n\n\n\n<p>\u2022 Grundschule auf Mauern in Bempflingen <br>\u2022 Samstag, 12. September <br>\u2022 Einlass ab 19:30 Uhr <br>\u2022 Filmstart ab 20:30 Uhr <\/p>\n\n\n\n<p><a href=\"http:\/\/www.kulturkurios.de\/?page_id=4187\">Hier die eigene Seite dazu.<\/a><\/p>\n\n\n\n<h2 class=\"wp-block-heading\">Sommerferienprogramm 2019 \u2013 Bachwanderung im Merzenbach<\/h2>\n\n\n\n<p>\nAn einem angenehm warmen 2. August trafen wir uns am B\u00fcrgerhaus in\nKleinbettlingen. Alle 12 Kinder verteilten sich auf die Autos und so\nfuhren wir am Golfplatz vorbei zum Merzenbach, der von D\u00f6rnach nach\nMittelstadt flie\u00dft.<\/p>\n\n\n\n<p> Schnell die Wasserschuhe an und dann 10 Minuten wandern bis zum Einstieg.<\/p>\n\n\n\n<figure class=\"wp-block-image is-resized\"><img loading=\"lazy\" decoding=\"async\" width=\"1024\" height=\"378\" src=\"http:\/\/www.kulturkurios.de\/wp-content\/uploads\/SoFe19_01-1024x378.jpg\" alt=\"\" class=\"wp-image-3858\" style=\"width:835px;height:308px\" srcset=\"https:\/\/www.kulturkurios.de\/wp-content\/uploads\/SoFe19_01-1024x378.jpg 1024w, https:\/\/www.kulturkurios.de\/wp-content\/uploads\/SoFe19_01-300x111.jpg 300w, https:\/\/www.kulturkurios.de\/wp-content\/uploads\/SoFe19_01-768x283.jpg 768w, https:\/\/www.kulturkurios.de\/wp-content\/uploads\/SoFe19_01-1200x443.jpg 1200w, https:\/\/www.kulturkurios.de\/wp-content\/uploads\/SoFe19_01.jpg 1653w\" sizes=\"auto, (max-width: 709px) 85vw, (max-width: 909px) 67vw, (max-width: 1362px) 62vw, 840px\" \/><figcaption class=\"wp-element-caption\">Merzenbach<\/figcaption><\/figure>\n\n\n\n<p>\nDort runter\nzum Bach, rein ins Wasser und den wilden Bachlauf hinauf. Nach 100\nMetern fragen wir uns, ob da \u00fcberhaupt Tiere im Wasser sind. Gr\u00f6\u00dfere\nscheinen nicht da zu sein und die Kleinen verstecken sich sehr gut\nund h\u00e4ufig unter den Steinen. Wir m\u00fcssen alle sehr genau hinschauen\nund ein paar Steine umdrehen. Mit Hilfe von Becherlupen, einem\nBestimmungsblatt und kundiger Anleitung finden wir hektisch auf der\nSeite schwimmende Bachflohkrebse und K\u00f6cherfliegenlarven, die super\nversteckt in selbstgebauten R\u00f6hren aus kleinen Steinchen stecken.<\/p>\n\n\n\n<p>\nBevor wir\nweiter den Bach hinauf wandern, lassen wir alle Tierchen wieder frei.\nDer Bach wird wilder, die Gumpen tiefer und es gilt einige quer\nliegende B\u00e4ume zu \u00fcberklettern. Nach knapp zwei Stunden sind wir\nordentlich nass und zur\u00fcck bei den Autos. Jetzt schnell trocknen und\ndann zum Grill-Spiel-Platz in D\u00f6rnach.<\/p>\n\n\n\n<p>\nDort\ngrillen wir uns Rote W\u00fcrste, dazu gibt es Wassermelone und Getr\u00e4nke.\nNach dem Essen wurde gespielt bis es Zeit zum Aufbruch war. Zum\nAbschluss bekam jedes Kind eine Becherlupe und ein Bestimmungsblatt\n\u00fcber einheimische Bachbewohner.<\/p>\n\n\n\n<p> Allen vielen Dank f\u00fcr diesen sch\u00f6nen Tag in der Natur.<\/p>\n\n\n\n<figure class=\"wp-block-image\"><img loading=\"lazy\" decoding=\"async\" width=\"985\" height=\"1024\" src=\"http:\/\/www.kulturkurios.de\/wp-content\/uploads\/SoFe19_02-985x1024.jpg\" alt=\"\" class=\"wp-image-3859\" srcset=\"https:\/\/www.kulturkurios.de\/wp-content\/uploads\/SoFe19_02-985x1024.jpg 985w, https:\/\/www.kulturkurios.de\/wp-content\/uploads\/SoFe19_02-288x300.jpg 288w, https:\/\/www.kulturkurios.de\/wp-content\/uploads\/SoFe19_02-768x799.jpg 768w, https:\/\/www.kulturkurios.de\/wp-content\/uploads\/SoFe19_02.jpg 1024w\" sizes=\"auto, (max-width: 709px) 85vw, (max-width: 909px) 67vw, (max-width: 1362px) 62vw, 840px\" \/><\/figure>\n\n\n\n<p><\/p>\n\n\n\n<h2 class=\"wp-block-heading\">Stefan HISS live im S\u00e4gewerk<\/h2>\n\n\n\n<p>Wir freuen uns sehr, dass am Sonntag, 08.09.2019  Stefan HISS, Akkordeon-Virtuose und Frontmann der gleichnamigen Stuttgarter Band, wieder einen seiner seltenen Soloauftritte bei uns hier in Bempflingen geben wird. <\/p>\n\n\n\n<p>Stefan HISS  (Gewinner des Kleinkunstpreises 2019)&nbsp; spielt eigenwillige Folk-Rock-Polka. Tiefsinnige, teils rabenschwarze ironisch-zynische Texte in Verbindung mit Rockabilly, Latin, Walzer und Ska verbreiten garantiert gute Laune.<\/p>\n\n\n\n<p>Austragungsort ist wie schon in der Vergangenheit das S\u00e4gewerk der Trost M\u00fchle in Bempflingen.  <strong>Karten<\/strong>: \u20ac 12,- (VVK \u20ac10,-) vormittags im M\u00fchlenladen oder 07123-31671 oder info@trostmuehle.com .<br>Die Bewirtung beginnt um 15:00 Uhr, das Konzert beginnt um 17:00 Uhr.<\/p>\n\n\n\n<figure class=\"wp-block-image is-resized\"><img loading=\"lazy\" decoding=\"async\" width=\"962\" height=\"768\" src=\"http:\/\/www.kulturkurios.de\/wp-content\/uploads\/StHiss_kl.jpg\" alt=\"\" class=\"wp-image-3849\" style=\"width:441px;height:353px\" srcset=\"https:\/\/www.kulturkurios.de\/wp-content\/uploads\/StHiss_kl.jpg 962w, https:\/\/www.kulturkurios.de\/wp-content\/uploads\/StHiss_kl-300x240.jpg 300w, https:\/\/www.kulturkurios.de\/wp-content\/uploads\/StHiss_kl-768x613.jpg 768w\" sizes=\"auto, (max-width: 709px) 85vw, (max-width: 909px) 67vw, (max-width: 1362px) 62vw, 840px\" \/><\/figure>\n\n\n\n<p><\/p>\n\n\n\n<h2 class=\"wp-block-heading\">Open-Air-Kino-2019 \u201e25 km\/h\u201c<\/h2>\n\n\n\n<p>Am Samstag, 07.09.2019 wird das Kinomobil wieder zu Gast bei uns in Bempflingen sein. Gezeigt wird einer der sch\u00f6nsten, lustigsten und ber\u00fchrendsten Filme des vergangenen Jahres.<\/p>\n\n\n\n<p>\u2022 Grundschule auf Mauern in Bempflingen <br>\u2022 Samstag, 7. September <br>\u2022 Einlass ab 19:30 Uhr <br>\u2022 Filmstart ab 20:30 Uhr <br>\u2022 Eintritt 6 \u20ac<\/p>\n\n\n\n<p>Der Verein KulturKurios Kleinbettlingen versorgt Sie vor, w\u00e4hrend und nach dem Film mit Getr\u00e4nken, gegrillter Roten und Popcorn. Bringen Sie neben vielen Bekannten und Freunden auch Hunger, Durst und einen warmen Pulli mit.<\/p>\n\n\n\n<p>*Bei schlechtem Wetter ist noch das Dach der Schulturnhalle zwischen Ihnen und dem freiem Himmel.<\/p>\n\n\n\n<figure class=\"wp-block-image is-resized\"><img loading=\"lazy\" decoding=\"async\" width=\"723\" height=\"1024\" src=\"http:\/\/www.kulturkurios.de\/wp-content\/uploads\/201907022019491_3911-723x1024.jpg\" alt=\"\" class=\"wp-image-3846\" style=\"width:381px;height:539px\" srcset=\"https:\/\/www.kulturkurios.de\/wp-content\/uploads\/201907022019491_3911-723x1024.jpg 723w, https:\/\/www.kulturkurios.de\/wp-content\/uploads\/201907022019491_3911-212x300.jpg 212w, https:\/\/www.kulturkurios.de\/wp-content\/uploads\/201907022019491_3911.jpg 763w\" sizes=\"auto, (max-width: 723px) 85vw, 723px\" \/><\/figure>\n\n\n\n<h2 class=\"wp-block-heading\">3 K\u00f6nigs Boule<\/h2>\n\n\n\n<p>Dieses Jahr &#8211; aus Witterungsgr\u00fcnden etwas sp\u00e4ter &#8211; fand am 1. Mai das 3K\u00f6nigs-Boule statt. Bei sch\u00f6nstem Wetter trafen sich 4 Spieler um den Wanderpokal zum f\u00fcnften Mal auszuspielen. Gewonnen hat nach hartem Kampf &#8211; Matthias. Herzlichen Gl\u00fcckwunsch.<\/p>\n\n\n\n<figure class=\"wp-block-gallery has-nested-images columns-default is-cropped wp-block-gallery-1 is-layout-flex wp-block-gallery-is-layout-flex\">\n<figure class=\"wp-block-image size-large\"><img loading=\"lazy\" decoding=\"async\" width=\"411\" height=\"785\" data-id=\"3810\" src=\"http:\/\/www.kulturkurios.de\/wp-content\/uploads\/3K-Boule_2019_1.png\" alt=\"\" class=\"wp-image-3810\" srcset=\"https:\/\/www.kulturkurios.de\/wp-content\/uploads\/3K-Boule_2019_1.png 411w, https:\/\/www.kulturkurios.de\/wp-content\/uploads\/3K-Boule_2019_1-157x300.png 157w\" sizes=\"auto, (max-width: 411px) 85vw, 411px\" \/><figcaption class=\"wp-element-caption\">3K-Boule_2019_1<\/figcaption><\/figure>\n\n\n\n<figure class=\"wp-block-image size-large\"><img loading=\"lazy\" decoding=\"async\" width=\"1013\" height=\"663\" data-id=\"3819\" src=\"http:\/\/www.kulturkurios.de\/wp-content\/uploads\/3K-Boule_2019_2-1.png\" alt=\"\" class=\"wp-image-3819\" srcset=\"https:\/\/www.kulturkurios.de\/wp-content\/uploads\/3K-Boule_2019_2-1.png 1013w, https:\/\/www.kulturkurios.de\/wp-content\/uploads\/3K-Boule_2019_2-1-300x196.png 300w, https:\/\/www.kulturkurios.de\/wp-content\/uploads\/3K-Boule_2019_2-1-768x503.png 768w\" sizes=\"auto, (max-width: 709px) 85vw, (max-width: 909px) 67vw, (max-width: 1362px) 62vw, 840px\" \/><figcaption class=\"wp-element-caption\">3K-Boule_2019_2<\/figcaption><\/figure>\n\n\n\n<figure class=\"wp-block-image size-large\"><img loading=\"lazy\" decoding=\"async\" width=\"772\" height=\"658\" data-id=\"3820\" src=\"http:\/\/www.kulturkurios.de\/wp-content\/uploads\/3K-Boule_2019_3-1.png\" alt=\"\" class=\"wp-image-3820\" srcset=\"https:\/\/www.kulturkurios.de\/wp-content\/uploads\/3K-Boule_2019_3-1.png 772w, https:\/\/www.kulturkurios.de\/wp-content\/uploads\/3K-Boule_2019_3-1-300x256.png 300w, https:\/\/www.kulturkurios.de\/wp-content\/uploads\/3K-Boule_2019_3-1-768x655.png 768w\" sizes=\"auto, (max-width: 772px) 85vw, 772px\" \/><figcaption class=\"wp-element-caption\">3K-Boule_2019_3<\/figcaption><\/figure>\n\n\n\n<figure class=\"wp-block-image size-large\"><img loading=\"lazy\" decoding=\"async\" width=\"1024\" height=\"713\" data-id=\"3821\" src=\"http:\/\/www.kulturkurios.de\/wp-content\/uploads\/3K-Boule_2019_4-1-1024x713.png\" alt=\"\" class=\"wp-image-3821\" srcset=\"https:\/\/www.kulturkurios.de\/wp-content\/uploads\/3K-Boule_2019_4-1-1024x713.png 1024w, https:\/\/www.kulturkurios.de\/wp-content\/uploads\/3K-Boule_2019_4-1-300x209.png 300w, https:\/\/www.kulturkurios.de\/wp-content\/uploads\/3K-Boule_2019_4-1-768x535.png 768w, https:\/\/www.kulturkurios.de\/wp-content\/uploads\/3K-Boule_2019_4-1.png 1168w\" sizes=\"auto, (max-width: 709px) 85vw, (max-width: 909px) 67vw, (max-width: 1362px) 62vw, 840px\" \/><figcaption class=\"wp-element-caption\">3K-Boule_2019_4<\/figcaption><\/figure>\n\n\n\n<figure class=\"wp-block-image size-large\"><img loading=\"lazy\" decoding=\"async\" width=\"1024\" height=\"583\" data-id=\"3822\" src=\"http:\/\/www.kulturkurios.de\/wp-content\/uploads\/3K-Boule_2019_5-1-1024x583.png\" alt=\"\" class=\"wp-image-3822\" srcset=\"https:\/\/www.kulturkurios.de\/wp-content\/uploads\/3K-Boule_2019_5-1-1024x583.png 1024w, https:\/\/www.kulturkurios.de\/wp-content\/uploads\/3K-Boule_2019_5-1-300x171.png 300w, https:\/\/www.kulturkurios.de\/wp-content\/uploads\/3K-Boule_2019_5-1-768x437.png 768w, https:\/\/www.kulturkurios.de\/wp-content\/uploads\/3K-Boule_2019_5-1.png 1199w\" sizes=\"auto, (max-width: 709px) 85vw, (max-width: 909px) 67vw, (max-width: 1362px) 62vw, 840px\" \/><figcaption class=\"wp-element-caption\">3K-Boule_2019_5<\/figcaption><\/figure>\n\n\n\n<figure class=\"wp-block-image size-large\"><img loading=\"lazy\" decoding=\"async\" width=\"815\" height=\"796\" data-id=\"3823\" src=\"http:\/\/www.kulturkurios.de\/wp-content\/uploads\/3K-Boule_2019_6-1.png\" alt=\"\" class=\"wp-image-3823\" srcset=\"https:\/\/www.kulturkurios.de\/wp-content\/uploads\/3K-Boule_2019_6-1.png 815w, https:\/\/www.kulturkurios.de\/wp-content\/uploads\/3K-Boule_2019_6-1-300x293.png 300w, https:\/\/www.kulturkurios.de\/wp-content\/uploads\/3K-Boule_2019_6-1-768x750.png 768w\" sizes=\"auto, (max-width: 815px) 85vw, 815px\" \/><figcaption class=\"wp-element-caption\">3K-Boule_2019_6<\/figcaption><\/figure>\n\n\n\n<figure class=\"wp-block-image size-large\"><img loading=\"lazy\" decoding=\"async\" width=\"875\" height=\"837\" data-id=\"3824\" src=\"http:\/\/www.kulturkurios.de\/wp-content\/uploads\/3K-Boule_2019_7-1.png\" alt=\"\" class=\"wp-image-3824\" srcset=\"https:\/\/www.kulturkurios.de\/wp-content\/uploads\/3K-Boule_2019_7-1.png 875w, https:\/\/www.kulturkurios.de\/wp-content\/uploads\/3K-Boule_2019_7-1-300x287.png 300w, https:\/\/www.kulturkurios.de\/wp-content\/uploads\/3K-Boule_2019_7-1-768x735.png 768w\" sizes=\"auto, (max-width: 709px) 85vw, (max-width: 909px) 67vw, (max-width: 1362px) 62vw, 840px\" \/><figcaption class=\"wp-element-caption\">3K-Boule_2019_7<\/figcaption><\/figure>\n\n\n\n<figure class=\"wp-block-image size-large\"><img loading=\"lazy\" decoding=\"async\" width=\"1024\" height=\"609\" data-id=\"3825\" src=\"http:\/\/www.kulturkurios.de\/wp-content\/uploads\/3K-Boule_2019_8-1-1024x609.png\" alt=\"\" class=\"wp-image-3825\" srcset=\"https:\/\/www.kulturkurios.de\/wp-content\/uploads\/3K-Boule_2019_8-1-1024x609.png 1024w, https:\/\/www.kulturkurios.de\/wp-content\/uploads\/3K-Boule_2019_8-1-300x178.png 300w, https:\/\/www.kulturkurios.de\/wp-content\/uploads\/3K-Boule_2019_8-1-768x456.png 768w, https:\/\/www.kulturkurios.de\/wp-content\/uploads\/3K-Boule_2019_8-1.png 1065w\" sizes=\"auto, (max-width: 709px) 85vw, (max-width: 909px) 67vw, (max-width: 1362px) 62vw, 840px\" \/><figcaption class=\"wp-element-caption\">3K-Boule_2019_8<\/figcaption><\/figure>\n<\/figure>\n\n\n\n<p class=\"has-medium-font-size\"><strong>Jahreshauptversammlung 2019 am 12. April ab 19:00 Uhr im B\u00fcrgerhaus<\/strong><\/p>\n\n\n\n<p>Liebe Mitglieder und Freunde unseres Vereins,<br>\ndieses Jahr wird es wieder eine Vielzahl von typischen und untypischen kuriosen Kultur-Events in unserem Verein gebe. Wir laden Euch ein zu Kultur Kurios \u2013 ein Forum f\u00fcr Begegnung, Austausch und Kulturaktionen und seine Jahreshauptversammlung am Freitag 12. April 2019 ab 19.00 Uhr. Wir treffen uns im B\u00fcrgerhaus in Kleinbettlingen. Zum Ablauf:<\/p>\n\n\n\n<p>Tagesordnung: Begr\u00fc\u00dfung \u2026<\/p>\n\n\n\n<ol class=\"wp-block-list\">\n<li>Jahresbericht des Vorstandes<\/li>\n\n\n\n<li>Kassenbericht des Vorstandes<\/li>\n\n\n\n<li>Bericht der Kassenrevision<\/li>\n\n\n\n<li>Entlastung des Vorstandes<\/li>\n\n\n\n<li><\/li>\n\n\n\n<li>Wahl des Open-Air-Kino-Films<\/li>\n\n\n\n<li>n\u00e4chste Arbeitstreffen<\/li>\n\n\n\n<li>\u201eStand der Dinge\u201c zur Jahresplanung<\/li>\n\n\n\n<li>Antr\u00e4ge und Ausblick <\/li>\n<\/ol>\n\n\n\n<p> Wir freuen uns sehr auf euch \u2026<br> Euer Vorstand <\/p>\n\n\n\n<p><\/p>\n\n\n\n<p><\/p>\n\n\n\n<p class=\"has-medium-font-size\"><strong>Kultur Kurios Kleinbettlingen e.V. pr\u00e4sentiert in der Trost M\u00fchle Bempflingen<br> DER FILM &#8211; Die Trostm\u00fchle<\/strong><\/p>\n\n\n\n<p>Eintritt \u20ac 6,-<br>\nKartenvorbestellung im M\u00fchlenladen oder 07123-31671 oder info@trostmuehle.com<\/p>\n\n\n\n<p><strong>Fr, 5.4.2019<\/strong><br> Filmstart: 20:00 Uhr<br><strong>Sa, 6.4.2019<\/strong><br> Filmstart: 20:00 Uhr<br> Bewirtung: ab 18:30 Uhr<br><strong>So, 7.4.2019<\/strong><br> Filmstart: 17:00 Uhr<br> Kaffee + Kuchen: ab 15:00 Uhr<\/p>\n\n\n\n<p>Weitere Info:  <a href=\"http:\/\/www.trostmuehle.com\" target=\"_blank\" rel=\"noreferrer noopener\" aria-label=\"www.trostmuehle.com (\u00f6ffnet in neuem Tab)\">www.trostmuehle.com<\/a><\/p>\n\n\n\n<figure class=\"wp-block-image\"><img loading=\"lazy\" decoding=\"async\" width=\"649\" height=\"881\" src=\"http:\/\/www.kulturkurios.de\/wp-content\/uploads\/FilmPlakat.png\" alt=\"\" class=\"wp-image-3705\" srcset=\"https:\/\/www.kulturkurios.de\/wp-content\/uploads\/FilmPlakat.png 649w, https:\/\/www.kulturkurios.de\/wp-content\/uploads\/FilmPlakat-221x300.png 221w\" sizes=\"auto, (max-width: 649px) 85vw, 649px\" \/><\/figure>\n","protected":false},"excerpt":{"rendered":"<p>2026 &#8211; geplante Termine 2025 &#8211; geplante Termine Open-Air-Kino-2024 \u201eGl\u00fcck auf einer Skala von 1-10\u201c Hier die eigene Seite dazu 2024 &#8211; geplante Termine Adventskalender 2023 Beginnt am 1. Dez 23 am Altenheim in BempflingenFenster\u00f6ffnungen wie schon immer um 18:30Mehr auf der eigenen Seite des Kalenders&#8230; Open-Air-Kino-2023 &#8222;Yesterday&#8220; Hier die eigene Seite dazu Sommerferienprogramm 2023 &hellip; <a href=\"https:\/\/www.kulturkurios.de\/?page_id=3528\" class=\"more-link\"><span class=\"screen-reader-text\">\u201eTermine\u201c <\/span>weiterlesen<\/a><\/p>\n","protected":false},"author":1,"featured_media":0,"parent":0,"menu_order":0,"comment_status":"closed","ping_status":"closed","template":"","meta":{"footnotes":""},"class_list":["post-3528","page","type-page","status-publish","hentry"],"_links":{"self":[{"href":"https:\/\/www.kulturkurios.de\/index.php?rest_route=\/wp\/v2\/pages\/3528","targetHints":{"allow":["GET"]}}],"collection":[{"href":"https:\/\/www.kulturkurios.de\/index.php?rest_route=\/wp\/v2\/pages"}],"about":[{"href":"https:\/\/www.kulturkurios.de\/index.php?rest_route=\/wp\/v2\/types\/page"}],"author":[{"embeddable":true,"href":"https:\/\/www.kulturkurios.de\/index.php?rest_route=\/wp\/v2\/users\/1"}],"replies":[{"embeddable":true,"href":"https:\/\/www.kulturkurios.de\/index.php?rest_route=%2Fwp%2Fv2%2Fcomments&post=3528"}],"version-history":[{"count":67,"href":"https:\/\/www.kulturkurios.de\/index.php?rest_route=\/wp\/v2\/pages\/3528\/revisions"}],"predecessor-version":[{"id":6266,"href":"https:\/\/www.kulturkurios.de\/index.php?rest_route=\/wp\/v2\/pages\/3528\/revisions\/6266"}],"wp:attachment":[{"href":"https:\/\/www.kulturkurios.de\/index.php?rest_route=%2Fwp%2Fv2%2Fmedia&parent=3528"}],"curies":[{"name":"wp","href":"https:\/\/api.w.org\/{rel}","templated":true}]}}