{"id":3414,"date":"2018-03-31T20:26:15","date_gmt":"2018-03-31T18:26:15","guid":{"rendered":"http:\/\/www.kulturkurios.de\/?page_id=3414"},"modified":"2018-03-31T20:26:15","modified_gmt":"2018-03-31T18:26:15","slug":"openair-kino-2016-birnenkuchen-mit-lavendel","status":"publish","type":"page","link":"https:\/\/www.kulturkurios.de\/?page_id=3414","title":{"rendered":"OpenAir Kino 2016 &#8211; Birnenkuchen mit Lavendel"},"content":{"rendered":"<p class=\"western\" lang=\"en-US\" align=\"left\"><span style=\"font-size: small;\"><span style=\"color: #000000;\">Beim OpenAir Kinoabend des Kinomobils am 17. September konnten wir fast 100 zahlende Besucher begr\u00fc\u00dfen und hatten so einen ziemlich vollen, wenn auch gegen Ende des Films recht nassen Schulhof. <\/span><\/span><\/p>\n<p class=\"western\" lang=\"en-US\" align=\"left\"><span style=\"font-size: small;\"><i><b>Birnenkuchen mit Lavendel<\/b><\/i><b> <\/b><span style=\"color: #000000;\">war im <\/span><span style=\"color: #000000;\"><i>OpenAir<\/i><\/span><span style=\"color: #000000;\"> Kino 2016.<\/span><\/span><\/p>\n<p class=\"western\" lang=\"en-US\" align=\"left\"><span style=\"font-size: small;\"><span style=\"color: #000000;\">Vor dem Aufbau von Leinwand, Projektor und St\u00fchlen musste eine Entscheidung getroffen werden. Drinnen oder Drau\u00dfen? Die Vorhersage meinte, der Regen k\u00e4me erst gegen 23:00. Daher die Entscheidung \u2013 das Open-Air-Kino soll seinem Namen gerecht werden und an der frischen Luft stattfinden.<br \/>\nDer Schulhof der Grundschule in Bempflingen wurde innerhalb einer knappen Stunde in einen Open-Air <\/span><span style=\"color: #000000;\"><b>Kinosaal <\/b><\/span><span style=\"color: #000000;\">verwandelt. Die ersten Zuschauer kamen bereits vor 20 Uhr und brachten die ersten Regentropfen mit. Leichtes Nieseln schreckt Open-Air Kinog\u00e4nger nicht ab. Schlie\u00dflich gab es Birnenkuchen, gerillte Rote, Popcorn und verschiedene Getr\u00e4nke und einen sch\u00f6nen Film. Die Zuschauer sa\u00dfen unter Schirmen, Planen, Decken und sogar Fellen und trotzten dem st\u00e4rker werdenden Regen.<\/span><\/span><\/p>\n<p class=\"western\" lang=\"en-US\" align=\"left\"><span style=\"font-size: small;\">Wir w\u00fcrden uns freuen, im n\u00e4chsten Jahr erneut etwas auf die Leinwand zu stellen \u2013 dann bevorzugt an einem lauen und trockenen Sp\u00e4tsommerabend drau\u00dfen auf dem Schulhof.<\/span><\/p>\n<p class=\"western\" lang=\"en-US\" align=\"left\"><span style=\"font-size: small;\"><span style=\"color: #000000;\">Unser <\/span><span style=\"color: #000000;\"><b>Dank <\/b><\/span><span style=\"color: #000000;\">geht an das Kinomobil, den Herrn B\u00fcrgermeister Welser und an alle Helferinnen und Helfer.<\/span><\/span><\/p>\n<div id='gallery-1' class='gallery galleryid-3414 gallery-columns-3 gallery-size-large'><figure class='gallery-item'>\n\t\t\t<div class='gallery-icon landscape'>\n\t\t\t\t<a href='https:\/\/www.kulturkurios.de\/wp-content\/uploads\/OpAirKinoBempf_2016.jpg'><img loading=\"lazy\" decoding=\"async\" width=\"807\" height=\"604\" src=\"https:\/\/www.kulturkurios.de\/wp-content\/uploads\/OpAirKinoBempf_2016.jpg\" class=\"attachment-large size-large\" alt=\"\" aria-describedby=\"gallery-1-3416\" srcset=\"https:\/\/www.kulturkurios.de\/wp-content\/uploads\/OpAirKinoBempf_2016.jpg 807w, https:\/\/www.kulturkurios.de\/wp-content\/uploads\/OpAirKinoBempf_2016-300x225.jpg 300w, https:\/\/www.kulturkurios.de\/wp-content\/uploads\/OpAirKinoBempf_2016-768x575.jpg 768w\" sizes=\"auto, (max-width: 807px) 85vw, 807px\" \/><\/a>\n\t\t\t<\/div>\n\t\t\t\t<figcaption class='wp-caption-text gallery-caption' id='gallery-1-3416'>\n\t\t\t\tKino 2016\n\t\t\t\t<\/figcaption><\/figure>\n\t\t<\/div>\n\n","protected":false},"excerpt":{"rendered":"<p>Beim OpenAir Kinoabend des Kinomobils am 17. September konnten wir fast 100 zahlende Besucher begr\u00fc\u00dfen und hatten so einen ziemlich vollen, wenn auch gegen Ende des Films recht nassen Schulhof. Birnenkuchen mit Lavendel war im OpenAir Kino 2016. Vor dem Aufbau von Leinwand, Projektor und St\u00fchlen musste eine Entscheidung getroffen werden. Drinnen oder Drau\u00dfen? Die &hellip; <a href=\"https:\/\/www.kulturkurios.de\/?page_id=3414\" class=\"more-link\"><span class=\"screen-reader-text\">\u201eOpenAir Kino 2016 &#8211; Birnenkuchen mit Lavendel\u201c <\/span>weiterlesen<\/a><\/p>\n","protected":false},"author":2,"featured_media":3416,"parent":0,"menu_order":0,"comment_status":"closed","ping_status":"closed","template":"","meta":{"footnotes":""},"class_list":["post-3414","page","type-page","status-publish","has-post-thumbnail","hentry"],"_links":{"self":[{"href":"https:\/\/www.kulturkurios.de\/index.php?rest_route=\/wp\/v2\/pages\/3414","targetHints":{"allow":["GET"]}}],"collection":[{"href":"https:\/\/www.kulturkurios.de\/index.php?rest_route=\/wp\/v2\/pages"}],"about":[{"href":"https:\/\/www.kulturkurios.de\/index.php?rest_route=\/wp\/v2\/types\/page"}],"author":[{"embeddable":true,"href":"https:\/\/www.kulturkurios.de\/index.php?rest_route=\/wp\/v2\/users\/2"}],"replies":[{"embeddable":true,"href":"https:\/\/www.kulturkurios.de\/index.php?rest_route=%2Fwp%2Fv2%2Fcomments&post=3414"}],"version-history":[{"count":4,"href":"https:\/\/www.kulturkurios.de\/index.php?rest_route=\/wp\/v2\/pages\/3414\/revisions"}],"predecessor-version":[{"id":3419,"href":"https:\/\/www.kulturkurios.de\/index.php?rest_route=\/wp\/v2\/pages\/3414\/revisions\/3419"}],"wp:featuredmedia":[{"embeddable":true,"href":"https:\/\/www.kulturkurios.de\/index.php?rest_route=\/wp\/v2\/media\/3416"}],"wp:attachment":[{"href":"https:\/\/www.kulturkurios.de\/index.php?rest_route=%2Fwp%2Fv2%2Fmedia&parent=3414"}],"curies":[{"name":"wp","href":"https:\/\/api.w.org\/{rel}","templated":true}]}}